{"id":17393,"date":"2023-09-05T17:25:10","date_gmt":"2023-09-05T15:25:10","guid":{"rendered":"https:\/\/www.sunshine-habitat.com\/about-louisiane\/"},"modified":"2023-09-25T16:31:10","modified_gmt":"2023-09-25T14:31:10","slug":"about-louisiane","status":"publish","type":"page","link":"https:\/\/www.sunshinehabitat.com\/en\/sunshine-mobile-homes\/about-louisiane\/","title":{"rendered":"About &#8211; Louisiane"},"content":{"rendered":"<div id=\"pl-17393\"  class=\"panel-layout\" ><div id=\"pg-17393-0\"  class=\"panel-grid panel-has-style no-padding-bottom-nc-wrap\" ><div class=\"no-padding-bottom panel-row-style panel-row-style-for-17393-0\" ><div id=\"pgc-17393-0-0\"  class=\"panel-grid-cell\" ><div id=\"panel-17393-0-0-0\" class=\"so-panel widget widget_sow-editor panel-first-child panel-last-child\" data-index=\"0\" ><div\n\t\t\t\n\t\t\tclass=\"so-widget-sow-editor so-widget-sow-editor-base\"\n\t\t\t\n\t\t>\n<div class=\"siteorigin-widget-tinymce textwidget\">\n\t<div class=\"nc-bloc-reveal\">\n<div class=\"description-intro\">\n<p style=\"text-align: center;\">We have been designing and manufacturing mobile homes <strong>for 25 years<\/strong> and this experience has contributed to our success for many years.<\/p>\n<p style=\"text-align: center;\">Louisiane claims its place and establishes itself as <strong>a benchmark in Outdoor Accommodation<\/strong>. The company has been deploying its know-how since its creation in 1998 and has two production sites.<\/p>\n<\/div>\n<p><button class=\"description-more\"><span>Read more<\/span><\/button><\/p>\n<div class=\"description-content\">\n<p style=\"text-align: center;\">The head office is located in Loud\u00e9ac in Brittany and serves a clientele of campsites established in the north of France. The second production unit is located in La Cavalerie in Aveyron and serves campsites in the South.<\/p>\n<p style=\"text-align: center;\"><a href=\"https:\/\/www.sunshine-habitat.com\/mobil-homes-louisiane\/\">Louisiane mobile homes<\/a> are also known for their <strong>refinement, quality and longevity throughout <a href=\"https:\/\/www.sunshine-habitat.com\/nos-distributeurs\/\">Europe<\/a><\/strong>. Louisiane mobile homes are delivered across several countries to meet the demand of European luxury mobile home campsites.<\/p>\n<p><button class=\"description-less\"><span>Less<\/span><\/button><\/div>\n<\/div>\n<\/div>\n<\/div><\/div><\/div><\/div><\/div><div id=\"pg-17393-1\"  class=\"panel-grid panel-has-style\" ><div class=\"siteorigin-panels-stretch panel-row-style panel-row-style-for-17393-1\" data-stretch-type=\"full-stretched\" ><div id=\"pgc-17393-1-0\"  class=\"panel-grid-cell\" ><div id=\"panel-17393-1-0-0\" class=\"so-panel widget widget_sow-editor panel-first-child panel-last-child\" data-index=\"1\" ><div class=\"panel-widget-style panel-widget-style-for-17393-1-0-0\" ><div\n\t\t\t\n\t\t\tclass=\"so-widget-sow-editor so-widget-sow-editor-base\"\n\t\t\t\n\t\t>\n<div class=\"siteorigin-widget-tinymce textwidget\">\n\t<p style=\"text-align: center;\"><a class=\"btn-video\" href=\"https:\/\/www.youtube.com\/watch?v=tkQ2dSRisiw\"><span class=\"btn-video-inner\">Watch the video<\/span><\/a><\/p>\n<\/div>\n<\/div><\/div><\/div><\/div><\/div><\/div><div id=\"pg-17393-2\"  class=\"panel-grid panel-has-style no-padding-nc-wrap\" ><div class=\"no-padding panel-row-style panel-row-style-for-17393-2\" ><div id=\"pgc-17393-2-0\"  class=\"panel-grid-cell\" ><div id=\"panel-17393-2-0-0\" class=\"so-panel widget widget_widget-nc-boxes-list panel-first-child panel-last-child\" data-index=\"2\" ><div\n\t\t\t\n\t\t\tclass=\"so-widget-widget-nc-boxes-list so-widget-widget-nc-boxes-list-base\"\n\t\t\t\n\t\t><div class=\"nc-widget-nc-boxes-list nc-widget-nc-boxes-list-tpl-theme-liste-marques\">\r\n\r\n\t\t<div class=\"bloc-slider-wrapper\">\r\n\t\t<div class=\"bloc-slider swiper-container\" data-navigation=\"0\" data-pagination=\"1\" data-json='{\"loop\":false,\"slidesPerView\":4,\"spaceBetween\":16,\"slidesPerGroup\":3,\"breakpoints\":{\"500\":{\"slidesPerView\":1,\"slidesPerGroup\":1},\"700\":{\"slidesPerView\":2,\"slidesPerGroup\":2},\"900\":{\"slidesPerView\":3,\"slidesPerGroup\":3}}}'>\r\n\t\t\t<div class=\"nc-widget-nc-boxes-list-inner slides-container swiper-wrapper slides-contains-1\">\r\n\t\t\t\t\t\t\t\t\t<div class=\"nc-widget-nc-box-wrapper slide-container swiper-slide sunshine-louisiane\">\r\n\t\t\t\t\t\t<div class=\"nc-widget-nc-box\">\r\n\t\t\t\t\t\t\t<a href=\"https:\/\/www.sunshinehabitat.com\/fr\/mobil-homes-louisiane\/\" class=\"nc-widget-nc-box-link\" title=\"Discover<br \/>mobile homes\">\t\t\t\t\t\t\t\t<div class=\"nc-widget-nc-box-title\">\r\n\t\t\t\t\t\t\t\t\t<span class=\"assistive-text\">Louisiane <sup>&reg;<\/sup><\/span>\r\n\t\t\t\t\t\t\t\t<\/div>\r\n\t\t\t\t\t\t\t\t\t\t\t\t\t\t\t<div class=\"nc-widget-nc-box-image\">\r\n\t\t\t\t\t\t\t\t\t<img fetchpriority=\"high\" decoding=\"async\" width=\"2560\" height=\"1344\" src=\"https:\/\/www.sunshinehabitat.com\/wp-content\/uploads\/2022\/02\/mobil-home-Bol-d-Air-Mistral-exterieur-terrasse-Louisiane-2022-scaled-e1651754766779.jpg\" class=\"attachment-full size-full\" alt=\"Ext\u00e9rieur et terrasse du mod\u00e8le Bol d\u2019Air Mistral mobil-homes Louisiane Sunshine Habitat\" srcset=\"https:\/\/www.sunshinehabitat.com\/wp-content\/uploads\/2022\/02\/mobil-home-Bol-d-Air-Mistral-exterieur-terrasse-Louisiane-2022-scaled-e1651754766779.jpg 2560w, https:\/\/www.sunshinehabitat.com\/wp-content\/uploads\/2022\/02\/mobil-home-Bol-d-Air-Mistral-exterieur-terrasse-Louisiane-2022-scaled-e1651754766779-300x158.jpg 300w, https:\/\/www.sunshinehabitat.com\/wp-content\/uploads\/2022\/02\/mobil-home-Bol-d-Air-Mistral-exterieur-terrasse-Louisiane-2022-scaled-e1651754766779-1024x538.jpg 1024w, https:\/\/www.sunshinehabitat.com\/wp-content\/uploads\/2022\/02\/mobil-home-Bol-d-Air-Mistral-exterieur-terrasse-Louisiane-2022-scaled-e1651754766779-402x211.jpg 402w, https:\/\/www.sunshinehabitat.com\/wp-content\/uploads\/2022\/02\/mobil-home-Bol-d-Air-Mistral-exterieur-terrasse-Louisiane-2022-scaled-e1651754766779-848x445.jpg 848w, https:\/\/www.sunshinehabitat.com\/wp-content\/uploads\/2022\/02\/mobil-home-Bol-d-Air-Mistral-exterieur-terrasse-Louisiane-2022-scaled-e1651754766779-550x289.jpg 550w, https:\/\/www.sunshinehabitat.com\/wp-content\/uploads\/2022\/02\/mobil-home-Bol-d-Air-Mistral-exterieur-terrasse-Louisiane-2022-scaled-e1651754766779-768x403.jpg 768w, https:\/\/www.sunshinehabitat.com\/wp-content\/uploads\/2022\/02\/mobil-home-Bol-d-Air-Mistral-exterieur-terrasse-Louisiane-2022-scaled-e1651754766779-1536x806.jpg 1536w, https:\/\/www.sunshinehabitat.com\/wp-content\/uploads\/2022\/02\/mobil-home-Bol-d-Air-Mistral-exterieur-terrasse-Louisiane-2022-scaled-e1651754766779-2048x1075.jpg 2048w, https:\/\/www.sunshinehabitat.com\/wp-content\/uploads\/2022\/02\/mobil-home-Bol-d-Air-Mistral-exterieur-terrasse-Louisiane-2022-scaled-e1651754766779-500x263.jpg 500w, https:\/\/www.sunshinehabitat.com\/wp-content\/uploads\/2022\/02\/mobil-home-Bol-d-Air-Mistral-exterieur-terrasse-Louisiane-2022-scaled-e1651754766779-210x110.jpg 210w, https:\/\/www.sunshinehabitat.com\/wp-content\/uploads\/2022\/02\/mobil-home-Bol-d-Air-Mistral-exterieur-terrasse-Louisiane-2022-scaled-e1651754766779-130x68.jpg 130w\" sizes=\"(max-width: 2560px) 100vw, 2560px\" \/>\t\t\t\t\t\t\t\t<\/div>\r\n\t\t\t\t\t\t\t\t\t\t\t\t\t\t<div class=\"nc-widget-nc-box-content\">\r\n\t\t\t\t\t\t\t\t<div class=\"nc-widget-nc-box-text\">\r\n\t\t\t\t\t\t\t\t\t<p>Designer mobile homes<\/p>\n\t\t\t\t\t\t\t\t<\/div>\r\n\t\t\t\t\t\t\t\t<div class=\"nc-widget-nc-box-cta\">\r\n\t\t\t\t\t\t\t\t\tDiscover<br \/>mobile homes\t\t\t\t\t\t\t\t<\/div>\r\n\t\t\t\t\t\t\t<\/div>\r\n\t\t\t\t\t\t\t<\/a>\t\t\t\t\t\t<\/div>\r\n\t\t\t\t\t<\/div>\r\n\t\t\t\t\t\t\t<\/div>\r\n\t\t<\/div>\r\n\t<\/div>\r\n<\/div><\/div><\/div><\/div><\/div><\/div><div id=\"pg-17393-3\"  class=\"panel-grid panel-has-style margin-top-nc-wrap\" ><div class=\"margin-top panel-row-style panel-row-style-for-17393-3\" ><div id=\"pgc-17393-3-0\"  class=\"panel-grid-cell\" ><div id=\"panel-17393-3-0-0\" class=\"so-panel widget widget_sow-editor panel-first-child\" data-index=\"3\" ><div class=\"padding-left panel-widget-style panel-widget-style-for-17393-3-0-0\" ><div\n\t\t\t\n\t\t\tclass=\"so-widget-sow-editor so-widget-sow-editor-base\"\n\t\t\t\n\t\t>\n<div class=\"siteorigin-widget-tinymce textwidget\">\n\t<h2>Purchase a mobile home<\/h2>\n<p style=\"text-align: justify;\">The construction of a quality mobile home requires precise design and meticulous construction in the factory to produce mobile homes that meet our requirements and the expectations of our customers. The manufacture of a mobile home relies on the profound know-how and expertise of our teams.<\/p>\n<p style=\"text-align: justify;\">We are committed to offering our customers high-end leisure accommodation for premium holidays.<\/p>\n<\/div>\n<\/div><\/div><\/div><div id=\"panel-17393-3-0-1\" class=\"so-panel widget widget_sow-image panel-last-child\" data-index=\"4\" ><div\n\t\t\t\n\t\t\tclass=\"so-widget-sow-image so-widget-sow-image-default-8b5b6f678277-17393\"\n\t\t\t\n\t\t>\n<div class=\"sow-image-container\">\n\t\t<img \n\tsrc=\"https:\/\/www.sunshinehabitat.com\/wp-content\/uploads\/2023\/09\/en-cours-de-modif-F6-PANORAMA-EXTERIEUR-AVEC-TERRASSE-e1707302325643.jpeg\" width=\"2400\" height=\"484\" srcset=\"https:\/\/www.sunshinehabitat.com\/wp-content\/uploads\/2023\/09\/en-cours-de-modif-F6-PANORAMA-EXTERIEUR-AVEC-TERRASSE-e1707302325643.jpeg 2400w, https:\/\/www.sunshinehabitat.com\/wp-content\/uploads\/2023\/09\/en-cours-de-modif-F6-PANORAMA-EXTERIEUR-AVEC-TERRASSE-e1707302325643-300x61.jpeg 300w, https:\/\/www.sunshinehabitat.com\/wp-content\/uploads\/2023\/09\/en-cours-de-modif-F6-PANORAMA-EXTERIEUR-AVEC-TERRASSE-e1707302325643-1024x207.jpeg 1024w, https:\/\/www.sunshinehabitat.com\/wp-content\/uploads\/2023\/09\/en-cours-de-modif-F6-PANORAMA-EXTERIEUR-AVEC-TERRASSE-e1707302325643-550x111.jpeg 550w, https:\/\/www.sunshinehabitat.com\/wp-content\/uploads\/2023\/09\/en-cours-de-modif-F6-PANORAMA-EXTERIEUR-AVEC-TERRASSE-e1707302325643-768x155.jpeg 768w, https:\/\/www.sunshinehabitat.com\/wp-content\/uploads\/2023\/09\/en-cours-de-modif-F6-PANORAMA-EXTERIEUR-AVEC-TERRASSE-e1707302325643-1536x310.jpeg 1536w, https:\/\/www.sunshinehabitat.com\/wp-content\/uploads\/2023\/09\/en-cours-de-modif-F6-PANORAMA-EXTERIEUR-AVEC-TERRASSE-e1707302325643-2048x413.jpeg 2048w, https:\/\/www.sunshinehabitat.com\/wp-content\/uploads\/2023\/09\/en-cours-de-modif-F6-PANORAMA-EXTERIEUR-AVEC-TERRASSE-e1707302325643-402x81.jpeg 402w, https:\/\/www.sunshinehabitat.com\/wp-content\/uploads\/2023\/09\/en-cours-de-modif-F6-PANORAMA-EXTERIEUR-AVEC-TERRASSE-e1707302325643-848x171.jpeg 848w, https:\/\/www.sunshinehabitat.com\/wp-content\/uploads\/2023\/09\/en-cours-de-modif-F6-PANORAMA-EXTERIEUR-AVEC-TERRASSE-e1707302325643-500x101.jpeg 500w, https:\/\/www.sunshinehabitat.com\/wp-content\/uploads\/2023\/09\/en-cours-de-modif-F6-PANORAMA-EXTERIEUR-AVEC-TERRASSE-e1707302325643-210x42.jpeg 210w, https:\/\/www.sunshinehabitat.com\/wp-content\/uploads\/2023\/09\/en-cours-de-modif-F6-PANORAMA-EXTERIEUR-AVEC-TERRASSE-e1707302325643-130x26.jpeg 130w\" sizes=\"(max-width: 2400px) 100vw, 2400px\" title=\"F6- PANORAMA EXTERIEUR AVEC TERRASSE\" alt=\"\" \t\tclass=\"so-widget-image\"\/>\n\t<\/div>\n\n<\/div><\/div><\/div><div id=\"pgc-17393-3-1\"  class=\"panel-grid-cell\" ><div id=\"panel-17393-3-1-0\" class=\"so-panel widget widget_sow-image panel-first-child\" data-index=\"5\" ><div\n\t\t\t\n\t\t\tclass=\"so-widget-sow-image so-widget-sow-image-default-8b5b6f678277-17393\"\n\t\t\t\n\t\t>\n<div class=\"sow-image-container\">\n\t\t<img \n\tsrc=\"https:\/\/www.sunshinehabitat.com\/wp-content\/uploads\/2023\/09\/S2-PANORAMA.jpeg\" width=\"2400\" height=\"1349\" srcset=\"https:\/\/www.sunshinehabitat.com\/wp-content\/uploads\/2023\/09\/S2-PANORAMA.jpeg 2400w, https:\/\/www.sunshinehabitat.com\/wp-content\/uploads\/2023\/09\/S2-PANORAMA-300x169.jpeg 300w, https:\/\/www.sunshinehabitat.com\/wp-content\/uploads\/2023\/09\/S2-PANORAMA-1024x576.jpeg 1024w\" sizes=\"(max-width: 2400px) 100vw, 2400px\" title=\"TAOS S2 panorama int\u00e9rieur\" alt=\"TAOS S2 panorama int\u00e9rieur\" \t\tclass=\"so-widget-image\"\/>\n\t<\/div>\n\n<\/div><\/div><div id=\"panel-17393-3-1-1\" class=\"so-panel widget widget_sow-editor panel-last-child\" data-index=\"6\" ><div class=\"padding-left panel-widget-style panel-widget-style-for-17393-3-1-1\" ><div\n\t\t\t\n\t\t\tclass=\"so-widget-sow-editor so-widget-sow-editor-base\"\n\t\t\t\n\t\t>\n<div class=\"siteorigin-widget-tinymce textwidget\">\n\t<h2>... c\u2019est tout un art<\/h2>\n<p style=\"text-align: justify;\">Design, esth\u00e9tique, moderne, contemporain, sophistiqu\u00e9, les adjectifs ne manquent pas pour d\u00e9finir avec justesse la composition int\u00e9rieure comme ext\u00e9rieure des mobil-homes Louisiane. Nos mobil-homes sont le symbole d\u2019un luxe subtil, l\u00e9ger, qui ravit les sens par sa d\u00e9coration, ses choix de mat\u00e9riaux, ses signes distinctifs qui contribuent \u00e0 notre renomm\u00e9e dans le milieu de l\u2019H\u00f4tellerie de Plein Air.<\/p>\n<p style=\"text-align: justify;\">Distingu\u00e9, luxueux, \u00e9pur\u00e9, les mobil-homes Louisiane attirent l\u2019\u0153il par la subtilit\u00e9 de l\u2019ameublement, les tons de couleurs l\u00e9gers, emprunts d\u2019apaisement et de douceur.<\/p>\n<\/div>\n<\/div><\/div><\/div><\/div><\/div><\/div><\/div>","protected":false},"excerpt":{"rendered":"<p>We have been designing and manufacturing mobile homes for 25 years and this experience has contributed to our success for many years. Louisiane claims its place and establishes itself<\/p>\n","protected":false},"author":2,"featured_media":0,"parent":17785,"menu_order":391,"comment_status":"closed","ping_status":"closed","template":"","meta":{"inline_featured_image":false,"footnotes":""},"class_list":["post-17393","page","type-page","status-publish","hentry"],"yoast_head":"<!-- This site is optimized with the Yoast SEO plugin v27.3 - https:\/\/yoast.com\/product\/yoast-seo-wordpress\/ -->\n<title>About - Louisiane - Sunshine Habitat<\/title>\n<meta name=\"robots\" content=\"index, follow, max-snippet:-1, max-image-preview:large, max-video-preview:-1\" \/>\n<link rel=\"canonical\" href=\"https:\/\/www.sunshine-habitat.com\/fr\/mobil-homes-louisiane\/a-propos\/\" \/>\n<meta property=\"og:locale\" content=\"en_US\" \/>\n<meta property=\"og:type\" content=\"article\" \/>\n<meta property=\"og:title\" content=\"About - Louisiane - Sunshine Habitat\" \/>\n<meta property=\"og:description\" content=\"We have been designing and manufacturing mobile homes for 25 years and this experience has contributed to our success for many years. Louisiane claims its place and establishes itself\" \/>\n<meta property=\"og:url\" content=\"https:\/\/www.sunshine-habitat.com\/fr\/mobil-homes-louisiane\/a-propos\/\" \/>\n<meta property=\"og:site_name\" content=\"Sunshine Habitat\" \/>\n<meta property=\"article:modified_time\" content=\"2023-09-25T14:31:10+00:00\" \/>\n<meta name=\"twitter:card\" content=\"summary_large_image\" \/>\n<script type=\"application\/ld+json\" class=\"yoast-schema-graph\">{\"@context\":\"https:\\\/\\\/schema.org\",\"@graph\":[{\"@type\":\"WebPage\",\"@id\":\"https:\\\/\\\/www.sunshine-habitat.com\\\/fr\\\/mobil-homes-louisiane\\\/a-propos\\\/\",\"url\":\"https:\\\/\\\/www.sunshine-habitat.com\\\/fr\\\/mobil-homes-louisiane\\\/a-propos\\\/\",\"name\":\"About - Louisiane - Sunshine Habitat\",\"isPartOf\":{\"@id\":\"https:\\\/\\\/www.sunshine-habitat.com\\\/fr\\\/#website\"},\"datePublished\":\"2023-09-05T15:25:10+00:00\",\"dateModified\":\"2023-09-25T14:31:10+00:00\",\"breadcrumb\":{\"@id\":\"https:\\\/\\\/www.sunshine-habitat.com\\\/fr\\\/mobil-homes-louisiane\\\/a-propos\\\/#breadcrumb\"},\"inLanguage\":\"en-US\",\"potentialAction\":[{\"@type\":\"ReadAction\",\"target\":[\"https:\\\/\\\/www.sunshine-habitat.com\\\/fr\\\/mobil-homes-louisiane\\\/a-propos\\\/\"]}]},{\"@type\":\"BreadcrumbList\",\"@id\":\"https:\\\/\\\/www.sunshine-habitat.com\\\/fr\\\/mobil-homes-louisiane\\\/a-propos\\\/#breadcrumb\",\"itemListElement\":[{\"@type\":\"ListItem\",\"position\":1,\"name\":\"Accueil\",\"item\":\"https:\\\/\\\/www.sunshine-habitat.com\\\/fr\\\/\"},{\"@type\":\"ListItem\",\"position\":2,\"name\":\"Sunshine Mobile Homes\",\"item\":\"https:\\\/\\\/www.sunshine-habitat.com\\\/fr\\\/mobil-homes-louisiane\\\/\"},{\"@type\":\"ListItem\",\"position\":3,\"name\":\"About &#8211; Louisiane\"}]},{\"@type\":\"WebSite\",\"@id\":\"https:\\\/\\\/www.sunshine-habitat.com\\\/fr\\\/#website\",\"url\":\"https:\\\/\\\/www.sunshine-habitat.com\\\/fr\\\/\",\"name\":\"Sunshine Habitat\",\"description\":\"\",\"publisher\":{\"@id\":\"https:\\\/\\\/www.sunshine-habitat.com\\\/fr\\\/#organization\"},\"potentialAction\":[{\"@type\":\"SearchAction\",\"target\":{\"@type\":\"EntryPoint\",\"urlTemplate\":\"https:\\\/\\\/www.sunshine-habitat.com\\\/fr\\\/?s={search_term_string}\"},\"query-input\":{\"@type\":\"PropertyValueSpecification\",\"valueRequired\":true,\"valueName\":\"search_term_string\"}}],\"inLanguage\":\"en-US\"},{\"@type\":\"Organization\",\"@id\":\"https:\\\/\\\/www.sunshine-habitat.com\\\/fr\\\/#organization\",\"name\":\"Sunshine Habitat\",\"url\":\"https:\\\/\\\/www.sunshine-habitat.com\\\/fr\\\/\",\"logo\":{\"@type\":\"ImageObject\",\"inLanguage\":\"en-US\",\"@id\":\"https:\\\/\\\/www.sunshine-habitat.com\\\/fr\\\/#\\\/schema\\\/logo\\\/image\\\/\",\"url\":\"https:\\\/\\\/www.sunshine-habitat.com\\\/wp-content\\\/uploads\\\/2021\\\/05\\\/logo.png\",\"contentUrl\":\"https:\\\/\\\/www.sunshine-habitat.com\\\/wp-content\\\/uploads\\\/2021\\\/05\\\/logo.png\",\"width\":192,\"height\":250,\"caption\":\"Sunshine Habitat\"},\"image\":{\"@id\":\"https:\\\/\\\/www.sunshine-habitat.com\\\/fr\\\/#\\\/schema\\\/logo\\\/image\\\/\"}}]}<\/script>\n<!-- \/ Yoast SEO plugin. -->","yoast_head_json":{"title":"About - Louisiane - Sunshine Habitat","robots":{"index":"index","follow":"follow","max-snippet":"max-snippet:-1","max-image-preview":"max-image-preview:large","max-video-preview":"max-video-preview:-1"},"canonical":"https:\/\/www.sunshine-habitat.com\/fr\/mobil-homes-louisiane\/a-propos\/","og_locale":"en_US","og_type":"article","og_title":"About - Louisiane - Sunshine Habitat","og_description":"We have been designing and manufacturing mobile homes for 25 years and this experience has contributed to our success for many years. Louisiane claims its place and establishes itself","og_url":"https:\/\/www.sunshine-habitat.com\/fr\/mobil-homes-louisiane\/a-propos\/","og_site_name":"Sunshine Habitat","article_modified_time":"2023-09-25T14:31:10+00:00","twitter_card":"summary_large_image","schema":{"@context":"https:\/\/schema.org","@graph":[{"@type":"WebPage","@id":"https:\/\/www.sunshine-habitat.com\/fr\/mobil-homes-louisiane\/a-propos\/","url":"https:\/\/www.sunshine-habitat.com\/fr\/mobil-homes-louisiane\/a-propos\/","name":"About - Louisiane - Sunshine Habitat","isPartOf":{"@id":"https:\/\/www.sunshine-habitat.com\/fr\/#website"},"datePublished":"2023-09-05T15:25:10+00:00","dateModified":"2023-09-25T14:31:10+00:00","breadcrumb":{"@id":"https:\/\/www.sunshine-habitat.com\/fr\/mobil-homes-louisiane\/a-propos\/#breadcrumb"},"inLanguage":"en-US","potentialAction":[{"@type":"ReadAction","target":["https:\/\/www.sunshine-habitat.com\/fr\/mobil-homes-louisiane\/a-propos\/"]}]},{"@type":"BreadcrumbList","@id":"https:\/\/www.sunshine-habitat.com\/fr\/mobil-homes-louisiane\/a-propos\/#breadcrumb","itemListElement":[{"@type":"ListItem","position":1,"name":"Accueil","item":"https:\/\/www.sunshine-habitat.com\/fr\/"},{"@type":"ListItem","position":2,"name":"Sunshine Mobile Homes","item":"https:\/\/www.sunshine-habitat.com\/fr\/mobil-homes-louisiane\/"},{"@type":"ListItem","position":3,"name":"About &#8211; Louisiane"}]},{"@type":"WebSite","@id":"https:\/\/www.sunshine-habitat.com\/fr\/#website","url":"https:\/\/www.sunshine-habitat.com\/fr\/","name":"Sunshine Habitat","description":"","publisher":{"@id":"https:\/\/www.sunshine-habitat.com\/fr\/#organization"},"potentialAction":[{"@type":"SearchAction","target":{"@type":"EntryPoint","urlTemplate":"https:\/\/www.sunshine-habitat.com\/fr\/?s={search_term_string}"},"query-input":{"@type":"PropertyValueSpecification","valueRequired":true,"valueName":"search_term_string"}}],"inLanguage":"en-US"},{"@type":"Organization","@id":"https:\/\/www.sunshine-habitat.com\/fr\/#organization","name":"Sunshine Habitat","url":"https:\/\/www.sunshine-habitat.com\/fr\/","logo":{"@type":"ImageObject","inLanguage":"en-US","@id":"https:\/\/www.sunshine-habitat.com\/fr\/#\/schema\/logo\/image\/","url":"https:\/\/www.sunshine-habitat.com\/wp-content\/uploads\/2021\/05\/logo.png","contentUrl":"https:\/\/www.sunshine-habitat.com\/wp-content\/uploads\/2021\/05\/logo.png","width":192,"height":250,"caption":"Sunshine Habitat"},"image":{"@id":"https:\/\/www.sunshine-habitat.com\/fr\/#\/schema\/logo\/image\/"}}]}},"_links":{"self":[{"href":"https:\/\/www.sunshinehabitat.com\/en\/wp-json\/wp\/v2\/pages\/17393","targetHints":{"allow":["GET"]}}],"collection":[{"href":"https:\/\/www.sunshinehabitat.com\/en\/wp-json\/wp\/v2\/pages"}],"about":[{"href":"https:\/\/www.sunshinehabitat.com\/en\/wp-json\/wp\/v2\/types\/page"}],"author":[{"embeddable":true,"href":"https:\/\/www.sunshinehabitat.com\/en\/wp-json\/wp\/v2\/users\/2"}],"replies":[{"embeddable":true,"href":"https:\/\/www.sunshinehabitat.com\/en\/wp-json\/wp\/v2\/comments?post=17393"}],"version-history":[{"count":2,"href":"https:\/\/www.sunshinehabitat.com\/en\/wp-json\/wp\/v2\/pages\/17393\/revisions"}],"predecessor-version":[{"id":18048,"href":"https:\/\/www.sunshinehabitat.com\/en\/wp-json\/wp\/v2\/pages\/17393\/revisions\/18048"}],"up":[{"embeddable":true,"href":"https:\/\/www.sunshinehabitat.com\/en\/wp-json\/wp\/v2\/pages\/17785"}],"wp:attachment":[{"href":"https:\/\/www.sunshinehabitat.com\/en\/wp-json\/wp\/v2\/media?parent=17393"}],"curies":[{"name":"wp","href":"https:\/\/api.w.org\/{rel}","templated":true}]}}