{"id":17789,"date":"2023-09-12T11:27:41","date_gmt":"2023-09-12T09:27:41","guid":{"rendered":"https:\/\/www.sunshine-habitat.com\/legal-notices\/"},"modified":"2023-09-12T11:27:41","modified_gmt":"2023-09-12T09:27:41","slug":"legal-notices","status":"publish","type":"page","link":"https:\/\/www.sunshinehabitat.com\/en\/legal-notices\/","title":{"rendered":"Legal notices"},"content":{"rendered":"<div id=\"pl-17789\"  class=\"panel-layout\" ><div id=\"pg-17789-0\"  class=\"panel-grid panel-no-style\" ><div id=\"pgc-17789-0-0\"  class=\"panel-grid-cell\" ><div id=\"panel-17789-0-0-0\" class=\"so-panel widget widget_sow-editor panel-first-child panel-last-child\" data-index=\"0\" ><div\n\t\t\t\n\t\t\tclass=\"so-widget-sow-editor so-widget-sow-editor-base\"\n\t\t\t\n\t\t>\n<div class=\"siteorigin-widget-tinymce textwidget\">\n\t<h2>Recommended configuration<\/h2>\n<h3>Browsers<\/h3>\n<p>For optimal navigation, we recommend using: <a title=\"T\u00e9l\u00e9charger Mozilla Firefox ( S'ouvre dans une nouvelle fen\u00eatre )\" href=\"http:\/\/www.mozilla-europe.org\/fr\/\" target=\"_blank\" rel=\"noopener noreferrer\">Mozilla Firefox (PC &amp; Mac)<\/a> or <a title=\"T\u00e9l\u00e9charger Internet Explorer ( S'ouvre dans une nouvelle fen\u00eatre )\" href=\"http:\/\/www.microsoft.com\/france\/windows\/ie\/default.mspx\" target=\"_blank\" rel=\"noopener noreferrer\">Internet Explorer 8 minimum (PC)<\/a> or <a title=\"T\u00e9l\u00e9charger Safari ( S'ouvre dans une nouvelle fen\u00eatre )\" href=\"http:\/\/support.apple.com\/kb\/DL1531?viewlocale=fr_FR\" target=\"_blank\" rel=\"noopener noreferrer\">Safari (Mac)<\/a> or <a href=\"https:\/\/www.google.com\/intl\/fr\/chrome\/browser\/index.html\" target=\"_blank\" rel=\"noopener noreferrer\">Chrome<\/a><\/p>\n<h3><\/h3>\n<h3>Screen configuration<\/h3>\n<p>Choose a screen <strong>configured to thousands of colours<\/strong>, with a minimum resolution of <strong>1024x768 pixels<\/strong>.<\/p>\n<h2>Legal notices<\/h2>\n<h3>Credits<\/h3>\n<p>Website published by<strong>:<\/strong><\/p>\n<p><strong>SUNSHINE HABITAT<br \/><\/strong>ZA 12240 RIEUPEYROUX<\/p>\n<p>TRADE AND COMPANIES REGISTER\u00a0Rodez B 440 577 484<\/p>\n<p>Tel.: +33 (0)5 65 81 81 81<\/p>\n<p>Director of publication:<\/p>\n<p><strong><a title=\"Conception de site internet angers\" href=\"http:\/\/www.net-concept.fr\/creation-et-refonte-de-sites-internet\/\" target=\"_blank\" rel=\"noopener noreferrer\">Website design<\/a>: <\/strong><strong>NET CONCEPT<\/strong><\/p>\n<p><strong><a title=\"D\u00e9veloppement d'application et de site internet en maine et loire (49)\" href=\"http:\/\/www.net-concept.fr\/developpement\/\">Website development<\/a>: <\/strong><strong>NET CONCEPT<\/strong><\/p>\n<p><strong><a title=\"H\u00e9bergement de site internet d\u00e9di\u00e9 ou mutualis\u00e9 sur Angers (49)\" href=\"http:\/\/www.net-concept.fr\/hebergement-mutualise-dedie\/\">Website hosting<\/a>: OVH<\/strong><\/p>\n<p><strong>For any problems related to consultation of the site, please send your complaints to:\u00a0<a href=\"mailto:accueil@mobilhomelouisiane.com\">accueil@mobilhomelouisiane.com<\/a><\/strong><\/p>\n<h3><\/h3>\n<h3>professional gender equality index<\/h3>\n<p>Find the Chalets Fabre professional equality index on the <a href=\"https:\/\/www.sunshine-habitat.com\/chalets-fabre\/#egalite-homme-femme\">brand presentation page<\/a>.\u00a0Find the Louisiane Mobile Homes brand index on the <a href=\"https:\/\/www.sunshine-habitat.com\/sunshine-mobile-homes\/?lang=en#index-egalite-homme-femme\">brand presentation page<\/a>.<\/p>\n<h3>Exercising right of access<\/h3>\n<p><strong>In accordance with Article 34 of the French Data Protection Act, you have the right to access, modify, rectify and delete your personal data. To exercise this right of access, contact <a href=\"mailto:accueil@mobilhomelouisiane.com\">accueil@mobilhomelouisiane.com<\/a><\/strong><\/p>\n<\/div>\n<\/div><\/div><\/div><\/div><\/div>","protected":false},"excerpt":{"rendered":"<p>Recommended configuration Browsers For optimal navigation, we recommend using: Mozilla Firefox (PC &amp; Mac) or Internet Explorer 8 minimum (PC) or Safari (Mac) or Chrome Screen configuration Choose a<\/p>\n","protected":false},"author":2,"featured_media":0,"parent":0,"menu_order":266,"comment_status":"closed","ping_status":"closed","template":"","meta":{"inline_featured_image":false,"footnotes":""},"class_list":["post-17789","page","type-page","status-publish","hentry"],"yoast_head":"<!-- This site is optimized with the Yoast SEO plugin v27.3 - https:\/\/yoast.com\/product\/yoast-seo-wordpress\/ -->\n<title>Legal notices - Sunshine Habitat<\/title>\n<meta name=\"robots\" content=\"index, follow, max-snippet:-1, max-image-preview:large, max-video-preview:-1\" \/>\n<link rel=\"canonical\" href=\"https:\/\/www.sunshine-habitat.com\/fr\/mentions-legales\/\" \/>\n<meta property=\"og:locale\" content=\"en_US\" \/>\n<meta property=\"og:type\" content=\"article\" \/>\n<meta property=\"og:title\" content=\"Legal notices - Sunshine Habitat\" \/>\n<meta property=\"og:description\" content=\"Recommended configuration Browsers For optimal navigation, we recommend using: Mozilla Firefox (PC &amp; Mac) or Internet Explorer 8 minimum (PC) or Safari (Mac) or Chrome Screen configuration Choose a\" \/>\n<meta property=\"og:url\" content=\"https:\/\/www.sunshine-habitat.com\/fr\/mentions-legales\/\" \/>\n<meta property=\"og:site_name\" content=\"Sunshine Habitat\" \/>\n<meta name=\"twitter:card\" content=\"summary_large_image\" \/>\n<script type=\"application\/ld+json\" class=\"yoast-schema-graph\">{\"@context\":\"https:\\\/\\\/schema.org\",\"@graph\":[{\"@type\":\"WebPage\",\"@id\":\"https:\\\/\\\/www.sunshine-habitat.com\\\/fr\\\/mentions-legales\\\/\",\"url\":\"https:\\\/\\\/www.sunshine-habitat.com\\\/fr\\\/mentions-legales\\\/\",\"name\":\"Legal notices - Sunshine Habitat\",\"isPartOf\":{\"@id\":\"https:\\\/\\\/www.sunshine-habitat.com\\\/fr\\\/#website\"},\"datePublished\":\"2023-09-12T09:27:41+00:00\",\"breadcrumb\":{\"@id\":\"https:\\\/\\\/www.sunshine-habitat.com\\\/fr\\\/mentions-legales\\\/#breadcrumb\"},\"inLanguage\":\"en-US\",\"potentialAction\":[{\"@type\":\"ReadAction\",\"target\":[\"https:\\\/\\\/www.sunshine-habitat.com\\\/fr\\\/mentions-legales\\\/\"]}]},{\"@type\":\"BreadcrumbList\",\"@id\":\"https:\\\/\\\/www.sunshine-habitat.com\\\/fr\\\/mentions-legales\\\/#breadcrumb\",\"itemListElement\":[{\"@type\":\"ListItem\",\"position\":1,\"name\":\"Accueil\",\"item\":\"https:\\\/\\\/www.sunshine-habitat.com\\\/fr\\\/\"},{\"@type\":\"ListItem\",\"position\":2,\"name\":\"Legal notices\"}]},{\"@type\":\"WebSite\",\"@id\":\"https:\\\/\\\/www.sunshine-habitat.com\\\/fr\\\/#website\",\"url\":\"https:\\\/\\\/www.sunshine-habitat.com\\\/fr\\\/\",\"name\":\"Sunshine Habitat\",\"description\":\"\",\"publisher\":{\"@id\":\"https:\\\/\\\/www.sunshine-habitat.com\\\/fr\\\/#organization\"},\"potentialAction\":[{\"@type\":\"SearchAction\",\"target\":{\"@type\":\"EntryPoint\",\"urlTemplate\":\"https:\\\/\\\/www.sunshine-habitat.com\\\/fr\\\/?s={search_term_string}\"},\"query-input\":{\"@type\":\"PropertyValueSpecification\",\"valueRequired\":true,\"valueName\":\"search_term_string\"}}],\"inLanguage\":\"en-US\"},{\"@type\":\"Organization\",\"@id\":\"https:\\\/\\\/www.sunshine-habitat.com\\\/fr\\\/#organization\",\"name\":\"Sunshine Habitat\",\"url\":\"https:\\\/\\\/www.sunshine-habitat.com\\\/fr\\\/\",\"logo\":{\"@type\":\"ImageObject\",\"inLanguage\":\"en-US\",\"@id\":\"https:\\\/\\\/www.sunshine-habitat.com\\\/fr\\\/#\\\/schema\\\/logo\\\/image\\\/\",\"url\":\"https:\\\/\\\/www.sunshine-habitat.com\\\/wp-content\\\/uploads\\\/2021\\\/05\\\/logo.png\",\"contentUrl\":\"https:\\\/\\\/www.sunshine-habitat.com\\\/wp-content\\\/uploads\\\/2021\\\/05\\\/logo.png\",\"width\":192,\"height\":250,\"caption\":\"Sunshine Habitat\"},\"image\":{\"@id\":\"https:\\\/\\\/www.sunshine-habitat.com\\\/fr\\\/#\\\/schema\\\/logo\\\/image\\\/\"}}]}<\/script>\n<!-- \/ Yoast SEO plugin. -->","yoast_head_json":{"title":"Legal notices - Sunshine Habitat","robots":{"index":"index","follow":"follow","max-snippet":"max-snippet:-1","max-image-preview":"max-image-preview:large","max-video-preview":"max-video-preview:-1"},"canonical":"https:\/\/www.sunshine-habitat.com\/fr\/mentions-legales\/","og_locale":"en_US","og_type":"article","og_title":"Legal notices - Sunshine Habitat","og_description":"Recommended configuration Browsers For optimal navigation, we recommend using: Mozilla Firefox (PC &amp; Mac) or Internet Explorer 8 minimum (PC) or Safari (Mac) or Chrome Screen configuration Choose a","og_url":"https:\/\/www.sunshine-habitat.com\/fr\/mentions-legales\/","og_site_name":"Sunshine Habitat","twitter_card":"summary_large_image","schema":{"@context":"https:\/\/schema.org","@graph":[{"@type":"WebPage","@id":"https:\/\/www.sunshine-habitat.com\/fr\/mentions-legales\/","url":"https:\/\/www.sunshine-habitat.com\/fr\/mentions-legales\/","name":"Legal notices - Sunshine Habitat","isPartOf":{"@id":"https:\/\/www.sunshine-habitat.com\/fr\/#website"},"datePublished":"2023-09-12T09:27:41+00:00","breadcrumb":{"@id":"https:\/\/www.sunshine-habitat.com\/fr\/mentions-legales\/#breadcrumb"},"inLanguage":"en-US","potentialAction":[{"@type":"ReadAction","target":["https:\/\/www.sunshine-habitat.com\/fr\/mentions-legales\/"]}]},{"@type":"BreadcrumbList","@id":"https:\/\/www.sunshine-habitat.com\/fr\/mentions-legales\/#breadcrumb","itemListElement":[{"@type":"ListItem","position":1,"name":"Accueil","item":"https:\/\/www.sunshine-habitat.com\/fr\/"},{"@type":"ListItem","position":2,"name":"Legal notices"}]},{"@type":"WebSite","@id":"https:\/\/www.sunshine-habitat.com\/fr\/#website","url":"https:\/\/www.sunshine-habitat.com\/fr\/","name":"Sunshine Habitat","description":"","publisher":{"@id":"https:\/\/www.sunshine-habitat.com\/fr\/#organization"},"potentialAction":[{"@type":"SearchAction","target":{"@type":"EntryPoint","urlTemplate":"https:\/\/www.sunshine-habitat.com\/fr\/?s={search_term_string}"},"query-input":{"@type":"PropertyValueSpecification","valueRequired":true,"valueName":"search_term_string"}}],"inLanguage":"en-US"},{"@type":"Organization","@id":"https:\/\/www.sunshine-habitat.com\/fr\/#organization","name":"Sunshine Habitat","url":"https:\/\/www.sunshine-habitat.com\/fr\/","logo":{"@type":"ImageObject","inLanguage":"en-US","@id":"https:\/\/www.sunshine-habitat.com\/fr\/#\/schema\/logo\/image\/","url":"https:\/\/www.sunshine-habitat.com\/wp-content\/uploads\/2021\/05\/logo.png","contentUrl":"https:\/\/www.sunshine-habitat.com\/wp-content\/uploads\/2021\/05\/logo.png","width":192,"height":250,"caption":"Sunshine Habitat"},"image":{"@id":"https:\/\/www.sunshine-habitat.com\/fr\/#\/schema\/logo\/image\/"}}]}},"_links":{"self":[{"href":"https:\/\/www.sunshinehabitat.com\/en\/wp-json\/wp\/v2\/pages\/17789","targetHints":{"allow":["GET"]}}],"collection":[{"href":"https:\/\/www.sunshinehabitat.com\/en\/wp-json\/wp\/v2\/pages"}],"about":[{"href":"https:\/\/www.sunshinehabitat.com\/en\/wp-json\/wp\/v2\/types\/page"}],"author":[{"embeddable":true,"href":"https:\/\/www.sunshinehabitat.com\/en\/wp-json\/wp\/v2\/users\/2"}],"replies":[{"embeddable":true,"href":"https:\/\/www.sunshinehabitat.com\/en\/wp-json\/wp\/v2\/comments?post=17789"}],"version-history":[{"count":0,"href":"https:\/\/www.sunshinehabitat.com\/en\/wp-json\/wp\/v2\/pages\/17789\/revisions"}],"wp:attachment":[{"href":"https:\/\/www.sunshinehabitat.com\/en\/wp-json\/wp\/v2\/media?parent=17789"}],"curies":[{"name":"wp","href":"https:\/\/api.w.org\/{rel}","templated":true}]}}