{"id":12936,"date":"2023-01-20T10:41:32","date_gmt":"2023-01-20T09:41:32","guid":{"rendered":"https:\/\/www.sunshine-habitat.com\/?page_id=12936"},"modified":"2024-12-05T14:07:28","modified_gmt":"2024-12-05T13:07:28","slug":"sunshine-outdoor","status":"publish","type":"page","link":"https:\/\/www.sunshinehabitat.com\/fr\/sunshine-outdoor\/","title":{"rendered":"Sunshine Outdoor"},"content":{"rendered":"<div id=\"pl-12936\"  class=\"panel-layout\" ><div id=\"pg-12936-0\"  class=\"panel-grid panel-no-style\" ><div id=\"pgc-12936-0-0\"  class=\"panel-grid-cell\" ><div id=\"panel-12936-0-0-0\" class=\"so-panel widget widget_sow-editor panel-first-child panel-last-child\" data-index=\"0\" ><div\n\t\t\t\n\t\t\tclass=\"so-widget-sow-editor so-widget-sow-editor-base\"\n\t\t\t\n\t\t>\n<div class=\"siteorigin-widget-tinymce textwidget\">\n\t<p style=\"text-align: center;\"><span style=\"font-size: 32px;\">Les terrasses SUNSHINE OUTDOOR<\/span><\/p>\n<p style=\"text-align: center;\">Avec ses deux gammes distinctes : Vacances et TAOS, l'offre de terrasses Sunshine Outdoor a \u00e9t\u00e9 r\u00e9cemment renouvel\u00e9e pour r\u00e9pondre encore mieux aux besoins du march\u00e9 de l'HPA.<\/p>\n<p style=\"text-align: center;\">Les terrasses Sunshine Outdoor b\u00e9n\u00e9ficient de l'<strong>exp\u00e9rience<\/strong> et du <strong>savoir-faire<\/strong> de la soci\u00e9t\u00e9 Sicob, membre du Groupe Finadorm, ce qui garantit des produits alliant qualit\u00e9 et durabilit\u00e9.<\/p>\n<\/div>\n<\/div><\/div><\/div><\/div><div id=\"pg-12936-1\"  class=\"panel-grid panel-has-style no-padding-top-nc-wrap\" ><div class=\"no-padding-top panel-row-style panel-row-style-for-12936-1\" ><div id=\"pgc-12936-1-0\"  class=\"panel-grid-cell\" ><div id=\"panel-12936-1-0-0\" class=\"so-panel widget widget_encart-text-img-link panel-first-child panel-last-child\" data-index=\"1\" ><div class=\"panel-widget-style panel-widget-style-for-12936-1-0-0\" ><div\n\t\t\t\n\t\t\tclass=\"so-widget-encart-text-img-link so-widget-encart-text-img-link-base\"\n\t\t\t\n\t\t><div class=\"etil-block-container nc-widget-nc-encart-text-img-link-tpl-default\">\r\n\t\t\t<a href=\"https:\/\/www.sunshinehabitat.com\/fr\/sunshine-outdoor\/gamme-terrasses-vacances\/\" class=\"etil-block-link\" title=\"\">\r\n\t\t\t\t<div class=\"etil-img\"><img decoding=\"async\" src=\"https:\/\/www.sunshinehabitat.com\/wp-content\/uploads\/2024\/08\/1393-SEYCHELLES-VUE-EXT-9-scaled-e1725370409505.jpg\" alt=\"\" \/><\/div>\r\n\t\t<div class=\"etil-block-text\">\r\n\t\t\t<h3 style=\"text-align: center\">\u00a0TERRASSES<\/h3>\n<h2 style=\"text-align: center\"><span style=\"font-size: 32px\"><strong>VACANCES<\/strong><\/span><\/h2>\n\t\t<\/div>\r\n\t\t\t\t<\/a>\r\n\t        \r\n<\/div>\r\n<\/div><\/div><\/div><\/div><div id=\"pgc-12936-1-1\"  class=\"panel-grid-cell\" ><div id=\"panel-12936-1-1-0\" class=\"so-panel widget widget_encart-text-img-link panel-first-child panel-last-child\" data-index=\"2\" ><div class=\"panel-widget-style panel-widget-style-for-12936-1-1-0\" ><div\n\t\t\t\n\t\t\tclass=\"so-widget-encart-text-img-link so-widget-encart-text-img-link-base\"\n\t\t\t\n\t\t><div class=\"etil-block-container nc-widget-nc-encart-text-img-link-tpl-default\">\r\n\t\t\t<a href=\"https:\/\/www.sunshinehabitat.com\/fr\/sunshine-outdoor\/terrasses-taos\/\" class=\"etil-block-link\" title=\"\">\r\n\t\t\t\t<div class=\"etil-img\"><img decoding=\"async\" src=\"https:\/\/www.sunshinehabitat.com\/wp-content\/uploads\/2024\/09\/LOUISIANE-TAOS-F4-34-e1725370266828.jpeg\" alt=\"\" \/><\/div>\r\n\t\t<div class=\"etil-block-text\">\r\n\t\t\t<h3 style=\"text-align: center\">TERRASSES<\/h3>\n<h2 style=\"text-align: center\"><span style=\"font-size: 32px\"><strong>TAOS<\/strong><\/span><\/h2>\n\t\t<\/div>\r\n\t\t\t\t<\/a>\r\n\t        \r\n<\/div>\r\n<\/div><\/div><\/div><\/div><\/div><\/div><div id=\"pg-12936-2\"  class=\"panel-grid panel-has-style background-gris-nc-wrap row-pave-bd-nc-wrap h30-nc-wrap w100-nc-wrap\" ><div class=\"background-gris row-pave-bd h30 w100 siteorigin-panels-stretch panel-row-style panel-row-style-for-12936-2\" data-stretch-type=\"full\" ><div id=\"pgc-12936-2-0\"  class=\"panel-grid-cell\" ><div class=\"cell-pave-d panel-cell-style panel-cell-style-for-12936-2-0\" ><div id=\"panel-12936-2-0-0\" class=\"so-panel widget widget_sow-editor panel-first-child\" data-index=\"3\" ><div class=\"medium-width panel-widget-style panel-widget-style-for-12936-2-0-0\" ><div\n\t\t\t\n\t\t\tclass=\"so-widget-sow-editor so-widget-sow-editor-base\"\n\t\t\t\n\t\t>\n<div class=\"siteorigin-widget-tinymce textwidget\">\n\t<h2 class=\"alternative\">Une entreprise engag\u00e9e<\/h2>\n<p style=\"text-align: justify;\">Sunshine Outdoor se positionne en entreprise soucieuse de son impact sur l'environnement. Pour maitriser cet impact, nous agissons \u00e0 notre \u00e9chelle en privil\u00e9giant les <strong>fournisseurs locaux<\/strong>, en choisissant des <strong>mat\u00e9riaux durables<\/strong> et en s\u00e9lectionnant uniquement des <strong>bois certifi\u00e9s PEFC<\/strong>.<\/p>\n<\/div>\n<\/div><\/div><\/div><div id=\"panel-12936-2-0-1\" class=\"so-panel widget widget_sow-editor\" data-index=\"4\" ><div class=\"medium-width panel-widget-style panel-widget-style-for-12936-2-0-1\" ><div\n\t\t\t\n\t\t\tclass=\"so-widget-sow-editor so-widget-sow-editor-base\"\n\t\t\t\n\t\t>\n<div class=\"siteorigin-widget-tinymce textwidget\">\n\t<p><img fetchpriority=\"high\" fetchpriority=\"high\" decoding=\"async\" class=\"alignnone size-full wp-image-20885\" src=\"https:\/\/www.sunshine-habitat.com\/wp-content\/uploads\/2024\/09\/LOUISIANE-GRAND-LARGE-2-15.jpeg\" alt=\"\" width=\"2500\" height=\"1667\" \/><\/p>\n<\/div>\n<\/div><\/div><\/div><div id=\"panel-12936-2-0-2\" class=\"so-panel widget widget_sow-editor panel-last-child\" data-index=\"5\" ><div class=\"medium-width panel-widget-style panel-widget-style-for-12936-2-0-2\" ><div\n\t\t\t\n\t\t\tclass=\"so-widget-sow-editor so-widget-sow-editor-base\"\n\t\t\t\n\t\t>\n<div class=\"siteorigin-widget-tinymce textwidget\">\n\t<p><img decoding=\"async\" class=\"alignnone size-full wp-image-20913\" src=\"https:\/\/www.sunshine-habitat.com\/wp-content\/uploads\/2024\/09\/1393-SUNSHINE-ANTILLES-PANO-EXT-.jpeg\" alt=\"\" width=\"2500\" height=\"1667\" \/><\/p>\n<\/div>\n<\/div><\/div><\/div><\/div><\/div><\/div><\/div><div id=\"pg-12936-3\"  class=\"panel-grid panel-has-style background-bleu-nc-wrap\" ><div class=\"background-bleu siteorigin-panels-stretch panel-row-style panel-row-style-for-12936-3\" data-stretch-type=\"full\" ><div id=\"pgc-12936-3-0\"  class=\"panel-grid-cell\" ><div id=\"panel-12936-3-0-0\" class=\"so-panel widget widget_sow-editor panel-first-child panel-last-child\" data-index=\"6\" ><div class=\"padding-right panel-widget-style panel-widget-style-for-12936-3-0-0\" ><div\n\t\t\t\n\t\t\tclass=\"so-widget-sow-editor so-widget-sow-editor-base\"\n\t\t\t\n\t\t>\n<div class=\"siteorigin-widget-tinymce textwidget\">\n\t<h2>Les plus qui font la diff\u00e9rence<\/h2>\n<p style=\"text-align: justify;\">Nos terrasses sont fabriqu\u00e9es en bois de sapin autoclav\u00e9 de classe 3 et de couleur marron. Il s\u2019agit d\u2019une essence pourvue d\u2019une<strong> tr\u00e8s bonne stabilit\u00e9 dimensionnelle<\/strong>.<\/p>\n<p style=\"text-align: justify;\">Elles sont pos\u00e9es sur dalettes b\u00e9ton \u00e0 l\u2019aide de plots PVC r\u00e9glables, ce qui facilite grandement le calage de votre terrasse sur son terrain.<\/p>\n<p style=\"text-align: justify;\">Les lames de bois qui composent nos terrasses sont en dimension 20 x 9120 mm. Ces dimensions garantissent une meilleure durabilit\u00e9 de votre terrasse.<\/p>\n<p style=\"text-align: justify;\">Nos toiles sont des toiles enduites de la marque Serge Ferrari d\u2019une grande <strong>r\u00e9sistance aux intemp\u00e9ries<\/strong> et d\u2019une <strong>long\u00e9vit\u00e9 sans \u00e9quivalent<\/strong> sur le march\u00e9.<\/p>\n<p><a class=\"btn btn-gris\" href=\"https:\/\/www.sunshine-habitat.com\/sunshine-outdoor\/contactez-nous-a-propos-de-sunshine-outdoor\/\">Contacter un conseiller<\/a> <a class=\"btn btn-blanc\" href=\"https:\/\/www.sunshine-habitat.com\/etre-rappele\/\">Me faire rappeler<\/a><\/p>\n<\/div>\n<\/div><\/div><\/div><\/div><div id=\"pgc-12936-3-1\"  class=\"panel-grid-cell\" ><div id=\"panel-12936-3-1-0\" class=\"so-panel widget widget_nc-side-img panel-first-child panel-last-child\" data-index=\"7\" ><div class=\"panel-widget-style panel-widget-style-for-12936-3-1-0\" ><div\n\t\t\t\n\t\t\tclass=\"so-widget-nc-side-img so-widget-nc-side-img-base\"\n\t\t\t\n\t\t><div class=\"nc-widget-nc-side-img nc-widget-nc-side-img-tpl-default nc-widget-nc-side-img-\" data-sow-id=\"f09ce1d1-e51b-49b4-ada7-0062d34aa40f\">\r\n\t<img decoding=\"async\" class=\"nc-widget-nc-side-img-img\" src=\"https:\/\/www.sunshinehabitat.com\/wp-content\/uploads\/2024\/09\/LOUISIANE-TAOS-F4-64-1-e1725371198930.jpeg\" alt=\"\" \/>\r\n<\/div>\r\n<script>\r\n\tjQuery(document).ready(function($) {\r\n\t\tvar $nc_side_img = $('[data-sow-id=\"f09ce1d1-e51b-49b4-ada7-0062d34aa40f\"]');\r\n\t\tvar $panel = $nc_side_img.closest('[class*=\"siteorigin-panels\"]');\r\n\t\t$panel.addClass('row-full-img-right');\r\n\t});\r\n<\/script><\/div><\/div><\/div><\/div><\/div><\/div><div id=\"pg-12936-4\"  class=\"panel-grid panel-has-style background-bleu-nc-wrap\" ><div class=\"background-bleu siteorigin-panels-stretch panel-row-style panel-row-style-for-12936-4\" data-stretch-type=\"full\" ><div id=\"pgc-12936-4-0\"  class=\"panel-grid-cell\" ><div id=\"panel-12936-4-0-0\" class=\"so-panel widget widget_nc-side-img panel-first-child panel-last-child\" data-index=\"8\" ><div class=\"panel-widget-style panel-widget-style-for-12936-4-0-0\" ><div\n\t\t\t\n\t\t\tclass=\"so-widget-nc-side-img so-widget-nc-side-img-base\"\n\t\t\t\n\t\t><div class=\"nc-widget-nc-side-img nc-widget-nc-side-img-tpl-default nc-widget-nc-side-img-\" data-sow-id=\"80ea58ba-93ac-4746-81a3-a379792c4457\">\r\n\t<img decoding=\"async\" class=\"nc-widget-nc-side-img-img\" src=\"https:\/\/www.sunshinehabitat.com\/wp-content\/uploads\/2024\/09\/LOUISIANE-TAOS-F4-97-1-e1725370984781.jpeg\" alt=\"\" \/>\r\n<\/div>\r\n<script>\r\n\tjQuery(document).ready(function($) {\r\n\t\tvar $nc_side_img = $('[data-sow-id=\"80ea58ba-93ac-4746-81a3-a379792c4457\"]');\r\n\t\tvar $panel = $nc_side_img.closest('[class*=\"siteorigin-panels\"]');\r\n\t\t$panel.addClass('row-full-img-left');\r\n\t});\r\n<\/script><\/div><\/div><\/div><\/div><div id=\"pgc-12936-4-1\"  class=\"panel-grid-cell\" ><div id=\"panel-12936-4-1-0\" class=\"so-panel widget widget_sow-editor panel-first-child\" data-index=\"9\" ><div class=\"padding-left panel-widget-style panel-widget-style-for-12936-4-1-0\" ><div\n\t\t\t\n\t\t\tclass=\"so-widget-sow-editor so-widget-sow-editor-base\"\n\t\t\t\n\t\t>\n<div class=\"siteorigin-widget-tinymce textwidget\">\n\t<p>Pour que le montage de votre terrasse ne soit plus qu'un jeu d'enfant, nous vous fournissons une notice de montage pour vous accompagner pas \u00e0 pas sur l'ensemble des \u00e9tapes de montage.<\/p>\n<p><span style=\"font-size: 20px;\"><strong>D\u00e9couvrez sans tarder nos gammes de terrasses Sunshine Outdoor.<\/strong><\/span><\/p>\n<\/div>\n<\/div><\/div><\/div><div id=\"panel-12936-4-1-1\" class=\"so-panel widget widget_widget-nc-boxes-list panel-last-child\" data-index=\"10\" ><div class=\"padding-left panel-widget-style panel-widget-style-for-12936-4-1-1\" ><div\n\t\t\t\n\t\t\tclass=\"so-widget-widget-nc-boxes-list so-widget-widget-nc-boxes-list-base\"\n\t\t\t\n\t\t><div class=\"nc-widget-nc-boxes-list nc-widget-nc-boxes-list-tpl-theme-liste-gammes\">\r\n\r\n\t\t<div class=\"nc-widget-nc-boxes-list-inner\">\r\n\t\t\t\t\t<div class=\"nc-widget-nc-box-wrapper \">\r\n\t\t\t\t<div class=\"nc-widget-nc-box\">\r\n\t\t\t\t\t\t\t\t\t\t<div class=\"nc-widget-nc-box-content\">\r\n\t\t\t\t\t\t<div class=\"nc-widget-nc-box-text\">\r\n\t\t\t\t\t\t\t<p style=\"text-align: center\"><b>La gamme<br \/>\nVACANCES<\/b><\/p>\n\t\t\t\t\t\t<\/div>\r\n\t\t\t\t\t<\/div>\r\n\t\t\t\t\t\t\t\t\t<\/div>\r\n\t\t\t<\/div>\r\n\t\t\t\t\t<div class=\"nc-widget-nc-box-wrapper \">\r\n\t\t\t\t<div class=\"nc-widget-nc-box\">\r\n\t\t\t\t\t\t\t\t\t\t<div class=\"nc-widget-nc-box-content\">\r\n\t\t\t\t\t\t<div class=\"nc-widget-nc-box-text\">\r\n\t\t\t\t\t\t\t<p style=\"text-align: center\"><b>La gamme<br \/>\nTAOS<\/b><\/p>\n\t\t\t\t\t\t<\/div>\r\n\t\t\t\t\t<\/div>\r\n\t\t\t\t\t\t\t\t\t<\/div>\r\n\t\t\t<\/div>\r\n\t\t\t<\/div>\r\n<\/div><\/div><\/div><\/div><\/div><\/div><\/div><div id=\"pg-12936-5\"  class=\"panel-grid panel-has-style background-alt-nc-wrap\" ><div class=\"background-alt siteorigin-panels-stretch panel-row-style panel-row-style-for-12936-5\" data-stretch-type=\"full\" ><div id=\"pgc-12936-5-0\"  class=\"panel-grid-cell\" ><div id=\"panel-12936-5-0-0\" class=\"so-panel widget widget_sow-editor panel-first-child panel-last-child\" data-index=\"11\" ><div class=\"medium-width panel-widget-style panel-widget-style-for-12936-5-0-0\" ><div\n\t\t\t\n\t\t\tclass=\"so-widget-sow-editor so-widget-sow-editor-base\"\n\t\t\t\n\t\t>\n<div class=\"siteorigin-widget-tinymce textwidget\">\n\t<h2 style=\"text-align: center;\">Sicob, sp\u00e9cialiste de la construction bois<\/h2>\n<p style=\"text-align: center;\">Les terrasses Sunshine Outdoor s'appuient sur l'exp\u00e9rience et le savoir-faire de la <b>soci\u00e9t\u00e9 Sicob<\/b>, sp\u00e9cialis\u00e9e dans la conception de charpentes et la construction \u00e0 ossature bois depuis 1933. Les valeurs port\u00e9es par Sicob sont \u00e0 l'image des <strong>valeurs des compagnons<\/strong> : disciplin\u00e9s et impliqu\u00e9s, autonomes et travailleurs.<\/p>\n<p>&nbsp;<\/p>\n<h2 style=\"text-align: center;\">Une entreprise certifi\u00e9e<\/h2>\n<p style=\"text-align: center;\">Sunshine Outdoor se positionne comme un acteur responsable. Pour maitriser notre impact sur l\u2019environnement, nous agissons \u00e0 notre \u00e9chelle en privil\u00e9giant les <b>fournisseurs locaux, <\/b><span style=\"font-size: 1em;\">en choisissant des <\/span><b style=\"font-size: 1em;\">mat\u00e9riaux durables<\/b>, et <span style=\"font-size: 1em;\">en s\u00e9lectionnant uniquement des bois <\/span><b style=\"font-size: 1em;\">certifi\u00e9s PEFC<\/b><span style=\"font-size: 1em;\">.<\/span><\/p>\n<p><img decoding=\"async\" class=\"aligncenter wp-image-13474\" src=\"https:\/\/www.sunshine-habitat.com\/wp-content\/uploads\/2023\/01\/Sicob-terrasse-V3-1.png\" alt=\"Certifications bois Sunshine Terrasses\" width=\"950\" height=\"237\" srcset=\"https:\/\/www.sunshinehabitat.com\/wp-content\/uploads\/2023\/01\/Sicob-terrasse-V3-1.png 2560w, https:\/\/www.sunshinehabitat.com\/wp-content\/uploads\/2023\/01\/Sicob-terrasse-V3-1-300x75.png 300w, https:\/\/www.sunshinehabitat.com\/wp-content\/uploads\/2023\/01\/Sicob-terrasse-V3-1-1024x255.png 1024w\" sizes=\"(max-width: 950px) 100vw, 950px\" \/><\/p>\n<\/div>\n<\/div><\/div><\/div><\/div><\/div><\/div><\/div>","protected":false},"excerpt":{"rendered":"<p>Les terrasses SUNSHINE OUTDOOR Avec ses deux gammes distinctes : Vacances et TAOS, l&rsquo;offre de terrasses Sunshine Outdoor a \u00e9t\u00e9 r\u00e9cemment renouvel\u00e9e pour r\u00e9pondre encore mieux aux besoins du<\/p>\n","protected":false},"author":3,"featured_media":0,"parent":0,"menu_order":115,"comment_status":"closed","ping_status":"closed","template":"","meta":{"inline_featured_image":false,"footnotes":""},"class_list":["post-12936","page","type-page","status-publish","hentry"],"yoast_head":"<!-- This site is optimized with the Yoast SEO plugin v27.3 - https:\/\/yoast.com\/product\/yoast-seo-wordpress\/ -->\n<title>Sunshine Outdoor - Sunshine Habitat<\/title>\n<meta name=\"robots\" content=\"index, follow, max-snippet:-1, max-image-preview:large, max-video-preview:-1\" \/>\n<link rel=\"canonical\" href=\"https:\/\/www.sunshine-habitat.com\/fr\/sunshine-outdoor\/\" \/>\n<meta property=\"og:locale\" content=\"fr_FR\" \/>\n<meta property=\"og:type\" content=\"article\" \/>\n<meta property=\"og:title\" content=\"Sunshine Outdoor - Sunshine Habitat\" \/>\n<meta property=\"og:description\" content=\"Les terrasses SUNSHINE OUTDOOR Avec ses deux gammes distinctes : Vacances et TAOS, l&#039;offre de terrasses Sunshine Outdoor a \u00e9t\u00e9 r\u00e9cemment renouvel\u00e9e pour r\u00e9pondre encore mieux aux besoins du\" \/>\n<meta property=\"og:url\" content=\"https:\/\/www.sunshine-habitat.com\/fr\/sunshine-outdoor\/\" \/>\n<meta property=\"og:site_name\" content=\"Sunshine Habitat\" \/>\n<meta property=\"article:modified_time\" content=\"2024-12-05T13:07:28+00:00\" \/>\n<meta property=\"og:image\" content=\"https:\/\/www.sunshine-habitat.com\/wp-content\/uploads\/2024\/09\/LOUISIANE-GRAND-LARGE-2-15.jpeg\" \/>\n<meta name=\"twitter:card\" content=\"summary_large_image\" \/>\n<script type=\"application\/ld+json\" class=\"yoast-schema-graph\">{\"@context\":\"https:\\\/\\\/schema.org\",\"@graph\":[{\"@type\":\"WebPage\",\"@id\":\"https:\\\/\\\/www.sunshine-habitat.com\\\/fr\\\/sunshine-outdoor\\\/\",\"url\":\"https:\\\/\\\/www.sunshine-habitat.com\\\/fr\\\/sunshine-outdoor\\\/\",\"name\":\"Sunshine Outdoor - Sunshine Habitat\",\"isPartOf\":{\"@id\":\"https:\\\/\\\/www.sunshine-habitat.com\\\/fr\\\/#website\"},\"primaryImageOfPage\":{\"@id\":\"https:\\\/\\\/www.sunshine-habitat.com\\\/fr\\\/sunshine-outdoor\\\/#primaryimage\"},\"image\":{\"@id\":\"https:\\\/\\\/www.sunshine-habitat.com\\\/fr\\\/sunshine-outdoor\\\/#primaryimage\"},\"thumbnailUrl\":\"https:\\\/\\\/www.sunshine-habitat.com\\\/wp-content\\\/uploads\\\/2024\\\/09\\\/LOUISIANE-GRAND-LARGE-2-15.jpeg\",\"datePublished\":\"2023-01-20T09:41:32+00:00\",\"dateModified\":\"2024-12-05T13:07:28+00:00\",\"breadcrumb\":{\"@id\":\"https:\\\/\\\/www.sunshine-habitat.com\\\/fr\\\/sunshine-outdoor\\\/#breadcrumb\"},\"inLanguage\":\"fr-FR\",\"potentialAction\":[{\"@type\":\"ReadAction\",\"target\":[\"https:\\\/\\\/www.sunshine-habitat.com\\\/fr\\\/sunshine-outdoor\\\/\"]}]},{\"@type\":\"ImageObject\",\"inLanguage\":\"fr-FR\",\"@id\":\"https:\\\/\\\/www.sunshine-habitat.com\\\/fr\\\/sunshine-outdoor\\\/#primaryimage\",\"url\":\"https:\\\/\\\/www.sunshine-habitat.com\\\/wp-content\\\/uploads\\\/2024\\\/09\\\/LOUISIANE-GRAND-LARGE-2-15.jpeg\",\"contentUrl\":\"https:\\\/\\\/www.sunshine-habitat.com\\\/wp-content\\\/uploads\\\/2024\\\/09\\\/LOUISIANE-GRAND-LARGE-2-15.jpeg\"},{\"@type\":\"BreadcrumbList\",\"@id\":\"https:\\\/\\\/www.sunshine-habitat.com\\\/fr\\\/sunshine-outdoor\\\/#breadcrumb\",\"itemListElement\":[{\"@type\":\"ListItem\",\"position\":1,\"name\":\"Accueil\",\"item\":\"https:\\\/\\\/www.sunshine-habitat.com\\\/fr\\\/\"},{\"@type\":\"ListItem\",\"position\":2,\"name\":\"Sunshine Outdoor\"}]},{\"@type\":\"WebSite\",\"@id\":\"https:\\\/\\\/www.sunshine-habitat.com\\\/fr\\\/#website\",\"url\":\"https:\\\/\\\/www.sunshine-habitat.com\\\/fr\\\/\",\"name\":\"Sunshine Habitat\",\"description\":\"\",\"publisher\":{\"@id\":\"https:\\\/\\\/www.sunshine-habitat.com\\\/fr\\\/#organization\"},\"potentialAction\":[{\"@type\":\"SearchAction\",\"target\":{\"@type\":\"EntryPoint\",\"urlTemplate\":\"https:\\\/\\\/www.sunshine-habitat.com\\\/fr\\\/?s={search_term_string}\"},\"query-input\":{\"@type\":\"PropertyValueSpecification\",\"valueRequired\":true,\"valueName\":\"search_term_string\"}}],\"inLanguage\":\"fr-FR\"},{\"@type\":\"Organization\",\"@id\":\"https:\\\/\\\/www.sunshine-habitat.com\\\/fr\\\/#organization\",\"name\":\"Sunshine Habitat\",\"url\":\"https:\\\/\\\/www.sunshine-habitat.com\\\/fr\\\/\",\"logo\":{\"@type\":\"ImageObject\",\"inLanguage\":\"fr-FR\",\"@id\":\"https:\\\/\\\/www.sunshine-habitat.com\\\/fr\\\/#\\\/schema\\\/logo\\\/image\\\/\",\"url\":\"https:\\\/\\\/www.sunshine-habitat.com\\\/wp-content\\\/uploads\\\/2021\\\/05\\\/logo.png\",\"contentUrl\":\"https:\\\/\\\/www.sunshine-habitat.com\\\/wp-content\\\/uploads\\\/2021\\\/05\\\/logo.png\",\"width\":192,\"height\":250,\"caption\":\"Sunshine Habitat\"},\"image\":{\"@id\":\"https:\\\/\\\/www.sunshine-habitat.com\\\/fr\\\/#\\\/schema\\\/logo\\\/image\\\/\"}}]}<\/script>\n<!-- \/ Yoast SEO plugin. -->","yoast_head_json":{"title":"Sunshine Outdoor - Sunshine Habitat","robots":{"index":"index","follow":"follow","max-snippet":"max-snippet:-1","max-image-preview":"max-image-preview:large","max-video-preview":"max-video-preview:-1"},"canonical":"https:\/\/www.sunshine-habitat.com\/fr\/sunshine-outdoor\/","og_locale":"fr_FR","og_type":"article","og_title":"Sunshine Outdoor - Sunshine Habitat","og_description":"Les terrasses SUNSHINE OUTDOOR Avec ses deux gammes distinctes : Vacances et TAOS, l'offre de terrasses Sunshine Outdoor a \u00e9t\u00e9 r\u00e9cemment renouvel\u00e9e pour r\u00e9pondre encore mieux aux besoins du","og_url":"https:\/\/www.sunshine-habitat.com\/fr\/sunshine-outdoor\/","og_site_name":"Sunshine Habitat","article_modified_time":"2024-12-05T13:07:28+00:00","og_image":[{"url":"https:\/\/www.sunshine-habitat.com\/wp-content\/uploads\/2024\/09\/LOUISIANE-GRAND-LARGE-2-15.jpeg","type":"","width":"","height":""}],"twitter_card":"summary_large_image","schema":{"@context":"https:\/\/schema.org","@graph":[{"@type":"WebPage","@id":"https:\/\/www.sunshine-habitat.com\/fr\/sunshine-outdoor\/","url":"https:\/\/www.sunshine-habitat.com\/fr\/sunshine-outdoor\/","name":"Sunshine Outdoor - Sunshine Habitat","isPartOf":{"@id":"https:\/\/www.sunshine-habitat.com\/fr\/#website"},"primaryImageOfPage":{"@id":"https:\/\/www.sunshine-habitat.com\/fr\/sunshine-outdoor\/#primaryimage"},"image":{"@id":"https:\/\/www.sunshine-habitat.com\/fr\/sunshine-outdoor\/#primaryimage"},"thumbnailUrl":"https:\/\/www.sunshine-habitat.com\/wp-content\/uploads\/2024\/09\/LOUISIANE-GRAND-LARGE-2-15.jpeg","datePublished":"2023-01-20T09:41:32+00:00","dateModified":"2024-12-05T13:07:28+00:00","breadcrumb":{"@id":"https:\/\/www.sunshine-habitat.com\/fr\/sunshine-outdoor\/#breadcrumb"},"inLanguage":"fr-FR","potentialAction":[{"@type":"ReadAction","target":["https:\/\/www.sunshine-habitat.com\/fr\/sunshine-outdoor\/"]}]},{"@type":"ImageObject","inLanguage":"fr-FR","@id":"https:\/\/www.sunshine-habitat.com\/fr\/sunshine-outdoor\/#primaryimage","url":"https:\/\/www.sunshine-habitat.com\/wp-content\/uploads\/2024\/09\/LOUISIANE-GRAND-LARGE-2-15.jpeg","contentUrl":"https:\/\/www.sunshine-habitat.com\/wp-content\/uploads\/2024\/09\/LOUISIANE-GRAND-LARGE-2-15.jpeg"},{"@type":"BreadcrumbList","@id":"https:\/\/www.sunshine-habitat.com\/fr\/sunshine-outdoor\/#breadcrumb","itemListElement":[{"@type":"ListItem","position":1,"name":"Accueil","item":"https:\/\/www.sunshine-habitat.com\/fr\/"},{"@type":"ListItem","position":2,"name":"Sunshine Outdoor"}]},{"@type":"WebSite","@id":"https:\/\/www.sunshine-habitat.com\/fr\/#website","url":"https:\/\/www.sunshine-habitat.com\/fr\/","name":"Sunshine Habitat","description":"","publisher":{"@id":"https:\/\/www.sunshine-habitat.com\/fr\/#organization"},"potentialAction":[{"@type":"SearchAction","target":{"@type":"EntryPoint","urlTemplate":"https:\/\/www.sunshine-habitat.com\/fr\/?s={search_term_string}"},"query-input":{"@type":"PropertyValueSpecification","valueRequired":true,"valueName":"search_term_string"}}],"inLanguage":"fr-FR"},{"@type":"Organization","@id":"https:\/\/www.sunshine-habitat.com\/fr\/#organization","name":"Sunshine Habitat","url":"https:\/\/www.sunshine-habitat.com\/fr\/","logo":{"@type":"ImageObject","inLanguage":"fr-FR","@id":"https:\/\/www.sunshine-habitat.com\/fr\/#\/schema\/logo\/image\/","url":"https:\/\/www.sunshine-habitat.com\/wp-content\/uploads\/2021\/05\/logo.png","contentUrl":"https:\/\/www.sunshine-habitat.com\/wp-content\/uploads\/2021\/05\/logo.png","width":192,"height":250,"caption":"Sunshine Habitat"},"image":{"@id":"https:\/\/www.sunshine-habitat.com\/fr\/#\/schema\/logo\/image\/"}}]}},"_links":{"self":[{"href":"https:\/\/www.sunshinehabitat.com\/fr\/wp-json\/wp\/v2\/pages\/12936","targetHints":{"allow":["GET"]}}],"collection":[{"href":"https:\/\/www.sunshinehabitat.com\/fr\/wp-json\/wp\/v2\/pages"}],"about":[{"href":"https:\/\/www.sunshinehabitat.com\/fr\/wp-json\/wp\/v2\/types\/page"}],"author":[{"embeddable":true,"href":"https:\/\/www.sunshinehabitat.com\/fr\/wp-json\/wp\/v2\/users\/3"}],"replies":[{"embeddable":true,"href":"https:\/\/www.sunshinehabitat.com\/fr\/wp-json\/wp\/v2\/comments?post=12936"}],"version-history":[{"count":6,"href":"https:\/\/www.sunshinehabitat.com\/fr\/wp-json\/wp\/v2\/pages\/12936\/revisions"}],"predecessor-version":[{"id":21899,"href":"https:\/\/www.sunshinehabitat.com\/fr\/wp-json\/wp\/v2\/pages\/12936\/revisions\/21899"}],"wp:attachment":[{"href":"https:\/\/www.sunshinehabitat.com\/fr\/wp-json\/wp\/v2\/media?parent=12936"}],"curies":[{"name":"wp","href":"https:\/\/api.w.org\/{rel}","templated":true}]}}