{"id":13513,"date":"2023-01-26T11:42:55","date_gmt":"2023-01-26T10:42:55","guid":{"rendered":"https:\/\/www.sunshine-habitat.com\/?page_id=13513"},"modified":"2023-01-30T11:00:25","modified_gmt":"2023-01-30T10:00:25","slug":"confirmation-demande-sunshine-outdoor","status":"publish","type":"page","link":"https:\/\/www.sunshinehabitat.com\/fr\/sunshine-outdoor\/contactez-nous-a-propos-de-sunshine-outdoor\/confirmation-demande-sunshine-outdoor\/","title":{"rendered":"Confirmation demande Sunshine Outdoor"},"content":{"rendered":"<div id=\"pl-13513\"  class=\"panel-layout\" ><div id=\"pg-13513-0\"  class=\"panel-grid panel-no-style\" ><div id=\"pgc-13513-0-0\"  class=\"panel-grid-cell\" ><div id=\"panel-13513-0-0-0\" class=\"so-panel widget widget_sow-editor panel-first-child panel-last-child\" data-index=\"0\" ><div\n\t\t\t\n\t\t\tclass=\"so-widget-sow-editor so-widget-sow-editor-base\"\n\t\t\t\n\t\t>\n<div class=\"siteorigin-widget-tinymce textwidget\">\n\t<p style=\"text-align: center;\">Nous vous remercions pour votre message. Nous reviendrons vers vous dans les meilleurs d\u00e9lais.<\/p>\n<p style=\"text-align: center;\">Nous vous invitons \u00e0 d\u00e9couvrir Le Blog Sunshine Habitat. Vous y trouverez des informations concernant nos \u00e9v\u00e8nements et nouveaut\u00e9s ainsi que les actualit\u00e9s et les tendances du secteur de l'H\u00f4tellerie de Plein Air.<\/p>\n<p style=\"text-align: center;\"><a class=\"btn btn-bleu\" href=\"https:\/\/www.sunshine-habitat.com\/blog\/\">D\u00e9couvrir le blog<\/a><\/p>\n<p><a href=\"https:\/\/www.sunshine-habitat.com\/sunshine-outdoor\/\">&lt; Retour vers la page Sunshine Outdoor<\/a><\/p>\n<p>&nbsp;<\/p>\n<\/div>\n<\/div><\/div><\/div><\/div><\/div>","protected":false},"excerpt":{"rendered":"<p>Nous vous remercions pour votre message. Nous reviendrons vers vous dans les meilleurs d\u00e9lais. Nous vous invitons \u00e0 d\u00e9couvrir Le Blog Sunshine Habitat. Vous y trouverez des informations concernant<\/p>\n","protected":false},"author":3,"featured_media":0,"parent":13498,"menu_order":104,"comment_status":"closed","ping_status":"closed","template":"","meta":{"inline_featured_image":false,"footnotes":""},"class_list":["post-13513","page","type-page","status-publish","hentry"],"yoast_head":"<!-- This site is optimized with the Yoast SEO plugin v27.3 - https:\/\/yoast.com\/product\/yoast-seo-wordpress\/ -->\n<title>Confirmation demande Sunshine Outdoor - Sunshine Habitat<\/title>\n<meta name=\"robots\" content=\"index, follow, max-snippet:-1, max-image-preview:large, max-video-preview:-1\" \/>\n<link rel=\"canonical\" href=\"https:\/\/www.sunshine-habitat.com\/fr\/sunshine-outdoor\/contactez-nous-a-propos-de-sunshine-outdoor\/confirmation-demande-sunshine-outdoor\/\" \/>\n<meta property=\"og:locale\" content=\"fr_FR\" \/>\n<meta property=\"og:type\" content=\"article\" \/>\n<meta property=\"og:title\" content=\"Confirmation demande Sunshine Outdoor - Sunshine Habitat\" \/>\n<meta property=\"og:description\" content=\"Nous vous remercions pour votre message. Nous reviendrons vers vous dans les meilleurs d\u00e9lais. Nous vous invitons \u00e0 d\u00e9couvrir Le Blog Sunshine Habitat. Vous y trouverez des informations concernant\" \/>\n<meta property=\"og:url\" content=\"https:\/\/www.sunshine-habitat.com\/fr\/sunshine-outdoor\/contactez-nous-a-propos-de-sunshine-outdoor\/confirmation-demande-sunshine-outdoor\/\" \/>\n<meta property=\"og:site_name\" content=\"Sunshine Habitat\" \/>\n<meta property=\"article:modified_time\" content=\"2023-01-30T10:00:25+00:00\" \/>\n<meta name=\"twitter:card\" content=\"summary_large_image\" \/>\n<script type=\"application\/ld+json\" class=\"yoast-schema-graph\">{\"@context\":\"https:\\\/\\\/schema.org\",\"@graph\":[{\"@type\":\"WebPage\",\"@id\":\"https:\\\/\\\/www.sunshine-habitat.com\\\/fr\\\/sunshine-outdoor\\\/contactez-nous-a-propos-de-sunshine-outdoor\\\/confirmation-demande-sunshine-outdoor\\\/\",\"url\":\"https:\\\/\\\/www.sunshine-habitat.com\\\/fr\\\/sunshine-outdoor\\\/contactez-nous-a-propos-de-sunshine-outdoor\\\/confirmation-demande-sunshine-outdoor\\\/\",\"name\":\"Confirmation demande Sunshine Outdoor - Sunshine Habitat\",\"isPartOf\":{\"@id\":\"https:\\\/\\\/www.sunshine-habitat.com\\\/fr\\\/#website\"},\"datePublished\":\"2023-01-26T10:42:55+00:00\",\"dateModified\":\"2023-01-30T10:00:25+00:00\",\"breadcrumb\":{\"@id\":\"https:\\\/\\\/www.sunshine-habitat.com\\\/fr\\\/sunshine-outdoor\\\/contactez-nous-a-propos-de-sunshine-outdoor\\\/confirmation-demande-sunshine-outdoor\\\/#breadcrumb\"},\"inLanguage\":\"fr-FR\",\"potentialAction\":[{\"@type\":\"ReadAction\",\"target\":[\"https:\\\/\\\/www.sunshine-habitat.com\\\/fr\\\/sunshine-outdoor\\\/contactez-nous-a-propos-de-sunshine-outdoor\\\/confirmation-demande-sunshine-outdoor\\\/\"]}]},{\"@type\":\"BreadcrumbList\",\"@id\":\"https:\\\/\\\/www.sunshine-habitat.com\\\/fr\\\/sunshine-outdoor\\\/contactez-nous-a-propos-de-sunshine-outdoor\\\/confirmation-demande-sunshine-outdoor\\\/#breadcrumb\",\"itemListElement\":[{\"@type\":\"ListItem\",\"position\":1,\"name\":\"Accueil\",\"item\":\"https:\\\/\\\/www.sunshine-habitat.com\\\/fr\\\/\"},{\"@type\":\"ListItem\",\"position\":2,\"name\":\"Sunshine Outdoor\",\"item\":\"https:\\\/\\\/www.sunshine-habitat.com\\\/fr\\\/sunshine-outdoor\\\/\"},{\"@type\":\"ListItem\",\"position\":3,\"name\":\"Contactez-nous \u00e0 propos des terrasses Sunshine Outdoor\",\"item\":\"https:\\\/\\\/www.sunshine-habitat.com\\\/fr\\\/sunshine-outdoor\\\/contactez-nous-a-propos-de-sunshine-outdoor\\\/\"},{\"@type\":\"ListItem\",\"position\":4,\"name\":\"Confirmation demande Sunshine Outdoor\"}]},{\"@type\":\"WebSite\",\"@id\":\"https:\\\/\\\/www.sunshine-habitat.com\\\/fr\\\/#website\",\"url\":\"https:\\\/\\\/www.sunshine-habitat.com\\\/fr\\\/\",\"name\":\"Sunshine Habitat\",\"description\":\"\",\"publisher\":{\"@id\":\"https:\\\/\\\/www.sunshine-habitat.com\\\/fr\\\/#organization\"},\"potentialAction\":[{\"@type\":\"SearchAction\",\"target\":{\"@type\":\"EntryPoint\",\"urlTemplate\":\"https:\\\/\\\/www.sunshine-habitat.com\\\/fr\\\/?s={search_term_string}\"},\"query-input\":{\"@type\":\"PropertyValueSpecification\",\"valueRequired\":true,\"valueName\":\"search_term_string\"}}],\"inLanguage\":\"fr-FR\"},{\"@type\":\"Organization\",\"@id\":\"https:\\\/\\\/www.sunshine-habitat.com\\\/fr\\\/#organization\",\"name\":\"Sunshine Habitat\",\"url\":\"https:\\\/\\\/www.sunshine-habitat.com\\\/fr\\\/\",\"logo\":{\"@type\":\"ImageObject\",\"inLanguage\":\"fr-FR\",\"@id\":\"https:\\\/\\\/www.sunshine-habitat.com\\\/fr\\\/#\\\/schema\\\/logo\\\/image\\\/\",\"url\":\"https:\\\/\\\/www.sunshine-habitat.com\\\/wp-content\\\/uploads\\\/2021\\\/05\\\/logo.png\",\"contentUrl\":\"https:\\\/\\\/www.sunshine-habitat.com\\\/wp-content\\\/uploads\\\/2021\\\/05\\\/logo.png\",\"width\":192,\"height\":250,\"caption\":\"Sunshine Habitat\"},\"image\":{\"@id\":\"https:\\\/\\\/www.sunshine-habitat.com\\\/fr\\\/#\\\/schema\\\/logo\\\/image\\\/\"}}]}<\/script>\n<!-- \/ Yoast SEO plugin. -->","yoast_head_json":{"title":"Confirmation demande Sunshine Outdoor - Sunshine Habitat","robots":{"index":"index","follow":"follow","max-snippet":"max-snippet:-1","max-image-preview":"max-image-preview:large","max-video-preview":"max-video-preview:-1"},"canonical":"https:\/\/www.sunshine-habitat.com\/fr\/sunshine-outdoor\/contactez-nous-a-propos-de-sunshine-outdoor\/confirmation-demande-sunshine-outdoor\/","og_locale":"fr_FR","og_type":"article","og_title":"Confirmation demande Sunshine Outdoor - Sunshine Habitat","og_description":"Nous vous remercions pour votre message. Nous reviendrons vers vous dans les meilleurs d\u00e9lais. Nous vous invitons \u00e0 d\u00e9couvrir Le Blog Sunshine Habitat. Vous y trouverez des informations concernant","og_url":"https:\/\/www.sunshine-habitat.com\/fr\/sunshine-outdoor\/contactez-nous-a-propos-de-sunshine-outdoor\/confirmation-demande-sunshine-outdoor\/","og_site_name":"Sunshine Habitat","article_modified_time":"2023-01-30T10:00:25+00:00","twitter_card":"summary_large_image","schema":{"@context":"https:\/\/schema.org","@graph":[{"@type":"WebPage","@id":"https:\/\/www.sunshine-habitat.com\/fr\/sunshine-outdoor\/contactez-nous-a-propos-de-sunshine-outdoor\/confirmation-demande-sunshine-outdoor\/","url":"https:\/\/www.sunshine-habitat.com\/fr\/sunshine-outdoor\/contactez-nous-a-propos-de-sunshine-outdoor\/confirmation-demande-sunshine-outdoor\/","name":"Confirmation demande Sunshine Outdoor - Sunshine Habitat","isPartOf":{"@id":"https:\/\/www.sunshine-habitat.com\/fr\/#website"},"datePublished":"2023-01-26T10:42:55+00:00","dateModified":"2023-01-30T10:00:25+00:00","breadcrumb":{"@id":"https:\/\/www.sunshine-habitat.com\/fr\/sunshine-outdoor\/contactez-nous-a-propos-de-sunshine-outdoor\/confirmation-demande-sunshine-outdoor\/#breadcrumb"},"inLanguage":"fr-FR","potentialAction":[{"@type":"ReadAction","target":["https:\/\/www.sunshine-habitat.com\/fr\/sunshine-outdoor\/contactez-nous-a-propos-de-sunshine-outdoor\/confirmation-demande-sunshine-outdoor\/"]}]},{"@type":"BreadcrumbList","@id":"https:\/\/www.sunshine-habitat.com\/fr\/sunshine-outdoor\/contactez-nous-a-propos-de-sunshine-outdoor\/confirmation-demande-sunshine-outdoor\/#breadcrumb","itemListElement":[{"@type":"ListItem","position":1,"name":"Accueil","item":"https:\/\/www.sunshine-habitat.com\/fr\/"},{"@type":"ListItem","position":2,"name":"Sunshine Outdoor","item":"https:\/\/www.sunshine-habitat.com\/fr\/sunshine-outdoor\/"},{"@type":"ListItem","position":3,"name":"Contactez-nous \u00e0 propos des terrasses Sunshine Outdoor","item":"https:\/\/www.sunshine-habitat.com\/fr\/sunshine-outdoor\/contactez-nous-a-propos-de-sunshine-outdoor\/"},{"@type":"ListItem","position":4,"name":"Confirmation demande Sunshine Outdoor"}]},{"@type":"WebSite","@id":"https:\/\/www.sunshine-habitat.com\/fr\/#website","url":"https:\/\/www.sunshine-habitat.com\/fr\/","name":"Sunshine Habitat","description":"","publisher":{"@id":"https:\/\/www.sunshine-habitat.com\/fr\/#organization"},"potentialAction":[{"@type":"SearchAction","target":{"@type":"EntryPoint","urlTemplate":"https:\/\/www.sunshine-habitat.com\/fr\/?s={search_term_string}"},"query-input":{"@type":"PropertyValueSpecification","valueRequired":true,"valueName":"search_term_string"}}],"inLanguage":"fr-FR"},{"@type":"Organization","@id":"https:\/\/www.sunshine-habitat.com\/fr\/#organization","name":"Sunshine Habitat","url":"https:\/\/www.sunshine-habitat.com\/fr\/","logo":{"@type":"ImageObject","inLanguage":"fr-FR","@id":"https:\/\/www.sunshine-habitat.com\/fr\/#\/schema\/logo\/image\/","url":"https:\/\/www.sunshine-habitat.com\/wp-content\/uploads\/2021\/05\/logo.png","contentUrl":"https:\/\/www.sunshine-habitat.com\/wp-content\/uploads\/2021\/05\/logo.png","width":192,"height":250,"caption":"Sunshine Habitat"},"image":{"@id":"https:\/\/www.sunshine-habitat.com\/fr\/#\/schema\/logo\/image\/"}}]}},"_links":{"self":[{"href":"https:\/\/www.sunshinehabitat.com\/fr\/wp-json\/wp\/v2\/pages\/13513","targetHints":{"allow":["GET"]}}],"collection":[{"href":"https:\/\/www.sunshinehabitat.com\/fr\/wp-json\/wp\/v2\/pages"}],"about":[{"href":"https:\/\/www.sunshinehabitat.com\/fr\/wp-json\/wp\/v2\/types\/page"}],"author":[{"embeddable":true,"href":"https:\/\/www.sunshinehabitat.com\/fr\/wp-json\/wp\/v2\/users\/3"}],"replies":[{"embeddable":true,"href":"https:\/\/www.sunshinehabitat.com\/fr\/wp-json\/wp\/v2\/comments?post=13513"}],"version-history":[{"count":5,"href":"https:\/\/www.sunshinehabitat.com\/fr\/wp-json\/wp\/v2\/pages\/13513\/revisions"}],"predecessor-version":[{"id":13544,"href":"https:\/\/www.sunshinehabitat.com\/fr\/wp-json\/wp\/v2\/pages\/13513\/revisions\/13544"}],"up":[{"embeddable":true,"href":"https:\/\/www.sunshinehabitat.com\/fr\/wp-json\/wp\/v2\/pages\/13498"}],"wp:attachment":[{"href":"https:\/\/www.sunshinehabitat.com\/fr\/wp-json\/wp\/v2\/media?parent=13513"}],"curies":[{"name":"wp","href":"https:\/\/api.w.org\/{rel}","templated":true}]}}