{"id":13714,"date":"2023-02-13T14:50:43","date_gmt":"2023-02-13T13:50:43","guid":{"rendered":"https:\/\/www.sunshine-habitat.com\/?page_id=13714"},"modified":"2024-05-17T09:19:42","modified_gmt":"2024-05-17T07:19:42","slug":"phototheque","status":"publish","type":"page","link":"https:\/\/www.sunshinehabitat.com\/fr\/phototheque\/","title":{"rendered":"Phototh\u00e8que"},"content":{"rendered":"<div id=\"pl-13714\"  class=\"panel-layout\" ><div id=\"pg-13714-0\"  class=\"panel-grid panel-no-style\" ><div id=\"pgc-13714-0-0\"  class=\"panel-grid-cell\" ><div id=\"panel-13714-0-0-0\" class=\"so-panel widget widget_sow-editor panel-first-child panel-last-child\" data-index=\"0\" ><div\n\t\t\t\n\t\t\tclass=\"so-widget-sow-editor so-widget-sow-editor-base\"\n\t\t\t\n\t\t>\n<div class=\"siteorigin-widget-tinymce textwidget\">\n\t<p style=\"text-align: center;\"><span style=\"font-size: 32px;\">Bienvenue sur la phototh\u00e8que Sunshine Habitat !<\/span><\/p>\n<h3 style=\"text-align: center;\"><span style=\"font-size: 20px;\">ENRICHISSEZ VOS SUPPORTS DE COMMUNICATION<\/span><\/h3>\n<p style=\"text-align: center;\"><span style=\"font-size: 16px;\">Sunshine Habitat offre \u00e0 ses clients professionnels la possibilit\u00e9 de t\u00e9l\u00e9charger gratuitement des photos de ses diff\u00e9rents habitats de loisirs, toute une s\u00e9lection de photos prises par des professionnels pour mettre en valeur le design et les \u00e9quipements des mod\u00e8les sous tous les angles.<\/span><\/p>\n<\/div>\n<\/div><\/div><\/div><\/div><div id=\"pg-13714-1\"  class=\"panel-grid panel-has-style no-padding-top-nc-wrap\" ><div class=\"no-padding-top panel-row-style panel-row-style-for-13714-1\" ><div id=\"pgc-13714-1-0\"  class=\"panel-grid-cell\" ><div id=\"panel-13714-1-0-0\" class=\"so-panel widget widget_encart-text-img-link panel-first-child panel-last-child\" data-index=\"1\" ><div class=\"panel-widget-style panel-widget-style-for-13714-1-0-0\" ><div\n\t\t\t\n\t\t\tclass=\"so-widget-encart-text-img-link so-widget-encart-text-img-link-base\"\n\t\t\t\n\t\t><div class=\"etil-block-container nc-widget-nc-encart-text-img-link-tpl-default\">\r\n\t\t\t<a href=\"https:\/\/www.sunshinehabitat.com\/fr\/phototheque\/mobil-homes-louisiane\/\" class=\"etil-block-link\" title=\"\">\r\n\t\t\t\t<div class=\"etil-img\"><img decoding=\"async\" src=\"https:\/\/www.sunshinehabitat.com\/wp-content\/uploads\/2022\/04\/bol-dair-blog.png\" alt=\"\" \/><\/div>\r\n\t\t<div class=\"etil-block-text\">\r\n\t\t\t<h2 style=\"text-align: center\"><span style=\"font-size: 32px\"><strong>Mobil-Homes<\/strong><\/span><\/h2>\n<h3 style=\"text-align: center\">Louisiane<\/h3>\n\t\t<\/div>\r\n\t\t\t\t<\/a>\r\n\t        \r\n<\/div>\r\n<\/div><\/div><\/div><\/div><div id=\"pgc-13714-1-1\"  class=\"panel-grid-cell\" ><div id=\"panel-13714-1-1-0\" class=\"so-panel widget widget_encart-text-img-link panel-first-child panel-last-child\" data-index=\"2\" ><div class=\"panel-widget-style panel-widget-style-for-13714-1-1-0\" ><div\n\t\t\t\n\t\t\tclass=\"so-widget-encart-text-img-link so-widget-encart-text-img-link-base\"\n\t\t\t\n\t\t><div class=\"etil-block-container nc-widget-nc-encart-text-img-link-tpl-default\">\r\n\t\t\t<a href=\"https:\/\/www.sunshinehabitat.com\/fr\/phototheque\/chalets-fabre\/\" class=\"etil-block-link\" title=\"\">\r\n\t\t\t\t<div class=\"etil-img\"><img decoding=\"async\" src=\"https:\/\/www.sunshinehabitat.com\/wp-content\/uploads\/2024\/05\/Casane-29-2-sur-pilotis-2-e1715930341133.jpg\" alt=\"\" \/><\/div>\r\n\t\t<div class=\"etil-block-text\">\r\n\t\t\t<h2 style=\"text-align: center\"><span style=\"font-size: 32px\"><strong>Chalets\u00a0<\/strong><\/span><\/h2>\n<h3 style=\"text-align: center\">Fabre<span style=\"font-size: 32px\"><strong>\u00a0<\/strong><\/span><\/h3>\n\t\t<\/div>\r\n\t\t\t\t<\/a>\r\n\t        \r\n<\/div>\r\n<\/div><\/div><\/div><\/div><div id=\"pgc-13714-1-2\"  class=\"panel-grid-cell\" ><div id=\"panel-13714-1-2-0\" class=\"so-panel widget widget_encart-text-img-link panel-first-child panel-last-child\" data-index=\"3\" ><div class=\"panel-widget-style panel-widget-style-for-13714-1-2-0\" ><div\n\t\t\t\n\t\t\tclass=\"so-widget-encart-text-img-link so-widget-encart-text-img-link-base\"\n\t\t\t\n\t\t><div class=\"etil-block-container nc-widget-nc-encart-text-img-link-tpl-default\">\r\n\t\t\t<a href=\"https:\/\/www.sunshinehabitat.com\/fr\/phototheque\/lodges-ciat\/\" class=\"etil-block-link\" title=\"\">\r\n\t\t\t\t<div class=\"etil-img\"><img decoding=\"async\" src=\"https:\/\/www.sunshinehabitat.com\/wp-content\/uploads\/2024\/03\/Vue-panormaique-de-face-scaled.jpg\" alt=\"\" \/><\/div>\r\n\t\t<div class=\"etil-block-text\">\r\n\t\t\t<h2 style=\"text-align: center\"><span style=\"font-size: 32px\"><strong>Lodges<\/strong><\/span><\/h2>\n<h3 style=\"text-align: center\">CIAT<span style=\"font-size: 32px\"><strong>\u00a0<\/strong><\/span><\/h3>\n\t\t<\/div>\r\n\t\t\t\t<\/a>\r\n\t        \r\n<\/div>\r\n<\/div><\/div><\/div><\/div><\/div><\/div><\/div>","protected":false},"excerpt":{"rendered":"<p>Bienvenue sur la phototh\u00e8que Sunshine Habitat ! ENRICHISSEZ VOS SUPPORTS DE COMMUNICATION Sunshine Habitat offre \u00e0 ses clients professionnels la possibilit\u00e9 de t\u00e9l\u00e9charger gratuitement des photos de ses diff\u00e9rents<\/p>\n","protected":false},"author":3,"featured_media":0,"parent":0,"menu_order":198,"comment_status":"closed","ping_status":"closed","template":"","meta":{"inline_featured_image":false,"footnotes":""},"class_list":["post-13714","page","type-page","status-publish","hentry"],"yoast_head":"<!-- This site is optimized with the Yoast SEO plugin v27.3 - https:\/\/yoast.com\/product\/yoast-seo-wordpress\/ -->\n<title>Phototh\u00e8que - Sunshine Habitat<\/title>\n<meta name=\"robots\" content=\"index, follow, max-snippet:-1, max-image-preview:large, max-video-preview:-1\" \/>\n<link rel=\"canonical\" href=\"https:\/\/www.sunshine-habitat.com\/fr\/phototheque\/\" \/>\n<meta property=\"og:locale\" content=\"fr_FR\" \/>\n<meta property=\"og:type\" content=\"article\" \/>\n<meta property=\"og:title\" content=\"Phototh\u00e8que - Sunshine Habitat\" \/>\n<meta property=\"og:description\" content=\"Bienvenue sur la phototh\u00e8que Sunshine Habitat ! ENRICHISSEZ VOS SUPPORTS DE COMMUNICATION Sunshine Habitat offre \u00e0 ses clients professionnels la possibilit\u00e9 de t\u00e9l\u00e9charger gratuitement des photos de ses diff\u00e9rents\" \/>\n<meta property=\"og:url\" content=\"https:\/\/www.sunshine-habitat.com\/fr\/phototheque\/\" \/>\n<meta property=\"og:site_name\" content=\"Sunshine Habitat\" \/>\n<meta property=\"article:modified_time\" content=\"2024-05-17T07:19:42+00:00\" \/>\n<meta name=\"twitter:card\" content=\"summary_large_image\" \/>\n<script type=\"application\/ld+json\" class=\"yoast-schema-graph\">{\"@context\":\"https:\\\/\\\/schema.org\",\"@graph\":[{\"@type\":\"WebPage\",\"@id\":\"https:\\\/\\\/www.sunshine-habitat.com\\\/fr\\\/phototheque\\\/\",\"url\":\"https:\\\/\\\/www.sunshine-habitat.com\\\/fr\\\/phototheque\\\/\",\"name\":\"Phototh\u00e8que - Sunshine Habitat\",\"isPartOf\":{\"@id\":\"https:\\\/\\\/www.sunshine-habitat.com\\\/fr\\\/#website\"},\"datePublished\":\"2023-02-13T13:50:43+00:00\",\"dateModified\":\"2024-05-17T07:19:42+00:00\",\"breadcrumb\":{\"@id\":\"https:\\\/\\\/www.sunshine-habitat.com\\\/fr\\\/phototheque\\\/#breadcrumb\"},\"inLanguage\":\"fr-FR\",\"potentialAction\":[{\"@type\":\"ReadAction\",\"target\":[\"https:\\\/\\\/www.sunshine-habitat.com\\\/fr\\\/phototheque\\\/\"]}]},{\"@type\":\"BreadcrumbList\",\"@id\":\"https:\\\/\\\/www.sunshine-habitat.com\\\/fr\\\/phototheque\\\/#breadcrumb\",\"itemListElement\":[{\"@type\":\"ListItem\",\"position\":1,\"name\":\"Accueil\",\"item\":\"https:\\\/\\\/www.sunshine-habitat.com\\\/fr\\\/\"},{\"@type\":\"ListItem\",\"position\":2,\"name\":\"Phototh\u00e8que\"}]},{\"@type\":\"WebSite\",\"@id\":\"https:\\\/\\\/www.sunshine-habitat.com\\\/fr\\\/#website\",\"url\":\"https:\\\/\\\/www.sunshine-habitat.com\\\/fr\\\/\",\"name\":\"Sunshine Habitat\",\"description\":\"\",\"publisher\":{\"@id\":\"https:\\\/\\\/www.sunshine-habitat.com\\\/fr\\\/#organization\"},\"potentialAction\":[{\"@type\":\"SearchAction\",\"target\":{\"@type\":\"EntryPoint\",\"urlTemplate\":\"https:\\\/\\\/www.sunshine-habitat.com\\\/fr\\\/?s={search_term_string}\"},\"query-input\":{\"@type\":\"PropertyValueSpecification\",\"valueRequired\":true,\"valueName\":\"search_term_string\"}}],\"inLanguage\":\"fr-FR\"},{\"@type\":\"Organization\",\"@id\":\"https:\\\/\\\/www.sunshine-habitat.com\\\/fr\\\/#organization\",\"name\":\"Sunshine Habitat\",\"url\":\"https:\\\/\\\/www.sunshine-habitat.com\\\/fr\\\/\",\"logo\":{\"@type\":\"ImageObject\",\"inLanguage\":\"fr-FR\",\"@id\":\"https:\\\/\\\/www.sunshine-habitat.com\\\/fr\\\/#\\\/schema\\\/logo\\\/image\\\/\",\"url\":\"https:\\\/\\\/www.sunshine-habitat.com\\\/wp-content\\\/uploads\\\/2021\\\/05\\\/logo.png\",\"contentUrl\":\"https:\\\/\\\/www.sunshine-habitat.com\\\/wp-content\\\/uploads\\\/2021\\\/05\\\/logo.png\",\"width\":192,\"height\":250,\"caption\":\"Sunshine Habitat\"},\"image\":{\"@id\":\"https:\\\/\\\/www.sunshine-habitat.com\\\/fr\\\/#\\\/schema\\\/logo\\\/image\\\/\"}}]}<\/script>\n<!-- \/ Yoast SEO plugin. -->","yoast_head_json":{"title":"Phototh\u00e8que - Sunshine Habitat","robots":{"index":"index","follow":"follow","max-snippet":"max-snippet:-1","max-image-preview":"max-image-preview:large","max-video-preview":"max-video-preview:-1"},"canonical":"https:\/\/www.sunshine-habitat.com\/fr\/phototheque\/","og_locale":"fr_FR","og_type":"article","og_title":"Phototh\u00e8que - Sunshine Habitat","og_description":"Bienvenue sur la phototh\u00e8que Sunshine Habitat ! ENRICHISSEZ VOS SUPPORTS DE COMMUNICATION Sunshine Habitat offre \u00e0 ses clients professionnels la possibilit\u00e9 de t\u00e9l\u00e9charger gratuitement des photos de ses diff\u00e9rents","og_url":"https:\/\/www.sunshine-habitat.com\/fr\/phototheque\/","og_site_name":"Sunshine Habitat","article_modified_time":"2024-05-17T07:19:42+00:00","twitter_card":"summary_large_image","schema":{"@context":"https:\/\/schema.org","@graph":[{"@type":"WebPage","@id":"https:\/\/www.sunshine-habitat.com\/fr\/phototheque\/","url":"https:\/\/www.sunshine-habitat.com\/fr\/phototheque\/","name":"Phototh\u00e8que - Sunshine Habitat","isPartOf":{"@id":"https:\/\/www.sunshine-habitat.com\/fr\/#website"},"datePublished":"2023-02-13T13:50:43+00:00","dateModified":"2024-05-17T07:19:42+00:00","breadcrumb":{"@id":"https:\/\/www.sunshine-habitat.com\/fr\/phototheque\/#breadcrumb"},"inLanguage":"fr-FR","potentialAction":[{"@type":"ReadAction","target":["https:\/\/www.sunshine-habitat.com\/fr\/phototheque\/"]}]},{"@type":"BreadcrumbList","@id":"https:\/\/www.sunshine-habitat.com\/fr\/phototheque\/#breadcrumb","itemListElement":[{"@type":"ListItem","position":1,"name":"Accueil","item":"https:\/\/www.sunshine-habitat.com\/fr\/"},{"@type":"ListItem","position":2,"name":"Phototh\u00e8que"}]},{"@type":"WebSite","@id":"https:\/\/www.sunshine-habitat.com\/fr\/#website","url":"https:\/\/www.sunshine-habitat.com\/fr\/","name":"Sunshine Habitat","description":"","publisher":{"@id":"https:\/\/www.sunshine-habitat.com\/fr\/#organization"},"potentialAction":[{"@type":"SearchAction","target":{"@type":"EntryPoint","urlTemplate":"https:\/\/www.sunshine-habitat.com\/fr\/?s={search_term_string}"},"query-input":{"@type":"PropertyValueSpecification","valueRequired":true,"valueName":"search_term_string"}}],"inLanguage":"fr-FR"},{"@type":"Organization","@id":"https:\/\/www.sunshine-habitat.com\/fr\/#organization","name":"Sunshine Habitat","url":"https:\/\/www.sunshine-habitat.com\/fr\/","logo":{"@type":"ImageObject","inLanguage":"fr-FR","@id":"https:\/\/www.sunshine-habitat.com\/fr\/#\/schema\/logo\/image\/","url":"https:\/\/www.sunshine-habitat.com\/wp-content\/uploads\/2021\/05\/logo.png","contentUrl":"https:\/\/www.sunshine-habitat.com\/wp-content\/uploads\/2021\/05\/logo.png","width":192,"height":250,"caption":"Sunshine Habitat"},"image":{"@id":"https:\/\/www.sunshine-habitat.com\/fr\/#\/schema\/logo\/image\/"}}]}},"_links":{"self":[{"href":"https:\/\/www.sunshinehabitat.com\/fr\/wp-json\/wp\/v2\/pages\/13714","targetHints":{"allow":["GET"]}}],"collection":[{"href":"https:\/\/www.sunshinehabitat.com\/fr\/wp-json\/wp\/v2\/pages"}],"about":[{"href":"https:\/\/www.sunshinehabitat.com\/fr\/wp-json\/wp\/v2\/types\/page"}],"author":[{"embeddable":true,"href":"https:\/\/www.sunshinehabitat.com\/fr\/wp-json\/wp\/v2\/users\/3"}],"replies":[{"embeddable":true,"href":"https:\/\/www.sunshinehabitat.com\/fr\/wp-json\/wp\/v2\/comments?post=13714"}],"version-history":[{"count":5,"href":"https:\/\/www.sunshinehabitat.com\/fr\/wp-json\/wp\/v2\/pages\/13714\/revisions"}],"predecessor-version":[{"id":19908,"href":"https:\/\/www.sunshinehabitat.com\/fr\/wp-json\/wp\/v2\/pages\/13714\/revisions\/19908"}],"wp:attachment":[{"href":"https:\/\/www.sunshinehabitat.com\/fr\/wp-json\/wp\/v2\/media?parent=13714"}],"curies":[{"name":"wp","href":"https:\/\/api.w.org\/{rel}","templated":true}]}}