{"id":13765,"date":"2023-02-13T15:54:14","date_gmt":"2023-02-13T14:54:14","guid":{"rendered":"https:\/\/www.sunshine-habitat.com\/?page_id=13765"},"modified":"2023-02-15T16:39:52","modified_gmt":"2023-02-15T15:39:52","slug":"gamme-all-kompact","status":"publish","type":"page","link":"https:\/\/www.sunshinehabitat.com\/fr\/phototheque\/mobil-homes-louisiane\/gamme-all-kompact\/","title":{"rendered":"ALL KOMPACT &#8211; Phototh\u00e8que"},"content":{"rendered":"<div id=\"pl-13765\"  class=\"panel-layout\" ><div id=\"pg-13765-0\"  class=\"panel-grid panel-no-style\" ><div id=\"pgc-13765-0-0\"  class=\"panel-grid-cell\" ><div id=\"panel-13765-0-0-0\" class=\"so-panel widget widget_sow-editor panel-first-child panel-last-child\" data-index=\"0\" ><div\n\t\t\t\n\t\t\tclass=\"so-widget-sow-editor so-widget-sow-editor-base\"\n\t\t\t\n\t\t>\n<div class=\"siteorigin-widget-tinymce textwidget\">\n\t<p style=\"text-align: center;\"><span style=\"font-size: 32px;\">Bienvenue sur la phototh\u00e8que de la Gamme ALL KOMPACT<\/span><\/p>\n<p style=\"text-align: center;\"><div class=\"gmedia_gallery amron_module is_bot\" id=\"GmediaGallery_70\" data-gmid=\"70\" data-module=\"amron\"><script type=\"text\/javascript\">\n\t(function() {\n\t\tthis['GmediaGallery_70'] = {\n\t\t\t'settings':{\"collectionThumbRecomendedWidth\":\"260\",\"collectionPreloaderColor\":\"333333\",\"linkTargetWindow\":\"_blank\",\"thumbSpacing\":\"10\",\"tagsFilter\":\"1\",\"tagCloudAll\":\"All\",\"tagCloudTextColor\":\"rgba(0, 0, 0, 1)\",\"tagCloudTextColorOver\":\"rgba(255,255, 255, 1)\",\"tagCloudBgColor\":\"rgba(211, 211, 211, 1)\",\"tagCloudBgColorOver\":\"rgba(11, 11, 11, 1)\",\"collectionThumbHoverColor\":\"rgba(0, 0, 0, .7)\",\"collectionThumbContentBGColor\":\"rgba(245,245,245,1)\",\"collectionThumbTitleShow\":\"1\",\"collectionThumbTitleColor\":\"rgba(0,0,0,1)\",\"collectionThumbFontSize\":\"18\",\"collectionThumbDescriptionShow\":\"1\",\"collectionThumbDescriptionColor\":\"rgba(0,0,0,1)\",\"collectionThumbDescriptionFontSize\":\"15\",\"collectionReadMoreButtonLabel\":\"Read More\",\"collectionReadMoreButtonLabelColor\":\"rgba(255, 255, 255, 1)\",\"collectionReadMoreButtonBGColor\":\"rgba(0, 0, 0, 1)\",\"collectionReadMoreButtonLabelColorHover\":\"rgba(0, 0, 0, 1)\",\"collectionReadMoreButtonBGColorHover\":\"rgba(235,235,235,1)\",\"modaBgColor\":\"rgba(0,0,0,0.9)\",\"modalInfoBoxBgColor\":\"rgba(255,255,255,1)\",\"modalInfoBoxTitleTextColor\":\"000000\",\"modalInfoBoxTextColor\":\"333333\",\"infoBarCountersEnable\":\"1\",\"infoBarDateInfoEnable\":\"1\",\"lightBoxEnable\":\"1\",\"sliderPreloaderColor\":\"ffffff\",\"sliderBgColor\":\"rgba(0,0,0,0.8)\",\"sliderHeaderFooterBgColor\":\"000000\",\"sliderNavigationColor\":\"rgba(0,0,0,1)\",\"sliderNavigationIconColor\":\"rgba(255,255,255,1)\",\"sliderNavigationColorOver\":\"rgba(255,255,255,1)\",\"sliderNavigationIconColorOver\":\"rgba(0,0,0,1)\",\"sliderItemTitleFontSize\":\"24\",\"sliderItemTitleTextColor\":\"ffffff\",\"sliderThumbBarEnable\":\"0\",\"sliderThumbBarHoverColor\":\"ffffff\",\"sliderThumbSubMenuBackgroundColor\":\"rgba(0,0,0,1)\",\"sliderThumbSubMenuBackgroundColorOver\":\"rgba(255,255,255,1)\",\"sliderThumbSubMenuIconColor\":\"rgba(255,255,255,1)\",\"sliderThumbSubMenuIconHoverColor\":\"rgba(0,0,0,1)\",\"sliderInfoEnable\":\"1\",\"sliderItemDownload\":\"1\",\"sliderItemDiscuss\":\"1\",\"sliderSocialShareEnabled\":\"1\",\"sliderLikesEnabled\":\"1\",\"customCSS\":\"\",\"module_url\":\"https:\\\/\\\/www.sunshinehabitat.com\\\/wp-content\\\/plugins\\\/grand-media\\\/module\\\/amron\",\"license\":\"4067:1sl-6b31-4abd-529d\",\"post_url\":\"https:\\\/\\\/www.sunshinehabitat.com\\\/fr\\\/wp-json\\\/wp\\\/v2\\\/pages\\\/13765\\\/\"},\n\t\t\t'appQuery':{\"orderby\":\"ID\",\"order\":\"DESC\",\"album__in\":\"70\",\"status\":[\"publish\"]},\n\t\t\t'appApi':\"https:\\\/\\\/www.sunshinehabitat.com\\\/fr\\\/?gmedia-app=1&gmappversion=4&gmmodule=1\",\n\t\t\t'appInfo':{\"name\":\"Gamme ALL KOMPACT\",\"description\":\"<strong>All Kompact<\\\/strong> by Sunshine mobil-homes\\u00ae, une gamme moderne avec son look ext\\u00e9rieur, son design int\\u00e9rieur\\r\\nr\\u00e9solument dans les tendances actuelles et des mod\\u00e8les abordables.\\r\\nCette gamme a de nombreux atouts qui ne laisseront pas votre client\\u00e8le insensible :\\r\\n\\u2022 Ergonomie et efficacit\\u00e9 des implantations.\\r\\n\\u2022 Belle sensation d\\u2019espace avec des plafonds \\u00e0 2,30 m.\\r\\n\\u2022 Libert\\u00e9 de personnalisation des ext\\u00e9rieurs pour se fondre dans le paysage.\\r\\n\\u2022 \\u00c9quipements adapt\\u00e9s \\u00e0 tous les besoins des vacanciers.\\r\\nOuvert sur l\\u2019ext\\u00e9rieur ou salon central, en 2 chambres ou 3 chambres, d\\u00e9couvrez une gamme\\r\\nadapt\\u00e9e \\u00e0 chacun de vos projets.\"}};\n\t})();\n<\/script>\n<\/div><\/p>\n<p><a class=\"btn\" href=\"https:\/\/www.sunshine-habitat.com\/phototheque\/sunshine-mobil-homes\/\">&lt; RETOUR vers la phototh\u00e8que sunshine mobil-homes<\/a><\/p>\n<\/div>\n<\/div><\/div><\/div><\/div><\/div>","protected":false},"excerpt":{"rendered":"<p>Bienvenue sur la phototh\u00e8que de la Gamme ALL KOMPACT &lt; RETOUR vers la phototh\u00e8que sunshine mobil-homes<\/p>\n","protected":false},"author":3,"featured_media":0,"parent":13801,"menu_order":128,"comment_status":"closed","ping_status":"closed","template":"","meta":{"inline_featured_image":false,"footnotes":""},"class_list":["post-13765","page","type-page","status-publish","hentry"],"yoast_head":"<!-- This site is optimized with the Yoast SEO plugin v27.3 - https:\/\/yoast.com\/product\/yoast-seo-wordpress\/ -->\n<title>ALL KOMPACT - Phototh\u00e8que - Sunshine Habitat<\/title>\n<meta name=\"robots\" content=\"index, follow, max-snippet:-1, max-image-preview:large, max-video-preview:-1\" \/>\n<link rel=\"canonical\" href=\"https:\/\/www.sunshine-habitat.com\/fr\/phototheque\/mobil-homes-louisiane\/gamme-all-kompact\/\" \/>\n<meta property=\"og:locale\" content=\"fr_FR\" \/>\n<meta property=\"og:type\" content=\"article\" \/>\n<meta property=\"og:title\" content=\"ALL KOMPACT - Phototh\u00e8que - Sunshine Habitat\" \/>\n<meta property=\"og:description\" content=\"Bienvenue sur la phototh\u00e8que de la Gamme ALL KOMPACT &lt; RETOUR vers la phototh\u00e8que sunshine mobil-homes\" \/>\n<meta property=\"og:url\" content=\"https:\/\/www.sunshine-habitat.com\/fr\/phototheque\/mobil-homes-louisiane\/gamme-all-kompact\/\" \/>\n<meta property=\"og:site_name\" content=\"Sunshine Habitat\" \/>\n<meta property=\"article:modified_time\" content=\"2023-02-15T15:39:52+00:00\" \/>\n<meta name=\"twitter:card\" content=\"summary_large_image\" \/>\n<script type=\"application\/ld+json\" class=\"yoast-schema-graph\">{\"@context\":\"https:\\\/\\\/schema.org\",\"@graph\":[{\"@type\":\"WebPage\",\"@id\":\"https:\\\/\\\/www.sunshine-habitat.com\\\/fr\\\/phototheque\\\/mobil-homes-louisiane\\\/gamme-all-kompact\\\/\",\"url\":\"https:\\\/\\\/www.sunshine-habitat.com\\\/fr\\\/phototheque\\\/mobil-homes-louisiane\\\/gamme-all-kompact\\\/\",\"name\":\"ALL KOMPACT - Phototh\u00e8que - Sunshine Habitat\",\"isPartOf\":{\"@id\":\"https:\\\/\\\/www.sunshine-habitat.com\\\/fr\\\/#website\"},\"datePublished\":\"2023-02-13T14:54:14+00:00\",\"dateModified\":\"2023-02-15T15:39:52+00:00\",\"breadcrumb\":{\"@id\":\"https:\\\/\\\/www.sunshine-habitat.com\\\/fr\\\/phototheque\\\/mobil-homes-louisiane\\\/gamme-all-kompact\\\/#breadcrumb\"},\"inLanguage\":\"fr-FR\",\"potentialAction\":[{\"@type\":\"ReadAction\",\"target\":[\"https:\\\/\\\/www.sunshine-habitat.com\\\/fr\\\/phototheque\\\/mobil-homes-louisiane\\\/gamme-all-kompact\\\/\"]}]},{\"@type\":\"BreadcrumbList\",\"@id\":\"https:\\\/\\\/www.sunshine-habitat.com\\\/fr\\\/phototheque\\\/mobil-homes-louisiane\\\/gamme-all-kompact\\\/#breadcrumb\",\"itemListElement\":[{\"@type\":\"ListItem\",\"position\":1,\"name\":\"Accueil\",\"item\":\"https:\\\/\\\/www.sunshine-habitat.com\\\/fr\\\/\"},{\"@type\":\"ListItem\",\"position\":2,\"name\":\"Phototh\u00e8que\",\"item\":\"https:\\\/\\\/www.sunshine-habitat.com\\\/fr\\\/phototheque\\\/\"},{\"@type\":\"ListItem\",\"position\":3,\"name\":\"Mobil-Homes Louisiane &#8211; Phototh\u00e8que\",\"item\":\"https:\\\/\\\/www.sunshine-habitat.com\\\/fr\\\/phototheque\\\/mobil-homes-louisiane\\\/\"},{\"@type\":\"ListItem\",\"position\":4,\"name\":\"ALL KOMPACT &#8211; Phototh\u00e8que\"}]},{\"@type\":\"WebSite\",\"@id\":\"https:\\\/\\\/www.sunshine-habitat.com\\\/fr\\\/#website\",\"url\":\"https:\\\/\\\/www.sunshine-habitat.com\\\/fr\\\/\",\"name\":\"Sunshine Habitat\",\"description\":\"\",\"publisher\":{\"@id\":\"https:\\\/\\\/www.sunshine-habitat.com\\\/fr\\\/#organization\"},\"potentialAction\":[{\"@type\":\"SearchAction\",\"target\":{\"@type\":\"EntryPoint\",\"urlTemplate\":\"https:\\\/\\\/www.sunshine-habitat.com\\\/fr\\\/?s={search_term_string}\"},\"query-input\":{\"@type\":\"PropertyValueSpecification\",\"valueRequired\":true,\"valueName\":\"search_term_string\"}}],\"inLanguage\":\"fr-FR\"},{\"@type\":\"Organization\",\"@id\":\"https:\\\/\\\/www.sunshine-habitat.com\\\/fr\\\/#organization\",\"name\":\"Sunshine Habitat\",\"url\":\"https:\\\/\\\/www.sunshine-habitat.com\\\/fr\\\/\",\"logo\":{\"@type\":\"ImageObject\",\"inLanguage\":\"fr-FR\",\"@id\":\"https:\\\/\\\/www.sunshine-habitat.com\\\/fr\\\/#\\\/schema\\\/logo\\\/image\\\/\",\"url\":\"https:\\\/\\\/www.sunshine-habitat.com\\\/wp-content\\\/uploads\\\/2021\\\/05\\\/logo.png\",\"contentUrl\":\"https:\\\/\\\/www.sunshine-habitat.com\\\/wp-content\\\/uploads\\\/2021\\\/05\\\/logo.png\",\"width\":192,\"height\":250,\"caption\":\"Sunshine Habitat\"},\"image\":{\"@id\":\"https:\\\/\\\/www.sunshine-habitat.com\\\/fr\\\/#\\\/schema\\\/logo\\\/image\\\/\"}}]}<\/script>\n<!-- \/ Yoast SEO plugin. -->","yoast_head_json":{"title":"ALL KOMPACT - Phototh\u00e8que - Sunshine Habitat","robots":{"index":"index","follow":"follow","max-snippet":"max-snippet:-1","max-image-preview":"max-image-preview:large","max-video-preview":"max-video-preview:-1"},"canonical":"https:\/\/www.sunshine-habitat.com\/fr\/phototheque\/mobil-homes-louisiane\/gamme-all-kompact\/","og_locale":"fr_FR","og_type":"article","og_title":"ALL KOMPACT - Phototh\u00e8que - Sunshine Habitat","og_description":"Bienvenue sur la phototh\u00e8que de la Gamme ALL KOMPACT &lt; RETOUR vers la phototh\u00e8que sunshine mobil-homes","og_url":"https:\/\/www.sunshine-habitat.com\/fr\/phototheque\/mobil-homes-louisiane\/gamme-all-kompact\/","og_site_name":"Sunshine Habitat","article_modified_time":"2023-02-15T15:39:52+00:00","twitter_card":"summary_large_image","schema":{"@context":"https:\/\/schema.org","@graph":[{"@type":"WebPage","@id":"https:\/\/www.sunshine-habitat.com\/fr\/phototheque\/mobil-homes-louisiane\/gamme-all-kompact\/","url":"https:\/\/www.sunshine-habitat.com\/fr\/phototheque\/mobil-homes-louisiane\/gamme-all-kompact\/","name":"ALL KOMPACT - Phototh\u00e8que - Sunshine Habitat","isPartOf":{"@id":"https:\/\/www.sunshine-habitat.com\/fr\/#website"},"datePublished":"2023-02-13T14:54:14+00:00","dateModified":"2023-02-15T15:39:52+00:00","breadcrumb":{"@id":"https:\/\/www.sunshine-habitat.com\/fr\/phototheque\/mobil-homes-louisiane\/gamme-all-kompact\/#breadcrumb"},"inLanguage":"fr-FR","potentialAction":[{"@type":"ReadAction","target":["https:\/\/www.sunshine-habitat.com\/fr\/phototheque\/mobil-homes-louisiane\/gamme-all-kompact\/"]}]},{"@type":"BreadcrumbList","@id":"https:\/\/www.sunshine-habitat.com\/fr\/phototheque\/mobil-homes-louisiane\/gamme-all-kompact\/#breadcrumb","itemListElement":[{"@type":"ListItem","position":1,"name":"Accueil","item":"https:\/\/www.sunshine-habitat.com\/fr\/"},{"@type":"ListItem","position":2,"name":"Phototh\u00e8que","item":"https:\/\/www.sunshine-habitat.com\/fr\/phototheque\/"},{"@type":"ListItem","position":3,"name":"Mobil-Homes Louisiane &#8211; Phototh\u00e8que","item":"https:\/\/www.sunshine-habitat.com\/fr\/phototheque\/mobil-homes-louisiane\/"},{"@type":"ListItem","position":4,"name":"ALL KOMPACT &#8211; Phototh\u00e8que"}]},{"@type":"WebSite","@id":"https:\/\/www.sunshine-habitat.com\/fr\/#website","url":"https:\/\/www.sunshine-habitat.com\/fr\/","name":"Sunshine Habitat","description":"","publisher":{"@id":"https:\/\/www.sunshine-habitat.com\/fr\/#organization"},"potentialAction":[{"@type":"SearchAction","target":{"@type":"EntryPoint","urlTemplate":"https:\/\/www.sunshine-habitat.com\/fr\/?s={search_term_string}"},"query-input":{"@type":"PropertyValueSpecification","valueRequired":true,"valueName":"search_term_string"}}],"inLanguage":"fr-FR"},{"@type":"Organization","@id":"https:\/\/www.sunshine-habitat.com\/fr\/#organization","name":"Sunshine Habitat","url":"https:\/\/www.sunshine-habitat.com\/fr\/","logo":{"@type":"ImageObject","inLanguage":"fr-FR","@id":"https:\/\/www.sunshine-habitat.com\/fr\/#\/schema\/logo\/image\/","url":"https:\/\/www.sunshine-habitat.com\/wp-content\/uploads\/2021\/05\/logo.png","contentUrl":"https:\/\/www.sunshine-habitat.com\/wp-content\/uploads\/2021\/05\/logo.png","width":192,"height":250,"caption":"Sunshine Habitat"},"image":{"@id":"https:\/\/www.sunshine-habitat.com\/fr\/#\/schema\/logo\/image\/"}}]}},"_links":{"self":[{"href":"https:\/\/www.sunshinehabitat.com\/fr\/wp-json\/wp\/v2\/pages\/13765","targetHints":{"allow":["GET"]}}],"collection":[{"href":"https:\/\/www.sunshinehabitat.com\/fr\/wp-json\/wp\/v2\/pages"}],"about":[{"href":"https:\/\/www.sunshinehabitat.com\/fr\/wp-json\/wp\/v2\/types\/page"}],"author":[{"embeddable":true,"href":"https:\/\/www.sunshinehabitat.com\/fr\/wp-json\/wp\/v2\/users\/3"}],"replies":[{"embeddable":true,"href":"https:\/\/www.sunshinehabitat.com\/fr\/wp-json\/wp\/v2\/comments?post=13765"}],"version-history":[{"count":5,"href":"https:\/\/www.sunshinehabitat.com\/fr\/wp-json\/wp\/v2\/pages\/13765\/revisions"}],"predecessor-version":[{"id":14305,"href":"https:\/\/www.sunshinehabitat.com\/fr\/wp-json\/wp\/v2\/pages\/13765\/revisions\/14305"}],"up":[{"embeddable":true,"href":"https:\/\/www.sunshinehabitat.com\/fr\/wp-json\/wp\/v2\/pages\/13801"}],"wp:attachment":[{"href":"https:\/\/www.sunshinehabitat.com\/fr\/wp-json\/wp\/v2\/media?parent=13765"}],"curies":[{"name":"wp","href":"https:\/\/api.w.org\/{rel}","templated":true}]}}