{"id":14886,"date":"2023-02-23T11:44:52","date_gmt":"2023-02-23T10:44:52","guid":{"rendered":"https:\/\/www.sunshine-habitat.com\/?page_id=14886"},"modified":"2024-05-21T14:38:33","modified_gmt":"2024-05-21T12:38:33","slug":"politique-environnementale-sunshine-chalets","status":"publish","type":"page","link":"https:\/\/www.sunshinehabitat.com\/fr\/chalets-fabre\/politique-environnementale-sunshine-chalets\/","title":{"rendered":"Politique environnementale &#8211; Chalets Fabre"},"content":{"rendered":"<div id=\"pl-14886\"  class=\"panel-layout\" ><div id=\"pg-14886-0\"  class=\"panel-grid panel-no-style\" ><div id=\"pgc-14886-0-0\"  class=\"panel-grid-cell\" ><div id=\"panel-14886-0-0-0\" class=\"so-panel widget widget_sow-editor panel-first-child\" data-index=\"0\" ><div\n\t\t\t\n\t\t\tclass=\"so-widget-sow-editor so-widget-sow-editor-base\"\n\t\t\t\n\t\t>\n<div class=\"siteorigin-widget-tinymce textwidget\">\n\t<h2 class=\"alternative\">Vision RSE<\/h2>\n<p style=\"text-align: justify;\">La volont\u00e9 affich\u00e9e du <strong>Groupe FINADORM<\/strong> d'affirmer son Leadership dans la Responsabilit\u00e9 Soci\u00e9tale de l'Entreprise (RSE), nous conduit \u00e0 <b>placer l'environnement au c\u0153ur de nos priorit\u00e9<\/b><strong>s <\/strong>et de notre strat\u00e9gie.<\/p>\n<\/div>\n<\/div><\/div><div id=\"panel-14886-0-0-1\" class=\"so-panel widget widget_sow-image\" data-index=\"1\" ><div\n\t\t\t\n\t\t\tclass=\"so-widget-sow-image so-widget-sow-image-default-c67d20f9f743-14886\"\n\t\t\t\n\t\t>\n<div class=\"sow-image-container\">\n\t\t<img fetchpriority=\"high\" \n\tsrc=\"https:\/\/www.sunshinehabitat.com\/wp-content\/uploads\/2023\/02\/IMJ_7354-scaled-550x367.jpg\" width=\"550\" height=\"367\" srcset=\"https:\/\/www.sunshinehabitat.com\/wp-content\/uploads\/2023\/02\/IMJ_7354-scaled-550x367.jpg 550w, https:\/\/www.sunshinehabitat.com\/wp-content\/uploads\/2023\/02\/IMJ_7354-scaled-300x200.jpg 300w, https:\/\/www.sunshinehabitat.com\/wp-content\/uploads\/2023\/02\/IMJ_7354-scaled-1024x683.jpg 1024w\" sizes=\"(max-width: 550px) 100vw, 550px\" title=\"IMJ_7354\" alt=\"strat\u00e9gie RSE Sunshine Chalets\" \t\tclass=\"so-widget-image\"\/>\n\t<\/div>\n\n<\/div><\/div><div id=\"panel-14886-0-0-2\" class=\"so-panel widget widget_sow-editor panel-last-child\" data-index=\"2\" ><div\n\t\t\t\n\t\t\tclass=\"so-widget-sow-editor so-widget-sow-editor-base\"\n\t\t\t\n\t\t>\n<div class=\"siteorigin-widget-tinymce textwidget\">\n\t<blockquote>\n<p style=\"text-align: justify;\">\" La premi\u00e8re \u00e9tape de cette d\u00e9marche se concr\u00e9tise par la mise en place de la certification ISO 14001 pour l'ensemble des entreprises du groupe FINADORM. Ceci nous permettra de nous donner les outils n\u00e9cessaires pour s'organiser de mani\u00e8re \u00e0 r\u00e9duire et ma\u00eetriser nos impacts sur l'environnement. Nous sommes d\u00e9sormais engag\u00e9s dans <strong>une d\u00e9marche d'am\u00e9lioration continue de notre performance environnementale.<\/strong><\/p>\n<p style=\"text-align: justify;\">Pour <strong>Chalets Fabre, <\/strong>je suis convaincu que cette certification nous apportera des outils utiles et adapt\u00e9s pour r\u00e9pondre au mieux <strong>aux nouvelles exigences environnementales et \u00e9nerg\u00e9tiques, <\/strong>qui constituent des <strong>enjeux majeurs<\/strong> pour l'avenir des Habitations L\u00e9g\u00e8res de Loisirs. Pour cela, je demande une forte implication des collaborateurs \u00e0 tous les niveaux afin d'arriver ensemble \u00e0 <strong>atteindre les objectifs fix\u00e9s.<\/strong><\/p>\n<p style=\"text-align: justify;\">Ma volont\u00e9 est de respecter la r\u00e8glementation et les attentes de nos parties int\u00e9ress\u00e9es, de participer \u00e0 la protection de l'environnement et \u00e0 la pr\u00e9vention des pollutions, puis de diminuer nos impacts sur l'environnement. Ceci se traduit \u00e0 travers les objectifs suivants :<\/p>\n<ul>\n<li>\u00a0 \u00a0Am\u00e9liorer la <strong>gestion des d\u00e9chets <\/strong>et nos <strong>consommations \u00e9nerg\u00e9tiques <\/strong>sur notre site de production ;<\/li>\n<li>\u00a0 \u00a0Diminuer le <strong>gaspillage <\/strong>et la <strong>pollution visuelle <\/strong>par la gestion des d\u00e9chets sur nos chantiers ;<\/li>\n<li style=\"text-align: left;\">\u00a0 \u00a0Am\u00e9liorer la <strong>performance \u00e9nerg\u00e9tique <\/strong>de nos Habitations L\u00e9g\u00e8res de Loisirs.<\/li>\n<\/ul>\n<p style=\"text-align: justify;\">Pour atteindre ces objectifs, avec l'aide du service QHSE, je m'engage \u00e0:<\/p>\n<ul>\n<li style=\"text-align: justify;\"><strong style=\"font-size: 1em;\">\u00a0 \u00a0Former l'ensemble des collaborateurs <\/strong>sur <span style=\"font-size: 1em;\">les probl\u00e8mes environnementaux et leurs effets ;<\/span><\/li>\n<li style=\"text-align: justify;\"><strong>\u00a0 \u00a0Am\u00e9liorer en continu <\/strong>notre performance environnementale <strong>en suivant et en communiquant les objectifs fix\u00e9s. <\/strong>\"<\/li>\n<\/ul>\n<\/blockquote>\n<p style=\"text-align: right;\">S\u00e9bastien RENAUD<\/p>\n<p style=\"text-align: right;\">Directeur G\u00e9n\u00e9ral<\/p>\n<\/div>\n<\/div><\/div><\/div><\/div><\/div>","protected":false},"excerpt":{"rendered":"<p>Vision RSE La volont\u00e9 affich\u00e9e du Groupe FINADORM d&rsquo;affirmer son Leadership dans la Responsabilit\u00e9 Soci\u00e9tale de l&rsquo;Entreprise (RSE), nous conduit \u00e0 placer l&rsquo;environnement au c\u0153ur de nos priorit\u00e9s et<\/p>\n","protected":false},"author":3,"featured_media":0,"parent":2632,"menu_order":90,"comment_status":"closed","ping_status":"closed","template":"","meta":{"inline_featured_image":false,"footnotes":""},"class_list":["post-14886","page","type-page","status-publish","hentry"],"yoast_head":"<!-- This site is optimized with the Yoast SEO plugin v27.3 - https:\/\/yoast.com\/product\/yoast-seo-wordpress\/ -->\n<title>Politique environnementale - Chalets Fabre - Sunshine Habitat<\/title>\n<meta name=\"robots\" content=\"index, follow, max-snippet:-1, max-image-preview:large, max-video-preview:-1\" \/>\n<link rel=\"canonical\" href=\"https:\/\/www.sunshine-habitat.com\/fr\/chalets-fabre\/politique-environnementale-sunshine-chalets\/\" \/>\n<meta property=\"og:locale\" content=\"fr_FR\" \/>\n<meta property=\"og:type\" content=\"article\" \/>\n<meta property=\"og:title\" content=\"Politique environnementale - Chalets Fabre - Sunshine Habitat\" \/>\n<meta property=\"og:description\" content=\"Vision RSE La volont\u00e9 affich\u00e9e du Groupe FINADORM d&#039;affirmer son Leadership dans la Responsabilit\u00e9 Soci\u00e9tale de l&#039;Entreprise (RSE), nous conduit \u00e0 placer l&#039;environnement au c\u0153ur de nos priorit\u00e9s et\" \/>\n<meta property=\"og:url\" content=\"https:\/\/www.sunshine-habitat.com\/fr\/chalets-fabre\/politique-environnementale-sunshine-chalets\/\" \/>\n<meta property=\"og:site_name\" content=\"Sunshine Habitat\" \/>\n<meta property=\"article:modified_time\" content=\"2024-05-21T12:38:33+00:00\" \/>\n<meta name=\"twitter:card\" content=\"summary_large_image\" \/>\n<script type=\"application\/ld+json\" class=\"yoast-schema-graph\">{\"@context\":\"https:\\\/\\\/schema.org\",\"@graph\":[{\"@type\":\"WebPage\",\"@id\":\"https:\\\/\\\/www.sunshine-habitat.com\\\/fr\\\/chalets-fabre\\\/politique-environnementale-sunshine-chalets\\\/\",\"url\":\"https:\\\/\\\/www.sunshine-habitat.com\\\/fr\\\/chalets-fabre\\\/politique-environnementale-sunshine-chalets\\\/\",\"name\":\"Politique environnementale - Chalets Fabre - Sunshine Habitat\",\"isPartOf\":{\"@id\":\"https:\\\/\\\/www.sunshine-habitat.com\\\/fr\\\/#website\"},\"datePublished\":\"2023-02-23T10:44:52+00:00\",\"dateModified\":\"2024-05-21T12:38:33+00:00\",\"breadcrumb\":{\"@id\":\"https:\\\/\\\/www.sunshine-habitat.com\\\/fr\\\/chalets-fabre\\\/politique-environnementale-sunshine-chalets\\\/#breadcrumb\"},\"inLanguage\":\"fr-FR\",\"potentialAction\":[{\"@type\":\"ReadAction\",\"target\":[\"https:\\\/\\\/www.sunshine-habitat.com\\\/fr\\\/chalets-fabre\\\/politique-environnementale-sunshine-chalets\\\/\"]}]},{\"@type\":\"BreadcrumbList\",\"@id\":\"https:\\\/\\\/www.sunshine-habitat.com\\\/fr\\\/chalets-fabre\\\/politique-environnementale-sunshine-chalets\\\/#breadcrumb\",\"itemListElement\":[{\"@type\":\"ListItem\",\"position\":1,\"name\":\"Accueil\",\"item\":\"https:\\\/\\\/www.sunshine-habitat.com\\\/fr\\\/\"},{\"@type\":\"ListItem\",\"position\":2,\"name\":\"Chalets Fabre\",\"item\":\"https:\\\/\\\/www.sunshine-habitat.com\\\/fr\\\/chalets-fabre\\\/\"},{\"@type\":\"ListItem\",\"position\":3,\"name\":\"Politique environnementale &#8211; Chalets Fabre\"}]},{\"@type\":\"WebSite\",\"@id\":\"https:\\\/\\\/www.sunshine-habitat.com\\\/fr\\\/#website\",\"url\":\"https:\\\/\\\/www.sunshine-habitat.com\\\/fr\\\/\",\"name\":\"Sunshine Habitat\",\"description\":\"\",\"publisher\":{\"@id\":\"https:\\\/\\\/www.sunshine-habitat.com\\\/fr\\\/#organization\"},\"potentialAction\":[{\"@type\":\"SearchAction\",\"target\":{\"@type\":\"EntryPoint\",\"urlTemplate\":\"https:\\\/\\\/www.sunshine-habitat.com\\\/fr\\\/?s={search_term_string}\"},\"query-input\":{\"@type\":\"PropertyValueSpecification\",\"valueRequired\":true,\"valueName\":\"search_term_string\"}}],\"inLanguage\":\"fr-FR\"},{\"@type\":\"Organization\",\"@id\":\"https:\\\/\\\/www.sunshine-habitat.com\\\/fr\\\/#organization\",\"name\":\"Sunshine Habitat\",\"url\":\"https:\\\/\\\/www.sunshine-habitat.com\\\/fr\\\/\",\"logo\":{\"@type\":\"ImageObject\",\"inLanguage\":\"fr-FR\",\"@id\":\"https:\\\/\\\/www.sunshine-habitat.com\\\/fr\\\/#\\\/schema\\\/logo\\\/image\\\/\",\"url\":\"https:\\\/\\\/www.sunshine-habitat.com\\\/wp-content\\\/uploads\\\/2021\\\/05\\\/logo.png\",\"contentUrl\":\"https:\\\/\\\/www.sunshine-habitat.com\\\/wp-content\\\/uploads\\\/2021\\\/05\\\/logo.png\",\"width\":192,\"height\":250,\"caption\":\"Sunshine Habitat\"},\"image\":{\"@id\":\"https:\\\/\\\/www.sunshine-habitat.com\\\/fr\\\/#\\\/schema\\\/logo\\\/image\\\/\"}}]}<\/script>\n<!-- \/ Yoast SEO plugin. -->","yoast_head_json":{"title":"Politique environnementale - Chalets Fabre - Sunshine Habitat","robots":{"index":"index","follow":"follow","max-snippet":"max-snippet:-1","max-image-preview":"max-image-preview:large","max-video-preview":"max-video-preview:-1"},"canonical":"https:\/\/www.sunshine-habitat.com\/fr\/chalets-fabre\/politique-environnementale-sunshine-chalets\/","og_locale":"fr_FR","og_type":"article","og_title":"Politique environnementale - Chalets Fabre - Sunshine Habitat","og_description":"Vision RSE La volont\u00e9 affich\u00e9e du Groupe FINADORM d'affirmer son Leadership dans la Responsabilit\u00e9 Soci\u00e9tale de l'Entreprise (RSE), nous conduit \u00e0 placer l'environnement au c\u0153ur de nos priorit\u00e9s et","og_url":"https:\/\/www.sunshine-habitat.com\/fr\/chalets-fabre\/politique-environnementale-sunshine-chalets\/","og_site_name":"Sunshine Habitat","article_modified_time":"2024-05-21T12:38:33+00:00","twitter_card":"summary_large_image","schema":{"@context":"https:\/\/schema.org","@graph":[{"@type":"WebPage","@id":"https:\/\/www.sunshine-habitat.com\/fr\/chalets-fabre\/politique-environnementale-sunshine-chalets\/","url":"https:\/\/www.sunshine-habitat.com\/fr\/chalets-fabre\/politique-environnementale-sunshine-chalets\/","name":"Politique environnementale - Chalets Fabre - Sunshine Habitat","isPartOf":{"@id":"https:\/\/www.sunshine-habitat.com\/fr\/#website"},"datePublished":"2023-02-23T10:44:52+00:00","dateModified":"2024-05-21T12:38:33+00:00","breadcrumb":{"@id":"https:\/\/www.sunshine-habitat.com\/fr\/chalets-fabre\/politique-environnementale-sunshine-chalets\/#breadcrumb"},"inLanguage":"fr-FR","potentialAction":[{"@type":"ReadAction","target":["https:\/\/www.sunshine-habitat.com\/fr\/chalets-fabre\/politique-environnementale-sunshine-chalets\/"]}]},{"@type":"BreadcrumbList","@id":"https:\/\/www.sunshine-habitat.com\/fr\/chalets-fabre\/politique-environnementale-sunshine-chalets\/#breadcrumb","itemListElement":[{"@type":"ListItem","position":1,"name":"Accueil","item":"https:\/\/www.sunshine-habitat.com\/fr\/"},{"@type":"ListItem","position":2,"name":"Chalets Fabre","item":"https:\/\/www.sunshine-habitat.com\/fr\/chalets-fabre\/"},{"@type":"ListItem","position":3,"name":"Politique environnementale &#8211; Chalets Fabre"}]},{"@type":"WebSite","@id":"https:\/\/www.sunshine-habitat.com\/fr\/#website","url":"https:\/\/www.sunshine-habitat.com\/fr\/","name":"Sunshine Habitat","description":"","publisher":{"@id":"https:\/\/www.sunshine-habitat.com\/fr\/#organization"},"potentialAction":[{"@type":"SearchAction","target":{"@type":"EntryPoint","urlTemplate":"https:\/\/www.sunshine-habitat.com\/fr\/?s={search_term_string}"},"query-input":{"@type":"PropertyValueSpecification","valueRequired":true,"valueName":"search_term_string"}}],"inLanguage":"fr-FR"},{"@type":"Organization","@id":"https:\/\/www.sunshine-habitat.com\/fr\/#organization","name":"Sunshine Habitat","url":"https:\/\/www.sunshine-habitat.com\/fr\/","logo":{"@type":"ImageObject","inLanguage":"fr-FR","@id":"https:\/\/www.sunshine-habitat.com\/fr\/#\/schema\/logo\/image\/","url":"https:\/\/www.sunshine-habitat.com\/wp-content\/uploads\/2021\/05\/logo.png","contentUrl":"https:\/\/www.sunshine-habitat.com\/wp-content\/uploads\/2021\/05\/logo.png","width":192,"height":250,"caption":"Sunshine Habitat"},"image":{"@id":"https:\/\/www.sunshine-habitat.com\/fr\/#\/schema\/logo\/image\/"}}]}},"_links":{"self":[{"href":"https:\/\/www.sunshinehabitat.com\/fr\/wp-json\/wp\/v2\/pages\/14886","targetHints":{"allow":["GET"]}}],"collection":[{"href":"https:\/\/www.sunshinehabitat.com\/fr\/wp-json\/wp\/v2\/pages"}],"about":[{"href":"https:\/\/www.sunshinehabitat.com\/fr\/wp-json\/wp\/v2\/types\/page"}],"author":[{"embeddable":true,"href":"https:\/\/www.sunshinehabitat.com\/fr\/wp-json\/wp\/v2\/users\/3"}],"replies":[{"embeddable":true,"href":"https:\/\/www.sunshinehabitat.com\/fr\/wp-json\/wp\/v2\/comments?post=14886"}],"version-history":[{"count":5,"href":"https:\/\/www.sunshinehabitat.com\/fr\/wp-json\/wp\/v2\/pages\/14886\/revisions"}],"predecessor-version":[{"id":20096,"href":"https:\/\/www.sunshinehabitat.com\/fr\/wp-json\/wp\/v2\/pages\/14886\/revisions\/20096"}],"up":[{"embeddable":true,"href":"https:\/\/www.sunshinehabitat.com\/fr\/wp-json\/wp\/v2\/pages\/2632"}],"wp:attachment":[{"href":"https:\/\/www.sunshinehabitat.com\/fr\/wp-json\/wp\/v2\/media?parent=14886"}],"curies":[{"name":"wp","href":"https:\/\/api.w.org\/{rel}","templated":true}]}}