{"id":174,"date":"2016-03-15T08:16:28","date_gmt":"2016-03-15T08:16:28","guid":{"rendered":"https:\/\/www.premium-sas.com\/\/?page_id=174"},"modified":"2022-10-10T14:29:09","modified_gmt":"2022-10-10T12:29:09","slug":"mentions-legales","status":"publish","type":"page","link":"https:\/\/www.sunshinehabitat.com\/fr\/mentions-legales\/","title":{"rendered":"Mentions l\u00e9gales"},"content":{"rendered":"<div id=\"pl-174\"  class=\"panel-layout\" ><div id=\"pg-174-0\"  class=\"panel-grid panel-no-style\" ><div id=\"pgc-174-0-0\"  class=\"panel-grid-cell\" ><div id=\"panel-174-0-0-0\" class=\"so-panel widget widget_sow-editor panel-first-child panel-last-child\" data-index=\"0\" ><div\n\t\t\t\n\t\t\tclass=\"so-widget-sow-editor so-widget-sow-editor-base\"\n\t\t\t\n\t\t>\n<div class=\"siteorigin-widget-tinymce textwidget\">\n\t<h2>Configuration recommand\u00e9e<\/h2>\n<h3>Navigateurs<\/h3>\n<p>Pour une navigation optimale, nous vous conseillons d'utiliser : <a title=\"T\u00e9l\u00e9charger Mozilla Firefox ( S'ouvre dans une nouvelle fen\u00eatre )\" href=\"http:\/\/www.mozilla-europe.org\/fr\/\" target=\"_blank\" rel=\"noopener noreferrer\">Mozilla Firefox (PC &amp; Mac)<\/a> ou <a title=\"T\u00e9l\u00e9charger Internet Explorer ( S'ouvre dans une nouvelle fen\u00eatre )\" href=\"http:\/\/www.microsoft.com\/france\/windows\/ie\/default.mspx\" target=\"_blank\" rel=\"noopener noreferrer\">Internet Explorer 8 minimum (PC)<\/a> ou <a title=\"T\u00e9l\u00e9charger Safari ( S'ouvre dans une nouvelle fen\u00eatre )\" href=\"http:\/\/support.apple.com\/kb\/DL1531?viewlocale=fr_FR\" target=\"_blank\" rel=\"noopener noreferrer\">Safari (Mac)<\/a> ou <a href=\"https:\/\/www.google.com\/intl\/fr\/chrome\/browser\/index.html\" target=\"_blank\" rel=\"noopener noreferrer\">Chrome<\/a><\/p>\n<h3><\/h3>\n<h3>Configuration \u00e9cran<\/h3>\n<p>Pr\u00e9f\u00e9rez un \u00e9cran <strong>param\u00e9tr\u00e9 en milliers de couleurs<\/strong>, avec une r\u00e9solution minimum de <strong>1024x768 pixels<\/strong>.<\/p>\n<h2>Mentions L\u00e9gales<\/h2>\n<h3>Cr\u00e9dits<\/h3>\n<p>Site \u00e9dit\u00e9 par<strong> :<\/strong><\/p>\n<p><strong>SUNSHINE HABITAT<br \/>\n<\/strong>ZA 12240 RIEUPEYROUX<\/p>\n<p>R.C.S.\u00a0Rodez B 440\u00a0577\u00a0484<\/p>\n<p>Tel : +33 (0)5 65 81 81 81<\/p>\n<p>Directeur de la publication :<\/p>\n<p><strong><a title=\"Conception de site internet angers\" href=\"http:\/\/www.net-concept.fr\/creation-et-refonte-de-sites-internet\/\" target=\"_blank\" rel=\"noopener noreferrer\">Conception du site internet <\/a>: <\/strong><strong>NET CONCEPT<\/strong><\/p>\n<p><strong><a title=\"D\u00e9veloppement d'application et de site internet en maine et loire (49)\" href=\"http:\/\/www.net-concept.fr\/developpement\/\">D\u00e9veloppement du site Internet <\/a>: <\/strong><strong>NET CONCEPT<\/strong><\/p>\n<p><strong><a title=\"H\u00e9bergement de site internet d\u00e9di\u00e9 ou mutualis\u00e9 sur Angers (49)\" href=\"http:\/\/www.net-concept.fr\/hebergement-mutualise-dedie\/\">H\u00e9bergement du site internet<\/a> : OVH<\/strong><\/p>\n<p><strong>Pour tout probl\u00e8me de consultation rencontr\u00e9 sur le site merci d'adresser vos r\u00e9clamations \u00e0 :\u00a0<a href=\"mailto:accueil@mobilhomelouisiane.com\">accueil@mobilhomelouisiane.com<\/a><\/strong><\/p>\n<h3><\/h3>\n<h3>index egalit\u00e9 professionnelle femme\/homme<\/h3>\n<p>Retrouvez l'Index d'\u00e9galit\u00e9 professionnelle de la marque Chalets Fabre sur la <a href=\"https:\/\/www.sunshine-habitat.com\/chalets-fabre\/#egalite-homme-femme\">page de pr\u00e9sentation de la marque<\/a>.\u00a0Retrouvez l'Index relatif \u00e0 la marque mobil-homes Louisiane sur la <a href=\"https:\/\/www.sunshine-habitat.com\/mobil-homes-louisiane\/#index-egalite-homme-femme\">page de pr\u00e9sentation de la marque<\/a>.<\/p>\n<h3>Exercice du droit d'acc\u00e8s<\/h3>\n<p><strong>Conform\u00e9ment \u00e0 l'article 34 de la Loi Informatique et Libert\u00e9s, vous disposez d'un droit d'acc\u00e8s, de modification, de rectification et de suppression des donn\u00e9es qui vous concernent. Pour exercer ce droit d'acc\u00e8s, adressez-vous \u00e0 <a href=\"mailto:accueil@mobilhomelouisiane.com\">accueil@mobilhomelouisiane.com<\/a><\/strong><\/p>\n<\/div>\n<\/div><\/div><\/div><\/div><\/div>","protected":false},"excerpt":{"rendered":"<p>Configuration recommand\u00e9e Navigateurs Pour une navigation optimale, nous vous conseillons d&rsquo;utiliser : Mozilla Firefox (PC &amp; Mac) ou Internet Explorer 8 minimum (PC) ou Safari (Mac) ou Chrome Configuration<\/p>\n","protected":false},"author":2,"featured_media":0,"parent":0,"menu_order":265,"comment_status":"closed","ping_status":"closed","template":"","meta":{"inline_featured_image":false,"footnotes":""},"class_list":["post-174","page","type-page","status-publish","hentry"],"yoast_head":"<!-- This site is optimized with the Yoast SEO plugin v27.3 - https:\/\/yoast.com\/product\/yoast-seo-wordpress\/ -->\n<title>Mentions l\u00e9gales - Sunshine Habitat<\/title>\n<meta name=\"robots\" content=\"index, follow, max-snippet:-1, max-image-preview:large, max-video-preview:-1\" \/>\n<link rel=\"canonical\" href=\"https:\/\/www.sunshine-habitat.com\/fr\/mentions-legales\/\" \/>\n<meta property=\"og:locale\" content=\"fr_FR\" \/>\n<meta property=\"og:type\" content=\"article\" \/>\n<meta property=\"og:title\" content=\"Mentions l\u00e9gales - Sunshine Habitat\" \/>\n<meta property=\"og:description\" content=\"Configuration recommand\u00e9e Navigateurs Pour une navigation optimale, nous vous conseillons d&#039;utiliser : Mozilla Firefox (PC &amp; Mac) ou Internet Explorer 8 minimum (PC) ou Safari (Mac) ou Chrome Configuration\" \/>\n<meta property=\"og:url\" content=\"https:\/\/www.sunshine-habitat.com\/fr\/mentions-legales\/\" \/>\n<meta property=\"og:site_name\" content=\"Sunshine Habitat\" \/>\n<meta property=\"article:modified_time\" content=\"2022-10-10T12:29:09+00:00\" \/>\n<meta name=\"twitter:card\" content=\"summary_large_image\" \/>\n<script type=\"application\/ld+json\" class=\"yoast-schema-graph\">{\"@context\":\"https:\\\/\\\/schema.org\",\"@graph\":[{\"@type\":\"WebPage\",\"@id\":\"https:\\\/\\\/www.sunshine-habitat.com\\\/fr\\\/mentions-legales\\\/\",\"url\":\"https:\\\/\\\/www.sunshine-habitat.com\\\/fr\\\/mentions-legales\\\/\",\"name\":\"Mentions l\u00e9gales - Sunshine Habitat\",\"isPartOf\":{\"@id\":\"https:\\\/\\\/www.sunshine-habitat.com\\\/fr\\\/#website\"},\"datePublished\":\"2016-03-15T08:16:28+00:00\",\"dateModified\":\"2022-10-10T12:29:09+00:00\",\"breadcrumb\":{\"@id\":\"https:\\\/\\\/www.sunshine-habitat.com\\\/fr\\\/mentions-legales\\\/#breadcrumb\"},\"inLanguage\":\"fr-FR\",\"potentialAction\":[{\"@type\":\"ReadAction\",\"target\":[\"https:\\\/\\\/www.sunshine-habitat.com\\\/fr\\\/mentions-legales\\\/\"]}]},{\"@type\":\"BreadcrumbList\",\"@id\":\"https:\\\/\\\/www.sunshine-habitat.com\\\/fr\\\/mentions-legales\\\/#breadcrumb\",\"itemListElement\":[{\"@type\":\"ListItem\",\"position\":1,\"name\":\"Accueil\",\"item\":\"https:\\\/\\\/www.sunshine-habitat.com\\\/fr\\\/\"},{\"@type\":\"ListItem\",\"position\":2,\"name\":\"Mentions l\u00e9gales\"}]},{\"@type\":\"WebSite\",\"@id\":\"https:\\\/\\\/www.sunshine-habitat.com\\\/fr\\\/#website\",\"url\":\"https:\\\/\\\/www.sunshine-habitat.com\\\/fr\\\/\",\"name\":\"Sunshine Habitat\",\"description\":\"\",\"publisher\":{\"@id\":\"https:\\\/\\\/www.sunshine-habitat.com\\\/fr\\\/#organization\"},\"potentialAction\":[{\"@type\":\"SearchAction\",\"target\":{\"@type\":\"EntryPoint\",\"urlTemplate\":\"https:\\\/\\\/www.sunshine-habitat.com\\\/fr\\\/?s={search_term_string}\"},\"query-input\":{\"@type\":\"PropertyValueSpecification\",\"valueRequired\":true,\"valueName\":\"search_term_string\"}}],\"inLanguage\":\"fr-FR\"},{\"@type\":\"Organization\",\"@id\":\"https:\\\/\\\/www.sunshine-habitat.com\\\/fr\\\/#organization\",\"name\":\"Sunshine Habitat\",\"url\":\"https:\\\/\\\/www.sunshine-habitat.com\\\/fr\\\/\",\"logo\":{\"@type\":\"ImageObject\",\"inLanguage\":\"fr-FR\",\"@id\":\"https:\\\/\\\/www.sunshine-habitat.com\\\/fr\\\/#\\\/schema\\\/logo\\\/image\\\/\",\"url\":\"https:\\\/\\\/www.sunshine-habitat.com\\\/wp-content\\\/uploads\\\/2021\\\/05\\\/logo.png\",\"contentUrl\":\"https:\\\/\\\/www.sunshine-habitat.com\\\/wp-content\\\/uploads\\\/2021\\\/05\\\/logo.png\",\"width\":192,\"height\":250,\"caption\":\"Sunshine Habitat\"},\"image\":{\"@id\":\"https:\\\/\\\/www.sunshine-habitat.com\\\/fr\\\/#\\\/schema\\\/logo\\\/image\\\/\"}}]}<\/script>\n<!-- \/ Yoast SEO plugin. -->","yoast_head_json":{"title":"Mentions l\u00e9gales - Sunshine Habitat","robots":{"index":"index","follow":"follow","max-snippet":"max-snippet:-1","max-image-preview":"max-image-preview:large","max-video-preview":"max-video-preview:-1"},"canonical":"https:\/\/www.sunshine-habitat.com\/fr\/mentions-legales\/","og_locale":"fr_FR","og_type":"article","og_title":"Mentions l\u00e9gales - Sunshine Habitat","og_description":"Configuration recommand\u00e9e Navigateurs Pour une navigation optimale, nous vous conseillons d'utiliser : Mozilla Firefox (PC &amp; Mac) ou Internet Explorer 8 minimum (PC) ou Safari (Mac) ou Chrome Configuration","og_url":"https:\/\/www.sunshine-habitat.com\/fr\/mentions-legales\/","og_site_name":"Sunshine Habitat","article_modified_time":"2022-10-10T12:29:09+00:00","twitter_card":"summary_large_image","schema":{"@context":"https:\/\/schema.org","@graph":[{"@type":"WebPage","@id":"https:\/\/www.sunshine-habitat.com\/fr\/mentions-legales\/","url":"https:\/\/www.sunshine-habitat.com\/fr\/mentions-legales\/","name":"Mentions l\u00e9gales - Sunshine Habitat","isPartOf":{"@id":"https:\/\/www.sunshine-habitat.com\/fr\/#website"},"datePublished":"2016-03-15T08:16:28+00:00","dateModified":"2022-10-10T12:29:09+00:00","breadcrumb":{"@id":"https:\/\/www.sunshine-habitat.com\/fr\/mentions-legales\/#breadcrumb"},"inLanguage":"fr-FR","potentialAction":[{"@type":"ReadAction","target":["https:\/\/www.sunshine-habitat.com\/fr\/mentions-legales\/"]}]},{"@type":"BreadcrumbList","@id":"https:\/\/www.sunshine-habitat.com\/fr\/mentions-legales\/#breadcrumb","itemListElement":[{"@type":"ListItem","position":1,"name":"Accueil","item":"https:\/\/www.sunshine-habitat.com\/fr\/"},{"@type":"ListItem","position":2,"name":"Mentions l\u00e9gales"}]},{"@type":"WebSite","@id":"https:\/\/www.sunshine-habitat.com\/fr\/#website","url":"https:\/\/www.sunshine-habitat.com\/fr\/","name":"Sunshine Habitat","description":"","publisher":{"@id":"https:\/\/www.sunshine-habitat.com\/fr\/#organization"},"potentialAction":[{"@type":"SearchAction","target":{"@type":"EntryPoint","urlTemplate":"https:\/\/www.sunshine-habitat.com\/fr\/?s={search_term_string}"},"query-input":{"@type":"PropertyValueSpecification","valueRequired":true,"valueName":"search_term_string"}}],"inLanguage":"fr-FR"},{"@type":"Organization","@id":"https:\/\/www.sunshine-habitat.com\/fr\/#organization","name":"Sunshine Habitat","url":"https:\/\/www.sunshine-habitat.com\/fr\/","logo":{"@type":"ImageObject","inLanguage":"fr-FR","@id":"https:\/\/www.sunshine-habitat.com\/fr\/#\/schema\/logo\/image\/","url":"https:\/\/www.sunshine-habitat.com\/wp-content\/uploads\/2021\/05\/logo.png","contentUrl":"https:\/\/www.sunshine-habitat.com\/wp-content\/uploads\/2021\/05\/logo.png","width":192,"height":250,"caption":"Sunshine Habitat"},"image":{"@id":"https:\/\/www.sunshine-habitat.com\/fr\/#\/schema\/logo\/image\/"}}]}},"_links":{"self":[{"href":"https:\/\/www.sunshinehabitat.com\/fr\/wp-json\/wp\/v2\/pages\/174","targetHints":{"allow":["GET"]}}],"collection":[{"href":"https:\/\/www.sunshinehabitat.com\/fr\/wp-json\/wp\/v2\/pages"}],"about":[{"href":"https:\/\/www.sunshinehabitat.com\/fr\/wp-json\/wp\/v2\/types\/page"}],"author":[{"embeddable":true,"href":"https:\/\/www.sunshinehabitat.com\/fr\/wp-json\/wp\/v2\/users\/2"}],"replies":[{"embeddable":true,"href":"https:\/\/www.sunshinehabitat.com\/fr\/wp-json\/wp\/v2\/comments?post=174"}],"version-history":[{"count":7,"href":"https:\/\/www.sunshinehabitat.com\/fr\/wp-json\/wp\/v2\/pages\/174\/revisions"}],"predecessor-version":[{"id":12720,"href":"https:\/\/www.sunshinehabitat.com\/fr\/wp-json\/wp\/v2\/pages\/174\/revisions\/12720"}],"wp:attachment":[{"href":"https:\/\/www.sunshinehabitat.com\/fr\/wp-json\/wp\/v2\/media?parent=174"}],"curies":[{"name":"wp","href":"https:\/\/api.w.org\/{rel}","templated":true}]}}