{"id":18141,"date":"2023-12-20T15:51:15","date_gmt":"2023-12-20T14:51:15","guid":{"rendered":"https:\/\/www.sunshine-habitat.com\/?page_id=18141"},"modified":"2026-04-01T15:37:48","modified_gmt":"2026-04-01T13:37:48","slug":"politique-environnementale-sunshine-mobil-home","status":"publish","type":"page","link":"https:\/\/www.sunshinehabitat.com\/fr\/mobil-homes-louisiane\/politique-environnementale-sunshine-mobil-home\/","title":{"rendered":"Politique environnementale &#8211; Mobil-Homes Louisiane"},"content":{"rendered":"<div id=\"pl-18141\"  class=\"panel-layout\" ><div id=\"pg-18141-0\"  class=\"panel-grid panel-no-style\" ><div id=\"pgc-18141-0-0\"  class=\"panel-grid-cell\" ><div id=\"panel-18141-0-0-0\" class=\"so-panel widget widget_sow-editor panel-first-child\" data-index=\"0\" ><div\n\t\t\t\n\t\t\tclass=\"so-widget-sow-editor so-widget-sow-editor-base\"\n\t\t\t\n\t\t>\n<div class=\"siteorigin-widget-tinymce textwidget\">\n\t<h2 class=\"alternative\">Vision RSE<\/h2>\n<p style=\"text-align: justify;\">La volont\u00e9 affich\u00e9e du <strong>Groupe FINADORM<\/strong> d'affirmer son Leadership dans la Responsabilit\u00e9 Soci\u00e9tale de l'Entreprise (RSE), nous conduit \u00e0 <b>placer l'environnement au c\u0153ur de nos priorit\u00e9<\/b><strong>s <\/strong>et de notre strat\u00e9gie.<\/p>\n<\/div>\n<\/div><\/div><div id=\"panel-18141-0-0-1\" class=\"so-panel widget widget_sow-image\" data-index=\"1\" ><div\n\t\t\t\n\t\t\tclass=\"so-widget-sow-image so-widget-sow-image-default-c67d20f9f743-18141\"\n\t\t\t\n\t\t>\n<div class=\"sow-image-container\">\n\t\t<img fetchpriority=\"high\" \n\tsrc=\"https:\/\/www.sunshinehabitat.com\/wp-content\/uploads\/2023\/12\/EXTERIEUR_VUE-DE-FACE-scaled-550x332.jpg\" width=\"550\" height=\"332\" srcset=\"https:\/\/www.sunshinehabitat.com\/wp-content\/uploads\/2023\/12\/EXTERIEUR_VUE-DE-FACE-scaled-550x332.jpg 550w, https:\/\/www.sunshinehabitat.com\/wp-content\/uploads\/2023\/12\/EXTERIEUR_VUE-DE-FACE-scaled-300x181.jpg 300w, https:\/\/www.sunshinehabitat.com\/wp-content\/uploads\/2023\/12\/EXTERIEUR_VUE-DE-FACE-scaled-1024x617.jpg 1024w\" sizes=\"(max-width: 550px) 100vw, 550px\" title=\"EXTERIEUR_VUE DE FACE\" alt=\"strat\u00e9gie RSE Sunshine Chalets\" \t\tclass=\"so-widget-image\"\/>\n\t<\/div>\n\n<\/div><\/div><div id=\"panel-18141-0-0-2\" class=\"so-panel widget widget_sow-editor panel-last-child\" data-index=\"2\" ><div\n\t\t\t\n\t\t\tclass=\"so-widget-sow-editor so-widget-sow-editor-base\"\n\t\t\t\n\t\t>\n<div class=\"siteorigin-widget-tinymce textwidget\">\n\t<p style=\"text-align: justify;\">Depuis son origine en 1998, l\u2019entreprise Louisiane con\u00e7oit, fabrique et commercialise des mobil-homes \u00e0 destination d\u2019une client\u00e8le professionnelle.<\/p>\n<p style=\"text-align: justify;\"><strong>Consciente de l\u2019impact de ses activit\u00e9s sur l\u2019environnement<\/strong> et d\u00e9sireuse de ma\u00eetriser puis r\u00e9duire celui-ci, l\u2019entreprise a d\u00e9cid\u00e9 de lancer une d\u00e9marche environnementale ambitieuse qui impliquera l\u2019ensemble de ses salari\u00e9s ainsi que ses fournisseurs et prestataires de services. Elle garantira aussi la protection de l\u2019environnement et la pr\u00e9vention des pollutions ou leur ma\u00eetrise en cas d\u2019incident.<\/p>\n<p style=\"text-align: justify;\">Cette d\u00e9marche se concr\u00e9tisera par plusieurs actions :<\/p>\n<p style=\"text-align: justify;\">- <strong>La mesure p\u00e9riodique de l\u2019empreinte carbone<\/strong> de nos activit\u00e9s et la mise en place de plans d\u2019action annuels visant \u00e0 la r\u00e9duire<br \/>\n- En partenariat avec nos fournisseurs, <strong>la r\u00e9duction des d\u00e9chets g\u00e9n\u00e9r\u00e9s<\/strong> par nos activit\u00e9s et la valorisation de ceux-ci dans des fili\u00e8res adapt\u00e9es<br \/>\n- La conception de produits r\u00e9pondant aux standards environnementaux de la profession, ayant <strong>une empreinte environnementale toujours plus performante<\/strong> durant tout leur cycle de vie et permettant \u00e0 nos clients de<br \/>\nminimiser leur consommation \u00e9nerg\u00e9tique<br \/>\n- La mise en place d\u2019une d\u00e9marche de progr\u00e8s dans nos usines pour <strong>optimiser les consommations d\u2019eau et d\u2019\u00e9lectricit\u00e9<\/strong> et r\u00e9duire la g\u00e9n\u00e9ration de d\u00e9chets<\/p>\n<p style=\"text-align: justify;\">L\u2019ambition de Louisiane est de devenir progressivement une r\u00e9f\u00e9rence de la profession pour son impact environnemental.<br \/>\nCela passe par <strong>l\u2019engagement quotidien de tous les salari\u00e9s.<\/strong><br \/>\nJe m\u2019engage personnellement \u00e0 garantir le respect des obligations de conformit\u00e9 et la disponibilit\u00e9 des moyens humains et financiers n\u00e9cessaires pour la mise en \u0153uvre de cette politique afin d\u2019assurer l\u2019am\u00e9lioration en continu de notre performance environnementale collective.<\/p>\n<p style=\"text-align: justify;\">Le maintien dans la dur\u00e9e de la <span style=\"text-decoration: underline;\">certification ISO 14001<\/span> viendra encadrer la d\u00e9marche de l\u2019entreprise et permettra d\u2019en garantir la pertinence dans la dur\u00e9e.<\/p>\n<p style=\"text-align: right;\">Fait \u00e0 Loud\u00e9ac, le 15\/01\/2026<br \/>\nMatthieu ROUGET,<br \/>\nDirecteur G\u00e9n\u00e9ral Louisiane<\/p>\n<\/div>\n<\/div><\/div><\/div><\/div><\/div>","protected":false},"excerpt":{"rendered":"<p>Vision RSE La volont\u00e9 affich\u00e9e du Groupe FINADORM d&rsquo;affirmer son Leadership dans la Responsabilit\u00e9 Soci\u00e9tale de l&rsquo;Entreprise (RSE), nous conduit \u00e0 placer l&rsquo;environnement au c\u0153ur de nos priorit\u00e9s et<\/p>\n","protected":false},"author":3,"featured_media":0,"parent":2629,"menu_order":89,"comment_status":"closed","ping_status":"closed","template":"","meta":{"inline_featured_image":false,"footnotes":""},"class_list":["post-18141","page","type-page","status-publish","hentry"],"yoast_head":"<!-- This site is optimized with the Yoast SEO plugin v27.3 - https:\/\/yoast.com\/product\/yoast-seo-wordpress\/ -->\n<title>Politique environnementale - Mobil-Homes Louisiane - Sunshine Habitat<\/title>\n<meta name=\"robots\" content=\"index, follow, max-snippet:-1, max-image-preview:large, max-video-preview:-1\" \/>\n<link rel=\"canonical\" href=\"https:\/\/www.sunshine-habitat.com\/fr\/mobil-homes-louisiane\/politique-environnementale-sunshine-mobil-home\/\" \/>\n<meta property=\"og:locale\" content=\"fr_FR\" \/>\n<meta property=\"og:type\" content=\"article\" \/>\n<meta property=\"og:title\" content=\"Politique environnementale - Mobil-Homes Louisiane - Sunshine Habitat\" \/>\n<meta property=\"og:description\" content=\"Vision RSE La volont\u00e9 affich\u00e9e du Groupe FINADORM d&#039;affirmer son Leadership dans la Responsabilit\u00e9 Soci\u00e9tale de l&#039;Entreprise (RSE), nous conduit \u00e0 placer l&#039;environnement au c\u0153ur de nos priorit\u00e9s et\" \/>\n<meta property=\"og:url\" content=\"https:\/\/www.sunshine-habitat.com\/fr\/mobil-homes-louisiane\/politique-environnementale-sunshine-mobil-home\/\" \/>\n<meta property=\"og:site_name\" content=\"Sunshine Habitat\" \/>\n<meta property=\"article:modified_time\" content=\"2026-04-01T13:37:48+00:00\" \/>\n<meta name=\"twitter:card\" content=\"summary_large_image\" \/>\n<script type=\"application\/ld+json\" class=\"yoast-schema-graph\">{\"@context\":\"https:\\\/\\\/schema.org\",\"@graph\":[{\"@type\":\"WebPage\",\"@id\":\"https:\\\/\\\/www.sunshine-habitat.com\\\/fr\\\/mobil-homes-louisiane\\\/politique-environnementale-sunshine-mobil-home\\\/\",\"url\":\"https:\\\/\\\/www.sunshine-habitat.com\\\/fr\\\/mobil-homes-louisiane\\\/politique-environnementale-sunshine-mobil-home\\\/\",\"name\":\"Politique environnementale - Mobil-Homes Louisiane - Sunshine Habitat\",\"isPartOf\":{\"@id\":\"https:\\\/\\\/www.sunshine-habitat.com\\\/fr\\\/#website\"},\"datePublished\":\"2023-12-20T14:51:15+00:00\",\"dateModified\":\"2026-04-01T13:37:48+00:00\",\"breadcrumb\":{\"@id\":\"https:\\\/\\\/www.sunshine-habitat.com\\\/fr\\\/mobil-homes-louisiane\\\/politique-environnementale-sunshine-mobil-home\\\/#breadcrumb\"},\"inLanguage\":\"fr-FR\",\"potentialAction\":[{\"@type\":\"ReadAction\",\"target\":[\"https:\\\/\\\/www.sunshine-habitat.com\\\/fr\\\/mobil-homes-louisiane\\\/politique-environnementale-sunshine-mobil-home\\\/\"]}]},{\"@type\":\"BreadcrumbList\",\"@id\":\"https:\\\/\\\/www.sunshine-habitat.com\\\/fr\\\/mobil-homes-louisiane\\\/politique-environnementale-sunshine-mobil-home\\\/#breadcrumb\",\"itemListElement\":[{\"@type\":\"ListItem\",\"position\":1,\"name\":\"Accueil\",\"item\":\"https:\\\/\\\/www.sunshine-habitat.com\\\/fr\\\/\"},{\"@type\":\"ListItem\",\"position\":2,\"name\":\"Mobil-Homes Louisiane\",\"item\":\"https:\\\/\\\/www.sunshine-habitat.com\\\/fr\\\/mobil-homes-louisiane\\\/\"},{\"@type\":\"ListItem\",\"position\":3,\"name\":\"Politique environnementale &#8211; Mobil-Homes Louisiane\"}]},{\"@type\":\"WebSite\",\"@id\":\"https:\\\/\\\/www.sunshine-habitat.com\\\/fr\\\/#website\",\"url\":\"https:\\\/\\\/www.sunshine-habitat.com\\\/fr\\\/\",\"name\":\"Sunshine Habitat\",\"description\":\"\",\"publisher\":{\"@id\":\"https:\\\/\\\/www.sunshine-habitat.com\\\/fr\\\/#organization\"},\"potentialAction\":[{\"@type\":\"SearchAction\",\"target\":{\"@type\":\"EntryPoint\",\"urlTemplate\":\"https:\\\/\\\/www.sunshine-habitat.com\\\/fr\\\/?s={search_term_string}\"},\"query-input\":{\"@type\":\"PropertyValueSpecification\",\"valueRequired\":true,\"valueName\":\"search_term_string\"}}],\"inLanguage\":\"fr-FR\"},{\"@type\":\"Organization\",\"@id\":\"https:\\\/\\\/www.sunshine-habitat.com\\\/fr\\\/#organization\",\"name\":\"Sunshine Habitat\",\"url\":\"https:\\\/\\\/www.sunshine-habitat.com\\\/fr\\\/\",\"logo\":{\"@type\":\"ImageObject\",\"inLanguage\":\"fr-FR\",\"@id\":\"https:\\\/\\\/www.sunshine-habitat.com\\\/fr\\\/#\\\/schema\\\/logo\\\/image\\\/\",\"url\":\"https:\\\/\\\/www.sunshine-habitat.com\\\/wp-content\\\/uploads\\\/2021\\\/05\\\/logo.png\",\"contentUrl\":\"https:\\\/\\\/www.sunshine-habitat.com\\\/wp-content\\\/uploads\\\/2021\\\/05\\\/logo.png\",\"width\":192,\"height\":250,\"caption\":\"Sunshine Habitat\"},\"image\":{\"@id\":\"https:\\\/\\\/www.sunshine-habitat.com\\\/fr\\\/#\\\/schema\\\/logo\\\/image\\\/\"}}]}<\/script>\n<!-- \/ Yoast SEO plugin. -->","yoast_head_json":{"title":"Politique environnementale - Mobil-Homes Louisiane - Sunshine Habitat","robots":{"index":"index","follow":"follow","max-snippet":"max-snippet:-1","max-image-preview":"max-image-preview:large","max-video-preview":"max-video-preview:-1"},"canonical":"https:\/\/www.sunshine-habitat.com\/fr\/mobil-homes-louisiane\/politique-environnementale-sunshine-mobil-home\/","og_locale":"fr_FR","og_type":"article","og_title":"Politique environnementale - Mobil-Homes Louisiane - Sunshine Habitat","og_description":"Vision RSE La volont\u00e9 affich\u00e9e du Groupe FINADORM d'affirmer son Leadership dans la Responsabilit\u00e9 Soci\u00e9tale de l'Entreprise (RSE), nous conduit \u00e0 placer l'environnement au c\u0153ur de nos priorit\u00e9s et","og_url":"https:\/\/www.sunshine-habitat.com\/fr\/mobil-homes-louisiane\/politique-environnementale-sunshine-mobil-home\/","og_site_name":"Sunshine Habitat","article_modified_time":"2026-04-01T13:37:48+00:00","twitter_card":"summary_large_image","schema":{"@context":"https:\/\/schema.org","@graph":[{"@type":"WebPage","@id":"https:\/\/www.sunshine-habitat.com\/fr\/mobil-homes-louisiane\/politique-environnementale-sunshine-mobil-home\/","url":"https:\/\/www.sunshine-habitat.com\/fr\/mobil-homes-louisiane\/politique-environnementale-sunshine-mobil-home\/","name":"Politique environnementale - Mobil-Homes Louisiane - Sunshine Habitat","isPartOf":{"@id":"https:\/\/www.sunshine-habitat.com\/fr\/#website"},"datePublished":"2023-12-20T14:51:15+00:00","dateModified":"2026-04-01T13:37:48+00:00","breadcrumb":{"@id":"https:\/\/www.sunshine-habitat.com\/fr\/mobil-homes-louisiane\/politique-environnementale-sunshine-mobil-home\/#breadcrumb"},"inLanguage":"fr-FR","potentialAction":[{"@type":"ReadAction","target":["https:\/\/www.sunshine-habitat.com\/fr\/mobil-homes-louisiane\/politique-environnementale-sunshine-mobil-home\/"]}]},{"@type":"BreadcrumbList","@id":"https:\/\/www.sunshine-habitat.com\/fr\/mobil-homes-louisiane\/politique-environnementale-sunshine-mobil-home\/#breadcrumb","itemListElement":[{"@type":"ListItem","position":1,"name":"Accueil","item":"https:\/\/www.sunshine-habitat.com\/fr\/"},{"@type":"ListItem","position":2,"name":"Mobil-Homes Louisiane","item":"https:\/\/www.sunshine-habitat.com\/fr\/mobil-homes-louisiane\/"},{"@type":"ListItem","position":3,"name":"Politique environnementale &#8211; Mobil-Homes Louisiane"}]},{"@type":"WebSite","@id":"https:\/\/www.sunshine-habitat.com\/fr\/#website","url":"https:\/\/www.sunshine-habitat.com\/fr\/","name":"Sunshine Habitat","description":"","publisher":{"@id":"https:\/\/www.sunshine-habitat.com\/fr\/#organization"},"potentialAction":[{"@type":"SearchAction","target":{"@type":"EntryPoint","urlTemplate":"https:\/\/www.sunshine-habitat.com\/fr\/?s={search_term_string}"},"query-input":{"@type":"PropertyValueSpecification","valueRequired":true,"valueName":"search_term_string"}}],"inLanguage":"fr-FR"},{"@type":"Organization","@id":"https:\/\/www.sunshine-habitat.com\/fr\/#organization","name":"Sunshine Habitat","url":"https:\/\/www.sunshine-habitat.com\/fr\/","logo":{"@type":"ImageObject","inLanguage":"fr-FR","@id":"https:\/\/www.sunshine-habitat.com\/fr\/#\/schema\/logo\/image\/","url":"https:\/\/www.sunshine-habitat.com\/wp-content\/uploads\/2021\/05\/logo.png","contentUrl":"https:\/\/www.sunshine-habitat.com\/wp-content\/uploads\/2021\/05\/logo.png","width":192,"height":250,"caption":"Sunshine Habitat"},"image":{"@id":"https:\/\/www.sunshine-habitat.com\/fr\/#\/schema\/logo\/image\/"}}]}},"_links":{"self":[{"href":"https:\/\/www.sunshinehabitat.com\/fr\/wp-json\/wp\/v2\/pages\/18141","targetHints":{"allow":["GET"]}}],"collection":[{"href":"https:\/\/www.sunshinehabitat.com\/fr\/wp-json\/wp\/v2\/pages"}],"about":[{"href":"https:\/\/www.sunshinehabitat.com\/fr\/wp-json\/wp\/v2\/types\/page"}],"author":[{"embeddable":true,"href":"https:\/\/www.sunshinehabitat.com\/fr\/wp-json\/wp\/v2\/users\/3"}],"replies":[{"embeddable":true,"href":"https:\/\/www.sunshinehabitat.com\/fr\/wp-json\/wp\/v2\/comments?post=18141"}],"version-history":[{"count":6,"href":"https:\/\/www.sunshinehabitat.com\/fr\/wp-json\/wp\/v2\/pages\/18141\/revisions"}],"predecessor-version":[{"id":25065,"href":"https:\/\/www.sunshinehabitat.com\/fr\/wp-json\/wp\/v2\/pages\/18141\/revisions\/25065"}],"up":[{"embeddable":true,"href":"https:\/\/www.sunshinehabitat.com\/fr\/wp-json\/wp\/v2\/pages\/2629"}],"wp:attachment":[{"href":"https:\/\/www.sunshinehabitat.com\/fr\/wp-json\/wp\/v2\/media?parent=18141"}],"curies":[{"name":"wp","href":"https:\/\/api.w.org\/{rel}","templated":true}]}}