{"id":18926,"date":"2024-05-16T14:12:31","date_gmt":"2024-05-16T12:12:31","guid":{"rendered":"https:\/\/www.sunshine-habitat.com\/?page_id=18926"},"modified":"2024-05-16T15:39:23","modified_gmt":"2024-05-16T13:39:23","slug":"saison-2025","status":"publish","type":"page","link":"https:\/\/www.sunshinehabitat.com\/fr\/phototheque\/chalets-fabre\/saison-2025\/","title":{"rendered":"Chalets Fabre &#8211; Saison 2025 &#8211; Phototh\u00e8que"},"content":{"rendered":"<div id=\"pl-18926\"  class=\"panel-layout\" ><div id=\"pg-18926-0\"  class=\"panel-grid panel-no-style\" ><div id=\"pgc-18926-0-0\"  class=\"panel-grid-cell\" ><div id=\"panel-18926-0-0-0\" class=\"so-panel widget widget_sow-editor panel-first-child panel-last-child\" data-index=\"0\" ><div\n\t\t\t\n\t\t\tclass=\"so-widget-sow-editor so-widget-sow-editor-base\"\n\t\t\t\n\t\t>\n<div class=\"siteorigin-widget-tinymce textwidget\">\n\t<p style=\"text-align: center;\"><span style=\"font-size: 32px;\">Choisissez la physionomie de mod\u00e8les que vous souhaitez ...<\/span><\/p>\n<\/div>\n<\/div><\/div><\/div><\/div><div id=\"pg-18926-1\"  class=\"panel-grid panel-has-style no-padding-top-nc-wrap\" ><div class=\"no-padding-top panel-row-style panel-row-style-for-18926-1\" ><div id=\"pgc-18926-1-0\"  class=\"panel-grid-cell\" ><div id=\"panel-18926-1-0-0\" class=\"so-panel widget widget_encart-text-img-link panel-first-child panel-last-child\" data-index=\"1\" ><div class=\"panel-widget-style panel-widget-style-for-18926-1-0-0\" ><div\n\t\t\t\n\t\t\tclass=\"so-widget-encart-text-img-link so-widget-encart-text-img-link-base\"\n\t\t\t\n\t\t><div class=\"etil-block-container nc-widget-nc-encart-text-img-link-tpl-default\">\r\n\t\t\t<a href=\"https:\/\/www.sunshinehabitat.com\/fr\/phototheque\/chalets-fabre\/saison-2025\/modeles-sagano\/\" class=\"etil-block-link\" title=\"\">\r\n\t\t\t\t<div class=\"etil-img\"><img decoding=\"async\" src=\"https:\/\/www.sunshinehabitat.com\/wp-content\/uploads\/2024\/04\/DSC0015-scaled-e1712840165740.jpg\" alt=\"\" \/><\/div>\r\n\t\t<div class=\"etil-block-text\">\r\n\t\t\t<p style=\"text-align: center\"><span style=\"font-size: 32px\"><strong>Sagano<\/strong><\/span><\/p>\n<p style=\"text-align: center\"><em>Design &amp; intimit\u00e9 absolue<\/em><\/p>\n\t\t<\/div>\r\n\t\t\t\t<\/a>\r\n\t        \r\n<\/div>\r\n<\/div><\/div><\/div><\/div><div id=\"pgc-18926-1-1\"  class=\"panel-grid-cell\" ><div id=\"panel-18926-1-1-0\" class=\"so-panel widget widget_encart-text-img-link panel-first-child panel-last-child\" data-index=\"2\" ><div class=\"panel-widget-style panel-widget-style-for-18926-1-1-0\" ><div\n\t\t\t\n\t\t\tclass=\"so-widget-encart-text-img-link so-widget-encart-text-img-link-base\"\n\t\t\t\n\t\t><div class=\"etil-block-container nc-widget-nc-encart-text-img-link-tpl-default\">\r\n\t\t\t<a href=\"https:\/\/www.sunshinehabitat.com\/fr\/phototheque\/chalets-fabre\/saison-2025\/modeles-mauricie\/\" class=\"etil-block-link\" title=\"\">\r\n\t\t\t\t<div class=\"etil-img\"><img decoding=\"async\" src=\"https:\/\/www.sunshinehabitat.com\/wp-content\/uploads\/2024\/04\/CHA-18-scaled-e1712840233643.jpg\" alt=\"\" \/><\/div>\r\n\t\t<div class=\"etil-block-text\">\r\n\t\t\t<p style=\"text-align: center\"><span style=\"font-size: 32px\"><strong>Mauricie<\/strong><\/span><\/p>\n<p style=\"text-align: center\"><em>G\u00e9n\u00e9reux, de jour comme de nuit !<\/em><\/p>\n\t\t<\/div>\r\n\t\t\t\t<\/a>\r\n\t        \r\n<\/div>\r\n<\/div><\/div><\/div><\/div><div id=\"pgc-18926-1-2\"  class=\"panel-grid-cell\" ><div id=\"panel-18926-1-2-0\" class=\"so-panel widget widget_encart-text-img-link panel-first-child panel-last-child\" data-index=\"3\" ><div class=\"panel-widget-style panel-widget-style-for-18926-1-2-0\" ><div\n\t\t\t\n\t\t\tclass=\"so-widget-encart-text-img-link so-widget-encart-text-img-link-base\"\n\t\t\t\n\t\t><div class=\"etil-block-container nc-widget-nc-encart-text-img-link-tpl-default\">\r\n\t\t\t<a href=\"https:\/\/www.sunshinehabitat.com\/fr\/phototheque\/chalets-fabre\/saison-2025\/modeles-belouve\/\" class=\"etil-block-link\" title=\"\">\r\n\t\t\t\t<div class=\"etil-img\"><img decoding=\"async\" src=\"https:\/\/www.sunshinehabitat.com\/wp-content\/uploads\/2024\/04\/DSC0063.jpg\" alt=\"\" \/><\/div>\r\n\t\t<div class=\"etil-block-text\">\r\n\t\t\t<p style=\"text-align: center\"><strong><span style=\"font-size: 32px\">B\u00e9louve<\/span><\/strong><\/p>\n<p style=\"text-align: center\"><em>Un bain de lumi\u00e8re jusqu'\u00e0 l'int\u00e9rieur !<\/em><\/p>\n\t\t<\/div>\r\n\t\t\t\t<\/a>\r\n\t        \r\n<\/div>\r\n<\/div><\/div><\/div><\/div><div id=\"pgc-18926-1-3\"  class=\"panel-grid-cell\" ><div id=\"panel-18926-1-3-0\" class=\"so-panel widget widget_encart-text-img-link panel-first-child panel-last-child\" data-index=\"4\" ><div class=\"panel-widget-style panel-widget-style-for-18926-1-3-0\" ><div\n\t\t\t\n\t\t\tclass=\"so-widget-encart-text-img-link so-widget-encart-text-img-link-base\"\n\t\t\t\n\t\t><div class=\"etil-block-container nc-widget-nc-encart-text-img-link-tpl-default\">\r\n\t\t\t<a href=\"https:\/\/www.sunshinehabitat.com\/fr\/phototheque\/chalets-fabre\/saison-2025\/modeles-otzarreta\/\" class=\"etil-block-link\" title=\"\">\r\n\t\t\t\t<div class=\"etil-img\"><img decoding=\"async\" src=\"https:\/\/www.sunshinehabitat.com\/wp-content\/uploads\/2024\/04\/DSC0076-e1712843606138.jpg\" alt=\"\" \/><\/div>\r\n\t\t<div class=\"etil-block-text\">\r\n\t\t\t<p style=\"text-align: center\"><span style=\"font-size: 32px\"><strong>Otzarreta<\/strong><\/span><\/p>\n<p style=\"text-align: center\"><em>L'\u00e9quilibre entre Espace &amp; Harmonie<\/em><\/p>\n\t\t<\/div>\r\n\t\t\t\t<\/a>\r\n\t        \r\n<\/div>\r\n<\/div><\/div><\/div><\/div><\/div><\/div><\/div>","protected":false},"excerpt":{"rendered":"<p>Choisissez la physionomie de mod\u00e8les que vous souhaitez &#8230;<\/p>\n","protected":false},"author":3,"featured_media":0,"parent":18915,"menu_order":192,"comment_status":"closed","ping_status":"closed","template":"","meta":{"inline_featured_image":false,"footnotes":""},"class_list":["post-18926","page","type-page","status-publish","hentry"],"yoast_head":"<!-- This site is optimized with the Yoast SEO plugin v27.3 - https:\/\/yoast.com\/product\/yoast-seo-wordpress\/ -->\n<title>Chalets Fabre - Saison 2025 - Phototh\u00e8que - Sunshine Habitat<\/title>\n<meta name=\"robots\" content=\"index, follow, max-snippet:-1, max-image-preview:large, max-video-preview:-1\" \/>\n<link rel=\"canonical\" href=\"https:\/\/www.sunshine-habitat.com\/fr\/phototheque\/chalets-fabre\/saison-2025\/\" \/>\n<meta property=\"og:locale\" content=\"fr_FR\" \/>\n<meta property=\"og:type\" content=\"article\" \/>\n<meta property=\"og:title\" content=\"Chalets Fabre - Saison 2025 - Phototh\u00e8que - Sunshine Habitat\" \/>\n<meta property=\"og:description\" content=\"Choisissez la physionomie de mod\u00e8les que vous souhaitez ...\" \/>\n<meta property=\"og:url\" content=\"https:\/\/www.sunshine-habitat.com\/fr\/phototheque\/chalets-fabre\/saison-2025\/\" \/>\n<meta property=\"og:site_name\" content=\"Sunshine Habitat\" \/>\n<meta property=\"article:modified_time\" content=\"2024-05-16T13:39:23+00:00\" \/>\n<meta name=\"twitter:card\" content=\"summary_large_image\" \/>\n<script type=\"application\/ld+json\" class=\"yoast-schema-graph\">{\"@context\":\"https:\\\/\\\/schema.org\",\"@graph\":[{\"@type\":\"WebPage\",\"@id\":\"https:\\\/\\\/www.sunshine-habitat.com\\\/fr\\\/phototheque\\\/chalets-fabre\\\/saison-2025\\\/\",\"url\":\"https:\\\/\\\/www.sunshine-habitat.com\\\/fr\\\/phototheque\\\/chalets-fabre\\\/saison-2025\\\/\",\"name\":\"Chalets Fabre - Saison 2025 - Phototh\u00e8que - Sunshine Habitat\",\"isPartOf\":{\"@id\":\"https:\\\/\\\/www.sunshine-habitat.com\\\/fr\\\/#website\"},\"datePublished\":\"2024-05-16T12:12:31+00:00\",\"dateModified\":\"2024-05-16T13:39:23+00:00\",\"breadcrumb\":{\"@id\":\"https:\\\/\\\/www.sunshine-habitat.com\\\/fr\\\/phototheque\\\/chalets-fabre\\\/saison-2025\\\/#breadcrumb\"},\"inLanguage\":\"fr-FR\",\"potentialAction\":[{\"@type\":\"ReadAction\",\"target\":[\"https:\\\/\\\/www.sunshine-habitat.com\\\/fr\\\/phototheque\\\/chalets-fabre\\\/saison-2025\\\/\"]}]},{\"@type\":\"BreadcrumbList\",\"@id\":\"https:\\\/\\\/www.sunshine-habitat.com\\\/fr\\\/phototheque\\\/chalets-fabre\\\/saison-2025\\\/#breadcrumb\",\"itemListElement\":[{\"@type\":\"ListItem\",\"position\":1,\"name\":\"Accueil\",\"item\":\"https:\\\/\\\/www.sunshine-habitat.com\\\/fr\\\/\"},{\"@type\":\"ListItem\",\"position\":2,\"name\":\"Phototh\u00e8que\",\"item\":\"https:\\\/\\\/www.sunshine-habitat.com\\\/fr\\\/phototheque\\\/\"},{\"@type\":\"ListItem\",\"position\":3,\"name\":\"Chalets Fabre &#8211; Phototh\u00e8que\",\"item\":\"https:\\\/\\\/www.sunshine-habitat.com\\\/fr\\\/phototheque\\\/chalets-fabre\\\/\"},{\"@type\":\"ListItem\",\"position\":4,\"name\":\"Chalets Fabre &#8211; Saison 2025 &#8211; Phototh\u00e8que\"}]},{\"@type\":\"WebSite\",\"@id\":\"https:\\\/\\\/www.sunshine-habitat.com\\\/fr\\\/#website\",\"url\":\"https:\\\/\\\/www.sunshine-habitat.com\\\/fr\\\/\",\"name\":\"Sunshine Habitat\",\"description\":\"\",\"publisher\":{\"@id\":\"https:\\\/\\\/www.sunshine-habitat.com\\\/fr\\\/#organization\"},\"potentialAction\":[{\"@type\":\"SearchAction\",\"target\":{\"@type\":\"EntryPoint\",\"urlTemplate\":\"https:\\\/\\\/www.sunshine-habitat.com\\\/fr\\\/?s={search_term_string}\"},\"query-input\":{\"@type\":\"PropertyValueSpecification\",\"valueRequired\":true,\"valueName\":\"search_term_string\"}}],\"inLanguage\":\"fr-FR\"},{\"@type\":\"Organization\",\"@id\":\"https:\\\/\\\/www.sunshine-habitat.com\\\/fr\\\/#organization\",\"name\":\"Sunshine Habitat\",\"url\":\"https:\\\/\\\/www.sunshine-habitat.com\\\/fr\\\/\",\"logo\":{\"@type\":\"ImageObject\",\"inLanguage\":\"fr-FR\",\"@id\":\"https:\\\/\\\/www.sunshine-habitat.com\\\/fr\\\/#\\\/schema\\\/logo\\\/image\\\/\",\"url\":\"https:\\\/\\\/www.sunshine-habitat.com\\\/wp-content\\\/uploads\\\/2021\\\/05\\\/logo.png\",\"contentUrl\":\"https:\\\/\\\/www.sunshine-habitat.com\\\/wp-content\\\/uploads\\\/2021\\\/05\\\/logo.png\",\"width\":192,\"height\":250,\"caption\":\"Sunshine Habitat\"},\"image\":{\"@id\":\"https:\\\/\\\/www.sunshine-habitat.com\\\/fr\\\/#\\\/schema\\\/logo\\\/image\\\/\"}}]}<\/script>\n<!-- \/ Yoast SEO plugin. -->","yoast_head_json":{"title":"Chalets Fabre - Saison 2025 - Phototh\u00e8que - Sunshine Habitat","robots":{"index":"index","follow":"follow","max-snippet":"max-snippet:-1","max-image-preview":"max-image-preview:large","max-video-preview":"max-video-preview:-1"},"canonical":"https:\/\/www.sunshine-habitat.com\/fr\/phototheque\/chalets-fabre\/saison-2025\/","og_locale":"fr_FR","og_type":"article","og_title":"Chalets Fabre - Saison 2025 - Phototh\u00e8que - Sunshine Habitat","og_description":"Choisissez la physionomie de mod\u00e8les que vous souhaitez ...","og_url":"https:\/\/www.sunshine-habitat.com\/fr\/phototheque\/chalets-fabre\/saison-2025\/","og_site_name":"Sunshine Habitat","article_modified_time":"2024-05-16T13:39:23+00:00","twitter_card":"summary_large_image","schema":{"@context":"https:\/\/schema.org","@graph":[{"@type":"WebPage","@id":"https:\/\/www.sunshine-habitat.com\/fr\/phototheque\/chalets-fabre\/saison-2025\/","url":"https:\/\/www.sunshine-habitat.com\/fr\/phototheque\/chalets-fabre\/saison-2025\/","name":"Chalets Fabre - Saison 2025 - Phototh\u00e8que - Sunshine Habitat","isPartOf":{"@id":"https:\/\/www.sunshine-habitat.com\/fr\/#website"},"datePublished":"2024-05-16T12:12:31+00:00","dateModified":"2024-05-16T13:39:23+00:00","breadcrumb":{"@id":"https:\/\/www.sunshine-habitat.com\/fr\/phototheque\/chalets-fabre\/saison-2025\/#breadcrumb"},"inLanguage":"fr-FR","potentialAction":[{"@type":"ReadAction","target":["https:\/\/www.sunshine-habitat.com\/fr\/phototheque\/chalets-fabre\/saison-2025\/"]}]},{"@type":"BreadcrumbList","@id":"https:\/\/www.sunshine-habitat.com\/fr\/phototheque\/chalets-fabre\/saison-2025\/#breadcrumb","itemListElement":[{"@type":"ListItem","position":1,"name":"Accueil","item":"https:\/\/www.sunshine-habitat.com\/fr\/"},{"@type":"ListItem","position":2,"name":"Phototh\u00e8que","item":"https:\/\/www.sunshine-habitat.com\/fr\/phototheque\/"},{"@type":"ListItem","position":3,"name":"Chalets Fabre &#8211; Phototh\u00e8que","item":"https:\/\/www.sunshine-habitat.com\/fr\/phototheque\/chalets-fabre\/"},{"@type":"ListItem","position":4,"name":"Chalets Fabre &#8211; Saison 2025 &#8211; Phototh\u00e8que"}]},{"@type":"WebSite","@id":"https:\/\/www.sunshine-habitat.com\/fr\/#website","url":"https:\/\/www.sunshine-habitat.com\/fr\/","name":"Sunshine Habitat","description":"","publisher":{"@id":"https:\/\/www.sunshine-habitat.com\/fr\/#organization"},"potentialAction":[{"@type":"SearchAction","target":{"@type":"EntryPoint","urlTemplate":"https:\/\/www.sunshine-habitat.com\/fr\/?s={search_term_string}"},"query-input":{"@type":"PropertyValueSpecification","valueRequired":true,"valueName":"search_term_string"}}],"inLanguage":"fr-FR"},{"@type":"Organization","@id":"https:\/\/www.sunshine-habitat.com\/fr\/#organization","name":"Sunshine Habitat","url":"https:\/\/www.sunshine-habitat.com\/fr\/","logo":{"@type":"ImageObject","inLanguage":"fr-FR","@id":"https:\/\/www.sunshine-habitat.com\/fr\/#\/schema\/logo\/image\/","url":"https:\/\/www.sunshine-habitat.com\/wp-content\/uploads\/2021\/05\/logo.png","contentUrl":"https:\/\/www.sunshine-habitat.com\/wp-content\/uploads\/2021\/05\/logo.png","width":192,"height":250,"caption":"Sunshine Habitat"},"image":{"@id":"https:\/\/www.sunshine-habitat.com\/fr\/#\/schema\/logo\/image\/"}}]}},"_links":{"self":[{"href":"https:\/\/www.sunshinehabitat.com\/fr\/wp-json\/wp\/v2\/pages\/18926","targetHints":{"allow":["GET"]}}],"collection":[{"href":"https:\/\/www.sunshinehabitat.com\/fr\/wp-json\/wp\/v2\/pages"}],"about":[{"href":"https:\/\/www.sunshinehabitat.com\/fr\/wp-json\/wp\/v2\/types\/page"}],"author":[{"embeddable":true,"href":"https:\/\/www.sunshinehabitat.com\/fr\/wp-json\/wp\/v2\/users\/3"}],"replies":[{"embeddable":true,"href":"https:\/\/www.sunshinehabitat.com\/fr\/wp-json\/wp\/v2\/comments?post=18926"}],"version-history":[{"count":5,"href":"https:\/\/www.sunshinehabitat.com\/fr\/wp-json\/wp\/v2\/pages\/18926\/revisions"}],"predecessor-version":[{"id":19902,"href":"https:\/\/www.sunshinehabitat.com\/fr\/wp-json\/wp\/v2\/pages\/18926\/revisions\/19902"}],"up":[{"embeddable":true,"href":"https:\/\/www.sunshinehabitat.com\/fr\/wp-json\/wp\/v2\/pages\/18915"}],"wp:attachment":[{"href":"https:\/\/www.sunshinehabitat.com\/fr\/wp-json\/wp\/v2\/media?parent=18926"}],"curies":[{"name":"wp","href":"https:\/\/api.w.org\/{rel}","templated":true}]}}