{"id":18953,"date":"2024-05-16T14:43:01","date_gmt":"2024-05-16T12:43:01","guid":{"rendered":"https:\/\/www.sunshine-habitat.com\/?page_id=18953"},"modified":"2024-05-16T15:41:32","modified_gmt":"2024-05-16T13:41:32","slug":"modeles-belouve","status":"publish","type":"page","link":"https:\/\/www.sunshinehabitat.com\/fr\/phototheque\/chalets-fabre\/saison-2025\/modeles-belouve\/","title":{"rendered":"Mod\u00e8les B\u00e9louve &#8211; Phototh\u00e8que"},"content":{"rendered":"<div id=\"pl-18953\"  class=\"panel-layout\" ><div id=\"pg-18953-0\"  class=\"panel-grid panel-no-style\" ><div id=\"pgc-18953-0-0\"  class=\"panel-grid-cell\" ><div id=\"panel-18953-0-0-0\" class=\"so-panel widget widget_sow-editor panel-first-child panel-last-child\" data-index=\"0\" ><div\n\t\t\t\n\t\t\tclass=\"so-widget-sow-editor so-widget-sow-editor-base\"\n\t\t\t\n\t\t>\n<div class=\"siteorigin-widget-tinymce textwidget\">\n\t<p style=\"text-align: center;\"><span style=\"font-size: 32px;\">Bienvenue sur la phototh\u00e8que des Mod\u00e8les B\u00e9louve<\/span><\/p>\n<p style=\"text-align: center;\"><div class=\"gmedia_gallery amron_module is_bot\" id=\"GmediaGallery_226\" data-gmid=\"226\" data-module=\"amron\"><script type=\"text\/javascript\">\n\t(function() {\n\t\tthis['GmediaGallery_226'] = {\n\t\t\t'settings':{\"collectionThumbRecomendedWidth\":\"260\",\"collectionPreloaderColor\":\"333333\",\"linkTargetWindow\":\"_blank\",\"thumbSpacing\":\"10\",\"tagsFilter\":\"1\",\"tagCloudAll\":\"All\",\"tagCloudTextColor\":\"rgba(0, 0, 0, 1)\",\"tagCloudTextColorOver\":\"rgba(255,255, 255, 1)\",\"tagCloudBgColor\":\"rgba(211, 211, 211, 1)\",\"tagCloudBgColorOver\":\"rgba(11, 11, 11, 1)\",\"collectionThumbHoverColor\":\"rgba(0, 0, 0, .7)\",\"collectionThumbContentBGColor\":\"rgba(245,245,245,1)\",\"collectionThumbTitleShow\":\"1\",\"collectionThumbTitleColor\":\"rgba(0,0,0,1)\",\"collectionThumbFontSize\":\"18\",\"collectionThumbDescriptionShow\":\"1\",\"collectionThumbDescriptionColor\":\"rgba(0,0,0,1)\",\"collectionThumbDescriptionFontSize\":\"15\",\"collectionReadMoreButtonLabel\":\"Read More\",\"collectionReadMoreButtonLabelColor\":\"rgba(255, 255, 255, 1)\",\"collectionReadMoreButtonBGColor\":\"rgba(0, 0, 0, 1)\",\"collectionReadMoreButtonLabelColorHover\":\"rgba(0, 0, 0, 1)\",\"collectionReadMoreButtonBGColorHover\":\"rgba(235,235,235,1)\",\"modaBgColor\":\"rgba(0,0,0,0.9)\",\"modalInfoBoxBgColor\":\"rgba(255,255,255,1)\",\"modalInfoBoxTitleTextColor\":\"000000\",\"modalInfoBoxTextColor\":\"333333\",\"infoBarCountersEnable\":\"1\",\"infoBarDateInfoEnable\":\"1\",\"lightBoxEnable\":\"1\",\"sliderPreloaderColor\":\"ffffff\",\"sliderBgColor\":\"rgba(0,0,0,0.8)\",\"sliderHeaderFooterBgColor\":\"000000\",\"sliderNavigationColor\":\"rgba(0,0,0,1)\",\"sliderNavigationIconColor\":\"rgba(255,255,255,1)\",\"sliderNavigationColorOver\":\"rgba(255,255,255,1)\",\"sliderNavigationIconColorOver\":\"rgba(0,0,0,1)\",\"sliderItemTitleFontSize\":\"24\",\"sliderItemTitleTextColor\":\"ffffff\",\"sliderThumbBarEnable\":\"0\",\"sliderThumbBarHoverColor\":\"ffffff\",\"sliderThumbSubMenuBackgroundColor\":\"rgba(0,0,0,1)\",\"sliderThumbSubMenuBackgroundColorOver\":\"rgba(255,255,255,1)\",\"sliderThumbSubMenuIconColor\":\"rgba(255,255,255,1)\",\"sliderThumbSubMenuIconHoverColor\":\"rgba(0,0,0,1)\",\"sliderInfoEnable\":\"1\",\"sliderItemDownload\":\"1\",\"sliderItemDiscuss\":\"1\",\"sliderSocialShareEnabled\":\"1\",\"sliderLikesEnabled\":\"1\",\"customCSS\":\"\",\"module_url\":\"https:\\\/\\\/www.sunshinehabitat.com\\\/wp-content\\\/plugins\\\/grand-media\\\/module\\\/amron\",\"license\":\"4067:1sl-6b31-4abd-529d\",\"post_url\":\"https:\\\/\\\/www.sunshinehabitat.com\\\/fr\\\/wp-json\\\/wp\\\/v2\\\/pages\\\/18953\\\/\"},\n\t\t\t'appQuery':{\"orderby\":\"ID\",\"order\":\"DESC\",\"album__in\":\"226\",\"status\":[\"publish\"]},\n\t\t\t'appApi':\"https:\\\/\\\/www.sunshinehabitat.com\\\/fr\\\/?gmedia-app=1&gmappversion=4&gmmodule=1\",\n\t\t\t'appInfo':{\"name\":\"Mod\\u00e8les B\\u00e9louve 2025\",\"description\":\"\"}};\n\t})();\n<\/script>\n<\/div><\/p>\n<p><a class=\"btn\" href=\"https:\/\/www.sunshine-habitat.com\/phototheque\/sunshine-chalets-phototheque\/\">&lt; RETOUR vers la phototh\u00e8que sunshine CHALETS<\/a><\/p>\n<\/div>\n<\/div><\/div><\/div><\/div><\/div>","protected":false},"excerpt":{"rendered":"<p>Bienvenue sur la phototh\u00e8que des Mod\u00e8les B\u00e9louve &lt; RETOUR vers la phototh\u00e8que sunshine CHALETS<\/p>\n","protected":false},"author":3,"featured_media":0,"parent":18926,"menu_order":143,"comment_status":"closed","ping_status":"closed","template":"","meta":{"inline_featured_image":false,"footnotes":""},"class_list":["post-18953","page","type-page","status-publish","hentry"],"yoast_head":"<!-- This site is optimized with the Yoast SEO plugin v27.3 - https:\/\/yoast.com\/product\/yoast-seo-wordpress\/ -->\n<title>Mod\u00e8les B\u00e9louve - Phototh\u00e8que - Sunshine Habitat<\/title>\n<meta name=\"robots\" content=\"index, follow, max-snippet:-1, max-image-preview:large, max-video-preview:-1\" \/>\n<link rel=\"canonical\" href=\"https:\/\/www.sunshine-habitat.com\/fr\/phototheque\/chalets-fabre\/saison-2025\/modeles-belouve\/\" \/>\n<meta property=\"og:locale\" content=\"fr_FR\" \/>\n<meta property=\"og:type\" content=\"article\" \/>\n<meta property=\"og:title\" content=\"Mod\u00e8les B\u00e9louve - Phototh\u00e8que - Sunshine Habitat\" \/>\n<meta property=\"og:description\" content=\"Bienvenue sur la phototh\u00e8que des Mod\u00e8les B\u00e9louve &lt; RETOUR vers la phototh\u00e8que sunshine CHALETS\" \/>\n<meta property=\"og:url\" content=\"https:\/\/www.sunshine-habitat.com\/fr\/phototheque\/chalets-fabre\/saison-2025\/modeles-belouve\/\" \/>\n<meta property=\"og:site_name\" content=\"Sunshine Habitat\" \/>\n<meta property=\"article:modified_time\" content=\"2024-05-16T13:41:32+00:00\" \/>\n<meta name=\"twitter:card\" content=\"summary_large_image\" \/>\n<script type=\"application\/ld+json\" class=\"yoast-schema-graph\">{\"@context\":\"https:\\\/\\\/schema.org\",\"@graph\":[{\"@type\":\"WebPage\",\"@id\":\"https:\\\/\\\/www.sunshine-habitat.com\\\/fr\\\/phototheque\\\/chalets-fabre\\\/saison-2025\\\/modeles-belouve\\\/\",\"url\":\"https:\\\/\\\/www.sunshine-habitat.com\\\/fr\\\/phototheque\\\/chalets-fabre\\\/saison-2025\\\/modeles-belouve\\\/\",\"name\":\"Mod\u00e8les B\u00e9louve - Phototh\u00e8que - Sunshine Habitat\",\"isPartOf\":{\"@id\":\"https:\\\/\\\/www.sunshine-habitat.com\\\/fr\\\/#website\"},\"datePublished\":\"2024-05-16T12:43:01+00:00\",\"dateModified\":\"2024-05-16T13:41:32+00:00\",\"breadcrumb\":{\"@id\":\"https:\\\/\\\/www.sunshine-habitat.com\\\/fr\\\/phototheque\\\/chalets-fabre\\\/saison-2025\\\/modeles-belouve\\\/#breadcrumb\"},\"inLanguage\":\"fr-FR\",\"potentialAction\":[{\"@type\":\"ReadAction\",\"target\":[\"https:\\\/\\\/www.sunshine-habitat.com\\\/fr\\\/phototheque\\\/chalets-fabre\\\/saison-2025\\\/modeles-belouve\\\/\"]}]},{\"@type\":\"BreadcrumbList\",\"@id\":\"https:\\\/\\\/www.sunshine-habitat.com\\\/fr\\\/phototheque\\\/chalets-fabre\\\/saison-2025\\\/modeles-belouve\\\/#breadcrumb\",\"itemListElement\":[{\"@type\":\"ListItem\",\"position\":1,\"name\":\"Accueil\",\"item\":\"https:\\\/\\\/www.sunshine-habitat.com\\\/fr\\\/\"},{\"@type\":\"ListItem\",\"position\":2,\"name\":\"Phototh\u00e8que\",\"item\":\"https:\\\/\\\/www.sunshine-habitat.com\\\/fr\\\/phototheque\\\/\"},{\"@type\":\"ListItem\",\"position\":3,\"name\":\"Chalets Fabre &#8211; Phototh\u00e8que\",\"item\":\"https:\\\/\\\/www.sunshine-habitat.com\\\/fr\\\/phototheque\\\/chalets-fabre\\\/\"},{\"@type\":\"ListItem\",\"position\":4,\"name\":\"Chalets Fabre &#8211; Saison 2025 &#8211; Phototh\u00e8que\",\"item\":\"https:\\\/\\\/www.sunshine-habitat.com\\\/fr\\\/phototheque\\\/chalets-fabre\\\/saison-2025\\\/\"},{\"@type\":\"ListItem\",\"position\":5,\"name\":\"Mod\u00e8les B\u00e9louve &#8211; Phototh\u00e8que\"}]},{\"@type\":\"WebSite\",\"@id\":\"https:\\\/\\\/www.sunshine-habitat.com\\\/fr\\\/#website\",\"url\":\"https:\\\/\\\/www.sunshine-habitat.com\\\/fr\\\/\",\"name\":\"Sunshine Habitat\",\"description\":\"\",\"publisher\":{\"@id\":\"https:\\\/\\\/www.sunshine-habitat.com\\\/fr\\\/#organization\"},\"potentialAction\":[{\"@type\":\"SearchAction\",\"target\":{\"@type\":\"EntryPoint\",\"urlTemplate\":\"https:\\\/\\\/www.sunshine-habitat.com\\\/fr\\\/?s={search_term_string}\"},\"query-input\":{\"@type\":\"PropertyValueSpecification\",\"valueRequired\":true,\"valueName\":\"search_term_string\"}}],\"inLanguage\":\"fr-FR\"},{\"@type\":\"Organization\",\"@id\":\"https:\\\/\\\/www.sunshine-habitat.com\\\/fr\\\/#organization\",\"name\":\"Sunshine Habitat\",\"url\":\"https:\\\/\\\/www.sunshine-habitat.com\\\/fr\\\/\",\"logo\":{\"@type\":\"ImageObject\",\"inLanguage\":\"fr-FR\",\"@id\":\"https:\\\/\\\/www.sunshine-habitat.com\\\/fr\\\/#\\\/schema\\\/logo\\\/image\\\/\",\"url\":\"https:\\\/\\\/www.sunshine-habitat.com\\\/wp-content\\\/uploads\\\/2021\\\/05\\\/logo.png\",\"contentUrl\":\"https:\\\/\\\/www.sunshine-habitat.com\\\/wp-content\\\/uploads\\\/2021\\\/05\\\/logo.png\",\"width\":192,\"height\":250,\"caption\":\"Sunshine Habitat\"},\"image\":{\"@id\":\"https:\\\/\\\/www.sunshine-habitat.com\\\/fr\\\/#\\\/schema\\\/logo\\\/image\\\/\"}}]}<\/script>\n<!-- \/ Yoast SEO plugin. -->","yoast_head_json":{"title":"Mod\u00e8les B\u00e9louve - Phototh\u00e8que - Sunshine Habitat","robots":{"index":"index","follow":"follow","max-snippet":"max-snippet:-1","max-image-preview":"max-image-preview:large","max-video-preview":"max-video-preview:-1"},"canonical":"https:\/\/www.sunshine-habitat.com\/fr\/phototheque\/chalets-fabre\/saison-2025\/modeles-belouve\/","og_locale":"fr_FR","og_type":"article","og_title":"Mod\u00e8les B\u00e9louve - Phototh\u00e8que - Sunshine Habitat","og_description":"Bienvenue sur la phototh\u00e8que des Mod\u00e8les B\u00e9louve &lt; RETOUR vers la phototh\u00e8que sunshine CHALETS","og_url":"https:\/\/www.sunshine-habitat.com\/fr\/phototheque\/chalets-fabre\/saison-2025\/modeles-belouve\/","og_site_name":"Sunshine Habitat","article_modified_time":"2024-05-16T13:41:32+00:00","twitter_card":"summary_large_image","schema":{"@context":"https:\/\/schema.org","@graph":[{"@type":"WebPage","@id":"https:\/\/www.sunshine-habitat.com\/fr\/phototheque\/chalets-fabre\/saison-2025\/modeles-belouve\/","url":"https:\/\/www.sunshine-habitat.com\/fr\/phototheque\/chalets-fabre\/saison-2025\/modeles-belouve\/","name":"Mod\u00e8les B\u00e9louve - Phototh\u00e8que - Sunshine Habitat","isPartOf":{"@id":"https:\/\/www.sunshine-habitat.com\/fr\/#website"},"datePublished":"2024-05-16T12:43:01+00:00","dateModified":"2024-05-16T13:41:32+00:00","breadcrumb":{"@id":"https:\/\/www.sunshine-habitat.com\/fr\/phototheque\/chalets-fabre\/saison-2025\/modeles-belouve\/#breadcrumb"},"inLanguage":"fr-FR","potentialAction":[{"@type":"ReadAction","target":["https:\/\/www.sunshine-habitat.com\/fr\/phototheque\/chalets-fabre\/saison-2025\/modeles-belouve\/"]}]},{"@type":"BreadcrumbList","@id":"https:\/\/www.sunshine-habitat.com\/fr\/phototheque\/chalets-fabre\/saison-2025\/modeles-belouve\/#breadcrumb","itemListElement":[{"@type":"ListItem","position":1,"name":"Accueil","item":"https:\/\/www.sunshine-habitat.com\/fr\/"},{"@type":"ListItem","position":2,"name":"Phototh\u00e8que","item":"https:\/\/www.sunshine-habitat.com\/fr\/phototheque\/"},{"@type":"ListItem","position":3,"name":"Chalets Fabre &#8211; Phototh\u00e8que","item":"https:\/\/www.sunshine-habitat.com\/fr\/phototheque\/chalets-fabre\/"},{"@type":"ListItem","position":4,"name":"Chalets Fabre &#8211; Saison 2025 &#8211; Phototh\u00e8que","item":"https:\/\/www.sunshine-habitat.com\/fr\/phototheque\/chalets-fabre\/saison-2025\/"},{"@type":"ListItem","position":5,"name":"Mod\u00e8les B\u00e9louve &#8211; Phototh\u00e8que"}]},{"@type":"WebSite","@id":"https:\/\/www.sunshine-habitat.com\/fr\/#website","url":"https:\/\/www.sunshine-habitat.com\/fr\/","name":"Sunshine Habitat","description":"","publisher":{"@id":"https:\/\/www.sunshine-habitat.com\/fr\/#organization"},"potentialAction":[{"@type":"SearchAction","target":{"@type":"EntryPoint","urlTemplate":"https:\/\/www.sunshine-habitat.com\/fr\/?s={search_term_string}"},"query-input":{"@type":"PropertyValueSpecification","valueRequired":true,"valueName":"search_term_string"}}],"inLanguage":"fr-FR"},{"@type":"Organization","@id":"https:\/\/www.sunshine-habitat.com\/fr\/#organization","name":"Sunshine Habitat","url":"https:\/\/www.sunshine-habitat.com\/fr\/","logo":{"@type":"ImageObject","inLanguage":"fr-FR","@id":"https:\/\/www.sunshine-habitat.com\/fr\/#\/schema\/logo\/image\/","url":"https:\/\/www.sunshine-habitat.com\/wp-content\/uploads\/2021\/05\/logo.png","contentUrl":"https:\/\/www.sunshine-habitat.com\/wp-content\/uploads\/2021\/05\/logo.png","width":192,"height":250,"caption":"Sunshine Habitat"},"image":{"@id":"https:\/\/www.sunshine-habitat.com\/fr\/#\/schema\/logo\/image\/"}}]}},"_links":{"self":[{"href":"https:\/\/www.sunshinehabitat.com\/fr\/wp-json\/wp\/v2\/pages\/18953","targetHints":{"allow":["GET"]}}],"collection":[{"href":"https:\/\/www.sunshinehabitat.com\/fr\/wp-json\/wp\/v2\/pages"}],"about":[{"href":"https:\/\/www.sunshinehabitat.com\/fr\/wp-json\/wp\/v2\/types\/page"}],"author":[{"embeddable":true,"href":"https:\/\/www.sunshinehabitat.com\/fr\/wp-json\/wp\/v2\/users\/3"}],"replies":[{"embeddable":true,"href":"https:\/\/www.sunshinehabitat.com\/fr\/wp-json\/wp\/v2\/comments?post=18953"}],"version-history":[{"count":3,"href":"https:\/\/www.sunshinehabitat.com\/fr\/wp-json\/wp\/v2\/pages\/18953\/revisions"}],"predecessor-version":[{"id":19881,"href":"https:\/\/www.sunshinehabitat.com\/fr\/wp-json\/wp\/v2\/pages\/18953\/revisions\/19881"}],"up":[{"embeddable":true,"href":"https:\/\/www.sunshinehabitat.com\/fr\/wp-json\/wp\/v2\/pages\/18926"}],"wp:attachment":[{"href":"https:\/\/www.sunshinehabitat.com\/fr\/wp-json\/wp\/v2\/media?parent=18953"}],"curies":[{"name":"wp","href":"https:\/\/api.w.org\/{rel}","templated":true}]}}