{"id":22579,"date":"2025-06-16T14:54:26","date_gmt":"2025-06-16T12:54:26","guid":{"rendered":"https:\/\/www.sunshine-habitat.com\/?page_id=22579"},"modified":"2025-07-25T16:55:38","modified_gmt":"2025-07-25T14:55:38","slug":"offre-de-collectivite","status":"publish","type":"page","link":"https:\/\/www.sunshinehabitat.com\/fr\/offre-de-collectivite\/","title":{"rendered":"Offre collectivit\u00e9s"},"content":{"rendered":"<div id=\"pl-22579\"  class=\"panel-layout\" ><div id=\"pg-22579-0\"  class=\"panel-grid panel-no-style\" ><div id=\"pgc-22579-0-0\"  class=\"panel-grid-cell\" ><div id=\"panel-22579-0-0-0\" class=\"so-panel widget widget_sow-editor panel-first-child panel-last-child\" data-index=\"0\" ><div\n\t\t\t\n\t\t\tclass=\"so-widget-sow-editor so-widget-sow-editor-base\"\n\t\t\t\n\t\t>\n<div class=\"siteorigin-widget-tinymce textwidget\">\n\t<p style=\"text-align: center;\" data-start=\"124\" data-end=\"190\"><span style=\"font-size: 24px;\"><strong data-start=\"124\" data-end=\"190\">Depuis plus de 50 ans, un savoir-faire d\u00e9di\u00e9 aux collectivit\u00e9s<\/strong><\/span><\/p>\n<p data-start=\"192\" data-end=\"419\"><span style=\"font-size: 18px;\">Lodges CIAT accompagne les mairies, associations, comit\u00e9s d\u2019entreprise et autres structures dans l\u2019organisation de leurs \u00e9v\u00e9nements gr\u00e2ce \u00e0 son expertise reconnue dans la fabrication de tentes et structures d\u2019accueil toil\u00e9es.<\/span><\/p>\n<p data-start=\"423\" data-end=\"625\"><span style=\"font-size: 18px;\">La qualit\u00e9 des mat\u00e9riaux, le soin apport\u00e9 \u00e0 chaque d\u00e9tail de fabrication, la fiabilit\u00e9 du suivi et de l\u2019entretien, ainsi qu\u2019un service client \u00e0 l\u2019\u00e9coute font de Lodges CIAT un partenaire de confiance.<\/span><\/p>\n<p data-start=\"627\" data-end=\"784\"><span style=\"font-size: 18px;\">Notre production, int\u00e9gralement r\u00e9alis\u00e9e sur notre site certifi\u00e9 ISO 14001 \u00e0 Maz\u00e8res, garantit un engagement fort en mati\u00e8re de qualit\u00e9 et d\u2019environnement.<\/span><\/p>\n<p style=\"text-align: center;\" data-start=\"786\" data-end=\"852\"><span style=\"font-size: 24px;\"><em><strong data-start=\"786\" data-end=\"852\">Lodges CIAT, le sp\u00e9cialiste des tentes pour les collectivit\u00e9s<\/strong><\/em><\/span><\/p>\n<\/div>\n<\/div><\/div><\/div><\/div><div id=\"pg-22579-1\"  class=\"panel-grid panel-has-style ouvrir_lien_nouvelle_onglet-nc-wrap\" ><div class=\"ouvrir_lien_nouvelle_onglet panel-row-style panel-row-style-for-22579-1\" ><div id=\"pgc-22579-1-0\"  class=\"panel-grid-cell\" ><div id=\"panel-22579-1-0-0\" class=\"so-panel widget widget_encart-text-img-link panel-first-child panel-last-child\" data-index=\"1\" ><div\n\t\t\t\n\t\t\tclass=\"so-widget-encart-text-img-link so-widget-encart-text-img-link-base\"\n\t\t\t\n\t\t><div class=\"etil-block-container nc-widget-nc-encart-text-img-link-tpl-default\">\r\n\t\t\t<a href=\"https:\/\/www.sunshine-habitat.com\/wp-content\/uploads\/2025\/06\/FP-FESTIVAL_A4-BD-1.pdf\" class=\"etil-block-link\" title=\"TENTES DE R\u00c9CEPTION FESTIVAL - Lodges CIAT\">\r\n\t\t\t\t<div class=\"etil-img\"><img decoding=\"async\" src=\"https:\/\/www.sunshinehabitat.com\/wp-content\/uploads\/2025\/06\/FESTIVAL_Firefly-20250605152836REVUpelouse-1.jpg\" alt=\"\" \/><\/div>\r\n\t\t<div class=\"etil-block-text\">\r\n\t\t\t<p style=\"text-align: center\"><span class=\"h3-like\">TENTES DE R\u00c9CEPTION<br \/>\n<strong>FESTIVAL<\/strong><\/span><\/p>\n<p><span style=\"font-size: 24px\"><i>Polyvalente<\/i><\/span><\/p>\n<p>La tente de r\u00e9ception Festival est la solution parfaite <strong>pour une grande vari\u00e9t\u00e9 d\u2019activit\u00e9s<\/strong> : f\u00eates familiales, \u00e9v\u00e8nements associatifs, animations campings, salons plein air ou encore ateliers temporaires \u2026<\/p>\n<p><img decoding=\"async\" class=\"size-full wp-image-22881 alignleft\" src=\"https:\/\/www.sunshine-habitat.com\/wp-content\/uploads\/2025\/06\/icon-1.png\" alt=\"\" width=\"36\" height=\"36\" \/>Largueur : 5m<br \/>\nLongueur : 4m, 8m ou 12m<\/p>\n\t\t<\/div>\r\n\t\t\t\t<\/a>\r\n\t        \r\n<\/div>\r\n<\/div><\/div><\/div><div id=\"pgc-22579-1-1\"  class=\"panel-grid-cell\" ><div id=\"panel-22579-1-1-0\" class=\"so-panel widget widget_encart-text-img-link panel-first-child panel-last-child\" data-index=\"2\" ><div\n\t\t\t\n\t\t\tclass=\"so-widget-encart-text-img-link so-widget-encart-text-img-link-base\"\n\t\t\t\n\t\t><div class=\"etil-block-container nc-widget-nc-encart-text-img-link-tpl-default\">\r\n\t\t\t<a href=\"https:\/\/www.sunshine-habitat.com\/wp-content\/uploads\/2025\/06\/FP-BELVEDERE_A4-BD-1-1.pdf\" class=\"etil-block-link\" title=\"TENTE RECEPTION BELVEDERE - Lodges CIAT\">\r\n\t\t\t\t<div class=\"etil-img\"><img decoding=\"async\" src=\"https:\/\/www.sunshinehabitat.com\/wp-content\/uploads\/2025\/06\/BELVEDERE_Firefly-20250612150545-1.jpg\" alt=\"\" \/><\/div>\r\n\t\t<div class=\"etil-block-text\">\r\n\t\t\t<p style=\"text-align: center\"><span class=\"h3-like\">Tentes de r\u00e9ception<br \/>\n<strong>BELVEDERE<\/strong><\/span><\/p>\n<p><span style=\"font-size: 24px\"><i>Adaptable <\/i><\/span><\/p>\n<p>La tente de r\u00e9ception Belv\u00e9d\u00e8re \u00e0 <strong>tous types d\u2019activit\u00e9s, en courte et longue dur\u00e9e<\/strong>, robuste, spacieuse et confortable, elle est parfaite pour vos r\u00e9ceptions, salons ou installations temporaires.<\/p>\n<p><img decoding=\"async\" class=\"size-thumbnail wp-image-22881 alignleft\" src=\"https:\/\/www.sunshine-habitat.com\/wp-content\/uploads\/2025\/06\/icon-1-36x36.png\" alt=\"\" width=\"36\" height=\"36\" \/>Largueur : 8m<br \/>\nLongueur : 8m, 12m ou 16m<\/p>\n\t\t<\/div>\r\n\t\t\t\t<\/a>\r\n\t        \r\n<\/div>\r\n<\/div><\/div><\/div><\/div><\/div><div id=\"pg-22579-2\"  class=\"panel-grid panel-has-style ouvrir_lien_nouvelle_onglet-nc-wrap\" ><div class=\"ouvrir_lien_nouvelle_onglet panel-row-style panel-row-style-for-22579-2\" ><div id=\"pgc-22579-2-0\"  class=\"panel-grid-cell\" ><div id=\"panel-22579-2-0-0\" class=\"so-panel widget widget_encart-text-img-link panel-first-child panel-last-child\" data-index=\"3\" ><div\n\t\t\t\n\t\t\tclass=\"so-widget-encart-text-img-link so-widget-encart-text-img-link-base\"\n\t\t\t\n\t\t><div class=\"etil-block-container nc-widget-nc-encart-text-img-link-tpl-default\">\r\n\t\t\t<a href=\"https:\/\/www.sunshine-habitat.com\/wp-content\/uploads\/2025\/06\/FP-PRESTIGE_A4-BD-1.pdf\" class=\"etil-block-link\" title=\"TENTE RECEPTION PRESTIGE - Lodges CIAT\">\r\n\t\t\t\t<div class=\"etil-img\"><img decoding=\"async\" src=\"https:\/\/www.sunshinehabitat.com\/wp-content\/uploads\/2025\/06\/PRESTIGE_.jpg\" alt=\"\" \/><\/div>\r\n\t\t<div class=\"etil-block-text\">\r\n\t\t\t<p style=\"text-align: center\"><span class=\"h3-like\">Tentes de r\u00e9ception<br \/>\n<strong>PRESTIGE<\/strong><\/span><\/p>\n<p><span style=\"font-size: 24px\"><i>Modulable<\/i><\/span><\/p>\n<p>La tente de r\u00e9ception Prestige est parfaite <strong>pour les usages en ext\u00e9rieur,<\/strong> que ce soit pour une r\u00e9ception, un atelier temporaire ou une animation en plein air, elle r\u00e9pond avec souplesse aux besoins les plus vari\u00e9s.<\/p>\n<p><img decoding=\"async\" class=\"size-thumbnail wp-image-22881 alignleft\" src=\"https:\/\/www.sunshine-habitat.com\/wp-content\/uploads\/2025\/06\/icon-1-36x36.png\" alt=\"\" width=\"36\" height=\"36\" \/>Largueur : 6m<br \/>\nLongueur : 8m ou 12m<\/p>\n\t\t<\/div>\r\n\t\t\t\t<\/a>\r\n\t        \r\n<\/div>\r\n<\/div><\/div><\/div><div id=\"pgc-22579-2-1\"  class=\"panel-grid-cell\" ><div id=\"panel-22579-2-1-0\" class=\"so-panel widget widget_encart-text-img-link panel-first-child panel-last-child\" data-index=\"4\" ><div\n\t\t\t\n\t\t\tclass=\"so-widget-encart-text-img-link so-widget-encart-text-img-link-base\"\n\t\t\t\n\t\t><div class=\"etil-block-container nc-widget-nc-encart-text-img-link-tpl-default\">\r\n\t\t\t<a href=\"https:\/\/www.sunshine-habitat.com\/wp-content\/uploads\/2025\/06\/FP-PAVILLON_A4-BD-1.pdf\" class=\"etil-block-link\" title=\"Tente de r\u00e9ception PAVILLON - Lodges CIAT\">\r\n\t\t\t\t<div class=\"etil-img\"><img decoding=\"async\" src=\"https:\/\/www.sunshinehabitat.com\/wp-content\/uploads\/2025\/06\/pavilllon_.jpg\" alt=\"\" \/><\/div>\r\n\t\t<div class=\"etil-block-text\">\r\n\t\t\t<p style=\"text-align: center\"><span class=\"h3-like\">PAGODE<br \/>\n<strong>Pavillon<\/strong><\/span><\/p>\n<p><span style=\"font-size: 24px\"><i>Compact<\/i><\/span><\/p>\n<p>La Padoge Pavillon est la solution id\u00e9ale pour organiser <strong>vos \u00e9v\u00e8nements ext\u00e9rieurs avec style et efficacit\u00e9<\/strong>, elle offre un abri esth\u00e9tique et s\u00e9curis\u00e9, tout en s\u2019int\u00e9grant harmonieusement dans tout type d\u2019environnement.<\/p>\n<p><img decoding=\"async\" class=\"size-thumbnail wp-image-22881 alignleft\" src=\"https:\/\/www.sunshine-habitat.com\/wp-content\/uploads\/2025\/06\/icon-1-36x36.png\" alt=\"\" width=\"36\" height=\"36\" \/>Largueur : 4m<br \/>\nLongueur : 4m<\/p>\n\t\t<\/div>\r\n\t\t\t\t<\/a>\r\n\t        \r\n<\/div>\r\n<\/div><\/div><\/div><\/div><\/div><div id=\"pg-22579-3\"  class=\"panel-grid panel-has-style background-bleu-nc-wrap\" ><div class=\"background-bleu siteorigin-panels-stretch panel-row-style panel-row-style-for-22579-3\" data-stretch-type=\"full\" ><div id=\"pgc-22579-3-0\"  class=\"panel-grid-cell\" ><div id=\"panel-22579-3-0-0\" class=\"so-panel widget widget_sow-editor panel-first-child panel-last-child\" data-index=\"5\" ><div class=\"padding-right panel-widget-style panel-widget-style-for-22579-3-0-0\" ><div\n\t\t\t\n\t\t\tclass=\"so-widget-sow-editor so-widget-sow-editor-base\"\n\t\t\t\n\t\t>\n<div class=\"siteorigin-widget-tinymce textwidget\">\n\t<h2>Lodges CIAT,<br \/>\nun partenaire de confiance<\/h2>\n<p style=\"text-align: justify;\">Lodges CIAT consacre son \u00e9nergie \u00e0 b\u00e2tir des relations de partenariat solides et p\u00e9rennes avec ses clients. Accompagner les clients sur le long terme et participer \u00e0 leurs projets \u00e0 travers des produits, des conseils et un service de qualit\u00e9 sont des engagements port\u00e9s au quotidien par les \u00e9quipes de Lodges CIAT.<\/p>\n<p><a class=\"btn btn-gris\" href=\"https:\/\/www.sunshine-habitat.com\/mobil-homes-louisiane\/offre-residentielle\/contact\/\">Contacter un conseiller<\/a> <a class=\"btn btn-blanc\" href=\"https:\/\/www.sunshine-habitat.com\/etre-rappele\/\">Me faire rappeler<\/a><\/p>\n<\/div>\n<\/div><\/div><\/div><\/div><div id=\"pgc-22579-3-1\"  class=\"panel-grid-cell\" ><div id=\"panel-22579-3-1-0\" class=\"so-panel widget widget_nc-side-img panel-first-child panel-last-child\" data-index=\"6\" ><div class=\"panel-widget-style panel-widget-style-for-22579-3-1-0\" ><div\n\t\t\t\n\t\t\tclass=\"so-widget-nc-side-img so-widget-nc-side-img-base\"\n\t\t\t\n\t\t><div class=\"nc-widget-nc-side-img nc-widget-nc-side-img-tpl-default nc-widget-nc-side-img-\" data-sow-id=\"8938111e-095b-4f61-aa58-28681dd41600\">\r\n\t<img decoding=\"async\" class=\"nc-widget-nc-side-img-img\" src=\"https:\/\/www.sunshinehabitat.com\/wp-content\/uploads\/2024\/03\/JL_34_3S_-65-Copie-scaled.jpg\" alt=\"\" \/>\r\n<\/div>\r\n<script>\r\n\tjQuery(document).ready(function($) {\r\n\t\tvar $nc_side_img = $('[data-sow-id=\"8938111e-095b-4f61-aa58-28681dd41600\"]');\r\n\t\tvar $panel = $nc_side_img.closest('[class*=\"siteorigin-panels\"]');\r\n\t\t$panel.addClass('row-full-img-right');\r\n\t});\r\n<\/script><\/div><\/div><\/div><\/div><\/div><\/div><\/div>","protected":false},"excerpt":{"rendered":"<p>Depuis plus de 50 ans, un savoir-faire d\u00e9di\u00e9 aux collectivit\u00e9s Lodges CIAT accompagne les mairies, associations, comit\u00e9s d\u2019entreprise et autres structures dans l\u2019organisation de leurs \u00e9v\u00e9nements gr\u00e2ce \u00e0 son<\/p>\n","protected":false},"author":3,"featured_media":23470,"parent":0,"menu_order":117,"comment_status":"closed","ping_status":"closed","template":"template-page\/page-gamme.php","meta":{"inline_featured_image":false,"footnotes":""},"class_list":["post-22579","page","type-page","status-publish","has-post-thumbnail","hentry"],"yoast_head":"<!-- This site is optimized with the Yoast SEO plugin v27.3 - https:\/\/yoast.com\/product\/yoast-seo-wordpress\/ -->\n<title>Offre collectivit\u00e9s - Sunshine Habitat<\/title>\n<meta name=\"robots\" content=\"index, follow, max-snippet:-1, max-image-preview:large, max-video-preview:-1\" \/>\n<link rel=\"canonical\" href=\"https:\/\/www.sunshine-habitat.com\/fr\/offre-de-collectivite\/\" \/>\n<meta property=\"og:locale\" content=\"fr_FR\" \/>\n<meta property=\"og:type\" content=\"article\" \/>\n<meta property=\"og:title\" content=\"Offre collectivit\u00e9s - Sunshine Habitat\" \/>\n<meta property=\"og:description\" content=\"Depuis plus de 50 ans, un savoir-faire d\u00e9di\u00e9 aux collectivit\u00e9s Lodges CIAT accompagne les mairies, associations, comit\u00e9s d\u2019entreprise et autres structures dans l\u2019organisation de leurs \u00e9v\u00e9nements gr\u00e2ce \u00e0 son\" \/>\n<meta property=\"og:url\" content=\"https:\/\/www.sunshine-habitat.com\/fr\/offre-de-collectivite\/\" \/>\n<meta property=\"og:site_name\" content=\"Sunshine Habitat\" \/>\n<meta property=\"article:modified_time\" content=\"2025-07-25T14:55:38+00:00\" \/>\n<meta property=\"og:image\" content=\"https:\/\/www.sunshine-habitat.com\/wp-content\/uploads\/2025\/07\/SAGANO-SALON.jpg\" \/>\n\t<meta property=\"og:image:width\" content=\"1726\" \/>\n\t<meta property=\"og:image:height\" content=\"1098\" \/>\n\t<meta property=\"og:image:type\" content=\"image\/jpeg\" \/>\n<meta name=\"twitter:card\" content=\"summary_large_image\" \/>\n<script type=\"application\/ld+json\" class=\"yoast-schema-graph\">{\"@context\":\"https:\\\/\\\/schema.org\",\"@graph\":[{\"@type\":\"WebPage\",\"@id\":\"https:\\\/\\\/www.sunshine-habitat.com\\\/fr\\\/offre-de-collectivite\\\/\",\"url\":\"https:\\\/\\\/www.sunshine-habitat.com\\\/fr\\\/offre-de-collectivite\\\/\",\"name\":\"Offre collectivit\u00e9s - Sunshine Habitat\",\"isPartOf\":{\"@id\":\"https:\\\/\\\/www.sunshine-habitat.com\\\/fr\\\/#website\"},\"primaryImageOfPage\":{\"@id\":\"https:\\\/\\\/www.sunshine-habitat.com\\\/fr\\\/offre-de-collectivite\\\/#primaryimage\"},\"image\":{\"@id\":\"https:\\\/\\\/www.sunshine-habitat.com\\\/fr\\\/offre-de-collectivite\\\/#primaryimage\"},\"thumbnailUrl\":\"https:\\\/\\\/www.sunshinehabitat.com\\\/wp-content\\\/uploads\\\/2025\\\/07\\\/SAGANO-SALON.jpg\",\"datePublished\":\"2025-06-16T12:54:26+00:00\",\"dateModified\":\"2025-07-25T14:55:38+00:00\",\"breadcrumb\":{\"@id\":\"https:\\\/\\\/www.sunshine-habitat.com\\\/fr\\\/offre-de-collectivite\\\/#breadcrumb\"},\"inLanguage\":\"fr-FR\",\"potentialAction\":[{\"@type\":\"ReadAction\",\"target\":[\"https:\\\/\\\/www.sunshine-habitat.com\\\/fr\\\/offre-de-collectivite\\\/\"]}]},{\"@type\":\"ImageObject\",\"inLanguage\":\"fr-FR\",\"@id\":\"https:\\\/\\\/www.sunshine-habitat.com\\\/fr\\\/offre-de-collectivite\\\/#primaryimage\",\"url\":\"https:\\\/\\\/www.sunshinehabitat.com\\\/wp-content\\\/uploads\\\/2025\\\/07\\\/SAGANO-SALON.jpg\",\"contentUrl\":\"https:\\\/\\\/www.sunshinehabitat.com\\\/wp-content\\\/uploads\\\/2025\\\/07\\\/SAGANO-SALON.jpg\",\"width\":1726,\"height\":1098},{\"@type\":\"BreadcrumbList\",\"@id\":\"https:\\\/\\\/www.sunshine-habitat.com\\\/fr\\\/offre-de-collectivite\\\/#breadcrumb\",\"itemListElement\":[{\"@type\":\"ListItem\",\"position\":1,\"name\":\"Accueil\",\"item\":\"https:\\\/\\\/www.sunshine-habitat.com\\\/fr\\\/\"},{\"@type\":\"ListItem\",\"position\":2,\"name\":\"Offre collectivit\u00e9s\"}]},{\"@type\":\"WebSite\",\"@id\":\"https:\\\/\\\/www.sunshine-habitat.com\\\/fr\\\/#website\",\"url\":\"https:\\\/\\\/www.sunshine-habitat.com\\\/fr\\\/\",\"name\":\"Sunshine Habitat\",\"description\":\"\",\"publisher\":{\"@id\":\"https:\\\/\\\/www.sunshine-habitat.com\\\/fr\\\/#organization\"},\"potentialAction\":[{\"@type\":\"SearchAction\",\"target\":{\"@type\":\"EntryPoint\",\"urlTemplate\":\"https:\\\/\\\/www.sunshine-habitat.com\\\/fr\\\/?s={search_term_string}\"},\"query-input\":{\"@type\":\"PropertyValueSpecification\",\"valueRequired\":true,\"valueName\":\"search_term_string\"}}],\"inLanguage\":\"fr-FR\"},{\"@type\":\"Organization\",\"@id\":\"https:\\\/\\\/www.sunshine-habitat.com\\\/fr\\\/#organization\",\"name\":\"Sunshine Habitat\",\"url\":\"https:\\\/\\\/www.sunshine-habitat.com\\\/fr\\\/\",\"logo\":{\"@type\":\"ImageObject\",\"inLanguage\":\"fr-FR\",\"@id\":\"https:\\\/\\\/www.sunshine-habitat.com\\\/fr\\\/#\\\/schema\\\/logo\\\/image\\\/\",\"url\":\"https:\\\/\\\/www.sunshine-habitat.com\\\/wp-content\\\/uploads\\\/2021\\\/05\\\/logo.png\",\"contentUrl\":\"https:\\\/\\\/www.sunshine-habitat.com\\\/wp-content\\\/uploads\\\/2021\\\/05\\\/logo.png\",\"width\":192,\"height\":250,\"caption\":\"Sunshine Habitat\"},\"image\":{\"@id\":\"https:\\\/\\\/www.sunshine-habitat.com\\\/fr\\\/#\\\/schema\\\/logo\\\/image\\\/\"}}]}<\/script>\n<!-- \/ Yoast SEO plugin. -->","yoast_head_json":{"title":"Offre collectivit\u00e9s - Sunshine Habitat","robots":{"index":"index","follow":"follow","max-snippet":"max-snippet:-1","max-image-preview":"max-image-preview:large","max-video-preview":"max-video-preview:-1"},"canonical":"https:\/\/www.sunshine-habitat.com\/fr\/offre-de-collectivite\/","og_locale":"fr_FR","og_type":"article","og_title":"Offre collectivit\u00e9s - Sunshine Habitat","og_description":"Depuis plus de 50 ans, un savoir-faire d\u00e9di\u00e9 aux collectivit\u00e9s Lodges CIAT accompagne les mairies, associations, comit\u00e9s d\u2019entreprise et autres structures dans l\u2019organisation de leurs \u00e9v\u00e9nements gr\u00e2ce \u00e0 son","og_url":"https:\/\/www.sunshine-habitat.com\/fr\/offre-de-collectivite\/","og_site_name":"Sunshine Habitat","article_modified_time":"2025-07-25T14:55:38+00:00","og_image":[{"width":1726,"height":1098,"url":"https:\/\/www.sunshine-habitat.com\/wp-content\/uploads\/2025\/07\/SAGANO-SALON.jpg","type":"image\/jpeg"}],"twitter_card":"summary_large_image","schema":{"@context":"https:\/\/schema.org","@graph":[{"@type":"WebPage","@id":"https:\/\/www.sunshine-habitat.com\/fr\/offre-de-collectivite\/","url":"https:\/\/www.sunshine-habitat.com\/fr\/offre-de-collectivite\/","name":"Offre collectivit\u00e9s - Sunshine Habitat","isPartOf":{"@id":"https:\/\/www.sunshine-habitat.com\/fr\/#website"},"primaryImageOfPage":{"@id":"https:\/\/www.sunshine-habitat.com\/fr\/offre-de-collectivite\/#primaryimage"},"image":{"@id":"https:\/\/www.sunshine-habitat.com\/fr\/offre-de-collectivite\/#primaryimage"},"thumbnailUrl":"https:\/\/www.sunshinehabitat.com\/wp-content\/uploads\/2025\/07\/SAGANO-SALON.jpg","datePublished":"2025-06-16T12:54:26+00:00","dateModified":"2025-07-25T14:55:38+00:00","breadcrumb":{"@id":"https:\/\/www.sunshine-habitat.com\/fr\/offre-de-collectivite\/#breadcrumb"},"inLanguage":"fr-FR","potentialAction":[{"@type":"ReadAction","target":["https:\/\/www.sunshine-habitat.com\/fr\/offre-de-collectivite\/"]}]},{"@type":"ImageObject","inLanguage":"fr-FR","@id":"https:\/\/www.sunshine-habitat.com\/fr\/offre-de-collectivite\/#primaryimage","url":"https:\/\/www.sunshinehabitat.com\/wp-content\/uploads\/2025\/07\/SAGANO-SALON.jpg","contentUrl":"https:\/\/www.sunshinehabitat.com\/wp-content\/uploads\/2025\/07\/SAGANO-SALON.jpg","width":1726,"height":1098},{"@type":"BreadcrumbList","@id":"https:\/\/www.sunshine-habitat.com\/fr\/offre-de-collectivite\/#breadcrumb","itemListElement":[{"@type":"ListItem","position":1,"name":"Accueil","item":"https:\/\/www.sunshine-habitat.com\/fr\/"},{"@type":"ListItem","position":2,"name":"Offre collectivit\u00e9s"}]},{"@type":"WebSite","@id":"https:\/\/www.sunshine-habitat.com\/fr\/#website","url":"https:\/\/www.sunshine-habitat.com\/fr\/","name":"Sunshine Habitat","description":"","publisher":{"@id":"https:\/\/www.sunshine-habitat.com\/fr\/#organization"},"potentialAction":[{"@type":"SearchAction","target":{"@type":"EntryPoint","urlTemplate":"https:\/\/www.sunshine-habitat.com\/fr\/?s={search_term_string}"},"query-input":{"@type":"PropertyValueSpecification","valueRequired":true,"valueName":"search_term_string"}}],"inLanguage":"fr-FR"},{"@type":"Organization","@id":"https:\/\/www.sunshine-habitat.com\/fr\/#organization","name":"Sunshine Habitat","url":"https:\/\/www.sunshine-habitat.com\/fr\/","logo":{"@type":"ImageObject","inLanguage":"fr-FR","@id":"https:\/\/www.sunshine-habitat.com\/fr\/#\/schema\/logo\/image\/","url":"https:\/\/www.sunshine-habitat.com\/wp-content\/uploads\/2021\/05\/logo.png","contentUrl":"https:\/\/www.sunshine-habitat.com\/wp-content\/uploads\/2021\/05\/logo.png","width":192,"height":250,"caption":"Sunshine Habitat"},"image":{"@id":"https:\/\/www.sunshine-habitat.com\/fr\/#\/schema\/logo\/image\/"}}]}},"_links":{"self":[{"href":"https:\/\/www.sunshinehabitat.com\/fr\/wp-json\/wp\/v2\/pages\/22579","targetHints":{"allow":["GET"]}}],"collection":[{"href":"https:\/\/www.sunshinehabitat.com\/fr\/wp-json\/wp\/v2\/pages"}],"about":[{"href":"https:\/\/www.sunshinehabitat.com\/fr\/wp-json\/wp\/v2\/types\/page"}],"author":[{"embeddable":true,"href":"https:\/\/www.sunshinehabitat.com\/fr\/wp-json\/wp\/v2\/users\/3"}],"replies":[{"embeddable":true,"href":"https:\/\/www.sunshinehabitat.com\/fr\/wp-json\/wp\/v2\/comments?post=22579"}],"version-history":[{"count":7,"href":"https:\/\/www.sunshinehabitat.com\/fr\/wp-json\/wp\/v2\/pages\/22579\/revisions"}],"predecessor-version":[{"id":23607,"href":"https:\/\/www.sunshinehabitat.com\/fr\/wp-json\/wp\/v2\/pages\/22579\/revisions\/23607"}],"wp:featuredmedia":[{"embeddable":true,"href":"https:\/\/www.sunshinehabitat.com\/fr\/wp-json\/wp\/v2\/media\/23470"}],"wp:attachment":[{"href":"https:\/\/www.sunshinehabitat.com\/fr\/wp-json\/wp\/v2\/media?parent=22579"}],"curies":[{"name":"wp","href":"https:\/\/api.w.org\/{rel}","templated":true}]}}