{"id":24016,"date":"2025-07-31T13:33:36","date_gmt":"2025-07-31T11:33:36","guid":{"rendered":"https:\/\/www.sunshine-habitat.com\/?page_id=24016"},"modified":"2025-07-31T13:33:36","modified_gmt":"2025-07-31T11:33:36","slug":"village-50-3-2-sde","status":"publish","type":"page","link":"https:\/\/www.sunshinehabitat.com\/fr\/chalets-fabre\/offre-residentielle\/gamme-village\/village-50-3-2-sde\/","title":{"rendered":"Village 50-3 + 2 sde"},"content":{"rendered":"<div id=\"pl-24016\"  class=\"panel-layout\" ><div id=\"pg-24016-0\"  class=\"panel-grid panel-has-style background-alt-nc-wrap\" ><div class=\"background-alt siteorigin-panels-stretch panel-row-style panel-row-style-for-24016-0\" data-stretch-type=\"full\" ><div id=\"pgc-24016-0-0\"  class=\"panel-grid-cell\" ><div id=\"panel-24016-0-0-0\" class=\"so-panel widget widget_sow-editor panel-first-child panel-last-child\" data-index=\"0\" ><div class=\"padding-right border-top panel-widget-style panel-widget-style-for-24016-0-0-0\" ><div\n\t\t\t\n\t\t\tclass=\"so-widget-sow-editor so-widget-sow-editor-base\"\n\t\t\t\n\t\t>\n<div class=\"siteorigin-widget-tinymce textwidget\">\n\t<p><span class=\"h2-like alternative\">D\u00e9couvrir nos catalogues<\/span><\/p>\n<p style=\"text-align: justify;\">Vous pr\u00e9f\u00e9rez recevoir nos catalogues Sunshine Mobil-homes, Sunshine Chalets et Sunshine Lodges pour les feuilleter tranquillement chez vous ?<\/p>\n<p style=\"text-align: justify;\">Cliquez sur \u00ab Recevoir nos catalogues \u00bb et compl\u00e9tez le formulaire ou t\u00e9l\u00e9chargez-les en PDF et consultez-les en ligne en cliquant sur \u00ab T\u00e9l\u00e9charger le catalogue \u00bb.<\/p>\n<p><a class=\"btn btn-border btn-blanc\" href=\"https:\/\/www.sunshine-habitat.com\/nos-catalogues-2\/#imprimes\">Recevoir nos catalogues<\/a><\/p>\n<\/div>\n<\/div><\/div><\/div><\/div><div id=\"pgc-24016-0-1\"  class=\"panel-grid-cell\" ><div id=\"panel-24016-0-1-0\" class=\"so-panel widget widget_encart-text-img-link panel-first-child panel-last-child\" data-index=\"1\" ><div\n\t\t\t\n\t\t\tclass=\"so-widget-encart-text-img-link so-widget-encart-text-img-link-base\"\n\t\t\t\n\t\t><div class=\"etil-block-container nc-widget-nc-encart-text-img-link-tpl-theme-bloc-1-catalogue\">\r\n\t<a href=\"https:\/\/www.sunshine-habitat.com\/nos-catalogues-2\/\" class=\"etil-block-link\" title=\"T\u00e9l\u00e9chargez le catalogue\">\t\t<div class=\"etil-img\"><img decoding=\"async\" src=\"https:\/\/www.sunshinehabitat.com\/wp-content\/uploads\/2022\/04\/Perfect_Binding_Brochure_Mockup_4.png\" alt=\"T\u00e9l\u00e9chargez le catalogue\" \/><\/div>\r\n\t\t<div class=\"etil-block-content\">\r\n\t\t\t<div class=\"etil-block-text\">\r\n\t\t\t\tT\u00e9l\u00e9chargez le catalogue\t\t\t<\/div>\r\n\t\t<\/div>\r\n\t\t<\/a>        \r\n<\/div>\r\n<\/div><\/div><\/div><\/div><\/div><div id=\"pg-24016-1\"  class=\"panel-grid panel-has-style no-padding-bottom-nc-wrap\" ><div class=\"no-padding-bottom panel-row-style panel-row-style-for-24016-1\" ><div id=\"pgc-24016-1-0\"  class=\"panel-grid-cell\" ><div id=\"panel-24016-1-0-0\" class=\"so-panel widget widget_sow-editor panel-first-child panel-last-child\" data-index=\"2\" ><div\n\t\t\t\n\t\t\tclass=\"so-widget-sow-editor so-widget-sow-editor-base\"\n\t\t\t\n\t\t>\n<div class=\"siteorigin-widget-tinymce textwidget\">\n\t<h3 style=\"text-align: center;\">Dans la m\u00eame gamme d\u00e9couvrez aussi<\/h3>\n<\/div>\n<\/div><\/div><\/div><\/div><\/div><\/div>","protected":false},"excerpt":{"rendered":"<p>D\u00e9couvrir nos catalogues Vous pr\u00e9f\u00e9rez recevoir nos catalogues Sunshine Mobil-homes, Sunshine Chalets et Sunshine Lodges pour les feuilleter tranquillement chez vous ? Cliquez sur \u00ab Recevoir nos catalogues \u00bb<\/p>\n","protected":false},"author":3,"featured_media":23827,"parent":4451,"menu_order":53,"comment_status":"closed","ping_status":"closed","template":"template-page\/page-produit.php","meta":{"inline_featured_image":false,"footnotes":""},"class_list":["post-24016","page","type-page","status-publish","has-post-thumbnail","hentry"],"yoast_head":"<!-- This site is optimized with the Yoast SEO plugin v27.3 - https:\/\/yoast.com\/product\/yoast-seo-wordpress\/ -->\n<title>Village 50-3 + 2 sde - Sunshine Habitat<\/title>\n<meta name=\"robots\" content=\"index, follow, max-snippet:-1, max-image-preview:large, max-video-preview:-1\" \/>\n<link rel=\"canonical\" href=\"https:\/\/www.sunshine-habitat.com\/fr\/chalets-fabre\/offre-residentielle\/gamme-village\/village-50-3-2-sde\/\" \/>\n<meta property=\"og:locale\" content=\"fr_FR\" \/>\n<meta property=\"og:type\" content=\"article\" \/>\n<meta property=\"og:title\" content=\"Village 50-3 + 2 sde - Sunshine Habitat\" \/>\n<meta property=\"og:description\" content=\"D\u00e9couvrir nos catalogues Vous pr\u00e9f\u00e9rez recevoir nos catalogues Sunshine Mobil-homes, Sunshine Chalets et Sunshine Lodges pour les feuilleter tranquillement chez vous ? Cliquez sur \u00ab Recevoir nos catalogues \u00bb\" \/>\n<meta property=\"og:url\" content=\"https:\/\/www.sunshine-habitat.com\/fr\/chalets-fabre\/offre-residentielle\/gamme-village\/village-50-3-2-sde\/\" \/>\n<meta property=\"og:site_name\" content=\"Sunshine Habitat\" \/>\n<meta property=\"og:image\" content=\"https:\/\/www.sunshine-habitat.com\/wp-content\/uploads\/2025\/07\/P1085906-2-1-1-e1753797832374.jpg\" \/>\n\t<meta property=\"og:image:width\" content=\"1200\" \/>\n\t<meta property=\"og:image:height\" content=\"800\" \/>\n\t<meta property=\"og:image:type\" content=\"image\/jpeg\" \/>\n<meta name=\"twitter:card\" content=\"summary_large_image\" \/>\n<script type=\"application\/ld+json\" class=\"yoast-schema-graph\">{\"@context\":\"https:\\\/\\\/schema.org\",\"@graph\":[{\"@type\":\"WebPage\",\"@id\":\"https:\\\/\\\/www.sunshine-habitat.com\\\/fr\\\/chalets-fabre\\\/offre-residentielle\\\/gamme-village\\\/village-50-3-2-sde\\\/\",\"url\":\"https:\\\/\\\/www.sunshine-habitat.com\\\/fr\\\/chalets-fabre\\\/offre-residentielle\\\/gamme-village\\\/village-50-3-2-sde\\\/\",\"name\":\"Village 50-3 + 2 sde - Sunshine Habitat\",\"isPartOf\":{\"@id\":\"https:\\\/\\\/www.sunshine-habitat.com\\\/fr\\\/#website\"},\"primaryImageOfPage\":{\"@id\":\"https:\\\/\\\/www.sunshine-habitat.com\\\/fr\\\/chalets-fabre\\\/offre-residentielle\\\/gamme-village\\\/village-50-3-2-sde\\\/#primaryimage\"},\"image\":{\"@id\":\"https:\\\/\\\/www.sunshine-habitat.com\\\/fr\\\/chalets-fabre\\\/offre-residentielle\\\/gamme-village\\\/village-50-3-2-sde\\\/#primaryimage\"},\"thumbnailUrl\":\"https:\\\/\\\/www.sunshinehabitat.com\\\/wp-content\\\/uploads\\\/2025\\\/07\\\/P1085906-2-1-1-e1753797832374.jpg\",\"datePublished\":\"2025-07-31T11:33:36+00:00\",\"breadcrumb\":{\"@id\":\"https:\\\/\\\/www.sunshine-habitat.com\\\/fr\\\/chalets-fabre\\\/offre-residentielle\\\/gamme-village\\\/village-50-3-2-sde\\\/#breadcrumb\"},\"inLanguage\":\"fr-FR\",\"potentialAction\":[{\"@type\":\"ReadAction\",\"target\":[\"https:\\\/\\\/www.sunshine-habitat.com\\\/fr\\\/chalets-fabre\\\/offre-residentielle\\\/gamme-village\\\/village-50-3-2-sde\\\/\"]}]},{\"@type\":\"ImageObject\",\"inLanguage\":\"fr-FR\",\"@id\":\"https:\\\/\\\/www.sunshine-habitat.com\\\/fr\\\/chalets-fabre\\\/offre-residentielle\\\/gamme-village\\\/village-50-3-2-sde\\\/#primaryimage\",\"url\":\"https:\\\/\\\/www.sunshinehabitat.com\\\/wp-content\\\/uploads\\\/2025\\\/07\\\/P1085906-2-1-1-e1753797832374.jpg\",\"contentUrl\":\"https:\\\/\\\/www.sunshinehabitat.com\\\/wp-content\\\/uploads\\\/2025\\\/07\\\/P1085906-2-1-1-e1753797832374.jpg\",\"width\":1200,\"height\":800},{\"@type\":\"BreadcrumbList\",\"@id\":\"https:\\\/\\\/www.sunshine-habitat.com\\\/fr\\\/chalets-fabre\\\/offre-residentielle\\\/gamme-village\\\/village-50-3-2-sde\\\/#breadcrumb\",\"itemListElement\":[{\"@type\":\"ListItem\",\"position\":1,\"name\":\"Accueil\",\"item\":\"https:\\\/\\\/www.sunshine-habitat.com\\\/fr\\\/\"},{\"@type\":\"ListItem\",\"position\":2,\"name\":\"Chalets Fabre\",\"item\":\"https:\\\/\\\/www.sunshine-habitat.com\\\/fr\\\/chalets-fabre\\\/\"},{\"@type\":\"ListItem\",\"position\":3,\"name\":\"Offre r\u00e9sidentielle\",\"item\":\"https:\\\/\\\/www.sunshine-habitat.com\\\/fr\\\/chalets-fabre\\\/offre-residentielle\\\/\"},{\"@type\":\"ListItem\",\"position\":4,\"name\":\"Gamme Village\",\"item\":\"https:\\\/\\\/www.sunshine-habitat.com\\\/fr\\\/chalets-fabre\\\/offre-residentielle\\\/gamme-village\\\/\"},{\"@type\":\"ListItem\",\"position\":5,\"name\":\"Village 50-3 + 2 sde\"}]},{\"@type\":\"WebSite\",\"@id\":\"https:\\\/\\\/www.sunshine-habitat.com\\\/fr\\\/#website\",\"url\":\"https:\\\/\\\/www.sunshine-habitat.com\\\/fr\\\/\",\"name\":\"Sunshine Habitat\",\"description\":\"\",\"publisher\":{\"@id\":\"https:\\\/\\\/www.sunshine-habitat.com\\\/fr\\\/#organization\"},\"potentialAction\":[{\"@type\":\"SearchAction\",\"target\":{\"@type\":\"EntryPoint\",\"urlTemplate\":\"https:\\\/\\\/www.sunshine-habitat.com\\\/fr\\\/?s={search_term_string}\"},\"query-input\":{\"@type\":\"PropertyValueSpecification\",\"valueRequired\":true,\"valueName\":\"search_term_string\"}}],\"inLanguage\":\"fr-FR\"},{\"@type\":\"Organization\",\"@id\":\"https:\\\/\\\/www.sunshine-habitat.com\\\/fr\\\/#organization\",\"name\":\"Sunshine Habitat\",\"url\":\"https:\\\/\\\/www.sunshine-habitat.com\\\/fr\\\/\",\"logo\":{\"@type\":\"ImageObject\",\"inLanguage\":\"fr-FR\",\"@id\":\"https:\\\/\\\/www.sunshine-habitat.com\\\/fr\\\/#\\\/schema\\\/logo\\\/image\\\/\",\"url\":\"https:\\\/\\\/www.sunshine-habitat.com\\\/wp-content\\\/uploads\\\/2021\\\/05\\\/logo.png\",\"contentUrl\":\"https:\\\/\\\/www.sunshine-habitat.com\\\/wp-content\\\/uploads\\\/2021\\\/05\\\/logo.png\",\"width\":192,\"height\":250,\"caption\":\"Sunshine Habitat\"},\"image\":{\"@id\":\"https:\\\/\\\/www.sunshine-habitat.com\\\/fr\\\/#\\\/schema\\\/logo\\\/image\\\/\"}}]}<\/script>\n<!-- \/ Yoast SEO plugin. -->","yoast_head_json":{"title":"Village 50-3 + 2 sde - Sunshine Habitat","robots":{"index":"index","follow":"follow","max-snippet":"max-snippet:-1","max-image-preview":"max-image-preview:large","max-video-preview":"max-video-preview:-1"},"canonical":"https:\/\/www.sunshine-habitat.com\/fr\/chalets-fabre\/offre-residentielle\/gamme-village\/village-50-3-2-sde\/","og_locale":"fr_FR","og_type":"article","og_title":"Village 50-3 + 2 sde - Sunshine Habitat","og_description":"D\u00e9couvrir nos catalogues Vous pr\u00e9f\u00e9rez recevoir nos catalogues Sunshine Mobil-homes, Sunshine Chalets et Sunshine Lodges pour les feuilleter tranquillement chez vous ? Cliquez sur \u00ab Recevoir nos catalogues \u00bb","og_url":"https:\/\/www.sunshine-habitat.com\/fr\/chalets-fabre\/offre-residentielle\/gamme-village\/village-50-3-2-sde\/","og_site_name":"Sunshine Habitat","og_image":[{"width":1200,"height":800,"url":"https:\/\/www.sunshine-habitat.com\/wp-content\/uploads\/2025\/07\/P1085906-2-1-1-e1753797832374.jpg","type":"image\/jpeg"}],"twitter_card":"summary_large_image","schema":{"@context":"https:\/\/schema.org","@graph":[{"@type":"WebPage","@id":"https:\/\/www.sunshine-habitat.com\/fr\/chalets-fabre\/offre-residentielle\/gamme-village\/village-50-3-2-sde\/","url":"https:\/\/www.sunshine-habitat.com\/fr\/chalets-fabre\/offre-residentielle\/gamme-village\/village-50-3-2-sde\/","name":"Village 50-3 + 2 sde - Sunshine Habitat","isPartOf":{"@id":"https:\/\/www.sunshine-habitat.com\/fr\/#website"},"primaryImageOfPage":{"@id":"https:\/\/www.sunshine-habitat.com\/fr\/chalets-fabre\/offre-residentielle\/gamme-village\/village-50-3-2-sde\/#primaryimage"},"image":{"@id":"https:\/\/www.sunshine-habitat.com\/fr\/chalets-fabre\/offre-residentielle\/gamme-village\/village-50-3-2-sde\/#primaryimage"},"thumbnailUrl":"https:\/\/www.sunshinehabitat.com\/wp-content\/uploads\/2025\/07\/P1085906-2-1-1-e1753797832374.jpg","datePublished":"2025-07-31T11:33:36+00:00","breadcrumb":{"@id":"https:\/\/www.sunshine-habitat.com\/fr\/chalets-fabre\/offre-residentielle\/gamme-village\/village-50-3-2-sde\/#breadcrumb"},"inLanguage":"fr-FR","potentialAction":[{"@type":"ReadAction","target":["https:\/\/www.sunshine-habitat.com\/fr\/chalets-fabre\/offre-residentielle\/gamme-village\/village-50-3-2-sde\/"]}]},{"@type":"ImageObject","inLanguage":"fr-FR","@id":"https:\/\/www.sunshine-habitat.com\/fr\/chalets-fabre\/offre-residentielle\/gamme-village\/village-50-3-2-sde\/#primaryimage","url":"https:\/\/www.sunshinehabitat.com\/wp-content\/uploads\/2025\/07\/P1085906-2-1-1-e1753797832374.jpg","contentUrl":"https:\/\/www.sunshinehabitat.com\/wp-content\/uploads\/2025\/07\/P1085906-2-1-1-e1753797832374.jpg","width":1200,"height":800},{"@type":"BreadcrumbList","@id":"https:\/\/www.sunshine-habitat.com\/fr\/chalets-fabre\/offre-residentielle\/gamme-village\/village-50-3-2-sde\/#breadcrumb","itemListElement":[{"@type":"ListItem","position":1,"name":"Accueil","item":"https:\/\/www.sunshine-habitat.com\/fr\/"},{"@type":"ListItem","position":2,"name":"Chalets Fabre","item":"https:\/\/www.sunshine-habitat.com\/fr\/chalets-fabre\/"},{"@type":"ListItem","position":3,"name":"Offre r\u00e9sidentielle","item":"https:\/\/www.sunshine-habitat.com\/fr\/chalets-fabre\/offre-residentielle\/"},{"@type":"ListItem","position":4,"name":"Gamme Village","item":"https:\/\/www.sunshine-habitat.com\/fr\/chalets-fabre\/offre-residentielle\/gamme-village\/"},{"@type":"ListItem","position":5,"name":"Village 50-3 + 2 sde"}]},{"@type":"WebSite","@id":"https:\/\/www.sunshine-habitat.com\/fr\/#website","url":"https:\/\/www.sunshine-habitat.com\/fr\/","name":"Sunshine Habitat","description":"","publisher":{"@id":"https:\/\/www.sunshine-habitat.com\/fr\/#organization"},"potentialAction":[{"@type":"SearchAction","target":{"@type":"EntryPoint","urlTemplate":"https:\/\/www.sunshine-habitat.com\/fr\/?s={search_term_string}"},"query-input":{"@type":"PropertyValueSpecification","valueRequired":true,"valueName":"search_term_string"}}],"inLanguage":"fr-FR"},{"@type":"Organization","@id":"https:\/\/www.sunshine-habitat.com\/fr\/#organization","name":"Sunshine Habitat","url":"https:\/\/www.sunshine-habitat.com\/fr\/","logo":{"@type":"ImageObject","inLanguage":"fr-FR","@id":"https:\/\/www.sunshine-habitat.com\/fr\/#\/schema\/logo\/image\/","url":"https:\/\/www.sunshine-habitat.com\/wp-content\/uploads\/2021\/05\/logo.png","contentUrl":"https:\/\/www.sunshine-habitat.com\/wp-content\/uploads\/2021\/05\/logo.png","width":192,"height":250,"caption":"Sunshine Habitat"},"image":{"@id":"https:\/\/www.sunshine-habitat.com\/fr\/#\/schema\/logo\/image\/"}}]}},"_links":{"self":[{"href":"https:\/\/www.sunshinehabitat.com\/fr\/wp-json\/wp\/v2\/pages\/24016","targetHints":{"allow":["GET"]}}],"collection":[{"href":"https:\/\/www.sunshinehabitat.com\/fr\/wp-json\/wp\/v2\/pages"}],"about":[{"href":"https:\/\/www.sunshinehabitat.com\/fr\/wp-json\/wp\/v2\/types\/page"}],"author":[{"embeddable":true,"href":"https:\/\/www.sunshinehabitat.com\/fr\/wp-json\/wp\/v2\/users\/3"}],"replies":[{"embeddable":true,"href":"https:\/\/www.sunshinehabitat.com\/fr\/wp-json\/wp\/v2\/comments?post=24016"}],"version-history":[{"count":2,"href":"https:\/\/www.sunshinehabitat.com\/fr\/wp-json\/wp\/v2\/pages\/24016\/revisions"}],"predecessor-version":[{"id":24020,"href":"https:\/\/www.sunshinehabitat.com\/fr\/wp-json\/wp\/v2\/pages\/24016\/revisions\/24020"}],"up":[{"embeddable":true,"href":"https:\/\/www.sunshinehabitat.com\/fr\/wp-json\/wp\/v2\/pages\/4451"}],"wp:featuredmedia":[{"embeddable":true,"href":"https:\/\/www.sunshinehabitat.com\/fr\/wp-json\/wp\/v2\/media\/23827"}],"wp:attachment":[{"href":"https:\/\/www.sunshinehabitat.com\/fr\/wp-json\/wp\/v2\/media?parent=24016"}],"curies":[{"name":"wp","href":"https:\/\/api.w.org\/{rel}","templated":true}]}}