{"id":25003,"date":"2026-02-24T14:54:21","date_gmt":"2026-02-24T13:54:21","guid":{"rendered":"https:\/\/www.sunshine-habitat.com\/?page_id=25003"},"modified":"2026-04-03T10:09:20","modified_gmt":"2026-04-03T08:09:20","slug":"gamme-izy-lodge","status":"publish","type":"page","link":"https:\/\/www.sunshinehabitat.com\/fr\/lodges-ciat\/offre-professionnelle\/gamme-izy-lodge\/","title":{"rendered":"Gamme Izy Lodge"},"content":{"rendered":"<div id=\"pl-25003\"  class=\"panel-layout\" ><div id=\"pg-25003-0\"  class=\"panel-grid panel-has-style no-padding-bottom-nc-wrap\" ><div class=\"no-padding-bottom panel-row-style panel-row-style-for-25003-0\" ><div id=\"pgc-25003-0-0\"  class=\"panel-grid-cell\" ><div id=\"panel-25003-0-0-0\" class=\"so-panel widget widget_sow-editor panel-first-child panel-last-child\" data-index=\"0\" ><div class=\"medium-width panel-widget-style panel-widget-style-for-25003-0-0-0\" ><div\n\t\t\t\n\t\t\tclass=\"so-widget-sow-editor so-widget-sow-editor-base\"\n\t\t\t\n\t\t>\n<div class=\"siteorigin-widget-tinymce textwidget\">\n\t<h2>\u2600\ufe0f Nouveaut\u00e9 2027 : d\u00e9couvrez IZY LODGE !<\/h2>\n<p class=\"isSelectedEnd\">Offrez une nouvelle dimension \u00e0 vos emplacements avec notre toute nouvelle gamme de lodges, livr\u00e9s pr\u00eats \u00e0 monter et faciles \u00e0 d\u00e9monter en fin de saison selon vos besoins.<\/p>\n<p>Pens\u00e9e pour les professionnels en qu\u00eate de flexibilit\u00e9, cette nouvelle gamme vous permet d\u2019am\u00e9nager rapidement vos espaces avec une solution pratique, esth\u00e9tique et accessible.<\/p>\n<p class=\"isSelectedEnd\">\ud83c\udf3bD\u00e9couvrez deux fa\u00e7ons de profiter de l\u2019exp\u00e9rience IZY LODGE \u00a0\ud83c\udf3b<\/p>\n<p class=\"isSelectedEnd\"><strong>Le mod\u00e8le 1 chambre<\/strong>, s\u00e9duit par son format pratique, compact et facile \u00e0 installer. Une solution id\u00e9ale pour un h\u00e9bergement <strong>confortable et accessible.<\/strong><\/p>\n<p class=\"isSelectedEnd\">Pour accueillir les familles ou les s\u00e9jours entre amis, optez pour notre mod\u00e8le plus g\u00e9n\u00e9reux avec <strong>2 chambres pouvant recevoir jusqu\u2019\u00e0 4 personnes<\/strong>, ainsi qu\u2019un espace cuisine convivial. Un lodge pens\u00e9 pour <strong>offrir encore plus de confort<\/strong>, de libert\u00e9 et de moments partag\u00e9s.<\/p>\n<p>Deux formats, une m\u00eame promesse : <strong>simplicit\u00e9, flexibilit\u00e9 et vacances inoubliables.<\/strong><\/p>\n<p style=\"text-align: center;\">\n<\/div>\n<\/div><\/div><\/div><\/div><\/div><\/div><div id=\"pg-25003-1\"  class=\"panel-grid panel-has-style no-padding-nc-wrap\" ><div class=\"no-padding panel-row-style panel-row-style-for-25003-1\" ><div id=\"pgc-25003-1-0\"  class=\"panel-grid-cell\" ><!-- not cached-nc_news_lite-widget --><div id=\"panel-25003-1-0-0\" class=\"so-panel widget widget_netconcept_news_lite net-concept-news-lite panel-first-child panel-last-child\" data-index=\"1\" ><div class=\"bloc-slider-wrapper list-pages-wrapper\"><div class=\"list_items list-pages-produits  bloc-slider swiper-container\" data-navigation=\"1\"  data-pagination=\"1\"  data-json='{\"loop\":false,\"slidesPerView\":3,\"spaceBetween\":20,\"slidesPerGroup\":3,\"breakpoints\":{\"600\":{\"slidesPerView\":1,\"slidesPerGroup\":1},\"900\":{\"slidesPerView\":2,\"slidesPerGroup\":2}}}'><ul class=\"slides-container swiper-wrapper\"><li class=\"slide-container swiper-slide\"><div class=\"nc-item current-menu nc-page-produit\"> <div class=\"nc-item-inner\">  <a href=\"https:\/\/www.sunshinehabitat.com\/fr\/lodges-ciat\/offre-professionnelle\/gamme-izy-lodge\/izy-lodge-14-2\/\" title=\"Izy Lodge 14-2\" class=\"nc-item-link\">   <div class=\"nc-item-content\">    <div class=\"nc-item-title-wrapper background-brand-color\">     <div class=\"nc-item-title-gamme\">Izy Lodge <\/div>     <div class=\"nc-item-title-product\">14-2<\/div>    <\/div>    <div class=\"nc-item-img\"><img fetchpriority=\"high\" decoding=\"async\" width=\"375\" height=\"211\" src=\"https:\/\/www.sunshinehabitat.com\/wp-content\/uploads\/2026\/04\/Mini-Lodge-2-Chres-V5-B-2-scaled-375x211.jpg\" class=\"attachment-visuel_produit_402x211 size-visuel_produit_402x211 wp-post-image\" alt=\"\" title=\"Izy Lodge 14-2\" srcset=\"https:\/\/www.sunshinehabitat.com\/wp-content\/uploads\/2026\/04\/Mini-Lodge-2-Chres-V5-B-2-scaled-375x211.jpg 375w, https:\/\/www.sunshinehabitat.com\/wp-content\/uploads\/2026\/04\/Mini-Lodge-2-Chres-V5-B-2-scaled-300x169.jpg 300w, https:\/\/www.sunshinehabitat.com\/wp-content\/uploads\/2026\/04\/Mini-Lodge-2-Chres-V5-B-2-scaled-1024x576.jpg 1024w\" sizes=\"(max-width: 375px) 100vw, 375px\" \/><\/div>    <div class=\"nc-item-text-wrapper\">     <div class=\"nc-item-avantage-product\">Confort & Flexible !<\/div>     <div class=\"nc-item-resume-product\">Pour accueillir les familles ou les s\u00e9jours entre amis, optez pour notre mod\u00e8le plus g\u00e9n\u00e9reux avec\u00a02 chambres pouvant recevoir jusqu\u2019\u00e0 4 personnes, ainsi qu\u2019un espace cuisine convivial !<\/div>    <\/div>    <div class=\"nc-item-text-datas-wrapper\">     <div class=\"product-datas\"><div class=\"product-data product-data_surface\"><div class=\"product-data-value\">14 <span class=\"product-data-unit\">m<sup>2<\/sup><\/span><\/div><div class=\"product-data-title\">Surface<\/div><\/div><div class=\"product-data product-data_chambre\"><div class=\"product-data-value\">2 <span class=\"product-data-unit\"><\/span><\/div><div class=\"product-data-title\">Chambre(s)<\/div><\/div><div class=\"product-data product-data_personnes\"><div class=\"product-data-value\">4 <span class=\"product-data-unit\"><\/span><\/div><div class=\"product-data-title\">Personnes<\/div><\/div>     <\/div>    <\/div>   <\/div>  <\/a> <\/div><\/div><\/li><li class=\"slide-container swiper-slide\"><div class=\"nc-item current-menu nc-page-produit\"> <div class=\"nc-item-inner\">  <a href=\"https:\/\/www.sunshinehabitat.com\/fr\/lodges-ciat\/offre-professionnelle\/gamme-izy-lodge\/izy-lodge-7-1\/\" title=\"Izy Lodge 7-1\" class=\"nc-item-link\">   <div class=\"nc-item-content\">    <div class=\"nc-item-title-wrapper background-brand-color\">     <div class=\"nc-item-title-gamme\">Izy Lodge <\/div>     <div class=\"nc-item-title-product\">7-1<\/div>    <\/div>    <div class=\"nc-item-img\"><img decoding=\"async\" width=\"375\" height=\"211\" src=\"https:\/\/www.sunshinehabitat.com\/wp-content\/uploads\/2026\/04\/Mini-Lodge-V5-D-scaled-375x211.jpg\" class=\"attachment-visuel_produit_402x211 size-visuel_produit_402x211 wp-post-image\" alt=\"\" title=\"Izy Lodge 7-1\" srcset=\"https:\/\/www.sunshinehabitat.com\/wp-content\/uploads\/2026\/04\/Mini-Lodge-V5-D-scaled-375x211.jpg 375w, https:\/\/www.sunshinehabitat.com\/wp-content\/uploads\/2026\/04\/Mini-Lodge-V5-D-scaled-300x169.jpg 300w, https:\/\/www.sunshinehabitat.com\/wp-content\/uploads\/2026\/04\/Mini-Lodge-V5-D-scaled-1024x576.jpg 1024w, https:\/\/www.sunshinehabitat.com\/wp-content\/uploads\/2026\/04\/Mini-Lodge-V5-D-scaled-550x309.jpg 550w\" sizes=\"(max-width: 375px) 100vw, 375px\" \/><\/div>    <div class=\"nc-item-text-wrapper\">     <div class=\"nc-item-avantage-product\">Compact & Accessible !<\/div>     <div class=\"nc-item-resume-product\">Le mod\u00e8le 1 chambre, sans sanitaire, s\u00e9duit par son format pratique, compact et facile \u00e0 installer. Une solution id\u00e9ale pour un h\u00e9bergement confortable et accessible.<\/div>    <\/div>    <div class=\"nc-item-text-datas-wrapper\">     <div class=\"product-datas\"><div class=\"product-data product-data_surface\"><div class=\"product-data-value\">7 <span class=\"product-data-unit\">m<sup>2<\/sup><\/span><\/div><div class=\"product-data-title\">Surface<\/div><\/div><div class=\"product-data product-data_chambre\"><div class=\"product-data-value\">1 <span class=\"product-data-unit\"><\/span><\/div><div class=\"product-data-title\">Chambre(s)<\/div><\/div><div class=\"product-data product-data_personnes\"><div class=\"product-data-value\">2 <span class=\"product-data-unit\"><\/span><\/div><div class=\"product-data-title\">Personnes<\/div><\/div>     <\/div>    <\/div>   <\/div>  <\/a> <\/div><\/div><\/li><\/ul><\/div><\/div><\/div><!-- \/not cached-nc_news_lite-widget --><\/div><\/div><\/div><div id=\"pg-25003-2\"  class=\"panel-grid panel-has-style background-bleu-nc-wrap\" ><div class=\"background-bleu siteorigin-panels-stretch panel-row-style panel-row-style-for-25003-2\" data-stretch-type=\"full\" ><div id=\"pgc-25003-2-0\"  class=\"panel-grid-cell\" ><div id=\"panel-25003-2-0-0\" class=\"so-panel widget widget_sow-editor panel-first-child panel-last-child\" data-index=\"2\" ><div class=\"padding-right panel-widget-style panel-widget-style-for-25003-2-0-0\" ><div\n\t\t\t\n\t\t\tclass=\"so-widget-sow-editor so-widget-sow-editor-base\"\n\t\t\t\n\t\t>\n<div class=\"siteorigin-widget-tinymce textwidget\">\n\t<h2>Lodges CIAT,<br \/>\nun partenaire de confiance<\/h2>\n<p style=\"text-align: justify;\">Lodges CIAT consacre son \u00e9nergie \u00e0 b\u00e2tir des relations de partenariat solides et p\u00e9rennes avec ses clients. Accompagner les gestionnaires de campings sur le long terme et participer \u00e0 leurs projets \u00e0 travers des produits, des conseils et un service de qualit\u00e9 sont des engagements port\u00e9s au quotidien par les \u00e9quipes de Lodges CIAT.<\/p>\n<p><a class=\"btn btn-gris\" href=\"https:\/\/www.sunshine-habitat.com\/mobil-homes-louisiane\/offre-residentielle\/contact\/\">Contacter un conseiller<\/a> <a class=\"btn btn-blanc\" href=\"https:\/\/www.sunshine-habitat.com\/etre-rappele\/\">Me faire rappeler<\/a><\/p>\n<\/div>\n<\/div><\/div><\/div><\/div><div id=\"pgc-25003-2-1\"  class=\"panel-grid-cell\" ><div id=\"panel-25003-2-1-0\" class=\"so-panel widget widget_nc-side-img panel-first-child panel-last-child\" data-index=\"3\" ><div class=\"panel-widget-style panel-widget-style-for-25003-2-1-0\" ><div\n\t\t\t\n\t\t\tclass=\"so-widget-nc-side-img so-widget-nc-side-img-base\"\n\t\t\t\n\t\t><div class=\"nc-widget-nc-side-img nc-widget-nc-side-img-tpl-default nc-widget-nc-side-img-\" data-sow-id=\"3685357f-c927-44ca-9939-d8728c489803\">\r\n\t<img decoding=\"async\" class=\"nc-widget-nc-side-img-img\" src=\"https:\/\/www.sunshinehabitat.com\/wp-content\/uploads\/2023\/04\/JL_34_3S_-24-scaled.jpg\" alt=\"\" \/>\r\n<\/div>\r\n<script>\r\n\tjQuery(document).ready(function($) {\r\n\t\tvar $nc_side_img = $('[data-sow-id=\"3685357f-c927-44ca-9939-d8728c489803\"]');\r\n\t\tvar $panel = $nc_side_img.closest('[class*=\"siteorigin-panels\"]');\r\n\t\t$panel.addClass('row-full-img-right');\r\n\t});\r\n<\/script><\/div><\/div><\/div><\/div><\/div><\/div><div id=\"pg-25003-3\"  class=\"panel-grid panel-has-style\" ><div class=\"siteorigin-panels-stretch panel-row-style panel-row-style-for-25003-3\" data-stretch-type=\"full\" ><div id=\"pgc-25003-3-0\"  class=\"panel-grid-cell\" ><div id=\"panel-25003-3-0-0\" class=\"so-panel widget widget_sow-editor panel-first-child\" data-index=\"4\" ><div class=\"dark-cell padding-top panel-widget-style panel-widget-style-for-25003-3-0-0\" ><div\n\t\t\t\n\t\t\tclass=\"so-widget-sow-editor so-widget-sow-editor-base\"\n\t\t\t\n\t\t>\n<div class=\"siteorigin-widget-tinymce textwidget\">\n\t<h2 class=\"alternative\" style=\"text-align: center;\">Des services d\u00e9di\u00e9s<br \/>\npour les professionnels<\/h2>\n<\/div>\n<\/div><\/div><\/div><div id=\"panel-25003-3-0-1\" class=\"so-panel widget widget_widget-nc-boxes-list\" data-index=\"5\" ><div class=\"dark-cell panel-widget-style panel-widget-style-for-25003-3-0-1\" ><div\n\t\t\t\n\t\t\tclass=\"so-widget-widget-nc-boxes-list so-widget-widget-nc-boxes-list-base\"\n\t\t\t\n\t\t><div class=\"nc-widget-nc-boxes-list nc-widget-nc-boxes-list-tpl-theme-liste-services\">\r\n\r\n\t\t<div class=\"bloc-slider-wrapper\">\r\n\t\t<div class=\"bloc-slider swiper-container\" data-navigation=\"0\" data-pagination=\"1\" data-json='{\"loop\":false,\"slidesPerView\":3,\"spaceBetween\":16,\"slidesPerGroup\":3,\"breakpoints\":{\"530\":{\"slidesPerView\":1,\"slidesPerGroup\":1},\"766\":{\"slidesPerView\":2,\"slidesPerGroup\":2},\"900\":{\"slidesPerView\":3,\"slidesPerGroup\":3}}}'>\r\n\t\t\t<div class=\"nc-widget-nc-boxes-list-inner slides-container swiper-wrapper\">\r\n\t\t\t\t\t\t\t\t\t<div class=\"nc-widget-nc-box-wrapper slide-container swiper-slide \">\r\n\t\t\t\t\t\t<div class=\"nc-widget-nc-box\">\r\n\t\t\t\t\t\t\t\t\t\t\t\t\t\t\t<div class=\"nc-widget-nc-box-image\">\r\n\t\t\t\t\t\t\t\t\t<img decoding=\"async\" width=\"109\" height=\"109\" src=\"https:\/\/www.sunshinehabitat.com\/wp-content\/uploads\/2021\/06\/picto-phototheque.png\" class=\"attachment-full size-full\" alt=\"pictogramme phototheque\" \/>\t\t\t\t\t\t\t\t<\/div>\r\n\t\t\t\t\t\t\t\t\t\t\t\t\t\t<div class=\"nc-widget-nc-box-content\">\r\n\t\t\t\t\t\t\t\t\t\t\t\t\t\t\t\t<div class=\"nc-widget-nc-box-text\">\r\n\t\t\t\t\t\t\t\t\t<p><a href=\"https:\/\/www.sunshine-habitat.com\/lodges-ciat\/services-ciat\/des-photographies-pour-votre-communication\/\">Phototh\u00e8que<\/a><\/p>\n\t\t\t\t\t\t\t\t<\/div>\r\n\t\t\t\t\t\t\t<\/div>\r\n\t\t\t\t\t\t\t\t\t\t\t\t\t<\/div>\r\n\t\t\t\t\t<\/div>\r\n\t\t\t\t\t\t\t\t\t<div class=\"nc-widget-nc-box-wrapper slide-container swiper-slide \">\r\n\t\t\t\t\t\t<div class=\"nc-widget-nc-box\">\r\n\t\t\t\t\t\t\t\t\t\t\t\t\t\t\t<div class=\"nc-widget-nc-box-image\">\r\n\t\t\t\t\t\t\t\t\t<img loading=\"lazy\" decoding=\"async\" width=\"109\" height=\"109\" src=\"https:\/\/www.sunshinehabitat.com\/wp-content\/uploads\/2021\/06\/picto-sav.png\" class=\"attachment-full size-full\" alt=\"pictogramme service apr\u00e8s vente sunshine habitat\" \/>\t\t\t\t\t\t\t\t<\/div>\r\n\t\t\t\t\t\t\t\t\t\t\t\t\t\t<div class=\"nc-widget-nc-box-content\">\r\n\t\t\t\t\t\t\t\t\t\t\t\t\t\t\t\t<div class=\"nc-widget-nc-box-text\">\r\n\t\t\t\t\t\t\t\t\t<p><a href=\"https:\/\/www.sunshine-habitat.com\/lodges-ciat\/services-ciat\/le-service-apres-vente-est-a-votre-ecoute\/\">SAV<\/a><\/p>\n\t\t\t\t\t\t\t\t<\/div>\r\n\t\t\t\t\t\t\t<\/div>\r\n\t\t\t\t\t\t\t\t\t\t\t\t\t<\/div>\r\n\t\t\t\t\t<\/div>\r\n\t\t\t\t\t\t\t\t\t<div class=\"nc-widget-nc-box-wrapper slide-container swiper-slide \">\r\n\t\t\t\t\t\t<div class=\"nc-widget-nc-box\">\r\n\t\t\t\t\t\t\t\t\t\t\t\t\t\t\t<div class=\"nc-widget-nc-box-image\">\r\n\t\t\t\t\t\t\t\t\t<img loading=\"lazy\" decoding=\"async\" width=\"109\" height=\"109\" src=\"https:\/\/www.sunshinehabitat.com\/wp-content\/uploads\/2021\/06\/picto-relooking.png\" class=\"attachment-full size-full\" alt=\"pictogramme relooking sunshine habitat\" \/>\t\t\t\t\t\t\t\t<\/div>\r\n\t\t\t\t\t\t\t\t\t\t\t\t\t\t<div class=\"nc-widget-nc-box-content\">\r\n\t\t\t\t\t\t\t\t\t\t\t\t\t\t\t\t<div class=\"nc-widget-nc-box-text\">\r\n\t\t\t\t\t\t\t\t\t<p><a href=\"https:\/\/www.sunshine-habitat.com\/lodges-ciat\/services-ciat\/renovation\/\">R\u00e9novation<\/a><\/p>\n\t\t\t\t\t\t\t\t<\/div>\r\n\t\t\t\t\t\t\t<\/div>\r\n\t\t\t\t\t\t\t\t\t\t\t\t\t<\/div>\r\n\t\t\t\t\t<\/div>\r\n\t\t\t\t\t\t\t<\/div>\r\n\t\t<\/div>\r\n\t<\/div>\r\n<\/div><\/div><\/div><\/div><div id=\"panel-25003-3-0-2\" class=\"so-panel widget widget_sow-editor panel-last-child\" data-index=\"6\" ><div\n\t\t\t\n\t\t\tclass=\"so-widget-sow-editor so-widget-sow-editor-base\"\n\t\t\t\n\t\t>\n<div class=\"siteorigin-widget-tinymce textwidget\">\n\t<p style=\"text-align: center;\"><a class=\"btn btn-bleu\" href=\"https:\/\/www.sunshine-habitat.com\/lodges-ciat\/services-ciat\/\">Tous nos services<\/a><\/p>\n<\/div>\n<\/div><\/div><\/div><\/div><\/div><\/div>","protected":false},"excerpt":{"rendered":"<p>\u2600\ufe0f Nouveaut\u00e9 2027 : d\u00e9couvrez IZY LODGE ! Offrez une nouvelle dimension \u00e0 vos emplacements avec notre toute nouvelle gamme de lodges, livr\u00e9s pr\u00eats \u00e0 monter et faciles \u00e0<\/p>\n","protected":false},"author":3,"featured_media":0,"parent":3843,"menu_order":213,"comment_status":"closed","ping_status":"closed","template":"template-page\/page-gamme.php","meta":{"inline_featured_image":false,"footnotes":""},"class_list":["post-25003","page","type-page","status-publish","hentry"],"yoast_head":"<!-- This site is optimized with the Yoast SEO plugin v27.3 - https:\/\/yoast.com\/product\/yoast-seo-wordpress\/ -->\n<title>Gamme Izy Lodge - Sunshine Habitat<\/title>\n<meta name=\"robots\" content=\"index, follow, max-snippet:-1, max-image-preview:large, max-video-preview:-1\" \/>\n<link rel=\"canonical\" href=\"https:\/\/www.sunshine-habitat.com\/fr\/lodges-ciat\/offre-professionnelle\/gamme-izy-lodge\/\" \/>\n<meta property=\"og:locale\" content=\"fr_FR\" \/>\n<meta property=\"og:type\" content=\"article\" \/>\n<meta property=\"og:title\" content=\"Gamme Izy Lodge - Sunshine Habitat\" \/>\n<meta property=\"og:description\" content=\"\u2600\ufe0f Nouveaut\u00e9 2027 : d\u00e9couvrez IZY LODGE ! Offrez une nouvelle dimension \u00e0 vos emplacements avec notre toute nouvelle gamme de lodges, livr\u00e9s pr\u00eats \u00e0 monter et faciles \u00e0\" \/>\n<meta property=\"og:url\" content=\"https:\/\/www.sunshine-habitat.com\/fr\/lodges-ciat\/offre-professionnelle\/gamme-izy-lodge\/\" \/>\n<meta property=\"og:site_name\" content=\"Sunshine Habitat\" \/>\n<meta property=\"article:modified_time\" content=\"2026-04-03T08:09:20+00:00\" \/>\n<meta name=\"twitter:card\" content=\"summary_large_image\" \/>\n<script type=\"application\/ld+json\" class=\"yoast-schema-graph\">{\"@context\":\"https:\\\/\\\/schema.org\",\"@graph\":[{\"@type\":\"WebPage\",\"@id\":\"https:\\\/\\\/www.sunshine-habitat.com\\\/fr\\\/lodges-ciat\\\/offre-professionnelle\\\/gamme-izy-lodge\\\/\",\"url\":\"https:\\\/\\\/www.sunshine-habitat.com\\\/fr\\\/lodges-ciat\\\/offre-professionnelle\\\/gamme-izy-lodge\\\/\",\"name\":\"Gamme Izy Lodge - Sunshine Habitat\",\"isPartOf\":{\"@id\":\"https:\\\/\\\/www.sunshine-habitat.com\\\/fr\\\/#website\"},\"datePublished\":\"2026-02-24T13:54:21+00:00\",\"dateModified\":\"2026-04-03T08:09:20+00:00\",\"breadcrumb\":{\"@id\":\"https:\\\/\\\/www.sunshine-habitat.com\\\/fr\\\/lodges-ciat\\\/offre-professionnelle\\\/gamme-izy-lodge\\\/#breadcrumb\"},\"inLanguage\":\"fr-FR\",\"potentialAction\":[{\"@type\":\"ReadAction\",\"target\":[\"https:\\\/\\\/www.sunshine-habitat.com\\\/fr\\\/lodges-ciat\\\/offre-professionnelle\\\/gamme-izy-lodge\\\/\"]}]},{\"@type\":\"BreadcrumbList\",\"@id\":\"https:\\\/\\\/www.sunshine-habitat.com\\\/fr\\\/lodges-ciat\\\/offre-professionnelle\\\/gamme-izy-lodge\\\/#breadcrumb\",\"itemListElement\":[{\"@type\":\"ListItem\",\"position\":1,\"name\":\"Accueil\",\"item\":\"https:\\\/\\\/www.sunshine-habitat.com\\\/fr\\\/\"},{\"@type\":\"ListItem\",\"position\":2,\"name\":\"Lodges CIAT\",\"item\":\"https:\\\/\\\/www.sunshine-habitat.com\\\/fr\\\/lodges-ciat\\\/\"},{\"@type\":\"ListItem\",\"position\":3,\"name\":\"Offre locative\",\"item\":\"https:\\\/\\\/www.sunshine-habitat.com\\\/fr\\\/lodges-ciat\\\/offre-professionnelle\\\/\"},{\"@type\":\"ListItem\",\"position\":4,\"name\":\"Gamme Izy Lodge\"}]},{\"@type\":\"WebSite\",\"@id\":\"https:\\\/\\\/www.sunshine-habitat.com\\\/fr\\\/#website\",\"url\":\"https:\\\/\\\/www.sunshine-habitat.com\\\/fr\\\/\",\"name\":\"Sunshine Habitat\",\"description\":\"\",\"publisher\":{\"@id\":\"https:\\\/\\\/www.sunshine-habitat.com\\\/fr\\\/#organization\"},\"potentialAction\":[{\"@type\":\"SearchAction\",\"target\":{\"@type\":\"EntryPoint\",\"urlTemplate\":\"https:\\\/\\\/www.sunshine-habitat.com\\\/fr\\\/?s={search_term_string}\"},\"query-input\":{\"@type\":\"PropertyValueSpecification\",\"valueRequired\":true,\"valueName\":\"search_term_string\"}}],\"inLanguage\":\"fr-FR\"},{\"@type\":\"Organization\",\"@id\":\"https:\\\/\\\/www.sunshine-habitat.com\\\/fr\\\/#organization\",\"name\":\"Sunshine Habitat\",\"url\":\"https:\\\/\\\/www.sunshine-habitat.com\\\/fr\\\/\",\"logo\":{\"@type\":\"ImageObject\",\"inLanguage\":\"fr-FR\",\"@id\":\"https:\\\/\\\/www.sunshine-habitat.com\\\/fr\\\/#\\\/schema\\\/logo\\\/image\\\/\",\"url\":\"https:\\\/\\\/www.sunshine-habitat.com\\\/wp-content\\\/uploads\\\/2021\\\/05\\\/logo.png\",\"contentUrl\":\"https:\\\/\\\/www.sunshine-habitat.com\\\/wp-content\\\/uploads\\\/2021\\\/05\\\/logo.png\",\"width\":192,\"height\":250,\"caption\":\"Sunshine Habitat\"},\"image\":{\"@id\":\"https:\\\/\\\/www.sunshine-habitat.com\\\/fr\\\/#\\\/schema\\\/logo\\\/image\\\/\"}}]}<\/script>\n<!-- \/ Yoast SEO plugin. -->","yoast_head_json":{"title":"Gamme Izy Lodge - Sunshine Habitat","robots":{"index":"index","follow":"follow","max-snippet":"max-snippet:-1","max-image-preview":"max-image-preview:large","max-video-preview":"max-video-preview:-1"},"canonical":"https:\/\/www.sunshine-habitat.com\/fr\/lodges-ciat\/offre-professionnelle\/gamme-izy-lodge\/","og_locale":"fr_FR","og_type":"article","og_title":"Gamme Izy Lodge - Sunshine Habitat","og_description":"\u2600\ufe0f Nouveaut\u00e9 2027 : d\u00e9couvrez IZY LODGE ! Offrez une nouvelle dimension \u00e0 vos emplacements avec notre toute nouvelle gamme de lodges, livr\u00e9s pr\u00eats \u00e0 monter et faciles \u00e0","og_url":"https:\/\/www.sunshine-habitat.com\/fr\/lodges-ciat\/offre-professionnelle\/gamme-izy-lodge\/","og_site_name":"Sunshine Habitat","article_modified_time":"2026-04-03T08:09:20+00:00","twitter_card":"summary_large_image","schema":{"@context":"https:\/\/schema.org","@graph":[{"@type":"WebPage","@id":"https:\/\/www.sunshine-habitat.com\/fr\/lodges-ciat\/offre-professionnelle\/gamme-izy-lodge\/","url":"https:\/\/www.sunshine-habitat.com\/fr\/lodges-ciat\/offre-professionnelle\/gamme-izy-lodge\/","name":"Gamme Izy Lodge - Sunshine Habitat","isPartOf":{"@id":"https:\/\/www.sunshine-habitat.com\/fr\/#website"},"datePublished":"2026-02-24T13:54:21+00:00","dateModified":"2026-04-03T08:09:20+00:00","breadcrumb":{"@id":"https:\/\/www.sunshine-habitat.com\/fr\/lodges-ciat\/offre-professionnelle\/gamme-izy-lodge\/#breadcrumb"},"inLanguage":"fr-FR","potentialAction":[{"@type":"ReadAction","target":["https:\/\/www.sunshine-habitat.com\/fr\/lodges-ciat\/offre-professionnelle\/gamme-izy-lodge\/"]}]},{"@type":"BreadcrumbList","@id":"https:\/\/www.sunshine-habitat.com\/fr\/lodges-ciat\/offre-professionnelle\/gamme-izy-lodge\/#breadcrumb","itemListElement":[{"@type":"ListItem","position":1,"name":"Accueil","item":"https:\/\/www.sunshine-habitat.com\/fr\/"},{"@type":"ListItem","position":2,"name":"Lodges CIAT","item":"https:\/\/www.sunshine-habitat.com\/fr\/lodges-ciat\/"},{"@type":"ListItem","position":3,"name":"Offre locative","item":"https:\/\/www.sunshine-habitat.com\/fr\/lodges-ciat\/offre-professionnelle\/"},{"@type":"ListItem","position":4,"name":"Gamme Izy Lodge"}]},{"@type":"WebSite","@id":"https:\/\/www.sunshine-habitat.com\/fr\/#website","url":"https:\/\/www.sunshine-habitat.com\/fr\/","name":"Sunshine Habitat","description":"","publisher":{"@id":"https:\/\/www.sunshine-habitat.com\/fr\/#organization"},"potentialAction":[{"@type":"SearchAction","target":{"@type":"EntryPoint","urlTemplate":"https:\/\/www.sunshine-habitat.com\/fr\/?s={search_term_string}"},"query-input":{"@type":"PropertyValueSpecification","valueRequired":true,"valueName":"search_term_string"}}],"inLanguage":"fr-FR"},{"@type":"Organization","@id":"https:\/\/www.sunshine-habitat.com\/fr\/#organization","name":"Sunshine Habitat","url":"https:\/\/www.sunshine-habitat.com\/fr\/","logo":{"@type":"ImageObject","inLanguage":"fr-FR","@id":"https:\/\/www.sunshine-habitat.com\/fr\/#\/schema\/logo\/image\/","url":"https:\/\/www.sunshine-habitat.com\/wp-content\/uploads\/2021\/05\/logo.png","contentUrl":"https:\/\/www.sunshine-habitat.com\/wp-content\/uploads\/2021\/05\/logo.png","width":192,"height":250,"caption":"Sunshine Habitat"},"image":{"@id":"https:\/\/www.sunshine-habitat.com\/fr\/#\/schema\/logo\/image\/"}}]}},"_links":{"self":[{"href":"https:\/\/www.sunshinehabitat.com\/fr\/wp-json\/wp\/v2\/pages\/25003","targetHints":{"allow":["GET"]}}],"collection":[{"href":"https:\/\/www.sunshinehabitat.com\/fr\/wp-json\/wp\/v2\/pages"}],"about":[{"href":"https:\/\/www.sunshinehabitat.com\/fr\/wp-json\/wp\/v2\/types\/page"}],"author":[{"embeddable":true,"href":"https:\/\/www.sunshinehabitat.com\/fr\/wp-json\/wp\/v2\/users\/3"}],"replies":[{"embeddable":true,"href":"https:\/\/www.sunshinehabitat.com\/fr\/wp-json\/wp\/v2\/comments?post=25003"}],"version-history":[{"count":6,"href":"https:\/\/www.sunshinehabitat.com\/fr\/wp-json\/wp\/v2\/pages\/25003\/revisions"}],"predecessor-version":[{"id":25081,"href":"https:\/\/www.sunshinehabitat.com\/fr\/wp-json\/wp\/v2\/pages\/25003\/revisions\/25081"}],"up":[{"embeddable":true,"href":"https:\/\/www.sunshinehabitat.com\/fr\/wp-json\/wp\/v2\/pages\/3843"}],"wp:attachment":[{"href":"https:\/\/www.sunshinehabitat.com\/fr\/wp-json\/wp\/v2\/media?parent=25003"}],"curies":[{"name":"wp","href":"https:\/\/api.w.org\/{rel}","templated":true}]}}