{"id":2633,"date":"2021-05-25T15:16:19","date_gmt":"2021-05-25T13:16:19","guid":{"rendered":"https:\/\/www.sunshine-habitat.com\/?page_id=2633"},"modified":"2024-03-27T15:58:15","modified_gmt":"2024-03-27T14:58:15","slug":"lodges-ciat","status":"publish","type":"page","link":"https:\/\/www.sunshinehabitat.com\/fr\/lodges-ciat\/","title":{"rendered":"Lodges CIAT"},"content":{"rendered":"<div id=\"pl-2633\"  class=\"panel-layout\" ><div id=\"pg-2633-0\"  class=\"panel-grid panel-no-style\" ><div id=\"pgc-2633-0-0\"  class=\"panel-grid-cell\" ><div id=\"panel-2633-0-0-0\" class=\"so-panel widget widget_sow-editor panel-first-child panel-last-child\" data-index=\"0\" ><div\n\t\t\t\n\t\t\tclass=\"so-widget-sow-editor so-widget-sow-editor-base\"\n\t\t\t\n\t\t>\n<div class=\"siteorigin-widget-tinymce textwidget\">\n\t<p style=\"text-align: center;\">Lodges CIAT, <strong>marque de Sunshine Habitat<\/strong>, dessine et fabrique des habitats de loisirs toil\u00e9s destin\u00e9s aux professionnels de l\u2019H\u00f4tellerie de Plein Air.<\/p>\n<p style=\"text-align: center;\">Naturel et authentique, Lodges CIAT apporte dans la conception des <strong>lodges<\/strong>, toutes gammes confondues, des valeurs de libert\u00e9, d\u2019originalit\u00e9 et de proximit\u00e9 avec l\u2019environnement. \u00a0En cela, il poursuit sa mission initiale : offrir aux professionnels des campings des h\u00e9bergements locatifs qui sortent des sentiers battus.<\/p>\n<p style=\"text-align: center;\"><span style=\"font-size: 1em;\">Reconnu par les professionnels de l\u2019H\u00f4tellerie de Plein Air comme une r\u00e9f\u00e9rence en termes de qualit\u00e9 et de p\u00e9rennit\u00e9, Lodges CIAT accorde du temps et de l\u2019attention \u00e0 concevoir et produire de nouveaux lodges disruptifs, qui cassent les codes, au design \u00e9volutif et \u00e9pur\u00e9, incarnation d\u2019un <strong>luxe<\/strong> sobre et simple, en <strong>accord avec la nature<\/strong>.<\/span><\/p>\n<\/div>\n<\/div><\/div><\/div><\/div><div id=\"pg-2633-1\"  class=\"panel-grid panel-has-style no-padding-top-nc-wrap\" ><div class=\"no-padding-top panel-row-style panel-row-style-for-2633-1\" ><div id=\"pgc-2633-1-0\"  class=\"panel-grid-cell\" ><div id=\"panel-2633-1-0-0\" class=\"so-panel widget widget_encart-text-img-link panel-first-child panel-last-child\" data-index=\"1\" ><div\n\t\t\t\n\t\t\tclass=\"so-widget-encart-text-img-link so-widget-encart-text-img-link-base\"\n\t\t\t\n\t\t><div class=\"etil-block-container nc-widget-nc-encart-text-img-link-tpl-theme-bloc-offre-pro-part\">\r\n\t<a href=\"https:\/\/www.sunshinehabitat.com\/fr\/lodges-ciat\/offre-professionnelle\/\" class=\"etil-block-link\" title=\"\">\t\t<div class=\"etil-img\"><img decoding=\"async\" class=\"masked\" src=\"https:\/\/www.sunshinehabitat.com\/wp-content\/uploads\/2024\/03\/JL_26_2S_-1746-scaled.jpg\" alt=\"\" \/><img decoding=\"async\" class=\"mask\" src=\"https:\/\/www.sunshinehabitat.com\/wp-content\/themes\/netconcept_V7_sun\/images\/elements\/tour-maison.png\" alt=\"\" \/><\/div>\r\n\t\t<div class=\"etil-block-text\">\r\n\t\t\t<h3 style=\"text-align: center\">Offre locative<\/h3>\n<h2 style=\"text-align: center\"><strong>Professionnels<\/strong><\/h2>\n\t\t<\/div>\r\n\t<\/a>        \r\n<\/div>\r\n<\/div><\/div><\/div><\/div><\/div><div id=\"pg-2633-2\"  class=\"panel-grid panel-has-style background-gris-nc-wrap row-pave-bd-nc-wrap h30-nc-wrap w100-nc-wrap\" ><div class=\"background-gris row-pave-bd h30 w100 siteorigin-panels-stretch panel-row-style panel-row-style-for-2633-2\" data-stretch-type=\"full\" ><div id=\"pgc-2633-2-0\"  class=\"panel-grid-cell\" ><div class=\"cell-pave-d panel-cell-style panel-cell-style-for-2633-2-0\" ><div id=\"panel-2633-2-0-0\" class=\"so-panel widget widget_sow-editor panel-first-child\" data-index=\"2\" ><div class=\"medium-width panel-widget-style panel-widget-style-for-2633-2-0-0\" ><div\n\t\t\t\n\t\t\tclass=\"so-widget-sow-editor so-widget-sow-editor-base\"\n\t\t\t\n\t\t>\n<div class=\"siteorigin-widget-tinymce textwidget\">\n\t<h2 class=\"alternative\">Des lodges toil\u00e9s solides<\/h2>\n<p>Depuis sa cr\u00e9ation, Lodges CIAT ma\u00eetrise les diff\u00e9rentes op\u00e9rations depuis la conception jusqu\u2019\u00e0 l\u2019installation de ses habitats. Il a toujours privil\u00e9gi\u00e9 des mat\u00e9riaux de qualit\u00e9 et choisi des fournisseurs et des collaborations de proximit\u00e9. Il tire \u00e0 pr\u00e9sent profit de la synergie du groupe Sunshine Habitat en partageant ses savoir-faire et en optimisant ses ressources.<\/p>\n<\/div>\n<\/div><\/div><\/div><div id=\"panel-2633-2-0-1\" class=\"so-panel widget widget_sow-editor panel-last-child\" data-index=\"3\" ><div class=\"medium-width panel-widget-style panel-widget-style-for-2633-2-0-1\" ><div\n\t\t\t\n\t\t\tclass=\"so-widget-sow-editor so-widget-sow-editor-base\"\n\t\t\t\n\t\t>\n<div class=\"siteorigin-widget-tinymce textwidget\">\n\t<p><a href=\"https:\/\/www.youtube.com\/watch?v=Ky6nOwE8g0E\"><img fetchpriority=\"high\" fetchpriority=\"high\" decoding=\"async\" class=\"aligncenter wp-image-16430 size-large\" src=\"https:\/\/www.sunshine-habitat.com\/wp-content\/uploads\/2023\/05\/WL_34_3S_10-scaled-1024x738.jpg\" alt=\"WL_34_3S_10\" width=\"760\" height=\"548\" srcset=\"https:\/\/www.sunshinehabitat.com\/wp-content\/uploads\/2023\/05\/WL_34_3S_10-scaled-1024x738.jpg 1024w, https:\/\/www.sunshinehabitat.com\/wp-content\/uploads\/2023\/05\/WL_34_3S_10-scaled-300x216.jpg 300w\" sizes=\"(max-width: 760px) 100vw, 760px\" \/><\/a><\/p>\n<\/div>\n<\/div><\/div><\/div><\/div><\/div><\/div><\/div><div id=\"pg-2633-3\"  class=\"panel-grid panel-has-style no-padding-top-nc-wrap\" ><div class=\"no-padding-top siteorigin-panels-stretch panel-row-style panel-row-style-for-2633-3\" data-stretch-type=\"full\" ><div id=\"pgc-2633-3-0\"  class=\"panel-grid-cell panel-grid-cell-mobile-last\" ><div id=\"panel-2633-3-0-0\" class=\"so-panel widget widget_sow-editor panel-first-child panel-last-child\" data-index=\"4\" ><div class=\"bloc-text-marque panel-widget-style panel-widget-style-for-2633-3-0-0\" ><div\n\t\t\t\n\t\t\tclass=\"so-widget-sow-editor so-widget-sow-editor-base\"\n\t\t\t\n\t\t>\n<div class=\"siteorigin-widget-tinymce textwidget\">\n\t<h2 class=\"alternative\">Lodges CIAT se renouvelle en permanence pour offrir le meilleur des lodges \u00e0 ses clients et faire vivre \u00e0 vos vacanciers une exp\u00e9rience glamping inoubliable.<\/h2>\n<\/div>\n<\/div><\/div><\/div><\/div><div id=\"pgc-2633-3-1\"  class=\"panel-grid-cell panel-grid-cell-empty\" ><\/div><\/div><\/div><div id=\"pg-2633-4\"  class=\"panel-grid panel-has-style background-bleu-nc-wrap\" ><div class=\"background-bleu siteorigin-panels-stretch panel-row-style panel-row-style-for-2633-4\" data-stretch-type=\"full\" ><div id=\"pgc-2633-4-0\"  class=\"panel-grid-cell\" ><div id=\"panel-2633-4-0-0\" class=\"so-panel widget widget_sow-editor panel-first-child panel-last-child\" data-index=\"5\" ><div class=\"padding-right panel-widget-style panel-widget-style-for-2633-4-0-0\" ><div\n\t\t\t\n\t\t\tclass=\"so-widget-sow-editor so-widget-sow-editor-base\"\n\t\t\t\n\t\t>\n<div class=\"siteorigin-widget-tinymce textwidget\">\n\t<h2>Lodges CIAT, un subtil m\u00e9lange de nature et de confort<\/h2>\n<p style=\"text-align: justify;\">Les Lodges font figure d\u2019habitat de r\u00e9f\u00e9rence dans l\u2019H\u00f4tellerie de Plein Air en ce qu\u2019ils renvoient \u00e0 l\u2019essence m\u00eame du camping et \u00e0 son histoire.<\/p>\n<p style=\"text-align: justify;\">Un sentiment d\u2019aventure et de libert\u00e9 est attach\u00e9 \u00e0 cet habitat atypique qui s\u00e9duit par son originalit\u00e9 et a su s\u2019adapter aux attentes contemporaines en procurant une exp\u00e9rience glamping. Les Lodges CIAT se distinguent par leur authenticit\u00e9, des choix de mat\u00e9riaux de qualit\u00e9 et un agencement qui laisse libre cours \u00e0 la circulation et \u00e0 fluidit\u00e9.<\/p>\n<p style=\"text-align: justify;\">Que ce soit au bord de l\u2019eau, \u00e0 la montagne, en int\u00e9rieur ou sur le littoral, le lodge s\u00e9duit par sa douceur, ses couleurs chaudes, son ossature bois et son int\u00e9gration paysag\u00e8re. Combo parfait, le lodge et la nature s\u2019unissent harmonieusement pour procurer une exp\u00e9rience glamping, tr\u00e8s recherch\u00e9e par une nouvelle g\u00e9n\u00e9ration de vacanciers.<\/p>\n<p><a class=\"btn btn-gris\" href=\"https:\/\/www.sunshine-habitat.com\/lodges-ciat\/contactez-nous-a-propos-des-lodges-ciat\/\">Contacter un conseiller<\/a> <a class=\"btn btn-blanc\" href=\"https:\/\/www.sunshine-habitat.com\/etre-rappele\/\">Me faire rappeler<\/a><\/p>\n<\/div>\n<\/div><\/div><\/div><\/div><div id=\"pgc-2633-4-1\"  class=\"panel-grid-cell\" ><div id=\"panel-2633-4-1-0\" class=\"so-panel widget widget_nc-side-img panel-first-child panel-last-child\" data-index=\"6\" ><div\n\t\t\t\n\t\t\tclass=\"so-widget-nc-side-img so-widget-nc-side-img-base\"\n\t\t\t\n\t\t><div class=\"nc-widget-nc-side-img nc-widget-nc-side-img-tpl-default nc-widget-nc-side-img-\" data-sow-id=\"f09ce1d1-e51b-49b4-ada7-0062d34aa40f\">\r\n\t<img decoding=\"async\" class=\"nc-widget-nc-side-img-img\" src=\"https:\/\/www.sunshinehabitat.com\/wp-content\/uploads\/2023\/05\/JL_34_3S_-65-scaled-e1683276030770.jpg\" alt=\"\" \/>\r\n<\/div>\r\n<script>\r\n\tjQuery(document).ready(function($) {\r\n\t\tvar $nc_side_img = $('[data-sow-id=\"f09ce1d1-e51b-49b4-ada7-0062d34aa40f\"]');\r\n\t\tvar $panel = $nc_side_img.closest('[class*=\"siteorigin-panels\"]');\r\n\t\t$panel.addClass('row-full-img-right');\r\n\t});\r\n<\/script><\/div><\/div><\/div><\/div><\/div><div id=\"pg-2633-5\"  class=\"panel-grid panel-has-style background-bleu-nc-wrap\" ><div class=\"background-bleu siteorigin-panels-stretch panel-row-style panel-row-style-for-2633-5\" data-stretch-type=\"full\" ><div id=\"pgc-2633-5-0\"  class=\"panel-grid-cell\" ><div id=\"panel-2633-5-0-0\" class=\"so-panel widget widget_nc-side-img panel-first-child panel-last-child\" data-index=\"7\" ><div\n\t\t\t\n\t\t\tclass=\"so-widget-nc-side-img so-widget-nc-side-img-base\"\n\t\t\t\n\t\t><div class=\"nc-widget-nc-side-img nc-widget-nc-side-img-tpl-default nc-widget-nc-side-img-\" data-sow-id=\"80ea58ba-93ac-4746-81a3-a379792c4457\">\r\n\t<img decoding=\"async\" class=\"nc-widget-nc-side-img-img\" src=\"https:\/\/www.sunshinehabitat.com\/wp-content\/uploads\/2023\/05\/MWL_23_2S_-17-1-scaled-e1683275021540.jpg\" alt=\"\" \/>\r\n<\/div>\r\n<script>\r\n\tjQuery(document).ready(function($) {\r\n\t\tvar $nc_side_img = $('[data-sow-id=\"80ea58ba-93ac-4746-81a3-a379792c4457\"]');\r\n\t\tvar $panel = $nc_side_img.closest('[class*=\"siteorigin-panels\"]');\r\n\t\t$panel.addClass('row-full-img-left');\r\n\t});\r\n<\/script><\/div><\/div><\/div><div id=\"pgc-2633-5-1\"  class=\"panel-grid-cell\" ><div id=\"panel-2633-5-1-0\" class=\"so-panel widget widget_sow-editor panel-first-child\" data-index=\"8\" ><div class=\"padding-left panel-widget-style panel-widget-style-for-2633-5-1-0\" ><div\n\t\t\t\n\t\t\tclass=\"so-widget-sow-editor so-widget-sow-editor-base\"\n\t\t\t\n\t\t>\n<div class=\"siteorigin-widget-tinymce textwidget\">\n\t<p style=\"text-align: justify;\">Les tentes lodges offrent aux campings la possibilit\u00e9 de se d\u00e9marquer nettement en choisissant un habitat moins conventionnel et plus original pour souligner la singularit\u00e9 de leur \u00e9tablissement. L\u2019alliance de la toile, du bois et d\u2019un style de vie \"int\u00e9rieur-ext\u00e9rieur\" sont des \u00e9l\u00e9ments diff\u00e9renciants majeurs parmi les h\u00e9bergements de loisirs.<\/p>\n<p><span style=\"font-size: 20px;\"><strong>D\u00e9couvrez sans tarder nos gammes de lodges haut de gamme<\/strong><\/span><\/p>\n<\/div>\n<\/div><\/div><\/div><div id=\"panel-2633-5-1-1\" class=\"so-panel widget widget_widget-nc-boxes-list panel-last-child\" data-index=\"9\" ><div class=\"padding-left panel-widget-style panel-widget-style-for-2633-5-1-1\" ><div\n\t\t\t\n\t\t\tclass=\"so-widget-widget-nc-boxes-list so-widget-widget-nc-boxes-list-base\"\n\t\t\t\n\t\t><div class=\"nc-widget-nc-boxes-list nc-widget-nc-boxes-list-tpl-theme-liste-gammes\">\r\n\r\n\t\t<div class=\"nc-widget-nc-boxes-list-inner\">\r\n\t\t\t\t\t<div class=\"nc-widget-nc-box-wrapper \">\r\n\t\t\t\t<div class=\"nc-widget-nc-box\">\r\n\t\t\t\t\t<a href=\"https:\/\/www.sunshinehabitat.com\/fr\/lodges-ciat\/offre-professionnelle\/gamme-mini-wood-lodge\/\" class=\"nc-widget-nc-box-link\" title=\"\">\t\t\t\t\t<div class=\"nc-widget-nc-box-content\">\r\n\t\t\t\t\t\t<div class=\"nc-widget-nc-box-text\">\r\n\t\t\t\t\t\t\t<p style=\"text-align: center\"><b>Mini Wood<br \/>\nLodge<\/b><\/p>\n\t\t\t\t\t\t<\/div>\r\n\t\t\t\t\t<\/div>\r\n\t\t\t\t\t<\/a>\t\t\t\t<\/div>\r\n\t\t\t<\/div>\r\n\t\t\t\t\t<div class=\"nc-widget-nc-box-wrapper \">\r\n\t\t\t\t<div class=\"nc-widget-nc-box\">\r\n\t\t\t\t\t<a href=\"https:\/\/www.sunshinehabitat.com\/fr\/lodges-ciat\/offre-professionnelle\/gamme-wood-lodge\/\" class=\"nc-widget-nc-box-link\" title=\"\">\t\t\t\t\t<div class=\"nc-widget-nc-box-content\">\r\n\t\t\t\t\t\t<div class=\"nc-widget-nc-box-text\">\r\n\t\t\t\t\t\t\t<p style=\"text-align: center\"><b>Wood Lodge<\/b><\/p>\n\t\t\t\t\t\t<\/div>\r\n\t\t\t\t\t<\/div>\r\n\t\t\t\t\t<\/a>\t\t\t\t<\/div>\r\n\t\t\t<\/div>\r\n\t\t\t\t\t<div class=\"nc-widget-nc-box-wrapper \">\r\n\t\t\t\t<div class=\"nc-widget-nc-box\">\r\n\t\t\t\t\t<a href=\"https:\/\/www.sunshinehabitat.com\/fr\/lodges-ciat\/offre-professionnelle\/gamme-jungle-lodge\/\" class=\"nc-widget-nc-box-link\" title=\"\">\t\t\t\t\t<div class=\"nc-widget-nc-box-content\">\r\n\t\t\t\t\t\t<div class=\"nc-widget-nc-box-text\">\r\n\t\t\t\t\t\t\t<p style=\"text-align: center\"><b>Jungle Lodge<\/b><\/p>\n\t\t\t\t\t\t<\/div>\r\n\t\t\t\t\t<\/div>\r\n\t\t\t\t\t<\/a>\t\t\t\t<\/div>\r\n\t\t\t<\/div>\r\n\t\t\t<\/div>\r\n<\/div><\/div><\/div><\/div><\/div><\/div><\/div><div id=\"pg-2633-6\"  class=\"panel-grid panel-has-style background-alt-nc-wrap\" ><div class=\"background-alt siteorigin-panels-stretch panel-row-style panel-row-style-for-2633-6\" data-stretch-type=\"full\" ><div id=\"pgc-2633-6-0\"  class=\"panel-grid-cell\" ><div id=\"panel-2633-6-0-0\" class=\"so-panel widget widget_sow-editor panel-first-child panel-last-child\" data-index=\"10\" ><div class=\"medium-width panel-widget-style panel-widget-style-for-2633-6-0-0\" ><div\n\t\t\t\n\t\t\tclass=\"so-widget-sow-editor so-widget-sow-editor-base\"\n\t\t\t\n\t\t>\n<div class=\"siteorigin-widget-tinymce textwidget\">\n\t<div class=\"nc-bloc-reveal\">\n<div class=\"description-intro\">\n<h2 style=\"text-align: center;\">Partenaire de proximit\u00e9<\/h2>\n<p style=\"text-align: center;\">Lodges CIAT s\u2019est toujours affirm\u00e9 comme un <strong>partenaire<\/strong> ayant des relations durables et de proximit\u00e9 avec les professionnels de l\u2019H\u00f4tellerie de Plein Air.<br \/>\nFabricant historique, il suit depuis de tr\u00e8s nombreuses ann\u00e9es ses produits en donnant l'acc\u00e8s \u00e0 ses clients \u00e0 des pi\u00e8ces d\u00e9tach\u00e9es, \u00e0 un service r\u00e9actif et de proximit\u00e9, ainsi qu'\u00e0 une assistance technique. <span style=\"font-size: 1em;\">Etre aux c\u00f4t\u00e9s de nos clients et les accompagner dans leurs projets est plus que jamais ancr\u00e9 dans l\u2019ADN de notre soci\u00e9t\u00e9 pour offrir le meilleur de l\u2019<strong>accompagnement personnalis\u00e9<\/strong> \u00e0 nos clients.<\/span><\/p>\n<\/div>\n<p><button class=\"description-more\"><span>En savoir plus<\/span><\/button><\/p>\n<div class=\"description-content\">\n<h2 style=\"text-align: center;\">Une offre compl\u00e9mentaire<\/h2>\n<p style=\"text-align: center;\">Lodges CIAT propose aux collectivit\u00e9s et aux professionnels de campings une offre de tentes de r\u00e9ception et de festivit\u00e9 compl\u00e9mentaire \u00e0 l\u2019offre principale d\u00e9di\u00e9e \u00e0 l\u2019H\u00f4tellerie de Plein Air.<br \/>\nCes<strong> tentes de r\u00e9ception<\/strong> permettent aux collectivit\u00e9s et au tissu associatif d\u2019organiser des \u00e9v\u00e9nements temporaires \u00e0 l\u2019abri des intemp\u00e9ries.<br \/>\nSur les campings elles constituent le plus souvent des espaces couverts compl\u00e9mentaires de restauration ou d\u2019animation.<\/p>\n<h2 style=\"text-align: center;\">Retour sur l\u2019histoire de Lodges CIAT<\/h2>\n<p style=\"text-align: center;\">Lodges CIAT, fond\u00e9 par Andr\u00e9 Trigano, na\u00eet en <strong>1973<\/strong> \u00e0 Maz\u00e8res en Ari\u00e8ge. Ancr\u00e9e dans son \u00e9poque, l'entreprise fabrique des tentes pour les festivit\u00e9s, les colonies de vacances et les particuliers. Dans les ann\u00e9es 80, elle initie les <strong>premiers locatifs toil\u00e9s<\/strong> destin\u00e9s aux professionnels de l\u2019H\u00f4tellerie de Plein Air et d\u00e9veloppe des outils d\u2019accompagnement pour ses clients (location, service r\u00e9paration, aide \u00e0 la commercialisation). L\u2019entreprise devient ainsi le leader Fran\u00e7ais du march\u00e9 des Bungalow Toil\u00e9s. Aujourd\u2019hui, Lodges CIAT poursuit son d\u00e9veloppement en concevant et fabricant des lodges originaux et design afin de satisfaire les attentes des professionnels de l\u2019HPA en France, au Portugal et en Espagne. Acteur <strong>audacieux<\/strong>, Lodges CIAT s\u2019attache \u00e0 fournir des prestations haut de gamme et s'engage \u00e0 poursuivre une d\u00e9marche d'innovation constante.<\/p>\n<p><button class=\"description-less\"><span>Less<\/span><\/button><\/div>\n<\/div>\n<\/div>\n<\/div><\/div><\/div><\/div><\/div><\/div><\/div>","protected":false},"excerpt":{"rendered":"<p>Lodges CIAT, marque de Sunshine Habitat, dessine et fabrique des habitats de loisirs toil\u00e9s destin\u00e9s aux professionnels de l\u2019H\u00f4tellerie de Plein Air. Naturel et authentique, Lodges CIAT apporte dans<\/p>\n","protected":false},"author":2,"featured_media":0,"parent":0,"menu_order":202,"comment_status":"closed","ping_status":"closed","template":"","meta":{"inline_featured_image":false,"footnotes":""},"class_list":["post-2633","page","type-page","status-publish","hentry"],"yoast_head":"<!-- This site is optimized with the Yoast SEO plugin v27.3 - https:\/\/yoast.com\/product\/yoast-seo-wordpress\/ -->\n<title>Lodges CIAT - Sunshine Habitat<\/title>\n<meta name=\"robots\" content=\"index, follow, max-snippet:-1, max-image-preview:large, max-video-preview:-1\" \/>\n<link rel=\"canonical\" href=\"https:\/\/www.sunshine-habitat.com\/fr\/lodges-ciat\/\" \/>\n<meta property=\"og:locale\" content=\"fr_FR\" \/>\n<meta property=\"og:type\" content=\"article\" \/>\n<meta property=\"og:title\" content=\"Lodges CIAT - Sunshine Habitat\" \/>\n<meta property=\"og:description\" content=\"Lodges CIAT, marque de Sunshine Habitat, dessine et fabrique des habitats de loisirs toil\u00e9s destin\u00e9s aux professionnels de l\u2019H\u00f4tellerie de Plein Air. Naturel et authentique, Lodges CIAT apporte dans\" \/>\n<meta property=\"og:url\" content=\"https:\/\/www.sunshine-habitat.com\/fr\/lodges-ciat\/\" \/>\n<meta property=\"og:site_name\" content=\"Sunshine Habitat\" \/>\n<meta property=\"article:modified_time\" content=\"2024-03-27T14:58:15+00:00\" \/>\n<meta property=\"og:image\" content=\"https:\/\/www.sunshine-habitat.com\/wp-content\/uploads\/2023\/05\/WL_34_3S_10-scaled-1024x738.jpg\" \/>\n<meta name=\"twitter:card\" content=\"summary_large_image\" \/>\n<script type=\"application\/ld+json\" class=\"yoast-schema-graph\">{\"@context\":\"https:\\\/\\\/schema.org\",\"@graph\":[{\"@type\":\"WebPage\",\"@id\":\"https:\\\/\\\/www.sunshine-habitat.com\\\/fr\\\/lodges-ciat\\\/\",\"url\":\"https:\\\/\\\/www.sunshine-habitat.com\\\/fr\\\/lodges-ciat\\\/\",\"name\":\"Lodges CIAT - Sunshine Habitat\",\"isPartOf\":{\"@id\":\"https:\\\/\\\/www.sunshine-habitat.com\\\/fr\\\/#website\"},\"primaryImageOfPage\":{\"@id\":\"https:\\\/\\\/www.sunshine-habitat.com\\\/fr\\\/lodges-ciat\\\/#primaryimage\"},\"image\":{\"@id\":\"https:\\\/\\\/www.sunshine-habitat.com\\\/fr\\\/lodges-ciat\\\/#primaryimage\"},\"thumbnailUrl\":\"https:\\\/\\\/www.sunshine-habitat.com\\\/wp-content\\\/uploads\\\/2023\\\/05\\\/WL_34_3S_10-scaled-1024x738.jpg\",\"datePublished\":\"2021-05-25T13:16:19+00:00\",\"dateModified\":\"2024-03-27T14:58:15+00:00\",\"breadcrumb\":{\"@id\":\"https:\\\/\\\/www.sunshine-habitat.com\\\/fr\\\/lodges-ciat\\\/#breadcrumb\"},\"inLanguage\":\"fr-FR\",\"potentialAction\":[{\"@type\":\"ReadAction\",\"target\":[\"https:\\\/\\\/www.sunshine-habitat.com\\\/fr\\\/lodges-ciat\\\/\"]}]},{\"@type\":\"ImageObject\",\"inLanguage\":\"fr-FR\",\"@id\":\"https:\\\/\\\/www.sunshine-habitat.com\\\/fr\\\/lodges-ciat\\\/#primaryimage\",\"url\":\"https:\\\/\\\/www.sunshine-habitat.com\\\/wp-content\\\/uploads\\\/2023\\\/05\\\/WL_34_3S_10-scaled-1024x738.jpg\",\"contentUrl\":\"https:\\\/\\\/www.sunshine-habitat.com\\\/wp-content\\\/uploads\\\/2023\\\/05\\\/WL_34_3S_10-scaled-1024x738.jpg\"},{\"@type\":\"BreadcrumbList\",\"@id\":\"https:\\\/\\\/www.sunshine-habitat.com\\\/fr\\\/lodges-ciat\\\/#breadcrumb\",\"itemListElement\":[{\"@type\":\"ListItem\",\"position\":1,\"name\":\"Accueil\",\"item\":\"https:\\\/\\\/www.sunshine-habitat.com\\\/fr\\\/\"},{\"@type\":\"ListItem\",\"position\":2,\"name\":\"Lodges CIAT\"}]},{\"@type\":\"WebSite\",\"@id\":\"https:\\\/\\\/www.sunshine-habitat.com\\\/fr\\\/#website\",\"url\":\"https:\\\/\\\/www.sunshine-habitat.com\\\/fr\\\/\",\"name\":\"Sunshine Habitat\",\"description\":\"\",\"publisher\":{\"@id\":\"https:\\\/\\\/www.sunshine-habitat.com\\\/fr\\\/#organization\"},\"potentialAction\":[{\"@type\":\"SearchAction\",\"target\":{\"@type\":\"EntryPoint\",\"urlTemplate\":\"https:\\\/\\\/www.sunshine-habitat.com\\\/fr\\\/?s={search_term_string}\"},\"query-input\":{\"@type\":\"PropertyValueSpecification\",\"valueRequired\":true,\"valueName\":\"search_term_string\"}}],\"inLanguage\":\"fr-FR\"},{\"@type\":\"Organization\",\"@id\":\"https:\\\/\\\/www.sunshine-habitat.com\\\/fr\\\/#organization\",\"name\":\"Sunshine Habitat\",\"url\":\"https:\\\/\\\/www.sunshine-habitat.com\\\/fr\\\/\",\"logo\":{\"@type\":\"ImageObject\",\"inLanguage\":\"fr-FR\",\"@id\":\"https:\\\/\\\/www.sunshine-habitat.com\\\/fr\\\/#\\\/schema\\\/logo\\\/image\\\/\",\"url\":\"https:\\\/\\\/www.sunshine-habitat.com\\\/wp-content\\\/uploads\\\/2021\\\/05\\\/logo.png\",\"contentUrl\":\"https:\\\/\\\/www.sunshine-habitat.com\\\/wp-content\\\/uploads\\\/2021\\\/05\\\/logo.png\",\"width\":192,\"height\":250,\"caption\":\"Sunshine Habitat\"},\"image\":{\"@id\":\"https:\\\/\\\/www.sunshine-habitat.com\\\/fr\\\/#\\\/schema\\\/logo\\\/image\\\/\"}}]}<\/script>\n<!-- \/ Yoast SEO plugin. -->","yoast_head_json":{"title":"Lodges CIAT - Sunshine Habitat","robots":{"index":"index","follow":"follow","max-snippet":"max-snippet:-1","max-image-preview":"max-image-preview:large","max-video-preview":"max-video-preview:-1"},"canonical":"https:\/\/www.sunshine-habitat.com\/fr\/lodges-ciat\/","og_locale":"fr_FR","og_type":"article","og_title":"Lodges CIAT - Sunshine Habitat","og_description":"Lodges CIAT, marque de Sunshine Habitat, dessine et fabrique des habitats de loisirs toil\u00e9s destin\u00e9s aux professionnels de l\u2019H\u00f4tellerie de Plein Air. Naturel et authentique, Lodges CIAT apporte dans","og_url":"https:\/\/www.sunshine-habitat.com\/fr\/lodges-ciat\/","og_site_name":"Sunshine Habitat","article_modified_time":"2024-03-27T14:58:15+00:00","og_image":[{"url":"https:\/\/www.sunshine-habitat.com\/wp-content\/uploads\/2023\/05\/WL_34_3S_10-scaled-1024x738.jpg","type":"","width":"","height":""}],"twitter_card":"summary_large_image","schema":{"@context":"https:\/\/schema.org","@graph":[{"@type":"WebPage","@id":"https:\/\/www.sunshine-habitat.com\/fr\/lodges-ciat\/","url":"https:\/\/www.sunshine-habitat.com\/fr\/lodges-ciat\/","name":"Lodges CIAT - Sunshine Habitat","isPartOf":{"@id":"https:\/\/www.sunshine-habitat.com\/fr\/#website"},"primaryImageOfPage":{"@id":"https:\/\/www.sunshine-habitat.com\/fr\/lodges-ciat\/#primaryimage"},"image":{"@id":"https:\/\/www.sunshine-habitat.com\/fr\/lodges-ciat\/#primaryimage"},"thumbnailUrl":"https:\/\/www.sunshine-habitat.com\/wp-content\/uploads\/2023\/05\/WL_34_3S_10-scaled-1024x738.jpg","datePublished":"2021-05-25T13:16:19+00:00","dateModified":"2024-03-27T14:58:15+00:00","breadcrumb":{"@id":"https:\/\/www.sunshine-habitat.com\/fr\/lodges-ciat\/#breadcrumb"},"inLanguage":"fr-FR","potentialAction":[{"@type":"ReadAction","target":["https:\/\/www.sunshine-habitat.com\/fr\/lodges-ciat\/"]}]},{"@type":"ImageObject","inLanguage":"fr-FR","@id":"https:\/\/www.sunshine-habitat.com\/fr\/lodges-ciat\/#primaryimage","url":"https:\/\/www.sunshine-habitat.com\/wp-content\/uploads\/2023\/05\/WL_34_3S_10-scaled-1024x738.jpg","contentUrl":"https:\/\/www.sunshine-habitat.com\/wp-content\/uploads\/2023\/05\/WL_34_3S_10-scaled-1024x738.jpg"},{"@type":"BreadcrumbList","@id":"https:\/\/www.sunshine-habitat.com\/fr\/lodges-ciat\/#breadcrumb","itemListElement":[{"@type":"ListItem","position":1,"name":"Accueil","item":"https:\/\/www.sunshine-habitat.com\/fr\/"},{"@type":"ListItem","position":2,"name":"Lodges CIAT"}]},{"@type":"WebSite","@id":"https:\/\/www.sunshine-habitat.com\/fr\/#website","url":"https:\/\/www.sunshine-habitat.com\/fr\/","name":"Sunshine Habitat","description":"","publisher":{"@id":"https:\/\/www.sunshine-habitat.com\/fr\/#organization"},"potentialAction":[{"@type":"SearchAction","target":{"@type":"EntryPoint","urlTemplate":"https:\/\/www.sunshine-habitat.com\/fr\/?s={search_term_string}"},"query-input":{"@type":"PropertyValueSpecification","valueRequired":true,"valueName":"search_term_string"}}],"inLanguage":"fr-FR"},{"@type":"Organization","@id":"https:\/\/www.sunshine-habitat.com\/fr\/#organization","name":"Sunshine Habitat","url":"https:\/\/www.sunshine-habitat.com\/fr\/","logo":{"@type":"ImageObject","inLanguage":"fr-FR","@id":"https:\/\/www.sunshine-habitat.com\/fr\/#\/schema\/logo\/image\/","url":"https:\/\/www.sunshine-habitat.com\/wp-content\/uploads\/2021\/05\/logo.png","contentUrl":"https:\/\/www.sunshine-habitat.com\/wp-content\/uploads\/2021\/05\/logo.png","width":192,"height":250,"caption":"Sunshine Habitat"},"image":{"@id":"https:\/\/www.sunshine-habitat.com\/fr\/#\/schema\/logo\/image\/"}}]}},"_links":{"self":[{"href":"https:\/\/www.sunshinehabitat.com\/fr\/wp-json\/wp\/v2\/pages\/2633","targetHints":{"allow":["GET"]}}],"collection":[{"href":"https:\/\/www.sunshinehabitat.com\/fr\/wp-json\/wp\/v2\/pages"}],"about":[{"href":"https:\/\/www.sunshinehabitat.com\/fr\/wp-json\/wp\/v2\/types\/page"}],"author":[{"embeddable":true,"href":"https:\/\/www.sunshinehabitat.com\/fr\/wp-json\/wp\/v2\/users\/2"}],"replies":[{"embeddable":true,"href":"https:\/\/www.sunshinehabitat.com\/fr\/wp-json\/wp\/v2\/comments?post=2633"}],"version-history":[{"count":6,"href":"https:\/\/www.sunshinehabitat.com\/fr\/wp-json\/wp\/v2\/pages\/2633\/revisions"}],"predecessor-version":[{"id":18617,"href":"https:\/\/www.sunshinehabitat.com\/fr\/wp-json\/wp\/v2\/pages\/2633\/revisions\/18617"}],"wp:attachment":[{"href":"https:\/\/www.sunshinehabitat.com\/fr\/wp-json\/wp\/v2\/media?parent=2633"}],"curies":[{"name":"wp","href":"https:\/\/api.w.org\/{rel}","templated":true}]}}