{"id":2868,"date":"2021-06-03T10:32:43","date_gmt":"2021-06-03T08:32:43","guid":{"rendered":"https:\/\/www.sunshine-habitat.com\/?page_id=2868"},"modified":"2024-05-21T14:48:13","modified_gmt":"2024-05-21T12:48:13","slug":"offre-professionnelle","status":"publish","type":"page","link":"https:\/\/www.sunshinehabitat.com\/fr\/mobil-homes-louisiane\/offre-professionnelle\/","title":{"rendered":"Offre locative"},"content":{"rendered":"<div id=\"pl-2868\"  class=\"panel-layout\" ><div id=\"pg-2868-0\"  class=\"panel-grid panel-has-style no-padding-bottom-nc-wrap\" ><div class=\"no-padding-bottom panel-row-style panel-row-style-for-2868-0\" ><div id=\"pgc-2868-0-0\"  class=\"panel-grid-cell\" ><div id=\"panel-2868-0-0-0\" class=\"so-panel widget widget_sow-editor panel-first-child panel-last-child\" data-index=\"0\" ><div\n\t\t\t\n\t\t\tclass=\"so-widget-sow-editor so-widget-sow-editor-base\"\n\t\t\t\n\t\t>\n<div class=\"siteorigin-widget-tinymce textwidget\">\n\t<h2 style=\"text-align: center;\">D\u00e9couvrez nos gammes de mobil-homes pour les professionnels<\/h2>\n<p style=\"text-align: center;\">Mobil-homes Louisiane offre aux professionnels de l\u2019H\u00f4tellerie de Plein Air.<br \/>\n<strong>Un choix de 3 gammes locatives<\/strong> pour parfaire leur parc de mobil-homes et donner une touche unique \u00e0 leur camping.<\/p>\n<\/div>\n<\/div><\/div><\/div><\/div><\/div><div id=\"pg-2868-1\"  class=\"panel-grid panel-no-style\" ><div id=\"pgc-2868-1-0\"  class=\"panel-grid-cell\" ><!-- not cached-nc_news_lite-widget --><div id=\"panel-2868-1-0-0\" class=\"so-panel widget widget_netconcept_news_lite net-concept-news-lite panel-first-child panel-last-child\" data-index=\"1\" ><div class=\"list_items list-pages-gammes \"><div class=\"nc-item nc-page-gamme\"> <div class=\"nc-item-inner\">   <div class=\"nc-item-content\">    <div class=\"nc-item-visuel\">     <a href=\"https:\/\/www.youtube.com\/watch?v=FIkqkBcylN4\" class=\"\"><img fetchpriority=\"high\" decoding=\"async\" width=\"841\" height=\"561\" src=\"https:\/\/www.sunshinehabitat.com\/wp-content\/uploads\/2024\/10\/1393-SUNSHINE-ANTILLES-PANO-EXT--841x561.jpeg\" class=\"attachment-visuel_gamme_848x561 size-visuel_gamme_848x561\" alt=\"\" srcset=\"https:\/\/www.sunshinehabitat.com\/wp-content\/uploads\/2024\/10\/1393-SUNSHINE-ANTILLES-PANO-EXT--841x561.jpeg 841w, https:\/\/www.sunshinehabitat.com\/wp-content\/uploads\/2024\/10\/1393-SUNSHINE-ANTILLES-PANO-EXT--300x200.jpeg 300w, https:\/\/www.sunshinehabitat.com\/wp-content\/uploads\/2024\/10\/1393-SUNSHINE-ANTILLES-PANO-EXT--1024x683.jpeg 1024w, https:\/\/www.sunshinehabitat.com\/wp-content\/uploads\/2024\/10\/1393-SUNSHINE-ANTILLES-PANO-EXT--316x211.jpeg 316w\" sizes=\"(max-width: 841px) 100vw, 841px\" \/>     <\/a>    <\/div>    <div class=\"nc-item-title-wrapper\">     <a href=\"https:\/\/www.sunshinehabitat.com\/fr\/mobil-homes-louisiane\/offre-professionnelle\/gamme-vacances\/\" class=\"nc-item-link\">      <div class=\"nc-item-title-gamme\">Gamme <br \/>\r\nVacances<\/div>      <div class=\"nc-item-title-more\"><span>Voir tous<br \/>les mod\u00e8les<\/span><\/div>     <\/a>    <\/div>    <div class=\"nc-item-text-wrapper\">     <div class=\"nc-item-presentation-gamme\"><h2>Des mod\u00e8les modernes et fonctionnels<\/h2><p class=\"alternative\">Laissez-vous s\u00e9duire par les beaux volumes et l\u2019atmosph\u00e8re chaleureuse et conviviale de la gamme Vacances<\/p><\/div>    <\/div>   <\/div> <\/div><\/div><div class=\"nc-item nc-page-gamme\"> <div class=\"nc-item-inner\">   <div class=\"nc-item-content\">    <div class=\"nc-item-visuel\">     <a href=\"https:\/\/www.sunshinehabitat.com\/fr\/mobil-homes-louisiane\/offre-professionnelle\/gamme-taos\/\" class=\"\"><img decoding=\"async\" width=\"801\" height=\"561\" src=\"https:\/\/www.sunshinehabitat.com\/wp-content\/uploads\/2025\/06\/LOUISIANE-TAOS-F4-12-801x561.jpeg\" class=\"attachment-visuel_gamme_848x561 size-visuel_gamme_848x561\" alt=\"\" srcset=\"https:\/\/www.sunshinehabitat.com\/wp-content\/uploads\/2025\/06\/LOUISIANE-TAOS-F4-12-801x561.jpeg 801w, https:\/\/www.sunshinehabitat.com\/wp-content\/uploads\/2025\/06\/LOUISIANE-TAOS-F4-12-300x210.jpeg 300w, https:\/\/www.sunshinehabitat.com\/wp-content\/uploads\/2025\/06\/LOUISIANE-TAOS-F4-12-1024x718.jpeg 1024w\" sizes=\"(max-width: 801px) 100vw, 801px\" \/>     <\/a>    <\/div>    <div class=\"nc-item-title-wrapper\">     <a href=\"https:\/\/www.sunshinehabitat.com\/fr\/mobil-homes-louisiane\/offre-professionnelle\/gamme-taos\/\" class=\"nc-item-link\">      <div class=\"nc-item-title-gamme\">Gamme <br \/>\r\nTaos<\/div>      <div class=\"nc-item-title-more\"><span>Voir tous<br \/>les mod\u00e8les<\/span><\/div>     <\/a>    <\/div>    <div class=\"nc-item-text-wrapper\">     <div class=\"nc-item-presentation-gamme\"><h2>Une vision premium de l\u2019h\u00e9bergement locatif<\/h2><p class=\"alternative\">Laissez-vous embarquer par l\u2019ambiance design, l\u2019\u00e9l\u00e9gance et les mat\u00e9riaux sophistiqu\u00e9s de la gamme Taos.<\/p><\/div>    <\/div>   <\/div> <\/div><\/div><\/div><\/div><!-- \/not cached-nc_news_lite-widget --><\/div><\/div><div id=\"pg-2868-2\"  class=\"panel-grid panel-has-style\" ><div class=\"siteorigin-panels-stretch panel-row-style panel-row-style-for-2868-2\" data-stretch-type=\"full\" ><div id=\"pgc-2868-2-0\"  class=\"panel-grid-cell\" ><div id=\"panel-2868-2-0-0\" class=\"so-panel widget widget_sow-editor panel-first-child\" data-index=\"2\" ><div class=\"dark-cell padding-top panel-widget-style panel-widget-style-for-2868-2-0-0\" ><div\n\t\t\t\n\t\t\tclass=\"so-widget-sow-editor so-widget-sow-editor-base\"\n\t\t\t\n\t\t>\n<div class=\"siteorigin-widget-tinymce textwidget\">\n\t<h2 class=\"alternative\" style=\"text-align: center;\">Des services d\u00e9di\u00e9s<br \/>\naux professionnels<\/h2>\n<\/div>\n<\/div><\/div><\/div><div id=\"panel-2868-2-0-1\" class=\"so-panel widget widget_widget-nc-boxes-list\" data-index=\"3\" ><div class=\"dark-cell panel-widget-style panel-widget-style-for-2868-2-0-1\" ><div\n\t\t\t\n\t\t\tclass=\"so-widget-widget-nc-boxes-list so-widget-widget-nc-boxes-list-base\"\n\t\t\t\n\t\t><div class=\"nc-widget-nc-boxes-list nc-widget-nc-boxes-list-tpl-theme-liste-services\">\r\n\r\n\t\t<div class=\"bloc-slider-wrapper\">\r\n\t\t<div class=\"bloc-slider swiper-container\" data-navigation=\"0\" data-pagination=\"1\" data-json='{\"loop\":false,\"slidesPerView\":4,\"spaceBetween\":16,\"slidesPerGroup\":4,\"breakpoints\":{\"530\":{\"slidesPerView\":1,\"slidesPerGroup\":1},\"766\":{\"slidesPerView\":2,\"slidesPerGroup\":2},\"900\":{\"slidesPerView\":3,\"slidesPerGroup\":3}}}'>\r\n\t\t\t<div class=\"nc-widget-nc-boxes-list-inner slides-container swiper-wrapper\">\r\n\t\t\t\t\t\t\t\t\t<div class=\"nc-widget-nc-box-wrapper slide-container swiper-slide \">\r\n\t\t\t\t\t\t<div class=\"nc-widget-nc-box\">\r\n\t\t\t\t\t\t\t<a href=\"https:\/\/www.sunshinehabitat.com\/fr\/mobil-homes-louisiane\/offre-professionnelle\/services\/des-photographies-pour-votre-communication\/\" class=\"nc-widget-nc-box-link\" title=\"\">\t\t\t\t\t\t\t\t<div class=\"nc-widget-nc-box-image\">\r\n\t\t\t\t\t\t\t\t\t<img decoding=\"async\" width=\"109\" height=\"109\" src=\"https:\/\/www.sunshinehabitat.com\/wp-content\/uploads\/2021\/06\/picto-phototheque.png\" class=\"attachment-full size-full\" alt=\"pictogramme phototheque\" \/>\t\t\t\t\t\t\t\t<\/div>\r\n\t\t\t\t\t\t\t\t\t\t\t\t\t\t<div class=\"nc-widget-nc-box-content\">\r\n\t\t\t\t\t\t\t\t\t\t\t\t\t\t\t\t<div class=\"nc-widget-nc-box-text\">\r\n\t\t\t\t\t\t\t\t\t<p>Phototh\u00e8que<\/p>\n\t\t\t\t\t\t\t\t<\/div>\r\n\t\t\t\t\t\t\t<\/div>\r\n\t\t\t\t\t\t\t<\/a>\t\t\t\t\t\t<\/div>\r\n\t\t\t\t\t<\/div>\r\n\t\t\t\t\t\t\t\t\t<div class=\"nc-widget-nc-box-wrapper slide-container swiper-slide \">\r\n\t\t\t\t\t\t<div class=\"nc-widget-nc-box\">\r\n\t\t\t\t\t\t\t<a href=\"https:\/\/www.sunshinehabitat.com\/fr\/mobil-homes-louisiane\/offre-professionnelle\/services\/louisiane-partenaire-de-vos-projets\/\" class=\"nc-widget-nc-box-link\" title=\"\">\t\t\t\t\t\t\t\t<div class=\"nc-widget-nc-box-image\">\r\n\t\t\t\t\t\t\t\t\t<img loading=\"lazy\" decoding=\"async\" width=\"109\" height=\"109\" src=\"https:\/\/www.sunshinehabitat.com\/wp-content\/uploads\/2021\/06\/picto-co-creation.png\" class=\"attachment-full size-full\" alt=\"pictogramme co-creation sunshine habitat\" \/>\t\t\t\t\t\t\t\t<\/div>\r\n\t\t\t\t\t\t\t\t\t\t\t\t\t\t<div class=\"nc-widget-nc-box-content\">\r\n\t\t\t\t\t\t\t\t\t\t\t\t\t\t\t\t<div class=\"nc-widget-nc-box-text\">\r\n\t\t\t\t\t\t\t\t\t<p>Co-cr\u00e9ation<\/p>\n\t\t\t\t\t\t\t\t<\/div>\r\n\t\t\t\t\t\t\t<\/div>\r\n\t\t\t\t\t\t\t<\/a>\t\t\t\t\t\t<\/div>\r\n\t\t\t\t\t<\/div>\r\n\t\t\t\t\t\t\t\t\t<div class=\"nc-widget-nc-box-wrapper slide-container swiper-slide \">\r\n\t\t\t\t\t\t<div class=\"nc-widget-nc-box\">\r\n\t\t\t\t\t\t\t<a href=\"https:\/\/www.sunshinehabitat.com\/fr\/mobil-homes-louisiane\/offre-professionnelle\/services\/relooking-de-votre-mobil-home\/\" class=\"nc-widget-nc-box-link\" title=\"\">\t\t\t\t\t\t\t\t<div class=\"nc-widget-nc-box-image\">\r\n\t\t\t\t\t\t\t\t\t<img loading=\"lazy\" decoding=\"async\" width=\"109\" height=\"109\" src=\"https:\/\/www.sunshinehabitat.com\/wp-content\/uploads\/2021\/06\/picto-relooking.png\" class=\"attachment-full size-full\" alt=\"pictogramme relooking sunshine habitat\" \/>\t\t\t\t\t\t\t\t<\/div>\r\n\t\t\t\t\t\t\t\t\t\t\t\t\t\t<div class=\"nc-widget-nc-box-content\">\r\n\t\t\t\t\t\t\t\t\t\t\t\t\t\t\t\t<div class=\"nc-widget-nc-box-text\">\r\n\t\t\t\t\t\t\t\t\t<p>Relooking<\/p>\n\t\t\t\t\t\t\t\t<\/div>\r\n\t\t\t\t\t\t\t<\/div>\r\n\t\t\t\t\t\t\t<\/a>\t\t\t\t\t\t<\/div>\r\n\t\t\t\t\t<\/div>\r\n\t\t\t\t\t\t\t\t\t<div class=\"nc-widget-nc-box-wrapper slide-container swiper-slide \">\r\n\t\t\t\t\t\t<div class=\"nc-widget-nc-box\">\r\n\t\t\t\t\t\t\t<a href=\"https:\/\/www.sunshinehabitat.com\/fr\/mobil-homes-louisiane\/offre-professionnelle\/services\/le-service-apres-vente-est-a-votre-ecoute\/\" class=\"nc-widget-nc-box-link\" title=\"\">\t\t\t\t\t\t\t\t<div class=\"nc-widget-nc-box-image\">\r\n\t\t\t\t\t\t\t\t\t<img loading=\"lazy\" decoding=\"async\" width=\"109\" height=\"109\" src=\"https:\/\/www.sunshinehabitat.com\/wp-content\/uploads\/2021\/06\/picto-sav.png\" class=\"attachment-full size-full\" alt=\"pictogramme service apr\u00e8s vente sunshine habitat\" \/>\t\t\t\t\t\t\t\t<\/div>\r\n\t\t\t\t\t\t\t\t\t\t\t\t\t\t<div class=\"nc-widget-nc-box-content\">\r\n\t\t\t\t\t\t\t\t\t\t\t\t\t\t\t\t<div class=\"nc-widget-nc-box-text\">\r\n\t\t\t\t\t\t\t\t\t<p>SAV<\/p>\n\t\t\t\t\t\t\t\t<\/div>\r\n\t\t\t\t\t\t\t<\/div>\r\n\t\t\t\t\t\t\t<\/a>\t\t\t\t\t\t<\/div>\r\n\t\t\t\t\t<\/div>\r\n\t\t\t\t\t\t\t<\/div>\r\n\t\t<\/div>\r\n\t<\/div>\r\n<\/div><\/div><\/div><\/div><div id=\"panel-2868-2-0-2\" class=\"so-panel widget widget_sow-editor panel-last-child\" data-index=\"4\" ><div\n\t\t\t\n\t\t\tclass=\"so-widget-sow-editor so-widget-sow-editor-base\"\n\t\t\t\n\t\t>\n<div class=\"siteorigin-widget-tinymce textwidget\">\n\t<p style=\"text-align: center;\"><a class=\"btn btn-bleu\" href=\"https:\/\/www.sunshine-habitat.com\/mobil-homes-louisiane\/offre-professionnelle\/services\/\">Tous nos services<\/a><\/p>\n<\/div>\n<\/div><\/div><\/div><\/div><\/div><div id=\"pg-2868-3\"  class=\"panel-grid panel-no-style\" ><div id=\"pgc-2868-3-0\"  class=\"panel-grid-cell\" ><div id=\"panel-2868-3-0-0\" class=\"so-panel widget widget_sow-editor panel-first-child\" data-index=\"5\" ><div\n\t\t\t\n\t\t\tclass=\"so-widget-sow-editor so-widget-sow-editor-base\"\n\t\t\t\n\t\t>\n<div class=\"siteorigin-widget-tinymce textwidget\">\n\t<h2 class=\"alternative\" style=\"text-align: center;\">Vous \u00eates un particulier ?<br \/>\nD\u00e9couvrez notre gamme r\u00e9sidentielle<\/h2>\n<\/div>\n<\/div><\/div><div id=\"panel-2868-3-0-1\" class=\"so-panel widget widget_sow-editor panel-last-child\" data-index=\"6\" ><div\n\t\t\t\n\t\t\tclass=\"so-widget-sow-editor so-widget-sow-editor-base\"\n\t\t\t\n\t\t>\n<div class=\"siteorigin-widget-tinymce textwidget\">\n\t<p style=\"text-align: center;\"><a class=\"btn\" href=\"https:\/\/www.sunshine-habitat.com\/mobil-homes-louisiane\/offre-residentielle-2\/\">Voir l'offre r\u00e9sidentielle<\/a><\/p>\n<\/div>\n<\/div><\/div><\/div><\/div><\/div>","protected":false},"excerpt":{"rendered":"<p>D\u00e9couvrez nos gammes de mobil-homes pour les professionnels Mobil-homes Louisiane offre aux professionnels de l\u2019H\u00f4tellerie de Plein Air. Un choix de 3 gammes locatives pour parfaire leur parc de<\/p>\n","protected":false},"author":2,"featured_media":0,"parent":2629,"menu_order":312,"comment_status":"closed","ping_status":"closed","template":"","meta":{"inline_featured_image":false,"footnotes":""},"class_list":["post-2868","page","type-page","status-publish","hentry"],"yoast_head":"<!-- This site is optimized with the Yoast SEO plugin v27.3 - https:\/\/yoast.com\/product\/yoast-seo-wordpress\/ -->\n<title>Offre locative - Sunshine Habitat<\/title>\n<meta name=\"robots\" content=\"index, follow, max-snippet:-1, max-image-preview:large, max-video-preview:-1\" \/>\n<link rel=\"canonical\" href=\"https:\/\/www.sunshine-habitat.com\/fr\/mobil-homes-louisiane\/offre-professionnelle\/\" \/>\n<meta property=\"og:locale\" content=\"fr_FR\" \/>\n<meta property=\"og:type\" content=\"article\" \/>\n<meta property=\"og:title\" content=\"Offre locative - Sunshine Habitat\" \/>\n<meta property=\"og:description\" content=\"D\u00e9couvrez nos gammes de mobil-homes pour les professionnels Mobil-homes Louisiane offre aux professionnels de l\u2019H\u00f4tellerie de Plein Air. Un choix de 3 gammes locatives pour parfaire leur parc de\" \/>\n<meta property=\"og:url\" content=\"https:\/\/www.sunshine-habitat.com\/fr\/mobil-homes-louisiane\/offre-professionnelle\/\" \/>\n<meta property=\"og:site_name\" content=\"Sunshine Habitat\" \/>\n<meta property=\"article:modified_time\" content=\"2024-05-21T12:48:13+00:00\" \/>\n<meta name=\"twitter:card\" content=\"summary_large_image\" \/>\n<script type=\"application\/ld+json\" class=\"yoast-schema-graph\">{\"@context\":\"https:\\\/\\\/schema.org\",\"@graph\":[{\"@type\":\"WebPage\",\"@id\":\"https:\\\/\\\/www.sunshine-habitat.com\\\/fr\\\/mobil-homes-louisiane\\\/offre-professionnelle\\\/\",\"url\":\"https:\\\/\\\/www.sunshine-habitat.com\\\/fr\\\/mobil-homes-louisiane\\\/offre-professionnelle\\\/\",\"name\":\"Offre locative - Sunshine Habitat\",\"isPartOf\":{\"@id\":\"https:\\\/\\\/www.sunshine-habitat.com\\\/fr\\\/#website\"},\"datePublished\":\"2021-06-03T08:32:43+00:00\",\"dateModified\":\"2024-05-21T12:48:13+00:00\",\"breadcrumb\":{\"@id\":\"https:\\\/\\\/www.sunshine-habitat.com\\\/fr\\\/mobil-homes-louisiane\\\/offre-professionnelle\\\/#breadcrumb\"},\"inLanguage\":\"fr-FR\",\"potentialAction\":[{\"@type\":\"ReadAction\",\"target\":[\"https:\\\/\\\/www.sunshine-habitat.com\\\/fr\\\/mobil-homes-louisiane\\\/offre-professionnelle\\\/\"]}]},{\"@type\":\"BreadcrumbList\",\"@id\":\"https:\\\/\\\/www.sunshine-habitat.com\\\/fr\\\/mobil-homes-louisiane\\\/offre-professionnelle\\\/#breadcrumb\",\"itemListElement\":[{\"@type\":\"ListItem\",\"position\":1,\"name\":\"Accueil\",\"item\":\"https:\\\/\\\/www.sunshine-habitat.com\\\/fr\\\/\"},{\"@type\":\"ListItem\",\"position\":2,\"name\":\"Mobil-Homes Louisiane\",\"item\":\"https:\\\/\\\/www.sunshine-habitat.com\\\/fr\\\/mobil-homes-louisiane\\\/\"},{\"@type\":\"ListItem\",\"position\":3,\"name\":\"Offre locative\"}]},{\"@type\":\"WebSite\",\"@id\":\"https:\\\/\\\/www.sunshine-habitat.com\\\/fr\\\/#website\",\"url\":\"https:\\\/\\\/www.sunshine-habitat.com\\\/fr\\\/\",\"name\":\"Sunshine Habitat\",\"description\":\"\",\"publisher\":{\"@id\":\"https:\\\/\\\/www.sunshine-habitat.com\\\/fr\\\/#organization\"},\"potentialAction\":[{\"@type\":\"SearchAction\",\"target\":{\"@type\":\"EntryPoint\",\"urlTemplate\":\"https:\\\/\\\/www.sunshine-habitat.com\\\/fr\\\/?s={search_term_string}\"},\"query-input\":{\"@type\":\"PropertyValueSpecification\",\"valueRequired\":true,\"valueName\":\"search_term_string\"}}],\"inLanguage\":\"fr-FR\"},{\"@type\":\"Organization\",\"@id\":\"https:\\\/\\\/www.sunshine-habitat.com\\\/fr\\\/#organization\",\"name\":\"Sunshine Habitat\",\"url\":\"https:\\\/\\\/www.sunshine-habitat.com\\\/fr\\\/\",\"logo\":{\"@type\":\"ImageObject\",\"inLanguage\":\"fr-FR\",\"@id\":\"https:\\\/\\\/www.sunshine-habitat.com\\\/fr\\\/#\\\/schema\\\/logo\\\/image\\\/\",\"url\":\"https:\\\/\\\/www.sunshine-habitat.com\\\/wp-content\\\/uploads\\\/2021\\\/05\\\/logo.png\",\"contentUrl\":\"https:\\\/\\\/www.sunshine-habitat.com\\\/wp-content\\\/uploads\\\/2021\\\/05\\\/logo.png\",\"width\":192,\"height\":250,\"caption\":\"Sunshine Habitat\"},\"image\":{\"@id\":\"https:\\\/\\\/www.sunshine-habitat.com\\\/fr\\\/#\\\/schema\\\/logo\\\/image\\\/\"}}]}<\/script>\n<!-- \/ Yoast SEO plugin. -->","yoast_head_json":{"title":"Offre locative - Sunshine Habitat","robots":{"index":"index","follow":"follow","max-snippet":"max-snippet:-1","max-image-preview":"max-image-preview:large","max-video-preview":"max-video-preview:-1"},"canonical":"https:\/\/www.sunshine-habitat.com\/fr\/mobil-homes-louisiane\/offre-professionnelle\/","og_locale":"fr_FR","og_type":"article","og_title":"Offre locative - Sunshine Habitat","og_description":"D\u00e9couvrez nos gammes de mobil-homes pour les professionnels Mobil-homes Louisiane offre aux professionnels de l\u2019H\u00f4tellerie de Plein Air. Un choix de 3 gammes locatives pour parfaire leur parc de","og_url":"https:\/\/www.sunshine-habitat.com\/fr\/mobil-homes-louisiane\/offre-professionnelle\/","og_site_name":"Sunshine Habitat","article_modified_time":"2024-05-21T12:48:13+00:00","twitter_card":"summary_large_image","schema":{"@context":"https:\/\/schema.org","@graph":[{"@type":"WebPage","@id":"https:\/\/www.sunshine-habitat.com\/fr\/mobil-homes-louisiane\/offre-professionnelle\/","url":"https:\/\/www.sunshine-habitat.com\/fr\/mobil-homes-louisiane\/offre-professionnelle\/","name":"Offre locative - Sunshine Habitat","isPartOf":{"@id":"https:\/\/www.sunshine-habitat.com\/fr\/#website"},"datePublished":"2021-06-03T08:32:43+00:00","dateModified":"2024-05-21T12:48:13+00:00","breadcrumb":{"@id":"https:\/\/www.sunshine-habitat.com\/fr\/mobil-homes-louisiane\/offre-professionnelle\/#breadcrumb"},"inLanguage":"fr-FR","potentialAction":[{"@type":"ReadAction","target":["https:\/\/www.sunshine-habitat.com\/fr\/mobil-homes-louisiane\/offre-professionnelle\/"]}]},{"@type":"BreadcrumbList","@id":"https:\/\/www.sunshine-habitat.com\/fr\/mobil-homes-louisiane\/offre-professionnelle\/#breadcrumb","itemListElement":[{"@type":"ListItem","position":1,"name":"Accueil","item":"https:\/\/www.sunshine-habitat.com\/fr\/"},{"@type":"ListItem","position":2,"name":"Mobil-Homes Louisiane","item":"https:\/\/www.sunshine-habitat.com\/fr\/mobil-homes-louisiane\/"},{"@type":"ListItem","position":3,"name":"Offre locative"}]},{"@type":"WebSite","@id":"https:\/\/www.sunshine-habitat.com\/fr\/#website","url":"https:\/\/www.sunshine-habitat.com\/fr\/","name":"Sunshine Habitat","description":"","publisher":{"@id":"https:\/\/www.sunshine-habitat.com\/fr\/#organization"},"potentialAction":[{"@type":"SearchAction","target":{"@type":"EntryPoint","urlTemplate":"https:\/\/www.sunshine-habitat.com\/fr\/?s={search_term_string}"},"query-input":{"@type":"PropertyValueSpecification","valueRequired":true,"valueName":"search_term_string"}}],"inLanguage":"fr-FR"},{"@type":"Organization","@id":"https:\/\/www.sunshine-habitat.com\/fr\/#organization","name":"Sunshine Habitat","url":"https:\/\/www.sunshine-habitat.com\/fr\/","logo":{"@type":"ImageObject","inLanguage":"fr-FR","@id":"https:\/\/www.sunshine-habitat.com\/fr\/#\/schema\/logo\/image\/","url":"https:\/\/www.sunshine-habitat.com\/wp-content\/uploads\/2021\/05\/logo.png","contentUrl":"https:\/\/www.sunshine-habitat.com\/wp-content\/uploads\/2021\/05\/logo.png","width":192,"height":250,"caption":"Sunshine Habitat"},"image":{"@id":"https:\/\/www.sunshine-habitat.com\/fr\/#\/schema\/logo\/image\/"}}]}},"_links":{"self":[{"href":"https:\/\/www.sunshinehabitat.com\/fr\/wp-json\/wp\/v2\/pages\/2868","targetHints":{"allow":["GET"]}}],"collection":[{"href":"https:\/\/www.sunshinehabitat.com\/fr\/wp-json\/wp\/v2\/pages"}],"about":[{"href":"https:\/\/www.sunshinehabitat.com\/fr\/wp-json\/wp\/v2\/types\/page"}],"author":[{"embeddable":true,"href":"https:\/\/www.sunshinehabitat.com\/fr\/wp-json\/wp\/v2\/users\/2"}],"replies":[{"embeddable":true,"href":"https:\/\/www.sunshinehabitat.com\/fr\/wp-json\/wp\/v2\/comments?post=2868"}],"version-history":[{"count":8,"href":"https:\/\/www.sunshinehabitat.com\/fr\/wp-json\/wp\/v2\/pages\/2868\/revisions"}],"predecessor-version":[{"id":23031,"href":"https:\/\/www.sunshinehabitat.com\/fr\/wp-json\/wp\/v2\/pages\/2868\/revisions\/23031"}],"up":[{"embeddable":true,"href":"https:\/\/www.sunshinehabitat.com\/fr\/wp-json\/wp\/v2\/pages\/2629"}],"wp:attachment":[{"href":"https:\/\/www.sunshinehabitat.com\/fr\/wp-json\/wp\/v2\/media?parent=2868"}],"curies":[{"name":"wp","href":"https:\/\/api.w.org\/{rel}","templated":true}]}}