{"id":3469,"date":"2021-06-21T09:57:36","date_gmt":"2021-06-21T07:57:36","guid":{"rendered":"https:\/\/www.sunshine-habitat.com\/?page_id=3469"},"modified":"2022-09-07T18:14:26","modified_gmt":"2022-09-07T16:14:26","slug":"relooking-de-votre-mobil-home","status":"publish","type":"page","link":"https:\/\/www.sunshinehabitat.com\/fr\/mobil-homes-louisiane\/offre-professionnelle\/services\/relooking-de-votre-mobil-home\/","title":{"rendered":"Relooking"},"content":{"rendered":"<div id=\"pl-3469\"  class=\"panel-layout\" ><div id=\"pg-3469-0\"  class=\"panel-grid panel-has-style no-padding-bottom-nc-wrap\" ><div class=\"no-padding-bottom panel-row-style panel-row-style-for-3469-0\" ><div id=\"pgc-3469-0-0\"  class=\"panel-grid-cell\" ><div id=\"panel-3469-0-0-0\" class=\"so-panel widget widget_sow-editor panel-first-child panel-last-child\" data-index=\"0\" ><div\n\t\t\t\n\t\t\tclass=\"so-widget-sow-editor so-widget-sow-editor-base\"\n\t\t\t\n\t\t>\n<div class=\"siteorigin-widget-tinymce textwidget\">\n\t<h2 style=\"text-align: center;\">Un nouveau look pour votre mobil-home<\/h2>\n<\/div>\n<\/div><\/div><\/div><\/div><\/div><div id=\"pg-3469-1\"  class=\"panel-grid panel-has-style no-padding-top-nc-wrap\" ><div class=\"no-padding-top panel-row-style panel-row-style-for-3469-1\" ><div id=\"pgc-3469-1-0\"  class=\"panel-grid-cell\" ><div id=\"panel-3469-1-0-0\" class=\"so-panel widget widget_sow-image panel-first-child panel-last-child\" data-index=\"1\" ><div\n\t\t\t\n\t\t\tclass=\"so-widget-sow-image so-widget-sow-image-default-8b5b6f678277-3469\"\n\t\t\t\n\t\t>\n<div class=\"sow-image-container\">\n\t\t\t<a href=\"https:\/\/www.sunshinehabitat.com\/wp-content\/uploads\/2022\/05\/CARAIBES-PANO-PRIVI-2.jpeg\"\n\t\t\tdata-lightbox=\"CARAIBES-PANO PRIVI\" data-lightbox-options=\"{&quot;alwaysShowNavOnTouchDevices&quot;:false,&quot;overlayColor&quot;:&quot;#000&quot;,&quot;overlayOpacity&quot;:0.8,&quot;fadeDuration&quot;:600,&quot;fitImagesInViewport&quot;:true,&quot;imageFadeDuration&quot;:600,&quot;maxHeight&quot;:&quot;&quot;,&quot;maxWidth&quot;:&quot;&quot;,&quot;positionFromTop&quot;:50,&quot;resizeDuration&quot;:700,&quot;showImageNumberLabel&quot;:true,&quot;disableCaption&quot;:&quot;&quot;,&quot;wrapAround&quot;:true,&quot;albumLabel&quot;:&quot; %1 of %2&quot;}\" data-title=\"CARAIBES-PANO PRIVI\" \t\t>\n\t\t\t<img fetchpriority=\"high\" \n\tsrc=\"https:\/\/www.sunshinehabitat.com\/wp-content\/uploads\/2022\/05\/CARAIBES-PANO-PRIVI-2.jpeg\" width=\"2000\" height=\"1253\" srcset=\"https:\/\/www.sunshinehabitat.com\/wp-content\/uploads\/2022\/05\/CARAIBES-PANO-PRIVI-2.jpeg 2000w, https:\/\/www.sunshinehabitat.com\/wp-content\/uploads\/2022\/05\/CARAIBES-PANO-PRIVI-2-300x188.jpeg 300w, https:\/\/www.sunshinehabitat.com\/wp-content\/uploads\/2022\/05\/CARAIBES-PANO-PRIVI-2-1024x642.jpeg 1024w\" sizes=\"(max-width: 2000px) 100vw, 2000px\" title=\"CARAIBES-PANO PRIVI\" alt=\"s\u00e9jour cuisine du mobil-home caraibes gamme vacances louisiane\" \t\tclass=\"so-widget-image\"\/>\n\t\t\t<\/a><\/div>\n\n<\/div><\/div><\/div><div id=\"pgc-3469-1-1\"  class=\"panel-grid-cell\" ><div id=\"panel-3469-1-1-0\" class=\"so-panel widget widget_sow-editor panel-first-child panel-last-child\" data-index=\"2\" ><div class=\"padding-left padding-right panel-widget-style panel-widget-style-for-3469-1-1-0\" ><div\n\t\t\t\n\t\t\tclass=\"so-widget-sow-editor so-widget-sow-editor-base\"\n\t\t\t\n\t\t>\n<div class=\"siteorigin-widget-tinymce textwidget\">\n\t<h3>Une nouvelle d\u00e9coration tendance<\/h3>\n<p style=\"text-align: justify;\">Louisiane propose \u00e0 ses clients professionnels un service de relooking. Les tendances d\u00e9coratives \u00e9voluent au cours des ann\u00e9es et les multiples passages des vacanciers dans vos locations ab\u00eement au fil des ann\u00e9es l\u2019ameublement de votre mobil-home.<\/p>\n<\/div>\n<\/div><\/div><\/div><\/div><\/div><\/div><div id=\"pg-3469-2\"  class=\"panel-grid panel-has-style no-padding-top-nc-wrap\" ><div class=\"no-padding-top panel-row-style panel-row-style-for-3469-2\" ><div id=\"pgc-3469-2-0\"  class=\"panel-grid-cell\" ><div id=\"panel-3469-2-0-0\" class=\"so-panel widget widget_sow-editor panel-first-child panel-last-child\" data-index=\"3\" ><div class=\"padding-right panel-widget-style panel-widget-style-for-3469-2-0-0\" ><div\n\t\t\t\n\t\t\tclass=\"so-widget-sow-editor so-widget-sow-editor-base\"\n\t\t\t\n\t\t>\n<div class=\"siteorigin-widget-tinymce textwidget\">\n\t<h3>Un relooking selon vos envies<\/h3>\n<p style=\"text-align: justify;\">En proc\u00e9dant \u00e0 un relooking int\u00e9rieur et\/ou ext\u00e9rieur \u00e0 la carte, par petites touches ou dans son int\u00e9gralit\u00e9, vous prolongez la dur\u00e9e de vie de votre location. Votre mobil-home b\u00e9n\u00e9ficie d\u2019un rajeunissement et cela en facilite la revente.<\/p>\n<p style=\"text-align: justify;\"><strong>En savoir plus sur le Relooking de mon Mobil Home ?<\/strong><\/p>\n<p><a class=\"btn btn-louisiane\" href=\"\/contact\/\">Contacter un conseiller<\/a><\/p>\n<\/div>\n<\/div><\/div><\/div><\/div><div id=\"pgc-3469-2-1\"  class=\"panel-grid-cell\" ><div id=\"panel-3469-2-1-0\" class=\"so-panel widget widget_sow-image panel-first-child panel-last-child\" data-index=\"4\" ><div\n\t\t\t\n\t\t\tclass=\"so-widget-sow-image so-widget-sow-image-default-8b5b6f678277-3469\"\n\t\t\t\n\t\t>\n<div class=\"sow-image-container\">\n\t\t\t<a href=\"https:\/\/www.sunshinehabitat.com\/wp-content\/uploads\/2022\/02\/2-1.jpg\"\n\t\t\tdata-lightbox=\"Relooking chambre enfants Sunshine Habitat\" data-lightbox-options=\"{&quot;alwaysShowNavOnTouchDevices&quot;:false,&quot;overlayColor&quot;:&quot;#000&quot;,&quot;overlayOpacity&quot;:0.8,&quot;fadeDuration&quot;:600,&quot;fitImagesInViewport&quot;:true,&quot;imageFadeDuration&quot;:600,&quot;maxHeight&quot;:&quot;&quot;,&quot;maxWidth&quot;:&quot;&quot;,&quot;positionFromTop&quot;:50,&quot;resizeDuration&quot;:700,&quot;showImageNumberLabel&quot;:true,&quot;disableCaption&quot;:&quot;&quot;,&quot;wrapAround&quot;:true,&quot;albumLabel&quot;:&quot; %1 of %2&quot;}\" data-title=\"Relooking chambre enfants Sunshine Habitat\" \t\t>\n\t\t\t<img \n\tsrc=\"https:\/\/www.sunshinehabitat.com\/wp-content\/uploads\/2022\/02\/2-1.jpg\" width=\"569\" height=\"774\" srcset=\"https:\/\/www.sunshinehabitat.com\/wp-content\/uploads\/2022\/02\/2-1.jpg 569w, https:\/\/www.sunshinehabitat.com\/wp-content\/uploads\/2022\/02\/2-1-221x300.jpg 221w\" sizes=\"(max-width: 569px) 100vw, 569px\" title=\"Relooking chambre enfants Sunshine Habitat\" alt=\"Relooking chambre enfants Sunshine Habitat\" \t\tclass=\"so-widget-image\"\/>\n\t\t\t<\/a><\/div>\n\n<\/div><\/div><\/div><div id=\"pgc-3469-2-2\"  class=\"panel-grid-cell\" ><div id=\"panel-3469-2-2-0\" class=\"so-panel widget widget_sow-image panel-first-child panel-last-child\" data-index=\"5\" ><div\n\t\t\t\n\t\t\tclass=\"so-widget-sow-image so-widget-sow-image-default-8b5b6f678277-3469\"\n\t\t\t\n\t\t>\n<div class=\"sow-image-container\">\n\t\t\t<a href=\"https:\/\/www.sunshinehabitat.com\/wp-content\/uploads\/2022\/05\/IROISE-SALON-3.jpeg\"\n\t\t\tdata-lightbox=\"IROISE-SALON\" data-lightbox-options=\"{&quot;alwaysShowNavOnTouchDevices&quot;:false,&quot;overlayColor&quot;:&quot;#000&quot;,&quot;overlayOpacity&quot;:0.8,&quot;fadeDuration&quot;:600,&quot;fitImagesInViewport&quot;:true,&quot;imageFadeDuration&quot;:600,&quot;maxHeight&quot;:&quot;&quot;,&quot;maxWidth&quot;:&quot;&quot;,&quot;positionFromTop&quot;:50,&quot;resizeDuration&quot;:700,&quot;showImageNumberLabel&quot;:true,&quot;disableCaption&quot;:&quot;&quot;,&quot;wrapAround&quot;:true,&quot;albumLabel&quot;:&quot; %1 of %2&quot;}\" data-title=\"IROISE-SALON\" \t\t>\n\t\t\t<img \n\tsrc=\"https:\/\/www.sunshinehabitat.com\/wp-content\/uploads\/2022\/05\/IROISE-SALON-3.jpeg\" width=\"1331\" height=\"2000\" srcset=\"https:\/\/www.sunshinehabitat.com\/wp-content\/uploads\/2022\/05\/IROISE-SALON-3.jpeg 1331w, https:\/\/www.sunshinehabitat.com\/wp-content\/uploads\/2022\/05\/IROISE-SALON-3-200x300.jpeg 200w, https:\/\/www.sunshinehabitat.com\/wp-content\/uploads\/2022\/05\/IROISE-SALON-3-681x1024.jpeg 681w\" sizes=\"(max-width: 1331px) 100vw, 1331px\" title=\"IROISE-SALON\" alt=\"s\u00e9jour salon du mobil-home iroise gamme vacances louisiane\" \t\tclass=\"so-widget-image\"\/>\n\t\t\t<\/a><\/div>\n\n<\/div><\/div><\/div><\/div><\/div><div id=\"pg-3469-3\"  class=\"panel-grid panel-has-style no-padding-top-nc-wrap\" ><div class=\"no-padding-top panel-row-style panel-row-style-for-3469-3\" ><div id=\"pgc-3469-3-0\"  class=\"panel-grid-cell\" ><div id=\"panel-3469-3-0-0\" class=\"so-panel widget widget_sow-editor panel-first-child panel-last-child\" data-index=\"6\" ><div class=\"padding-right panel-widget-style panel-widget-style-for-3469-3-0-0\" ><div\n\t\t\t\n\t\t\tclass=\"so-widget-sow-editor so-widget-sow-editor-base\"\n\t\t\t\n\t\t>\n<div class=\"siteorigin-widget-tinymce textwidget\">\n\t<p style=\"text-align: center;\"><a class=\"btn\" href=\"https:\/\/www.sunshine-habitat.com\/mobil-homes-louisiane\/offre-professionnelle\/services\/\">revenir aux Services Louisiane<\/a><\/p>\n<\/div>\n<\/div><\/div><\/div><\/div><\/div><\/div><\/div>","protected":false},"excerpt":{"rendered":"<p>Un nouveau look pour votre mobil-home Une nouvelle d\u00e9coration tendance Louisiane propose \u00e0 ses clients professionnels un service de relooking. Les tendances d\u00e9coratives \u00e9voluent au cours des ann\u00e9es et<\/p>\n","protected":false},"author":2,"featured_media":0,"parent":3066,"menu_order":390,"comment_status":"closed","ping_status":"closed","template":"","meta":{"inline_featured_image":false,"footnotes":""},"class_list":["post-3469","page","type-page","status-publish","hentry"],"yoast_head":"<!-- This site is optimized with the Yoast SEO plugin v27.3 - https:\/\/yoast.com\/product\/yoast-seo-wordpress\/ -->\n<title>Relooking - Sunshine Habitat<\/title>\n<meta name=\"robots\" content=\"index, follow, max-snippet:-1, max-image-preview:large, max-video-preview:-1\" \/>\n<link rel=\"canonical\" href=\"https:\/\/www.sunshine-habitat.com\/fr\/mobil-homes-louisiane\/offre-professionnelle\/services\/relooking-de-votre-mobil-home\/\" \/>\n<meta property=\"og:locale\" content=\"fr_FR\" \/>\n<meta property=\"og:type\" content=\"article\" \/>\n<meta property=\"og:title\" content=\"Relooking - Sunshine Habitat\" \/>\n<meta property=\"og:description\" content=\"Un nouveau look pour votre mobil-home Une nouvelle d\u00e9coration tendance Louisiane propose \u00e0 ses clients professionnels un service de relooking. Les tendances d\u00e9coratives \u00e9voluent au cours des ann\u00e9es et\" \/>\n<meta property=\"og:url\" content=\"https:\/\/www.sunshine-habitat.com\/fr\/mobil-homes-louisiane\/offre-professionnelle\/services\/relooking-de-votre-mobil-home\/\" \/>\n<meta property=\"og:site_name\" content=\"Sunshine Habitat\" \/>\n<meta property=\"article:modified_time\" content=\"2022-09-07T16:14:26+00:00\" \/>\n<meta name=\"twitter:card\" content=\"summary_large_image\" \/>\n<script type=\"application\/ld+json\" class=\"yoast-schema-graph\">{\"@context\":\"https:\\\/\\\/schema.org\",\"@graph\":[{\"@type\":\"WebPage\",\"@id\":\"https:\\\/\\\/www.sunshine-habitat.com\\\/fr\\\/mobil-homes-louisiane\\\/offre-professionnelle\\\/services\\\/relooking-de-votre-mobil-home\\\/\",\"url\":\"https:\\\/\\\/www.sunshine-habitat.com\\\/fr\\\/mobil-homes-louisiane\\\/offre-professionnelle\\\/services\\\/relooking-de-votre-mobil-home\\\/\",\"name\":\"Relooking - Sunshine Habitat\",\"isPartOf\":{\"@id\":\"https:\\\/\\\/www.sunshine-habitat.com\\\/fr\\\/#website\"},\"datePublished\":\"2021-06-21T07:57:36+00:00\",\"dateModified\":\"2022-09-07T16:14:26+00:00\",\"breadcrumb\":{\"@id\":\"https:\\\/\\\/www.sunshine-habitat.com\\\/fr\\\/mobil-homes-louisiane\\\/offre-professionnelle\\\/services\\\/relooking-de-votre-mobil-home\\\/#breadcrumb\"},\"inLanguage\":\"fr-FR\",\"potentialAction\":[{\"@type\":\"ReadAction\",\"target\":[\"https:\\\/\\\/www.sunshine-habitat.com\\\/fr\\\/mobil-homes-louisiane\\\/offre-professionnelle\\\/services\\\/relooking-de-votre-mobil-home\\\/\"]}]},{\"@type\":\"BreadcrumbList\",\"@id\":\"https:\\\/\\\/www.sunshine-habitat.com\\\/fr\\\/mobil-homes-louisiane\\\/offre-professionnelle\\\/services\\\/relooking-de-votre-mobil-home\\\/#breadcrumb\",\"itemListElement\":[{\"@type\":\"ListItem\",\"position\":1,\"name\":\"Accueil\",\"item\":\"https:\\\/\\\/www.sunshine-habitat.com\\\/fr\\\/\"},{\"@type\":\"ListItem\",\"position\":2,\"name\":\"Mobil-Homes Louisiane\",\"item\":\"https:\\\/\\\/www.sunshine-habitat.com\\\/fr\\\/mobil-homes-louisiane\\\/\"},{\"@type\":\"ListItem\",\"position\":3,\"name\":\"Offre locative\",\"item\":\"https:\\\/\\\/www.sunshine-habitat.com\\\/fr\\\/mobil-homes-louisiane\\\/offre-professionnelle\\\/\"},{\"@type\":\"ListItem\",\"position\":4,\"name\":\"Services Mobil-homes Louisiane\",\"item\":\"https:\\\/\\\/www.sunshine-habitat.com\\\/fr\\\/mobil-homes-louisiane\\\/offre-professionnelle\\\/services\\\/\"},{\"@type\":\"ListItem\",\"position\":5,\"name\":\"Relooking\"}]},{\"@type\":\"WebSite\",\"@id\":\"https:\\\/\\\/www.sunshine-habitat.com\\\/fr\\\/#website\",\"url\":\"https:\\\/\\\/www.sunshine-habitat.com\\\/fr\\\/\",\"name\":\"Sunshine Habitat\",\"description\":\"\",\"publisher\":{\"@id\":\"https:\\\/\\\/www.sunshine-habitat.com\\\/fr\\\/#organization\"},\"potentialAction\":[{\"@type\":\"SearchAction\",\"target\":{\"@type\":\"EntryPoint\",\"urlTemplate\":\"https:\\\/\\\/www.sunshine-habitat.com\\\/fr\\\/?s={search_term_string}\"},\"query-input\":{\"@type\":\"PropertyValueSpecification\",\"valueRequired\":true,\"valueName\":\"search_term_string\"}}],\"inLanguage\":\"fr-FR\"},{\"@type\":\"Organization\",\"@id\":\"https:\\\/\\\/www.sunshine-habitat.com\\\/fr\\\/#organization\",\"name\":\"Sunshine Habitat\",\"url\":\"https:\\\/\\\/www.sunshine-habitat.com\\\/fr\\\/\",\"logo\":{\"@type\":\"ImageObject\",\"inLanguage\":\"fr-FR\",\"@id\":\"https:\\\/\\\/www.sunshine-habitat.com\\\/fr\\\/#\\\/schema\\\/logo\\\/image\\\/\",\"url\":\"https:\\\/\\\/www.sunshine-habitat.com\\\/wp-content\\\/uploads\\\/2021\\\/05\\\/logo.png\",\"contentUrl\":\"https:\\\/\\\/www.sunshine-habitat.com\\\/wp-content\\\/uploads\\\/2021\\\/05\\\/logo.png\",\"width\":192,\"height\":250,\"caption\":\"Sunshine Habitat\"},\"image\":{\"@id\":\"https:\\\/\\\/www.sunshine-habitat.com\\\/fr\\\/#\\\/schema\\\/logo\\\/image\\\/\"}}]}<\/script>\n<!-- \/ Yoast SEO plugin. -->","yoast_head_json":{"title":"Relooking - Sunshine Habitat","robots":{"index":"index","follow":"follow","max-snippet":"max-snippet:-1","max-image-preview":"max-image-preview:large","max-video-preview":"max-video-preview:-1"},"canonical":"https:\/\/www.sunshine-habitat.com\/fr\/mobil-homes-louisiane\/offre-professionnelle\/services\/relooking-de-votre-mobil-home\/","og_locale":"fr_FR","og_type":"article","og_title":"Relooking - Sunshine Habitat","og_description":"Un nouveau look pour votre mobil-home Une nouvelle d\u00e9coration tendance Louisiane propose \u00e0 ses clients professionnels un service de relooking. Les tendances d\u00e9coratives \u00e9voluent au cours des ann\u00e9es et","og_url":"https:\/\/www.sunshine-habitat.com\/fr\/mobil-homes-louisiane\/offre-professionnelle\/services\/relooking-de-votre-mobil-home\/","og_site_name":"Sunshine Habitat","article_modified_time":"2022-09-07T16:14:26+00:00","twitter_card":"summary_large_image","schema":{"@context":"https:\/\/schema.org","@graph":[{"@type":"WebPage","@id":"https:\/\/www.sunshine-habitat.com\/fr\/mobil-homes-louisiane\/offre-professionnelle\/services\/relooking-de-votre-mobil-home\/","url":"https:\/\/www.sunshine-habitat.com\/fr\/mobil-homes-louisiane\/offre-professionnelle\/services\/relooking-de-votre-mobil-home\/","name":"Relooking - Sunshine Habitat","isPartOf":{"@id":"https:\/\/www.sunshine-habitat.com\/fr\/#website"},"datePublished":"2021-06-21T07:57:36+00:00","dateModified":"2022-09-07T16:14:26+00:00","breadcrumb":{"@id":"https:\/\/www.sunshine-habitat.com\/fr\/mobil-homes-louisiane\/offre-professionnelle\/services\/relooking-de-votre-mobil-home\/#breadcrumb"},"inLanguage":"fr-FR","potentialAction":[{"@type":"ReadAction","target":["https:\/\/www.sunshine-habitat.com\/fr\/mobil-homes-louisiane\/offre-professionnelle\/services\/relooking-de-votre-mobil-home\/"]}]},{"@type":"BreadcrumbList","@id":"https:\/\/www.sunshine-habitat.com\/fr\/mobil-homes-louisiane\/offre-professionnelle\/services\/relooking-de-votre-mobil-home\/#breadcrumb","itemListElement":[{"@type":"ListItem","position":1,"name":"Accueil","item":"https:\/\/www.sunshine-habitat.com\/fr\/"},{"@type":"ListItem","position":2,"name":"Mobil-Homes Louisiane","item":"https:\/\/www.sunshine-habitat.com\/fr\/mobil-homes-louisiane\/"},{"@type":"ListItem","position":3,"name":"Offre locative","item":"https:\/\/www.sunshine-habitat.com\/fr\/mobil-homes-louisiane\/offre-professionnelle\/"},{"@type":"ListItem","position":4,"name":"Services Mobil-homes Louisiane","item":"https:\/\/www.sunshine-habitat.com\/fr\/mobil-homes-louisiane\/offre-professionnelle\/services\/"},{"@type":"ListItem","position":5,"name":"Relooking"}]},{"@type":"WebSite","@id":"https:\/\/www.sunshine-habitat.com\/fr\/#website","url":"https:\/\/www.sunshine-habitat.com\/fr\/","name":"Sunshine Habitat","description":"","publisher":{"@id":"https:\/\/www.sunshine-habitat.com\/fr\/#organization"},"potentialAction":[{"@type":"SearchAction","target":{"@type":"EntryPoint","urlTemplate":"https:\/\/www.sunshine-habitat.com\/fr\/?s={search_term_string}"},"query-input":{"@type":"PropertyValueSpecification","valueRequired":true,"valueName":"search_term_string"}}],"inLanguage":"fr-FR"},{"@type":"Organization","@id":"https:\/\/www.sunshine-habitat.com\/fr\/#organization","name":"Sunshine Habitat","url":"https:\/\/www.sunshine-habitat.com\/fr\/","logo":{"@type":"ImageObject","inLanguage":"fr-FR","@id":"https:\/\/www.sunshine-habitat.com\/fr\/#\/schema\/logo\/image\/","url":"https:\/\/www.sunshine-habitat.com\/wp-content\/uploads\/2021\/05\/logo.png","contentUrl":"https:\/\/www.sunshine-habitat.com\/wp-content\/uploads\/2021\/05\/logo.png","width":192,"height":250,"caption":"Sunshine Habitat"},"image":{"@id":"https:\/\/www.sunshine-habitat.com\/fr\/#\/schema\/logo\/image\/"}}]}},"_links":{"self":[{"href":"https:\/\/www.sunshinehabitat.com\/fr\/wp-json\/wp\/v2\/pages\/3469","targetHints":{"allow":["GET"]}}],"collection":[{"href":"https:\/\/www.sunshinehabitat.com\/fr\/wp-json\/wp\/v2\/pages"}],"about":[{"href":"https:\/\/www.sunshinehabitat.com\/fr\/wp-json\/wp\/v2\/types\/page"}],"author":[{"embeddable":true,"href":"https:\/\/www.sunshinehabitat.com\/fr\/wp-json\/wp\/v2\/users\/2"}],"replies":[{"embeddable":true,"href":"https:\/\/www.sunshinehabitat.com\/fr\/wp-json\/wp\/v2\/comments?post=3469"}],"version-history":[{"count":6,"href":"https:\/\/www.sunshinehabitat.com\/fr\/wp-json\/wp\/v2\/pages\/3469\/revisions"}],"predecessor-version":[{"id":12525,"href":"https:\/\/www.sunshinehabitat.com\/fr\/wp-json\/wp\/v2\/pages\/3469\/revisions\/12525"}],"up":[{"embeddable":true,"href":"https:\/\/www.sunshinehabitat.com\/fr\/wp-json\/wp\/v2\/pages\/3066"}],"wp:attachment":[{"href":"https:\/\/www.sunshinehabitat.com\/fr\/wp-json\/wp\/v2\/media?parent=3469"}],"curies":[{"name":"wp","href":"https:\/\/api.w.org\/{rel}","templated":true}]}}