{"id":3843,"date":"2021-08-26T16:03:46","date_gmt":"2021-08-26T14:03:46","guid":{"rendered":"https:\/\/www.sunshine-habitat.com\/?page_id=3843"},"modified":"2026-04-01T11:57:30","modified_gmt":"2026-04-01T09:57:30","slug":"offre-professionnelle","status":"publish","type":"page","link":"https:\/\/www.sunshinehabitat.com\/fr\/lodges-ciat\/offre-professionnelle\/","title":{"rendered":"Offre locative"},"content":{"rendered":"<div id=\"pl-3843\"  class=\"panel-layout\" ><div id=\"pg-3843-0\"  class=\"panel-grid panel-has-style no-padding-bottom-nc-wrap\" ><div class=\"no-padding-bottom panel-row-style panel-row-style-for-3843-0\" ><div id=\"pgc-3843-0-0\"  class=\"panel-grid-cell\" ><div id=\"panel-3843-0-0-0\" class=\"so-panel widget widget_sow-editor panel-first-child panel-last-child\" data-index=\"0\" ><div\n\t\t\t\n\t\t\tclass=\"so-widget-sow-editor so-widget-sow-editor-base\"\n\t\t\t\n\t\t>\n<div class=\"siteorigin-widget-tinymce textwidget\">\n\t<h2 style=\"text-align: center;\">D\u00e9couvrez nos gammes de lodges pour les professionnels<\/h2>\n<p style=\"text-align: center;\">Lodges CIAT vous propose un choix de <strong>5\u00a0gammes locatives<\/strong> destin\u00e9es aux professionnels de l\u2019H\u00f4tellerie de Plein Air pour cr\u00e9er un parc \u00e0 votre image et vous d\u00e9marquer avec un habitat atypique.<\/p>\n<p style=\"text-align: center;\">D\u00e9couvrez des lodges r\u00e9sistants aux conditions m\u00e9t\u00e9orologiques et au temps qui passe, avec un design et une qualit\u00e9 d\u2019ameublement in\u00e9galable qui transporteront votre client\u00e8le en qu\u00eate de s\u00e9jour insolite dans un nouvel univers. Poss\u00e9der un lodge CIAT vous assure de b\u00e9n\u00e9ficier d\u2019un <strong>habitat singulier haut de gamme<\/strong> en accord avec vos valeurs et vos d\u00e9sirs. Vos vacanciers seront enchant\u00e9s de sortir des sentiers battus avec un lodge robuste et peu conventionnel.<\/p>\n<p style=\"text-align: center;\"><span style=\"font-size: 1em;\">S\u00e9lectionnez d\u00e8s \u00e0 pr\u00e9sent le lodge qui s\u2019accorde avec votre projet parmi nos gammes <a href=\"https:\/\/www.sunshine-habitat.com\/lodges-ciat\/offre-professionnelle\/gamme-mini-wood-lodge\/\"><strong>Mini Wood Lodge<\/strong><\/a>, <a href=\"https:\/\/www.sunshine-habitat.com\/lodges-ciat\/offre-professionnelle\/gamme-wood-lodge\/\"><strong>Wood Lodge<\/strong><\/a> et <a href=\"https:\/\/www.sunshine-habitat.com\/lodges-ciat\/offre-professionnelle\/gamme-jungle-lodge\/\"><strong>Jungle Lodge<\/strong><\/a>. <\/span>\u00c0 vous de choisir !<\/p>\n<\/div>\n<\/div><\/div><\/div><\/div><\/div><div id=\"pg-3843-1\"  class=\"panel-grid panel-no-style\" ><div id=\"pgc-3843-1-0\"  class=\"panel-grid-cell\" ><!-- not cached-nc_news_lite-widget --><div id=\"panel-3843-1-0-0\" class=\"so-panel widget widget_netconcept_news_lite net-concept-news-lite panel-first-child panel-last-child\" data-index=\"1\" ><div class=\"list_items list-pages-gammes \"><div class=\"nc-item nc-page-gamme\"> <div class=\"nc-item-inner\">   <div class=\"nc-item-content\">    <div class=\"nc-item-visuel\">     <a href=\"https:\/\/www.sunshinehabitat.com\/fr\/lodges-ciat\/offre-professionnelle\/gamme-mini-wood-lodge\/\" class=\"\"><img fetchpriority=\"high\" decoding=\"async\" width=\"840\" height=\"561\" src=\"https:\/\/www.sunshinehabitat.com\/wp-content\/uploads\/2024\/03\/MWL_23_2S_-11-scaled-840x561.jpg\" class=\"attachment-visuel_gamme_848x561 size-visuel_gamme_848x561\" alt=\"\" srcset=\"https:\/\/www.sunshinehabitat.com\/wp-content\/uploads\/2024\/03\/MWL_23_2S_-11-scaled-840x561.jpg 840w, https:\/\/www.sunshinehabitat.com\/wp-content\/uploads\/2024\/03\/MWL_23_2S_-11-scaled-300x200.jpg 300w, https:\/\/www.sunshinehabitat.com\/wp-content\/uploads\/2024\/03\/MWL_23_2S_-11-scaled-1024x684.jpg 1024w, https:\/\/www.sunshinehabitat.com\/wp-content\/uploads\/2024\/03\/MWL_23_2S_-11-scaled-316x211.jpg 316w, https:\/\/www.sunshinehabitat.com\/wp-content\/uploads\/2024\/03\/MWL_23_2S_-11-scaled-550x367.jpg 550w\" sizes=\"(max-width: 840px) 100vw, 840px\" \/>     <\/a>    <\/div>    <div class=\"nc-item-title-wrapper\">     <a href=\"https:\/\/www.sunshinehabitat.com\/fr\/lodges-ciat\/offre-professionnelle\/gamme-mini-wood-lodge\/\" class=\"nc-item-link\">      <div class=\"nc-item-title-gamme\">Gamme<br \/>\r\nMini Wood Lodge<\/div>      <div class=\"nc-item-title-more\"><span>Voir tous<br \/>les mod\u00e8les<\/span><\/div>     <\/a>    <\/div>    <div class=\"nc-item-text-wrapper\">     <div class=\"nc-item-presentation-gamme\"><h2>Mini Wood Lodge<\/h2><p class=\"alternative\">La collection Mini Wood Lodge de Lodges CIAT s\u2019inspire de la gamme Wood Lodge et la compl\u00e8te avec la conception de 4 mod\u00e8les avec des superficies r\u00e9duites.<\/p><\/div>    <\/div>   <\/div> <\/div><\/div><div class=\"nc-item nc-page-gamme\"> <div class=\"nc-item-inner\">   <div class=\"nc-item-content\">    <div class=\"nc-item-visuel\">     <a href=\"https:\/\/www.sunshinehabitat.com\/fr\/lodges-ciat\/offre-professionnelle\/gamme-izy-lodge\/\" class=\"\"><img decoding=\"async\" width=\"559\" height=\"561\" src=\"https:\/\/www.sunshinehabitat.com\/wp-content\/uploads\/2026\/04\/image-559x561.png\" class=\"attachment-visuel_gamme_848x561 size-visuel_gamme_848x561\" alt=\"\" srcset=\"https:\/\/www.sunshinehabitat.com\/wp-content\/uploads\/2026\/04\/image-559x561.png 559w, https:\/\/www.sunshinehabitat.com\/wp-content\/uploads\/2026\/04\/image-150x150.png 150w, https:\/\/www.sunshinehabitat.com\/wp-content\/uploads\/2026\/04\/image-300x300.png 300w, https:\/\/www.sunshinehabitat.com\/wp-content\/uploads\/2026\/04\/image.png 865w, https:\/\/www.sunshinehabitat.com\/wp-content\/uploads\/2026\/04\/image-550x552.png 550w\" sizes=\"(max-width: 559px) 100vw, 559px\" \/>     <\/a>    <\/div>    <div class=\"nc-item-title-wrapper\">     <a href=\"https:\/\/www.sunshinehabitat.com\/fr\/lodges-ciat\/offre-professionnelle\/gamme-izy-lodge\/\" class=\"nc-item-link\">      <div class=\"nc-item-title-gamme\">Gamme Izy Lodge<\/div>      <div class=\"nc-item-title-more\"><span>Voir tous<br \/>les mod\u00e8les<\/span><\/div>     <\/a>    <\/div>    <div class=\"nc-item-text-wrapper\">     <div class=\"nc-item-presentation-gamme\"><h2>\u00a0<\/h2><\/div>    <\/div>   <\/div> <\/div><\/div><div class=\"nc-item nc-page-gamme\"> <div class=\"nc-item-inner\">   <div class=\"nc-item-content\">    <div class=\"nc-item-visuel\">     <a href=\"https:\/\/www.sunshinehabitat.com\/fr\/lodges-ciat\/offre-professionnelle\/gamme-wood-lodge\/\" class=\"\"><img decoding=\"async\" width=\"751\" height=\"561\" src=\"https:\/\/www.sunshinehabitat.com\/wp-content\/uploads\/2024\/03\/WL_34_3S_-15-scaled-751x561.jpg\" class=\"attachment-visuel_gamme_848x561 size-visuel_gamme_848x561\" alt=\"\" srcset=\"https:\/\/www.sunshinehabitat.com\/wp-content\/uploads\/2024\/03\/WL_34_3S_-15-scaled-751x561.jpg 751w, https:\/\/www.sunshinehabitat.com\/wp-content\/uploads\/2024\/03\/WL_34_3S_-15-scaled-300x224.jpg 300w, https:\/\/www.sunshinehabitat.com\/wp-content\/uploads\/2024\/03\/WL_34_3S_-15-scaled-1024x765.jpg 1024w\" sizes=\"(max-width: 751px) 100vw, 751px\" \/>     <\/a>    <\/div>    <div class=\"nc-item-title-wrapper\">     <a href=\"https:\/\/www.sunshinehabitat.com\/fr\/lodges-ciat\/offre-professionnelle\/gamme-wood-lodge\/\" class=\"nc-item-link\">      <div class=\"nc-item-title-gamme\">Gamme<br \/>\r\nWood Lodge<\/div>      <div class=\"nc-item-title-more\"><span>Voir tous<br \/>les mod\u00e8les<\/span><\/div>     <\/a>    <\/div>    <div class=\"nc-item-text-wrapper\">     <div class=\"nc-item-presentation-gamme\"><h2>Wood Lodge<\/h2><p class=\"alternative\">La gamme Wood Lodge est une collection atypique qui inspire la reconnexion avec la nature et l\u2019authenticit\u00e9.<\/p><\/div>    <\/div>   <\/div> <\/div><\/div><div class=\"nc-item nc-page-gamme\"> <div class=\"nc-item-inner\">   <div class=\"nc-item-content\">    <div class=\"nc-item-visuel\">     <a href=\"https:\/\/www.youtube.com\/watch?v=snQqnliw9bo\" class=\"\"><img loading=\"lazy\" decoding=\"async\" width=\"740\" height=\"561\" src=\"https:\/\/www.sunshinehabitat.com\/wp-content\/uploads\/2025\/07\/JUNGLE-LODGE-34-2-S-6535-740x561.jpg\" class=\"attachment-visuel_gamme_848x561 size-visuel_gamme_848x561\" alt=\"\" srcset=\"https:\/\/www.sunshinehabitat.com\/wp-content\/uploads\/2025\/07\/JUNGLE-LODGE-34-2-S-6535-740x561.jpg 740w, https:\/\/www.sunshinehabitat.com\/wp-content\/uploads\/2025\/07\/JUNGLE-LODGE-34-2-S-6535-300x227.jpg 300w, https:\/\/www.sunshinehabitat.com\/wp-content\/uploads\/2025\/07\/JUNGLE-LODGE-34-2-S-6535-1024x776.jpg 1024w\" sizes=\"(max-width: 740px) 100vw, 740px\" \/>     <\/a>    <\/div>    <div class=\"nc-item-title-wrapper\">     <a href=\"https:\/\/www.sunshinehabitat.com\/fr\/lodges-ciat\/offre-professionnelle\/gamme-jungle-lodge\/\" class=\"nc-item-link\">      <div class=\"nc-item-title-gamme\">Gamme<br \/>\r\nJungle Lodge<\/div>      <div class=\"nc-item-title-more\"><span>Voir tous<br \/>les mod\u00e8les<\/span><\/div>     <\/a>    <\/div>    <div class=\"nc-item-text-wrapper\">     <div class=\"nc-item-presentation-gamme\"><h2><a href=\"https:\/\/www.sunshine-habitat.com\/wp-content\/uploads\/2022\/05\/JL-26-2-S_01.tif\"><img loading=\"lazy\" decoding=\"async\" class=\"alignnone size-medium wp-image-9916\" src=\"https:\/\/www.sunshine-habitat.com\/wp-content\/uploads\/2022\/05\/JL-26-2-S_01.tif\" alt=\"\" width=\"1\" height=\"1\" \/><\/a>Jungle Lodge<\/h2><p class=\"alternative\">La gamme Jungle Lodge, d\u00e9finitivement contemporaine et diff\u00e9renciante apporte chaleur et harmonie gr\u00e2ce \u00e0 son design et des mat\u00e9riaux qui font la part belle au bois.<\/p><\/div>    <\/div>   <\/div> <\/div><\/div><div class=\"nc-item nc-page-gamme\"> <div class=\"nc-item-inner\">   <div class=\"nc-item-content\">    <div class=\"nc-item-visuel\">     <a href=\"https:\/\/www.sunshinehabitat.com\/fr\/lodges-ciat\/offre-professionnelle\/sani-lodge\/\" class=\"\"><img loading=\"lazy\" decoding=\"async\" width=\"841\" height=\"561\" src=\"https:\/\/www.sunshinehabitat.com\/wp-content\/uploads\/2023\/09\/SANITAIRE-5-scaled-841x561.jpg\" class=\"attachment-visuel_gamme_848x561 size-visuel_gamme_848x561\" alt=\"\" srcset=\"https:\/\/www.sunshinehabitat.com\/wp-content\/uploads\/2023\/09\/SANITAIRE-5-scaled-841x561.jpg 841w, https:\/\/www.sunshinehabitat.com\/wp-content\/uploads\/2023\/09\/SANITAIRE-5-scaled-300x200.jpg 300w, https:\/\/www.sunshinehabitat.com\/wp-content\/uploads\/2023\/09\/SANITAIRE-5-scaled-1024x683.jpg 1024w, https:\/\/www.sunshinehabitat.com\/wp-content\/uploads\/2023\/09\/SANITAIRE-5-scaled-550x367.jpg 550w, https:\/\/www.sunshinehabitat.com\/wp-content\/uploads\/2023\/09\/SANITAIRE-5-scaled-316x211.jpg 316w\" sizes=\"(max-width: 841px) 100vw, 841px\" \/>     <\/a>    <\/div>    <div class=\"nc-item-title-wrapper\">     <a href=\"https:\/\/www.sunshinehabitat.com\/fr\/lodges-ciat\/offre-professionnelle\/sani-lodge\/\" class=\"nc-item-link\">      <div class=\"nc-item-title-gamme\">Sani Lodge<\/div>      <div class=\"nc-item-title-more\"><span>Voir tous<br \/>les mod\u00e8les<\/span><\/div>     <\/a>    <\/div>    <div class=\"nc-item-text-wrapper\">     <div class=\"nc-item-presentation-gamme\"><h2><a href=\"https:\/\/www.sunshine-habitat.com\/wp-content\/uploads\/2022\/05\/JL-26-2-S_01.tif\"><img loading=\"lazy\" decoding=\"async\" class=\"alignnone size-medium wp-image-9916\" src=\"https:\/\/www.sunshine-habitat.com\/wp-content\/uploads\/2022\/05\/JL-26-2-S_01.tif\" alt=\"\" width=\"1\" height=\"1\" \/><\/a><\/h2><\/div>    <\/div>   <\/div> <\/div><\/div><\/div><\/div><!-- \/not cached-nc_news_lite-widget --><\/div><\/div><div id=\"pg-3843-2\"  class=\"panel-grid panel-has-style\" ><div class=\"siteorigin-panels-stretch panel-row-style panel-row-style-for-3843-2\" data-stretch-type=\"full\" ><div id=\"pgc-3843-2-0\"  class=\"panel-grid-cell\" ><div id=\"panel-3843-2-0-0\" class=\"so-panel widget widget_sow-editor panel-first-child\" data-index=\"2\" ><div class=\"dark-cell padding-top panel-widget-style panel-widget-style-for-3843-2-0-0\" ><div\n\t\t\t\n\t\t\tclass=\"so-widget-sow-editor so-widget-sow-editor-base\"\n\t\t\t\n\t\t>\n<div class=\"siteorigin-widget-tinymce textwidget\">\n\t<h2 class=\"alternative\" style=\"text-align: center;\">Des services d\u00e9di\u00e9s<br \/>\npour les professionnels<\/h2>\n<\/div>\n<\/div><\/div><\/div><div id=\"panel-3843-2-0-1\" class=\"so-panel widget widget_widget-nc-boxes-list\" data-index=\"3\" ><div class=\"dark-cell panel-widget-style panel-widget-style-for-3843-2-0-1\" ><div\n\t\t\t\n\t\t\tclass=\"so-widget-widget-nc-boxes-list so-widget-widget-nc-boxes-list-base\"\n\t\t\t\n\t\t><div class=\"nc-widget-nc-boxes-list nc-widget-nc-boxes-list-tpl-theme-liste-services\">\r\n\r\n\t\t<div class=\"bloc-slider-wrapper\">\r\n\t\t<div class=\"bloc-slider swiper-container\" data-navigation=\"0\" data-pagination=\"1\" data-json='{\"loop\":false,\"slidesPerView\":3,\"spaceBetween\":16,\"slidesPerGroup\":3,\"breakpoints\":{\"530\":{\"slidesPerView\":1,\"slidesPerGroup\":1},\"766\":{\"slidesPerView\":2,\"slidesPerGroup\":2},\"900\":{\"slidesPerView\":3,\"slidesPerGroup\":3}}}'>\r\n\t\t\t<div class=\"nc-widget-nc-boxes-list-inner slides-container swiper-wrapper\">\r\n\t\t\t\t\t\t\t\t\t<div class=\"nc-widget-nc-box-wrapper slide-container swiper-slide \">\r\n\t\t\t\t\t\t<div class=\"nc-widget-nc-box\">\r\n\t\t\t\t\t\t\t\t\t\t\t\t\t\t\t<div class=\"nc-widget-nc-box-image\">\r\n\t\t\t\t\t\t\t\t\t<img loading=\"lazy\" decoding=\"async\" width=\"109\" height=\"109\" src=\"https:\/\/www.sunshinehabitat.com\/wp-content\/uploads\/2021\/06\/picto-phototheque.png\" class=\"attachment-full size-full\" alt=\"pictogramme phototheque\" \/>\t\t\t\t\t\t\t\t<\/div>\r\n\t\t\t\t\t\t\t\t\t\t\t\t\t\t<div class=\"nc-widget-nc-box-content\">\r\n\t\t\t\t\t\t\t\t\t\t\t\t\t\t\t\t<div class=\"nc-widget-nc-box-text\">\r\n\t\t\t\t\t\t\t\t\t<p><a href=\"https:\/\/www.sunshine-habitat.com\/lodges-ciat\/services-ciat\/des-photographies-pour-votre-communication\/\">Phototh\u00e8que<\/a><\/p>\n\t\t\t\t\t\t\t\t<\/div>\r\n\t\t\t\t\t\t\t<\/div>\r\n\t\t\t\t\t\t\t\t\t\t\t\t\t<\/div>\r\n\t\t\t\t\t<\/div>\r\n\t\t\t\t\t\t\t\t\t<div class=\"nc-widget-nc-box-wrapper slide-container swiper-slide \">\r\n\t\t\t\t\t\t<div class=\"nc-widget-nc-box\">\r\n\t\t\t\t\t\t\t\t\t\t\t\t\t\t\t<div class=\"nc-widget-nc-box-image\">\r\n\t\t\t\t\t\t\t\t\t<img loading=\"lazy\" decoding=\"async\" width=\"109\" height=\"109\" src=\"https:\/\/www.sunshinehabitat.com\/wp-content\/uploads\/2021\/06\/picto-sav.png\" class=\"attachment-full size-full\" alt=\"pictogramme service apr\u00e8s vente sunshine habitat\" \/>\t\t\t\t\t\t\t\t<\/div>\r\n\t\t\t\t\t\t\t\t\t\t\t\t\t\t<div class=\"nc-widget-nc-box-content\">\r\n\t\t\t\t\t\t\t\t\t\t\t\t\t\t\t\t<div class=\"nc-widget-nc-box-text\">\r\n\t\t\t\t\t\t\t\t\t<p><a href=\"https:\/\/www.sunshine-habitat.com\/lodges-ciat\/services-ciat\/le-service-apres-vente-est-a-votre-ecoute\/\">SAV<\/a><\/p>\n\t\t\t\t\t\t\t\t<\/div>\r\n\t\t\t\t\t\t\t<\/div>\r\n\t\t\t\t\t\t\t\t\t\t\t\t\t<\/div>\r\n\t\t\t\t\t<\/div>\r\n\t\t\t\t\t\t\t\t\t<div class=\"nc-widget-nc-box-wrapper slide-container swiper-slide \">\r\n\t\t\t\t\t\t<div class=\"nc-widget-nc-box\">\r\n\t\t\t\t\t\t\t\t\t\t\t\t\t\t\t<div class=\"nc-widget-nc-box-image\">\r\n\t\t\t\t\t\t\t\t\t<img loading=\"lazy\" decoding=\"async\" width=\"109\" height=\"109\" src=\"https:\/\/www.sunshinehabitat.com\/wp-content\/uploads\/2021\/06\/picto-relooking.png\" class=\"attachment-full size-full\" alt=\"pictogramme relooking sunshine habitat\" \/>\t\t\t\t\t\t\t\t<\/div>\r\n\t\t\t\t\t\t\t\t\t\t\t\t\t\t<div class=\"nc-widget-nc-box-content\">\r\n\t\t\t\t\t\t\t\t\t\t\t\t\t\t\t\t<div class=\"nc-widget-nc-box-text\">\r\n\t\t\t\t\t\t\t\t\t<p><a href=\"https:\/\/www.sunshine-habitat.com\/lodges-ciat\/services-ciat\/renovation\/\">R\u00e9novation<\/a><\/p>\n\t\t\t\t\t\t\t\t<\/div>\r\n\t\t\t\t\t\t\t<\/div>\r\n\t\t\t\t\t\t\t\t\t\t\t\t\t<\/div>\r\n\t\t\t\t\t<\/div>\r\n\t\t\t\t\t\t\t<\/div>\r\n\t\t<\/div>\r\n\t<\/div>\r\n<\/div><\/div><\/div><\/div><div id=\"panel-3843-2-0-2\" class=\"so-panel widget widget_sow-editor panel-last-child\" data-index=\"4\" ><div\n\t\t\t\n\t\t\tclass=\"so-widget-sow-editor so-widget-sow-editor-base\"\n\t\t\t\n\t\t>\n<div class=\"siteorigin-widget-tinymce textwidget\">\n\t<p style=\"text-align: center;\"><a class=\"btn btn-bleu\" href=\"https:\/\/www.sunshine-habitat.com\/lodges-ciat\/services-ciat\/\">Tous nos services<\/a><\/p>\n<\/div>\n<\/div><\/div><\/div><\/div><\/div><\/div>","protected":false},"excerpt":{"rendered":"<p>D\u00e9couvrez nos gammes de lodges pour les professionnels Lodges CIAT vous propose un choix de 5\u00a0gammes locatives destin\u00e9es aux professionnels de l\u2019H\u00f4tellerie de Plein Air pour cr\u00e9er un parc<\/p>\n","protected":false},"author":2,"featured_media":0,"parent":2633,"menu_order":208,"comment_status":"closed","ping_status":"closed","template":"","meta":{"inline_featured_image":false,"footnotes":""},"class_list":["post-3843","page","type-page","status-publish","hentry"],"yoast_head":"<!-- This site is optimized with the Yoast SEO plugin v27.3 - https:\/\/yoast.com\/product\/yoast-seo-wordpress\/ -->\n<title>Offre locative - Sunshine Habitat<\/title>\n<meta name=\"robots\" content=\"index, follow, max-snippet:-1, max-image-preview:large, max-video-preview:-1\" \/>\n<link rel=\"canonical\" href=\"https:\/\/www.sunshine-habitat.com\/fr\/lodges-ciat\/offre-professionnelle\/\" \/>\n<meta property=\"og:locale\" content=\"fr_FR\" \/>\n<meta property=\"og:type\" content=\"article\" \/>\n<meta property=\"og:title\" content=\"Offre locative - Sunshine Habitat\" \/>\n<meta property=\"og:description\" content=\"D\u00e9couvrez nos gammes de lodges pour les professionnels Lodges CIAT vous propose un choix de 5\u00a0gammes locatives destin\u00e9es aux professionnels de l\u2019H\u00f4tellerie de Plein Air pour cr\u00e9er un parc\" \/>\n<meta property=\"og:url\" content=\"https:\/\/www.sunshine-habitat.com\/fr\/lodges-ciat\/offre-professionnelle\/\" \/>\n<meta property=\"og:site_name\" content=\"Sunshine Habitat\" \/>\n<meta property=\"article:modified_time\" content=\"2026-04-01T09:57:30+00:00\" \/>\n<meta name=\"twitter:card\" content=\"summary_large_image\" \/>\n<script type=\"application\/ld+json\" class=\"yoast-schema-graph\">{\"@context\":\"https:\\\/\\\/schema.org\",\"@graph\":[{\"@type\":\"WebPage\",\"@id\":\"https:\\\/\\\/www.sunshine-habitat.com\\\/fr\\\/lodges-ciat\\\/offre-professionnelle\\\/\",\"url\":\"https:\\\/\\\/www.sunshine-habitat.com\\\/fr\\\/lodges-ciat\\\/offre-professionnelle\\\/\",\"name\":\"Offre locative - Sunshine Habitat\",\"isPartOf\":{\"@id\":\"https:\\\/\\\/www.sunshine-habitat.com\\\/fr\\\/#website\"},\"datePublished\":\"2021-08-26T14:03:46+00:00\",\"dateModified\":\"2026-04-01T09:57:30+00:00\",\"breadcrumb\":{\"@id\":\"https:\\\/\\\/www.sunshine-habitat.com\\\/fr\\\/lodges-ciat\\\/offre-professionnelle\\\/#breadcrumb\"},\"inLanguage\":\"fr-FR\",\"potentialAction\":[{\"@type\":\"ReadAction\",\"target\":[\"https:\\\/\\\/www.sunshine-habitat.com\\\/fr\\\/lodges-ciat\\\/offre-professionnelle\\\/\"]}]},{\"@type\":\"BreadcrumbList\",\"@id\":\"https:\\\/\\\/www.sunshine-habitat.com\\\/fr\\\/lodges-ciat\\\/offre-professionnelle\\\/#breadcrumb\",\"itemListElement\":[{\"@type\":\"ListItem\",\"position\":1,\"name\":\"Accueil\",\"item\":\"https:\\\/\\\/www.sunshine-habitat.com\\\/fr\\\/\"},{\"@type\":\"ListItem\",\"position\":2,\"name\":\"Lodges CIAT\",\"item\":\"https:\\\/\\\/www.sunshine-habitat.com\\\/fr\\\/lodges-ciat\\\/\"},{\"@type\":\"ListItem\",\"position\":3,\"name\":\"Offre locative\"}]},{\"@type\":\"WebSite\",\"@id\":\"https:\\\/\\\/www.sunshine-habitat.com\\\/fr\\\/#website\",\"url\":\"https:\\\/\\\/www.sunshine-habitat.com\\\/fr\\\/\",\"name\":\"Sunshine Habitat\",\"description\":\"\",\"publisher\":{\"@id\":\"https:\\\/\\\/www.sunshine-habitat.com\\\/fr\\\/#organization\"},\"potentialAction\":[{\"@type\":\"SearchAction\",\"target\":{\"@type\":\"EntryPoint\",\"urlTemplate\":\"https:\\\/\\\/www.sunshine-habitat.com\\\/fr\\\/?s={search_term_string}\"},\"query-input\":{\"@type\":\"PropertyValueSpecification\",\"valueRequired\":true,\"valueName\":\"search_term_string\"}}],\"inLanguage\":\"fr-FR\"},{\"@type\":\"Organization\",\"@id\":\"https:\\\/\\\/www.sunshine-habitat.com\\\/fr\\\/#organization\",\"name\":\"Sunshine Habitat\",\"url\":\"https:\\\/\\\/www.sunshine-habitat.com\\\/fr\\\/\",\"logo\":{\"@type\":\"ImageObject\",\"inLanguage\":\"fr-FR\",\"@id\":\"https:\\\/\\\/www.sunshine-habitat.com\\\/fr\\\/#\\\/schema\\\/logo\\\/image\\\/\",\"url\":\"https:\\\/\\\/www.sunshine-habitat.com\\\/wp-content\\\/uploads\\\/2021\\\/05\\\/logo.png\",\"contentUrl\":\"https:\\\/\\\/www.sunshine-habitat.com\\\/wp-content\\\/uploads\\\/2021\\\/05\\\/logo.png\",\"width\":192,\"height\":250,\"caption\":\"Sunshine Habitat\"},\"image\":{\"@id\":\"https:\\\/\\\/www.sunshine-habitat.com\\\/fr\\\/#\\\/schema\\\/logo\\\/image\\\/\"}}]}<\/script>\n<!-- \/ Yoast SEO plugin. -->","yoast_head_json":{"title":"Offre locative - Sunshine Habitat","robots":{"index":"index","follow":"follow","max-snippet":"max-snippet:-1","max-image-preview":"max-image-preview:large","max-video-preview":"max-video-preview:-1"},"canonical":"https:\/\/www.sunshine-habitat.com\/fr\/lodges-ciat\/offre-professionnelle\/","og_locale":"fr_FR","og_type":"article","og_title":"Offre locative - Sunshine Habitat","og_description":"D\u00e9couvrez nos gammes de lodges pour les professionnels Lodges CIAT vous propose un choix de 5\u00a0gammes locatives destin\u00e9es aux professionnels de l\u2019H\u00f4tellerie de Plein Air pour cr\u00e9er un parc","og_url":"https:\/\/www.sunshine-habitat.com\/fr\/lodges-ciat\/offre-professionnelle\/","og_site_name":"Sunshine Habitat","article_modified_time":"2026-04-01T09:57:30+00:00","twitter_card":"summary_large_image","schema":{"@context":"https:\/\/schema.org","@graph":[{"@type":"WebPage","@id":"https:\/\/www.sunshine-habitat.com\/fr\/lodges-ciat\/offre-professionnelle\/","url":"https:\/\/www.sunshine-habitat.com\/fr\/lodges-ciat\/offre-professionnelle\/","name":"Offre locative - Sunshine Habitat","isPartOf":{"@id":"https:\/\/www.sunshine-habitat.com\/fr\/#website"},"datePublished":"2021-08-26T14:03:46+00:00","dateModified":"2026-04-01T09:57:30+00:00","breadcrumb":{"@id":"https:\/\/www.sunshine-habitat.com\/fr\/lodges-ciat\/offre-professionnelle\/#breadcrumb"},"inLanguage":"fr-FR","potentialAction":[{"@type":"ReadAction","target":["https:\/\/www.sunshine-habitat.com\/fr\/lodges-ciat\/offre-professionnelle\/"]}]},{"@type":"BreadcrumbList","@id":"https:\/\/www.sunshine-habitat.com\/fr\/lodges-ciat\/offre-professionnelle\/#breadcrumb","itemListElement":[{"@type":"ListItem","position":1,"name":"Accueil","item":"https:\/\/www.sunshine-habitat.com\/fr\/"},{"@type":"ListItem","position":2,"name":"Lodges CIAT","item":"https:\/\/www.sunshine-habitat.com\/fr\/lodges-ciat\/"},{"@type":"ListItem","position":3,"name":"Offre locative"}]},{"@type":"WebSite","@id":"https:\/\/www.sunshine-habitat.com\/fr\/#website","url":"https:\/\/www.sunshine-habitat.com\/fr\/","name":"Sunshine Habitat","description":"","publisher":{"@id":"https:\/\/www.sunshine-habitat.com\/fr\/#organization"},"potentialAction":[{"@type":"SearchAction","target":{"@type":"EntryPoint","urlTemplate":"https:\/\/www.sunshine-habitat.com\/fr\/?s={search_term_string}"},"query-input":{"@type":"PropertyValueSpecification","valueRequired":true,"valueName":"search_term_string"}}],"inLanguage":"fr-FR"},{"@type":"Organization","@id":"https:\/\/www.sunshine-habitat.com\/fr\/#organization","name":"Sunshine Habitat","url":"https:\/\/www.sunshine-habitat.com\/fr\/","logo":{"@type":"ImageObject","inLanguage":"fr-FR","@id":"https:\/\/www.sunshine-habitat.com\/fr\/#\/schema\/logo\/image\/","url":"https:\/\/www.sunshine-habitat.com\/wp-content\/uploads\/2021\/05\/logo.png","contentUrl":"https:\/\/www.sunshine-habitat.com\/wp-content\/uploads\/2021\/05\/logo.png","width":192,"height":250,"caption":"Sunshine Habitat"},"image":{"@id":"https:\/\/www.sunshine-habitat.com\/fr\/#\/schema\/logo\/image\/"}}]}},"_links":{"self":[{"href":"https:\/\/www.sunshinehabitat.com\/fr\/wp-json\/wp\/v2\/pages\/3843","targetHints":{"allow":["GET"]}}],"collection":[{"href":"https:\/\/www.sunshinehabitat.com\/fr\/wp-json\/wp\/v2\/pages"}],"about":[{"href":"https:\/\/www.sunshinehabitat.com\/fr\/wp-json\/wp\/v2\/types\/page"}],"author":[{"embeddable":true,"href":"https:\/\/www.sunshinehabitat.com\/fr\/wp-json\/wp\/v2\/users\/2"}],"replies":[{"embeddable":true,"href":"https:\/\/www.sunshinehabitat.com\/fr\/wp-json\/wp\/v2\/comments?post=3843"}],"version-history":[{"count":7,"href":"https:\/\/www.sunshinehabitat.com\/fr\/wp-json\/wp\/v2\/pages\/3843\/revisions"}],"predecessor-version":[{"id":25043,"href":"https:\/\/www.sunshinehabitat.com\/fr\/wp-json\/wp\/v2\/pages\/3843\/revisions\/25043"}],"up":[{"embeddable":true,"href":"https:\/\/www.sunshinehabitat.com\/fr\/wp-json\/wp\/v2\/pages\/2633"}],"wp:attachment":[{"href":"https:\/\/www.sunshinehabitat.com\/fr\/wp-json\/wp\/v2\/media?parent=3843"}],"curies":[{"name":"wp","href":"https:\/\/api.w.org\/{rel}","templated":true}]}}