{"id":3960,"date":"2021-08-26T17:12:05","date_gmt":"2021-08-26T15:12:05","guid":{"rendered":"https:\/\/www.sunshine-habitat.com\/?page_id=3960"},"modified":"2024-05-06T10:11:46","modified_gmt":"2024-05-06T08:11:46","slug":"offre-professionnelle","status":"publish","type":"page","link":"https:\/\/www.sunshinehabitat.com\/fr\/chalets-fabre\/offre-professionnelle\/","title":{"rendered":"Offre locative"},"content":{"rendered":"<div id=\"pl-3960\"  class=\"panel-layout\" ><div id=\"pg-3960-0\"  class=\"panel-grid panel-has-style no-padding-bottom-nc-wrap\" ><div class=\"no-padding-bottom panel-row-style panel-row-style-for-3960-0\" ><div id=\"pgc-3960-0-0\"  class=\"panel-grid-cell\" ><div id=\"panel-3960-0-0-0\" class=\"so-panel widget widget_sow-editor panel-first-child panel-last-child\" data-index=\"0\" ><div\n\t\t\t\n\t\t\tclass=\"so-widget-sow-editor so-widget-sow-editor-base\"\n\t\t\t\n\t\t>\n<div class=\"siteorigin-widget-tinymce textwidget\">\n\t<h2 style=\"text-align: center;\">D\u00e9couvrez nos mod\u00e8les de chalets pour les professionnels<\/h2>\n<p style=\"text-align: center;\">Professionnels de l'H\u00f4tellerie de Plein Air, Chalets Fabre vous propose un choix de <strong>10 mod\u00e8les locatifs<\/strong> pour compl\u00e9ter votre parc et vous diff\u00e9rencier.<\/p>\n<p style=\"text-align: center;\"><span style=\"font-size: 1em;\">Des chalets de qualit\u00e9, qui r\u00e9sistent au temps et aux intemp\u00e9ries, design et chaleureux pour satisfaire votre client\u00e8le \u00e0 la recherche de vacances idylliques. <\/span>Chalets Fabre vous garantit la fiabilit\u00e9 de ses mod\u00e8les, reconnue dans le secteur de l\u2019H\u00f4tellerie de Plein Air, et certifie que vous ferez une diff\u00e9rence notable aupr\u00e8s de vos vacanciers.<\/p>\n<p style=\"text-align: center;\">S\u00e9lectionnez d\u00e8s \u00e0 pr\u00e9sent le chalet qui vous repr\u00e9sente et qui se fondra harmonieusement dans le paysage de votre parc parmi nos mod\u00e8les<br \/>\n<strong><a href=\"https:\/\/www.sunshine-habitat.com\/fr\/chalets-fabre\/offre-professionnelle\/modeles-sagano\/\">Sagano<\/a><\/strong>, <strong><a href=\"https:\/\/www.sunshine-habitat.com\/fr\/chalets-fabre\/offre-professionnelle\/modeles-mauricie\/\">Mauricie<\/a><\/strong>, <strong><a href=\"https:\/\/www.sunshine-habitat.com\/fr\/chalets-fabre\/offre-professionnelle\/modeles-belouve\/\">B\u00e9louve<\/a><\/strong> et <strong><a href=\"https:\/\/www.sunshine-habitat.com\/fr\/chalets-fabre\/offre-professionnelle\/modeles-otzarreta\/\">Otzarreta<\/a><\/strong>.<br \/>\n\u00c0 vous de choisir !<\/p>\n<\/div>\n<\/div><\/div><\/div><\/div><\/div><div id=\"pg-3960-1\"  class=\"panel-grid panel-no-style\" ><div id=\"pgc-3960-1-0\"  class=\"panel-grid-cell\" ><!-- not cached-nc_news_lite-widget --><div id=\"panel-3960-1-0-0\" class=\"so-panel widget widget_netconcept_news_lite net-concept-news-lite panel-first-child panel-last-child\" data-index=\"1\" ><div class=\"list_items list-pages-gammes \"><div class=\"nc-item nc-page-gamme\"> <div class=\"nc-item-inner\">   <div class=\"nc-item-content\">    <div class=\"nc-item-visuel\">     <a href=\"https:\/\/www.sunshinehabitat.com\/fr\/chalets-fabre\/offre-professionnelle\/modeles-sagano\/\" class=\"\"><img fetchpriority=\"high\" decoding=\"async\" width=\"783\" height=\"561\" src=\"https:\/\/www.sunshinehabitat.com\/wp-content\/uploads\/2025\/07\/SAGANO-CUISINE-2-783x561.jpg\" class=\"attachment-visuel_gamme_848x561 size-visuel_gamme_848x561\" alt=\"\" srcset=\"https:\/\/www.sunshinehabitat.com\/wp-content\/uploads\/2025\/07\/SAGANO-CUISINE-2-783x561.jpg 783w, https:\/\/www.sunshinehabitat.com\/wp-content\/uploads\/2025\/07\/SAGANO-CUISINE-2-300x215.jpg 300w, https:\/\/www.sunshinehabitat.com\/wp-content\/uploads\/2025\/07\/SAGANO-CUISINE-2-1024x733.jpg 1024w, https:\/\/www.sunshinehabitat.com\/wp-content\/uploads\/2025\/07\/SAGANO-CUISINE-2-550x394.jpg 550w, https:\/\/www.sunshinehabitat.com\/wp-content\/uploads\/2025\/07\/SAGANO-CUISINE-2-295x211.jpg 295w, https:\/\/www.sunshinehabitat.com\/wp-content\/uploads\/2025\/07\/SAGANO-CUISINE-2.jpg 1614w\" sizes=\"(max-width: 783px) 100vw, 783px\" \/>     <\/a>    <\/div>    <div class=\"nc-item-title-wrapper\">     <a href=\"https:\/\/www.sunshinehabitat.com\/fr\/chalets-fabre\/offre-professionnelle\/modeles-sagano\/\" class=\"nc-item-link\">      <div class=\"nc-item-title-gamme\">Mod\u00e8les Sagano<\/div>      <div class=\"nc-item-title-more\"><span>Voir tous<br \/>les mod\u00e8les<\/span><\/div>     <\/a>    <\/div>    <div class=\"nc-item-text-wrapper\">     <div class=\"nc-item-presentation-gamme\"><h2>L'intimit\u00e9 \u00e0 tout prix<\/h2><p class=\"alternative\">Moderne et traversant, les mod\u00e8les Sagano vous \u00e9merveillerons par toutes leurs ressources.<\/p><\/div>    <\/div>   <\/div> <\/div><\/div><div class=\"nc-item nc-page-gamme\"> <div class=\"nc-item-inner\">   <div class=\"nc-item-content\">    <div class=\"nc-item-visuel\">     <a href=\"https:\/\/www.sunshinehabitat.com\/fr\/chalets-fabre\/offre-professionnelle\/modeles-mauricie\/\" class=\"\"><img decoding=\"async\" width=\"830\" height=\"561\" src=\"https:\/\/www.sunshinehabitat.com\/wp-content\/uploads\/2024\/05\/CH-A-4-1-scaled-830x561.jpg\" class=\"attachment-visuel_gamme_848x561 size-visuel_gamme_848x561\" alt=\"\" srcset=\"https:\/\/www.sunshinehabitat.com\/wp-content\/uploads\/2024\/05\/CH-A-4-1-scaled-830x561.jpg 830w, https:\/\/www.sunshinehabitat.com\/wp-content\/uploads\/2024\/05\/CH-A-4-1-scaled-300x203.jpg 300w, https:\/\/www.sunshinehabitat.com\/wp-content\/uploads\/2024\/05\/CH-A-4-1-scaled-1024x692.jpg 1024w, https:\/\/www.sunshinehabitat.com\/wp-content\/uploads\/2024\/05\/CH-A-4-1-scaled-312x211.jpg 312w, https:\/\/www.sunshinehabitat.com\/wp-content\/uploads\/2024\/05\/CH-A-4-1-scaled-550x372.jpg 550w\" sizes=\"(max-width: 830px) 100vw, 830px\" \/>     <\/a>    <\/div>    <div class=\"nc-item-title-wrapper\">     <a href=\"https:\/\/www.sunshinehabitat.com\/fr\/chalets-fabre\/offre-professionnelle\/modeles-mauricie\/\" class=\"nc-item-link\">      <div class=\"nc-item-title-gamme\">Mod\u00e8les<br \/>\r\nMauricie<\/div>      <div class=\"nc-item-title-more\"><span>Voir tous<br \/>les mod\u00e8les<\/span><\/div>     <\/a>    <\/div>    <div class=\"nc-item-text-wrapper\">     <div class=\"nc-item-presentation-gamme\"><h2>Des volumes g\u00e9n\u00e9reux \u00e0 port\u00e9e de main<\/h2><p class=\"alternative\">Appr\u00e9ciez les surprenants mod\u00e8les Mauricie qui n\u2019attendent plus que vous !<\/p><\/div>    <\/div>   <\/div> <\/div><\/div><div class=\"nc-item nc-page-gamme\"> <div class=\"nc-item-inner\">   <div class=\"nc-item-content\">    <div class=\"nc-item-visuel\">     <a href=\"https:\/\/www.sunshinehabitat.com\/fr\/chalets-fabre\/offre-professionnelle\/modeles-belouve\/\" class=\"\"><img decoding=\"async\" width=\"705\" height=\"561\" src=\"https:\/\/www.sunshinehabitat.com\/wp-content\/uploads\/2025\/07\/SALON-2-1-705x561.jpg\" class=\"attachment-visuel_gamme_848x561 size-visuel_gamme_848x561\" alt=\"\" srcset=\"https:\/\/www.sunshinehabitat.com\/wp-content\/uploads\/2025\/07\/SALON-2-1-705x561.jpg 705w, https:\/\/www.sunshinehabitat.com\/wp-content\/uploads\/2025\/07\/SALON-2-1-300x239.jpg 300w, https:\/\/www.sunshinehabitat.com\/wp-content\/uploads\/2025\/07\/SALON-2-1-1024x814.jpg 1024w, https:\/\/www.sunshinehabitat.com\/wp-content\/uploads\/2025\/07\/SALON-2-1-265x211.jpg 265w, https:\/\/www.sunshinehabitat.com\/wp-content\/uploads\/2025\/07\/SALON-2-1-550x437.jpg 550w, https:\/\/www.sunshinehabitat.com\/wp-content\/uploads\/2025\/07\/SALON-2-1.jpg 1349w\" sizes=\"(max-width: 705px) 100vw, 705px\" \/>     <\/a>    <\/div>    <div class=\"nc-item-title-wrapper\">     <a href=\"https:\/\/www.sunshinehabitat.com\/fr\/chalets-fabre\/offre-professionnelle\/modeles-belouve\/\" class=\"nc-item-link\">      <div class=\"nc-item-title-gamme\">Mod\u00e8les<br \/>\r\nB\u00e9louve<\/div>      <div class=\"nc-item-title-more\"><span>Voir tous<br \/>les mod\u00e8les<\/span><\/div>     <\/a>    <\/div>    <div class=\"nc-item-text-wrapper\">     <div class=\"nc-item-presentation-gamme\"><h2>Un bain de lumi\u00e8re<\/h2><p class=\"alternative\">D\u00e9couvrez les mod\u00e8les B\u00e9louve o\u00f9 le style de vie orient\u00e9 vers le dehors est mis \u00e0 l\u2019honneur.<\/p><\/div>    <\/div>   <\/div> <\/div><\/div><div class=\"nc-item nc-page-gamme\"> <div class=\"nc-item-inner\">   <div class=\"nc-item-content\">    <div class=\"nc-item-visuel\">     <a href=\"https:\/\/www.sunshinehabitat.com\/fr\/chalets-fabre\/offre-professionnelle\/modeles-otzarreta\/\" class=\"\"><img loading=\"lazy\" decoding=\"async\" width=\"848\" height=\"561\" src=\"https:\/\/www.sunshinehabitat.com\/wp-content\/uploads\/2025\/07\/SAGANO-CHA-ENFANTS-2-848x561.jpg\" class=\"attachment-visuel_gamme_848x561 size-visuel_gamme_848x561\" alt=\"\" srcset=\"https:\/\/www.sunshinehabitat.com\/wp-content\/uploads\/2025\/07\/SAGANO-CHA-ENFANTS-2-848x561.jpg 848w, https:\/\/www.sunshinehabitat.com\/wp-content\/uploads\/2025\/07\/SAGANO-CHA-ENFANTS-2-300x198.jpg 300w, https:\/\/www.sunshinehabitat.com\/wp-content\/uploads\/2025\/07\/SAGANO-CHA-ENFANTS-2-1024x676.jpg 1024w, https:\/\/www.sunshinehabitat.com\/wp-content\/uploads\/2025\/07\/SAGANO-CHA-ENFANTS-2-550x363.jpg 550w, https:\/\/www.sunshinehabitat.com\/wp-content\/uploads\/2025\/07\/SAGANO-CHA-ENFANTS-2.jpg 1641w\" sizes=\"(max-width: 848px) 100vw, 848px\" \/>     <\/a>    <\/div>    <div class=\"nc-item-title-wrapper\">     <a href=\"https:\/\/www.sunshinehabitat.com\/fr\/chalets-fabre\/offre-professionnelle\/modeles-otzarreta\/\" class=\"nc-item-link\">      <div class=\"nc-item-title-gamme\">Mod\u00e8les Otzarreta<\/div>      <div class=\"nc-item-title-more\"><span>Voir tous<br \/>les mod\u00e8les<\/span><\/div>     <\/a>    <\/div>    <div class=\"nc-item-text-wrapper\">     <div class=\"nc-item-presentation-gamme\"><h2>Quand espace rime avec harmonie<\/h2><p class=\"alternative\">Laissez-vous subjuguer par un univers empreint de douceur avec les mod\u00e8les Otzarreta.<\/p><\/div>    <\/div>   <\/div> <\/div><\/div><\/div><\/div><!-- \/not cached-nc_news_lite-widget --><\/div><\/div><div id=\"pg-3960-2\"  class=\"panel-grid panel-has-style\" ><div class=\"siteorigin-panels-stretch panel-row-style panel-row-style-for-3960-2\" data-stretch-type=\"full\" ><div id=\"pgc-3960-2-0\"  class=\"panel-grid-cell\" ><div id=\"panel-3960-2-0-0\" class=\"so-panel widget widget_sow-editor panel-first-child\" data-index=\"2\" ><div class=\"dark-cell padding-top panel-widget-style panel-widget-style-for-3960-2-0-0\" ><div\n\t\t\t\n\t\t\tclass=\"so-widget-sow-editor so-widget-sow-editor-base\"\n\t\t\t\n\t\t>\n<div class=\"siteorigin-widget-tinymce textwidget\">\n\t<h2 class=\"alternative\" style=\"text-align: center;\">Des services d\u00e9di\u00e9s<br \/>\npour les professionnels<\/h2>\n<\/div>\n<\/div><\/div><\/div><div id=\"panel-3960-2-0-1\" class=\"so-panel widget widget_widget-nc-boxes-list\" data-index=\"3\" ><div class=\"dark-cell panel-widget-style panel-widget-style-for-3960-2-0-1\" ><div\n\t\t\t\n\t\t\tclass=\"so-widget-widget-nc-boxes-list so-widget-widget-nc-boxes-list-base\"\n\t\t\t\n\t\t><div class=\"nc-widget-nc-boxes-list nc-widget-nc-boxes-list-tpl-theme-liste-services\">\r\n\r\n\t\t<div class=\"bloc-slider-wrapper\">\r\n\t\t<div class=\"bloc-slider swiper-container\" data-navigation=\"0\" data-pagination=\"1\" data-json='{\"loop\":false,\"slidesPerView\":4,\"spaceBetween\":16,\"slidesPerGroup\":4,\"breakpoints\":{\"530\":{\"slidesPerView\":1,\"slidesPerGroup\":1},\"766\":{\"slidesPerView\":2,\"slidesPerGroup\":2},\"900\":{\"slidesPerView\":3,\"slidesPerGroup\":3}}}'>\r\n\t\t\t<div class=\"nc-widget-nc-boxes-list-inner slides-container swiper-wrapper\">\r\n\t\t\t\t\t\t\t\t\t<div class=\"nc-widget-nc-box-wrapper slide-container swiper-slide \">\r\n\t\t\t\t\t\t<div class=\"nc-widget-nc-box\">\r\n\t\t\t\t\t\t\t\t\t\t\t\t\t\t\t<div class=\"nc-widget-nc-box-image\">\r\n\t\t\t\t\t\t\t\t\t<img loading=\"lazy\" decoding=\"async\" width=\"109\" height=\"109\" src=\"https:\/\/www.sunshinehabitat.com\/wp-content\/uploads\/2021\/06\/picto-phototheque.png\" class=\"attachment-full size-full\" alt=\"pictogramme phototheque\" \/>\t\t\t\t\t\t\t\t<\/div>\r\n\t\t\t\t\t\t\t\t\t\t\t\t\t\t<div class=\"nc-widget-nc-box-content\">\r\n\t\t\t\t\t\t\t\t\t\t\t\t\t\t\t\t<div class=\"nc-widget-nc-box-text\">\r\n\t\t\t\t\t\t\t\t\t<p><a href=\"https:\/\/www.sunshine-habitat.com\/chalets-fabre\/services-fabre\/des-photographies-pour-votre-communication-2\/\">Phototh\u00e8que<\/a><\/p>\n\t\t\t\t\t\t\t\t<\/div>\r\n\t\t\t\t\t\t\t<\/div>\r\n\t\t\t\t\t\t\t\t\t\t\t\t\t<\/div>\r\n\t\t\t\t\t<\/div>\r\n\t\t\t\t\t\t\t\t\t<div class=\"nc-widget-nc-box-wrapper slide-container swiper-slide \">\r\n\t\t\t\t\t\t<div class=\"nc-widget-nc-box\">\r\n\t\t\t\t\t\t\t\t\t\t\t\t\t\t\t<div class=\"nc-widget-nc-box-image\">\r\n\t\t\t\t\t\t\t\t\t<img loading=\"lazy\" decoding=\"async\" width=\"109\" height=\"109\" src=\"https:\/\/www.sunshinehabitat.com\/wp-content\/uploads\/2021\/06\/picto-co-creation.png\" class=\"attachment-full size-full\" alt=\"pictogramme co-creation sunshine habitat\" \/>\t\t\t\t\t\t\t\t<\/div>\r\n\t\t\t\t\t\t\t\t\t\t\t\t\t\t<div class=\"nc-widget-nc-box-content\">\r\n\t\t\t\t\t\t\t\t\t\t\t\t\t\t\t\t<div class=\"nc-widget-nc-box-text\">\r\n\t\t\t\t\t\t\t\t\t<p><a href=\"https:\/\/www.sunshine-habitat.com\/chalets-fabre\/services-fabre\/co-creation\/\">Co-cr\u00e9ation<\/a><\/p>\n\t\t\t\t\t\t\t\t<\/div>\r\n\t\t\t\t\t\t\t<\/div>\r\n\t\t\t\t\t\t\t\t\t\t\t\t\t<\/div>\r\n\t\t\t\t\t<\/div>\r\n\t\t\t\t\t\t\t\t\t<div class=\"nc-widget-nc-box-wrapper slide-container swiper-slide \">\r\n\t\t\t\t\t\t<div class=\"nc-widget-nc-box\">\r\n\t\t\t\t\t\t\t\t\t\t\t\t\t\t\t<div class=\"nc-widget-nc-box-image\">\r\n\t\t\t\t\t\t\t\t\t<img loading=\"lazy\" decoding=\"async\" width=\"109\" height=\"109\" src=\"https:\/\/www.sunshinehabitat.com\/wp-content\/uploads\/2021\/06\/picto-relooking.png\" class=\"attachment-full size-full\" alt=\"pictogramme relooking sunshine habitat\" \/>\t\t\t\t\t\t\t\t<\/div>\r\n\t\t\t\t\t\t\t\t\t\t\t\t\t\t<div class=\"nc-widget-nc-box-content\">\r\n\t\t\t\t\t\t\t\t\t\t\t\t\t\t\t\t<div class=\"nc-widget-nc-box-text\">\r\n\t\t\t\t\t\t\t\t\t<p><a href=\"https:\/\/www.sunshine-habitat.com\/chalets-fabre\/services-fabre\/renovation-de-votre-chalet\/\">R\u00e9novation<\/a><\/p>\n\t\t\t\t\t\t\t\t<\/div>\r\n\t\t\t\t\t\t\t<\/div>\r\n\t\t\t\t\t\t\t\t\t\t\t\t\t<\/div>\r\n\t\t\t\t\t<\/div>\r\n\t\t\t\t\t\t\t\t\t<div class=\"nc-widget-nc-box-wrapper slide-container swiper-slide \">\r\n\t\t\t\t\t\t<div class=\"nc-widget-nc-box\">\r\n\t\t\t\t\t\t\t\t\t\t\t\t\t\t\t<div class=\"nc-widget-nc-box-image\">\r\n\t\t\t\t\t\t\t\t\t<img loading=\"lazy\" decoding=\"async\" width=\"109\" height=\"109\" src=\"https:\/\/www.sunshinehabitat.com\/wp-content\/uploads\/2021\/06\/picto-sav.png\" class=\"attachment-full size-full\" alt=\"pictogramme service apr\u00e8s vente sunshine habitat\" \/>\t\t\t\t\t\t\t\t<\/div>\r\n\t\t\t\t\t\t\t\t\t\t\t\t\t\t<div class=\"nc-widget-nc-box-content\">\r\n\t\t\t\t\t\t\t\t\t\t\t\t\t\t\t\t<div class=\"nc-widget-nc-box-text\">\r\n\t\t\t\t\t\t\t\t\t<p><a href=\"https:\/\/www.sunshine-habitat.com\/chalets-fabre\/services-fabre\/sav\/\">SAV<\/a><\/p>\n\t\t\t\t\t\t\t\t<\/div>\r\n\t\t\t\t\t\t\t<\/div>\r\n\t\t\t\t\t\t\t\t\t\t\t\t\t<\/div>\r\n\t\t\t\t\t<\/div>\r\n\t\t\t\t\t\t\t<\/div>\r\n\t\t<\/div>\r\n\t<\/div>\r\n<\/div><\/div><\/div><\/div><div id=\"panel-3960-2-0-2\" class=\"so-panel widget widget_sow-editor panel-last-child\" data-index=\"4\" ><div\n\t\t\t\n\t\t\tclass=\"so-widget-sow-editor so-widget-sow-editor-base\"\n\t\t\t\n\t\t>\n<div class=\"siteorigin-widget-tinymce textwidget\">\n\t<p style=\"text-align: center;\"><a class=\"btn btn-bleu\" href=\"https:\/\/www.sunshine-habitat.com\/chalets-fabre\/services-fabre\/\">Tous nos services<\/a><\/p>\n<\/div>\n<\/div><\/div><\/div><\/div><\/div><div id=\"pg-3960-3\"  class=\"panel-grid panel-no-style\" ><div id=\"pgc-3960-3-0\"  class=\"panel-grid-cell\" ><div id=\"panel-3960-3-0-0\" class=\"so-panel widget widget_sow-editor panel-first-child\" data-index=\"5\" ><div\n\t\t\t\n\t\t\tclass=\"so-widget-sow-editor so-widget-sow-editor-base\"\n\t\t\t\n\t\t>\n<div class=\"siteorigin-widget-tinymce textwidget\">\n\t<h2 class=\"alternative\" style=\"text-align: center;\">Vous \u00eates particulier ?<br \/>\nD\u00e9couvrez notre gamme r\u00e9sidentielle<br \/>\net ses \u00e9quipements de confort<\/h2>\n<\/div>\n<\/div><\/div><div id=\"panel-3960-3-0-1\" class=\"so-panel widget widget_sow-editor panel-last-child\" data-index=\"6\" ><div\n\t\t\t\n\t\t\tclass=\"so-widget-sow-editor so-widget-sow-editor-base\"\n\t\t\t\n\t\t>\n<div class=\"siteorigin-widget-tinymce textwidget\">\n\t<p style=\"text-align: center;\"><a class=\"btn\" href=\"https:\/\/www.sunshine-habitat.com\/chalets-fabre\/offre-residentielle\/\">Voir l'offre r\u00e9sidentielle<\/a><\/p>\n<\/div>\n<\/div><\/div><\/div><\/div><\/div>","protected":false},"excerpt":{"rendered":"<p>D\u00e9couvrez nos mod\u00e8les de chalets pour les professionnels Professionnels de l&rsquo;H\u00f4tellerie de Plein Air, Chalets Fabre vous propose un choix de 10 mod\u00e8les locatifs pour compl\u00e9ter votre parc et<\/p>\n","protected":false},"author":2,"featured_media":0,"parent":2632,"menu_order":68,"comment_status":"closed","ping_status":"closed","template":"","meta":{"inline_featured_image":false,"footnotes":""},"class_list":["post-3960","page","type-page","status-publish","hentry"],"yoast_head":"<!-- This site is optimized with the Yoast SEO plugin v27.3 - https:\/\/yoast.com\/product\/yoast-seo-wordpress\/ -->\n<title>Offre locative - Sunshine Habitat<\/title>\n<meta name=\"robots\" content=\"index, follow, max-snippet:-1, max-image-preview:large, max-video-preview:-1\" \/>\n<link rel=\"canonical\" href=\"https:\/\/www.sunshine-habitat.com\/fr\/chalets-fabre\/offre-professionnelle\/\" \/>\n<meta property=\"og:locale\" content=\"fr_FR\" \/>\n<meta property=\"og:type\" content=\"article\" \/>\n<meta property=\"og:title\" content=\"Offre locative - Sunshine Habitat\" \/>\n<meta property=\"og:description\" content=\"D\u00e9couvrez nos mod\u00e8les de chalets pour les professionnels Professionnels de l&#039;H\u00f4tellerie de Plein Air, Chalets Fabre vous propose un choix de 10 mod\u00e8les locatifs pour compl\u00e9ter votre parc et\" \/>\n<meta property=\"og:url\" content=\"https:\/\/www.sunshine-habitat.com\/fr\/chalets-fabre\/offre-professionnelle\/\" \/>\n<meta property=\"og:site_name\" content=\"Sunshine Habitat\" \/>\n<meta property=\"article:modified_time\" content=\"2024-05-06T08:11:46+00:00\" \/>\n<meta name=\"twitter:card\" content=\"summary_large_image\" \/>\n<script type=\"application\/ld+json\" class=\"yoast-schema-graph\">{\"@context\":\"https:\\\/\\\/schema.org\",\"@graph\":[{\"@type\":\"WebPage\",\"@id\":\"https:\\\/\\\/www.sunshine-habitat.com\\\/fr\\\/chalets-fabre\\\/offre-professionnelle\\\/\",\"url\":\"https:\\\/\\\/www.sunshine-habitat.com\\\/fr\\\/chalets-fabre\\\/offre-professionnelle\\\/\",\"name\":\"Offre locative - Sunshine Habitat\",\"isPartOf\":{\"@id\":\"https:\\\/\\\/www.sunshine-habitat.com\\\/fr\\\/#website\"},\"datePublished\":\"2021-08-26T15:12:05+00:00\",\"dateModified\":\"2024-05-06T08:11:46+00:00\",\"breadcrumb\":{\"@id\":\"https:\\\/\\\/www.sunshine-habitat.com\\\/fr\\\/chalets-fabre\\\/offre-professionnelle\\\/#breadcrumb\"},\"inLanguage\":\"fr-FR\",\"potentialAction\":[{\"@type\":\"ReadAction\",\"target\":[\"https:\\\/\\\/www.sunshine-habitat.com\\\/fr\\\/chalets-fabre\\\/offre-professionnelle\\\/\"]}]},{\"@type\":\"BreadcrumbList\",\"@id\":\"https:\\\/\\\/www.sunshine-habitat.com\\\/fr\\\/chalets-fabre\\\/offre-professionnelle\\\/#breadcrumb\",\"itemListElement\":[{\"@type\":\"ListItem\",\"position\":1,\"name\":\"Accueil\",\"item\":\"https:\\\/\\\/www.sunshine-habitat.com\\\/fr\\\/\"},{\"@type\":\"ListItem\",\"position\":2,\"name\":\"Chalets Fabre\",\"item\":\"https:\\\/\\\/www.sunshine-habitat.com\\\/fr\\\/chalets-fabre\\\/\"},{\"@type\":\"ListItem\",\"position\":3,\"name\":\"Offre locative\"}]},{\"@type\":\"WebSite\",\"@id\":\"https:\\\/\\\/www.sunshine-habitat.com\\\/fr\\\/#website\",\"url\":\"https:\\\/\\\/www.sunshine-habitat.com\\\/fr\\\/\",\"name\":\"Sunshine Habitat\",\"description\":\"\",\"publisher\":{\"@id\":\"https:\\\/\\\/www.sunshine-habitat.com\\\/fr\\\/#organization\"},\"potentialAction\":[{\"@type\":\"SearchAction\",\"target\":{\"@type\":\"EntryPoint\",\"urlTemplate\":\"https:\\\/\\\/www.sunshine-habitat.com\\\/fr\\\/?s={search_term_string}\"},\"query-input\":{\"@type\":\"PropertyValueSpecification\",\"valueRequired\":true,\"valueName\":\"search_term_string\"}}],\"inLanguage\":\"fr-FR\"},{\"@type\":\"Organization\",\"@id\":\"https:\\\/\\\/www.sunshine-habitat.com\\\/fr\\\/#organization\",\"name\":\"Sunshine Habitat\",\"url\":\"https:\\\/\\\/www.sunshine-habitat.com\\\/fr\\\/\",\"logo\":{\"@type\":\"ImageObject\",\"inLanguage\":\"fr-FR\",\"@id\":\"https:\\\/\\\/www.sunshine-habitat.com\\\/fr\\\/#\\\/schema\\\/logo\\\/image\\\/\",\"url\":\"https:\\\/\\\/www.sunshine-habitat.com\\\/wp-content\\\/uploads\\\/2021\\\/05\\\/logo.png\",\"contentUrl\":\"https:\\\/\\\/www.sunshine-habitat.com\\\/wp-content\\\/uploads\\\/2021\\\/05\\\/logo.png\",\"width\":192,\"height\":250,\"caption\":\"Sunshine Habitat\"},\"image\":{\"@id\":\"https:\\\/\\\/www.sunshine-habitat.com\\\/fr\\\/#\\\/schema\\\/logo\\\/image\\\/\"}}]}<\/script>\n<!-- \/ Yoast SEO plugin. -->","yoast_head_json":{"title":"Offre locative - Sunshine Habitat","robots":{"index":"index","follow":"follow","max-snippet":"max-snippet:-1","max-image-preview":"max-image-preview:large","max-video-preview":"max-video-preview:-1"},"canonical":"https:\/\/www.sunshine-habitat.com\/fr\/chalets-fabre\/offre-professionnelle\/","og_locale":"fr_FR","og_type":"article","og_title":"Offre locative - Sunshine Habitat","og_description":"D\u00e9couvrez nos mod\u00e8les de chalets pour les professionnels Professionnels de l'H\u00f4tellerie de Plein Air, Chalets Fabre vous propose un choix de 10 mod\u00e8les locatifs pour compl\u00e9ter votre parc et","og_url":"https:\/\/www.sunshine-habitat.com\/fr\/chalets-fabre\/offre-professionnelle\/","og_site_name":"Sunshine Habitat","article_modified_time":"2024-05-06T08:11:46+00:00","twitter_card":"summary_large_image","schema":{"@context":"https:\/\/schema.org","@graph":[{"@type":"WebPage","@id":"https:\/\/www.sunshine-habitat.com\/fr\/chalets-fabre\/offre-professionnelle\/","url":"https:\/\/www.sunshine-habitat.com\/fr\/chalets-fabre\/offre-professionnelle\/","name":"Offre locative - Sunshine Habitat","isPartOf":{"@id":"https:\/\/www.sunshine-habitat.com\/fr\/#website"},"datePublished":"2021-08-26T15:12:05+00:00","dateModified":"2024-05-06T08:11:46+00:00","breadcrumb":{"@id":"https:\/\/www.sunshine-habitat.com\/fr\/chalets-fabre\/offre-professionnelle\/#breadcrumb"},"inLanguage":"fr-FR","potentialAction":[{"@type":"ReadAction","target":["https:\/\/www.sunshine-habitat.com\/fr\/chalets-fabre\/offre-professionnelle\/"]}]},{"@type":"BreadcrumbList","@id":"https:\/\/www.sunshine-habitat.com\/fr\/chalets-fabre\/offre-professionnelle\/#breadcrumb","itemListElement":[{"@type":"ListItem","position":1,"name":"Accueil","item":"https:\/\/www.sunshine-habitat.com\/fr\/"},{"@type":"ListItem","position":2,"name":"Chalets Fabre","item":"https:\/\/www.sunshine-habitat.com\/fr\/chalets-fabre\/"},{"@type":"ListItem","position":3,"name":"Offre locative"}]},{"@type":"WebSite","@id":"https:\/\/www.sunshine-habitat.com\/fr\/#website","url":"https:\/\/www.sunshine-habitat.com\/fr\/","name":"Sunshine Habitat","description":"","publisher":{"@id":"https:\/\/www.sunshine-habitat.com\/fr\/#organization"},"potentialAction":[{"@type":"SearchAction","target":{"@type":"EntryPoint","urlTemplate":"https:\/\/www.sunshine-habitat.com\/fr\/?s={search_term_string}"},"query-input":{"@type":"PropertyValueSpecification","valueRequired":true,"valueName":"search_term_string"}}],"inLanguage":"fr-FR"},{"@type":"Organization","@id":"https:\/\/www.sunshine-habitat.com\/fr\/#organization","name":"Sunshine Habitat","url":"https:\/\/www.sunshine-habitat.com\/fr\/","logo":{"@type":"ImageObject","inLanguage":"fr-FR","@id":"https:\/\/www.sunshine-habitat.com\/fr\/#\/schema\/logo\/image\/","url":"https:\/\/www.sunshine-habitat.com\/wp-content\/uploads\/2021\/05\/logo.png","contentUrl":"https:\/\/www.sunshine-habitat.com\/wp-content\/uploads\/2021\/05\/logo.png","width":192,"height":250,"caption":"Sunshine Habitat"},"image":{"@id":"https:\/\/www.sunshine-habitat.com\/fr\/#\/schema\/logo\/image\/"}}]}},"_links":{"self":[{"href":"https:\/\/www.sunshinehabitat.com\/fr\/wp-json\/wp\/v2\/pages\/3960","targetHints":{"allow":["GET"]}}],"collection":[{"href":"https:\/\/www.sunshinehabitat.com\/fr\/wp-json\/wp\/v2\/pages"}],"about":[{"href":"https:\/\/www.sunshinehabitat.com\/fr\/wp-json\/wp\/v2\/types\/page"}],"author":[{"embeddable":true,"href":"https:\/\/www.sunshinehabitat.com\/fr\/wp-json\/wp\/v2\/users\/2"}],"replies":[{"embeddable":true,"href":"https:\/\/www.sunshinehabitat.com\/fr\/wp-json\/wp\/v2\/comments?post=3960"}],"version-history":[{"count":7,"href":"https:\/\/www.sunshinehabitat.com\/fr\/wp-json\/wp\/v2\/pages\/3960\/revisions"}],"predecessor-version":[{"id":19310,"href":"https:\/\/www.sunshinehabitat.com\/fr\/wp-json\/wp\/v2\/pages\/3960\/revisions\/19310"}],"up":[{"embeddable":true,"href":"https:\/\/www.sunshinehabitat.com\/fr\/wp-json\/wp\/v2\/pages\/2632"}],"wp:attachment":[{"href":"https:\/\/www.sunshinehabitat.com\/fr\/wp-json\/wp\/v2\/media?parent=3960"}],"curies":[{"name":"wp","href":"https:\/\/api.w.org\/{rel}","templated":true}]}}