{"id":4079,"date":"2022-02-10T15:46:24","date_gmt":"2022-02-10T14:46:24","guid":{"rendered":"https:\/\/www.sunshine-habitat.com\/?page_id=4079"},"modified":"2022-09-07T18:15:43","modified_gmt":"2022-09-07T16:15:43","slug":"le-service-apres-vente-est-a-votre-ecoute","status":"publish","type":"page","link":"https:\/\/www.sunshinehabitat.com\/fr\/mobil-homes-louisiane\/offre-professionnelle\/services\/le-service-apres-vente-est-a-votre-ecoute\/","title":{"rendered":"SAV"},"content":{"rendered":"<div id=\"pl-4079\"  class=\"panel-layout\" ><div id=\"pg-4079-0\"  class=\"panel-grid panel-has-style no-padding-bottom-nc-wrap\" ><div class=\"no-padding-bottom panel-row-style panel-row-style-for-4079-0\" ><div id=\"pgc-4079-0-0\"  class=\"panel-grid-cell\" ><div id=\"panel-4079-0-0-0\" class=\"so-panel widget widget_sow-editor panel-first-child panel-last-child\" data-index=\"0\" ><div\n\t\t\t\n\t\t\tclass=\"so-widget-sow-editor so-widget-sow-editor-base\"\n\t\t\t\n\t\t>\n<div class=\"siteorigin-widget-tinymce textwidget\">\n\t<h2 style=\"text-align: center;\">Le service-apr\u00e8s-vente est \u00e0 votre \u00e9coute<\/h2>\n<\/div>\n<\/div><\/div><\/div><\/div><\/div><div id=\"pg-4079-1\"  class=\"panel-grid panel-has-style no-padding-top-nc-wrap\" ><div class=\"no-padding-top panel-row-style panel-row-style-for-4079-1\" ><div id=\"pgc-4079-1-0\"  class=\"panel-grid-cell\" ><div id=\"panel-4079-1-0-0\" class=\"so-panel widget widget_sow-editor panel-first-child panel-last-child\" data-index=\"1\" ><div class=\"padding-left padding-right panel-widget-style panel-widget-style-for-4079-1-0-0\" ><div\n\t\t\t\n\t\t\tclass=\"so-widget-sow-editor so-widget-sow-editor-base\"\n\t\t\t\n\t\t>\n<div class=\"siteorigin-widget-tinymce textwidget\">\n\t<p><img fetchpriority=\"high\" fetchpriority=\"high\" decoding=\"async\" class=\"wp-image-4822 size-full aligncenter\" src=\"https:\/\/www.sunshine-habitat.com\/wp-content\/uploads\/2022\/02\/1-2.png\" alt=\"\" width=\"346\" height=\"407\" srcset=\"https:\/\/www.sunshinehabitat.com\/wp-content\/uploads\/2022\/02\/1-2.png 346w, https:\/\/www.sunshinehabitat.com\/wp-content\/uploads\/2022\/02\/1-2-255x300.png 255w\" sizes=\"(max-width: 346px) 100vw, 346px\" \/><\/p>\n<\/div>\n<\/div><\/div><\/div><\/div><div id=\"pgc-4079-1-1\"  class=\"panel-grid-cell\" ><div id=\"panel-4079-1-1-0\" class=\"so-panel widget widget_sow-editor panel-first-child panel-last-child\" data-index=\"2\" ><div class=\"padding-left padding-right panel-widget-style panel-widget-style-for-4079-1-1-0\" ><div\n\t\t\t\n\t\t\tclass=\"so-widget-sow-editor so-widget-sow-editor-base\"\n\t\t\t\n\t\t>\n<div class=\"siteorigin-widget-tinymce textwidget\">\n\t<h3>Le SAV r\u00e9pond \u00e0 toutes vos demandes<\/h3>\n<p style=\"text-align: justify;\">Le SAV est une priorit\u00e9 pour la satisfaction de nos clients. Que ce soit pour changer une pi\u00e8ce usag\u00e9e ou d\u00e9fectueuse, notre SAV se charge de vous envoyer la pi\u00e8ce et de planifier l\u2019intervention d\u2019un technicien sur votre site dans les plus brefs d\u00e9lais.<\/p>\n<p style=\"text-align: justify;\">Des formations sont r\u00e9alis\u00e9es sur les sites de Loud\u00e9ac et La Cavalerie pour former vos techniciens aux petites interventions du quotidien sur les mobil-homes Louisiane. Vous gagnez ainsi en r\u00e9activit\u00e9 et en autonomie. Contactez <a href=\"https:\/\/www.sunshine-habitat.com\/mobil-homes-louisiane\/contactez-nous-a-propos-des-mobil-home-louisiane\/\">votre conseiller<\/a> pour vous inscrire.<\/p>\n<\/div>\n<\/div><\/div><\/div><\/div><\/div><\/div><div id=\"pg-4079-2\"  class=\"panel-grid panel-has-style no-padding-top-nc-wrap\" ><div class=\"no-padding-top panel-row-style panel-row-style-for-4079-2\" ><div id=\"pgc-4079-2-0\"  class=\"panel-grid-cell\" ><div id=\"panel-4079-2-0-0\" class=\"so-panel widget widget_sow-editor panel-first-child panel-last-child\" data-index=\"3\" ><div class=\"padding-right panel-widget-style panel-widget-style-for-4079-2-0-0\" ><div\n\t\t\t\n\t\t\tclass=\"so-widget-sow-editor so-widget-sow-editor-base\"\n\t\t\t\n\t\t>\n<div class=\"siteorigin-widget-tinymce textwidget\">\n\t<h3>Une appli mobile d\u00e9di\u00e9e au SAV<\/h3>\n<p style=\"text-align: justify;\">L\u2019application \u00ab Louisiane \u00bb d\u00e9di\u00e9e \u00e0 vos \u00e9changes avec le SAV est disponible sur Android, Ios et PC. L\u2019application vous permet d'enregistrer aupr\u00e8s du SAV une demande d\u2019intervention, photos \u00e0 l\u2019appui si vous le souhaitez. Vous conservez tout l\u2019historique de vos conversations et demandes pour chaque mobil-home. Rapide et efficace, cette application mobile vous fera gagner un temps pr\u00e9cieux.<\/p>\n<p><a class=\"btn btn-louisiane\" href=\"http:\/\/127.0.0.1\/sunshine-habitat\/www_dev\/mobil-homes-louisiane\/offre-residentielle\/contact\/\">Contacter un conseiller<\/a><\/p>\n<\/div>\n<\/div><\/div><\/div><\/div><div id=\"pgc-4079-2-1\"  class=\"panel-grid-cell\" ><div id=\"panel-4079-2-1-0\" class=\"so-panel widget widget_sow-image panel-first-child panel-last-child\" data-index=\"4\" ><div\n\t\t\t\n\t\t\tclass=\"so-widget-sow-image so-widget-sow-image-default-8b5b6f678277-4079\"\n\t\t\t\n\t\t>\n<div class=\"sow-image-container\">\n\t\t\t<a href=\"https:\/\/www.sunshinehabitat.com\/wp-content\/uploads\/2021\/06\/sav.jpg\"\n\t\t\tdata-lightbox=\"83110961960d038ee90d80931421242\" data-lightbox-options=\"{&quot;alwaysShowNavOnTouchDevices&quot;:false,&quot;overlayColor&quot;:&quot;#000&quot;,&quot;overlayOpacity&quot;:0.8,&quot;fadeDuration&quot;:600,&quot;fitImagesInViewport&quot;:true,&quot;imageFadeDuration&quot;:600,&quot;maxHeight&quot;:&quot;&quot;,&quot;maxWidth&quot;:&quot;&quot;,&quot;positionFromTop&quot;:50,&quot;resizeDuration&quot;:700,&quot;showImageNumberLabel&quot;:true,&quot;disableCaption&quot;:&quot;&quot;,&quot;wrapAround&quot;:true,&quot;albumLabel&quot;:&quot; %1 of %2&quot;}\" \t\t>\n\t\t\t<img \n\tsrc=\"https:\/\/www.sunshinehabitat.com\/wp-content\/uploads\/2021\/06\/sav.jpg\" width=\"404\" height=\"246\" srcset=\"https:\/\/www.sunshinehabitat.com\/wp-content\/uploads\/2021\/06\/sav.jpg 404w, https:\/\/www.sunshinehabitat.com\/wp-content\/uploads\/2021\/06\/sav-300x183.jpg 300w\" sizes=\"(max-width: 404px) 100vw, 404px\" alt=\"Service apr\u00e8s vente sunshine habitat\" \t\tclass=\"so-widget-image\"\/>\n\t\t\t<\/a><\/div>\n\n<\/div><\/div><\/div><\/div><\/div><div id=\"pg-4079-3\"  class=\"panel-grid panel-has-style no-padding-top-nc-wrap\" ><div class=\"no-padding-top panel-row-style panel-row-style-for-4079-3\" ><div id=\"pgc-4079-3-0\"  class=\"panel-grid-cell\" ><div id=\"panel-4079-3-0-0\" class=\"so-panel widget widget_sow-editor panel-first-child panel-last-child\" data-index=\"5\" ><div class=\"padding-right panel-widget-style panel-widget-style-for-4079-3-0-0\" ><div\n\t\t\t\n\t\t\tclass=\"so-widget-sow-editor so-widget-sow-editor-base\"\n\t\t\t\n\t\t>\n<div class=\"siteorigin-widget-tinymce textwidget\">\n\t<p style=\"text-align: center;\"><a class=\"btn\" href=\"https:\/\/www.sunshine-habitat.com\/mobil-homes-louisiane\/offre-professionnelle\/services\/\">revenir aux Services Louisiane<\/a><\/p>\n<\/div>\n<\/div><\/div><\/div><\/div><\/div><\/div><\/div>","protected":false},"excerpt":{"rendered":"<p>Le service-apr\u00e8s-vente est \u00e0 votre \u00e9coute Le SAV r\u00e9pond \u00e0 toutes vos demandes Le SAV est une priorit\u00e9 pour la satisfaction de nos clients. Que ce soit pour changer<\/p>\n","protected":false},"author":2,"featured_media":0,"parent":3066,"menu_order":385,"comment_status":"closed","ping_status":"closed","template":"","meta":{"inline_featured_image":false,"footnotes":""},"class_list":["post-4079","page","type-page","status-publish","hentry"],"yoast_head":"<!-- This site is optimized with the Yoast SEO plugin v27.3 - https:\/\/yoast.com\/product\/yoast-seo-wordpress\/ -->\n<title>SAV - Sunshine Habitat<\/title>\n<meta name=\"robots\" content=\"index, follow, max-snippet:-1, max-image-preview:large, max-video-preview:-1\" \/>\n<link rel=\"canonical\" href=\"https:\/\/www.sunshine-habitat.com\/fr\/mobil-homes-louisiane\/offre-professionnelle\/services\/le-service-apres-vente-est-a-votre-ecoute\/\" \/>\n<meta property=\"og:locale\" content=\"fr_FR\" \/>\n<meta property=\"og:type\" content=\"article\" \/>\n<meta property=\"og:title\" content=\"SAV - Sunshine Habitat\" \/>\n<meta property=\"og:description\" content=\"Le service-apr\u00e8s-vente est \u00e0 votre \u00e9coute Le SAV r\u00e9pond \u00e0 toutes vos demandes Le SAV est une priorit\u00e9 pour la satisfaction de nos clients. Que ce soit pour changer\" \/>\n<meta property=\"og:url\" content=\"https:\/\/www.sunshine-habitat.com\/fr\/mobil-homes-louisiane\/offre-professionnelle\/services\/le-service-apres-vente-est-a-votre-ecoute\/\" \/>\n<meta property=\"og:site_name\" content=\"Sunshine Habitat\" \/>\n<meta property=\"article:modified_time\" content=\"2022-09-07T16:15:43+00:00\" \/>\n<meta property=\"og:image\" content=\"https:\/\/www.sunshine-habitat.com\/wp-content\/uploads\/2022\/02\/1-2.png\" \/>\n<meta name=\"twitter:card\" content=\"summary_large_image\" \/>\n<script type=\"application\/ld+json\" class=\"yoast-schema-graph\">{\"@context\":\"https:\\\/\\\/schema.org\",\"@graph\":[{\"@type\":\"WebPage\",\"@id\":\"https:\\\/\\\/www.sunshine-habitat.com\\\/fr\\\/mobil-homes-louisiane\\\/offre-professionnelle\\\/services\\\/le-service-apres-vente-est-a-votre-ecoute\\\/\",\"url\":\"https:\\\/\\\/www.sunshine-habitat.com\\\/fr\\\/mobil-homes-louisiane\\\/offre-professionnelle\\\/services\\\/le-service-apres-vente-est-a-votre-ecoute\\\/\",\"name\":\"SAV - Sunshine Habitat\",\"isPartOf\":{\"@id\":\"https:\\\/\\\/www.sunshine-habitat.com\\\/fr\\\/#website\"},\"primaryImageOfPage\":{\"@id\":\"https:\\\/\\\/www.sunshine-habitat.com\\\/fr\\\/mobil-homes-louisiane\\\/offre-professionnelle\\\/services\\\/le-service-apres-vente-est-a-votre-ecoute\\\/#primaryimage\"},\"image\":{\"@id\":\"https:\\\/\\\/www.sunshine-habitat.com\\\/fr\\\/mobil-homes-louisiane\\\/offre-professionnelle\\\/services\\\/le-service-apres-vente-est-a-votre-ecoute\\\/#primaryimage\"},\"thumbnailUrl\":\"https:\\\/\\\/www.sunshine-habitat.com\\\/wp-content\\\/uploads\\\/2022\\\/02\\\/1-2.png\",\"datePublished\":\"2022-02-10T14:46:24+00:00\",\"dateModified\":\"2022-09-07T16:15:43+00:00\",\"breadcrumb\":{\"@id\":\"https:\\\/\\\/www.sunshine-habitat.com\\\/fr\\\/mobil-homes-louisiane\\\/offre-professionnelle\\\/services\\\/le-service-apres-vente-est-a-votre-ecoute\\\/#breadcrumb\"},\"inLanguage\":\"fr-FR\",\"potentialAction\":[{\"@type\":\"ReadAction\",\"target\":[\"https:\\\/\\\/www.sunshine-habitat.com\\\/fr\\\/mobil-homes-louisiane\\\/offre-professionnelle\\\/services\\\/le-service-apres-vente-est-a-votre-ecoute\\\/\"]}]},{\"@type\":\"ImageObject\",\"inLanguage\":\"fr-FR\",\"@id\":\"https:\\\/\\\/www.sunshine-habitat.com\\\/fr\\\/mobil-homes-louisiane\\\/offre-professionnelle\\\/services\\\/le-service-apres-vente-est-a-votre-ecoute\\\/#primaryimage\",\"url\":\"https:\\\/\\\/www.sunshine-habitat.com\\\/wp-content\\\/uploads\\\/2022\\\/02\\\/1-2.png\",\"contentUrl\":\"https:\\\/\\\/www.sunshine-habitat.com\\\/wp-content\\\/uploads\\\/2022\\\/02\\\/1-2.png\"},{\"@type\":\"BreadcrumbList\",\"@id\":\"https:\\\/\\\/www.sunshine-habitat.com\\\/fr\\\/mobil-homes-louisiane\\\/offre-professionnelle\\\/services\\\/le-service-apres-vente-est-a-votre-ecoute\\\/#breadcrumb\",\"itemListElement\":[{\"@type\":\"ListItem\",\"position\":1,\"name\":\"Accueil\",\"item\":\"https:\\\/\\\/www.sunshine-habitat.com\\\/fr\\\/\"},{\"@type\":\"ListItem\",\"position\":2,\"name\":\"Mobil-Homes Louisiane\",\"item\":\"https:\\\/\\\/www.sunshine-habitat.com\\\/fr\\\/mobil-homes-louisiane\\\/\"},{\"@type\":\"ListItem\",\"position\":3,\"name\":\"Offre locative\",\"item\":\"https:\\\/\\\/www.sunshine-habitat.com\\\/fr\\\/mobil-homes-louisiane\\\/offre-professionnelle\\\/\"},{\"@type\":\"ListItem\",\"position\":4,\"name\":\"Services Mobil-homes Louisiane\",\"item\":\"https:\\\/\\\/www.sunshine-habitat.com\\\/fr\\\/mobil-homes-louisiane\\\/offre-professionnelle\\\/services\\\/\"},{\"@type\":\"ListItem\",\"position\":5,\"name\":\"SAV\"}]},{\"@type\":\"WebSite\",\"@id\":\"https:\\\/\\\/www.sunshine-habitat.com\\\/fr\\\/#website\",\"url\":\"https:\\\/\\\/www.sunshine-habitat.com\\\/fr\\\/\",\"name\":\"Sunshine Habitat\",\"description\":\"\",\"publisher\":{\"@id\":\"https:\\\/\\\/www.sunshine-habitat.com\\\/fr\\\/#organization\"},\"potentialAction\":[{\"@type\":\"SearchAction\",\"target\":{\"@type\":\"EntryPoint\",\"urlTemplate\":\"https:\\\/\\\/www.sunshine-habitat.com\\\/fr\\\/?s={search_term_string}\"},\"query-input\":{\"@type\":\"PropertyValueSpecification\",\"valueRequired\":true,\"valueName\":\"search_term_string\"}}],\"inLanguage\":\"fr-FR\"},{\"@type\":\"Organization\",\"@id\":\"https:\\\/\\\/www.sunshine-habitat.com\\\/fr\\\/#organization\",\"name\":\"Sunshine Habitat\",\"url\":\"https:\\\/\\\/www.sunshine-habitat.com\\\/fr\\\/\",\"logo\":{\"@type\":\"ImageObject\",\"inLanguage\":\"fr-FR\",\"@id\":\"https:\\\/\\\/www.sunshine-habitat.com\\\/fr\\\/#\\\/schema\\\/logo\\\/image\\\/\",\"url\":\"https:\\\/\\\/www.sunshine-habitat.com\\\/wp-content\\\/uploads\\\/2021\\\/05\\\/logo.png\",\"contentUrl\":\"https:\\\/\\\/www.sunshine-habitat.com\\\/wp-content\\\/uploads\\\/2021\\\/05\\\/logo.png\",\"width\":192,\"height\":250,\"caption\":\"Sunshine Habitat\"},\"image\":{\"@id\":\"https:\\\/\\\/www.sunshine-habitat.com\\\/fr\\\/#\\\/schema\\\/logo\\\/image\\\/\"}}]}<\/script>\n<!-- \/ Yoast SEO plugin. -->","yoast_head_json":{"title":"SAV - Sunshine Habitat","robots":{"index":"index","follow":"follow","max-snippet":"max-snippet:-1","max-image-preview":"max-image-preview:large","max-video-preview":"max-video-preview:-1"},"canonical":"https:\/\/www.sunshine-habitat.com\/fr\/mobil-homes-louisiane\/offre-professionnelle\/services\/le-service-apres-vente-est-a-votre-ecoute\/","og_locale":"fr_FR","og_type":"article","og_title":"SAV - Sunshine Habitat","og_description":"Le service-apr\u00e8s-vente est \u00e0 votre \u00e9coute Le SAV r\u00e9pond \u00e0 toutes vos demandes Le SAV est une priorit\u00e9 pour la satisfaction de nos clients. Que ce soit pour changer","og_url":"https:\/\/www.sunshine-habitat.com\/fr\/mobil-homes-louisiane\/offre-professionnelle\/services\/le-service-apres-vente-est-a-votre-ecoute\/","og_site_name":"Sunshine Habitat","article_modified_time":"2022-09-07T16:15:43+00:00","og_image":[{"url":"https:\/\/www.sunshine-habitat.com\/wp-content\/uploads\/2022\/02\/1-2.png","type":"","width":"","height":""}],"twitter_card":"summary_large_image","schema":{"@context":"https:\/\/schema.org","@graph":[{"@type":"WebPage","@id":"https:\/\/www.sunshine-habitat.com\/fr\/mobil-homes-louisiane\/offre-professionnelle\/services\/le-service-apres-vente-est-a-votre-ecoute\/","url":"https:\/\/www.sunshine-habitat.com\/fr\/mobil-homes-louisiane\/offre-professionnelle\/services\/le-service-apres-vente-est-a-votre-ecoute\/","name":"SAV - Sunshine Habitat","isPartOf":{"@id":"https:\/\/www.sunshine-habitat.com\/fr\/#website"},"primaryImageOfPage":{"@id":"https:\/\/www.sunshine-habitat.com\/fr\/mobil-homes-louisiane\/offre-professionnelle\/services\/le-service-apres-vente-est-a-votre-ecoute\/#primaryimage"},"image":{"@id":"https:\/\/www.sunshine-habitat.com\/fr\/mobil-homes-louisiane\/offre-professionnelle\/services\/le-service-apres-vente-est-a-votre-ecoute\/#primaryimage"},"thumbnailUrl":"https:\/\/www.sunshine-habitat.com\/wp-content\/uploads\/2022\/02\/1-2.png","datePublished":"2022-02-10T14:46:24+00:00","dateModified":"2022-09-07T16:15:43+00:00","breadcrumb":{"@id":"https:\/\/www.sunshine-habitat.com\/fr\/mobil-homes-louisiane\/offre-professionnelle\/services\/le-service-apres-vente-est-a-votre-ecoute\/#breadcrumb"},"inLanguage":"fr-FR","potentialAction":[{"@type":"ReadAction","target":["https:\/\/www.sunshine-habitat.com\/fr\/mobil-homes-louisiane\/offre-professionnelle\/services\/le-service-apres-vente-est-a-votre-ecoute\/"]}]},{"@type":"ImageObject","inLanguage":"fr-FR","@id":"https:\/\/www.sunshine-habitat.com\/fr\/mobil-homes-louisiane\/offre-professionnelle\/services\/le-service-apres-vente-est-a-votre-ecoute\/#primaryimage","url":"https:\/\/www.sunshine-habitat.com\/wp-content\/uploads\/2022\/02\/1-2.png","contentUrl":"https:\/\/www.sunshine-habitat.com\/wp-content\/uploads\/2022\/02\/1-2.png"},{"@type":"BreadcrumbList","@id":"https:\/\/www.sunshine-habitat.com\/fr\/mobil-homes-louisiane\/offre-professionnelle\/services\/le-service-apres-vente-est-a-votre-ecoute\/#breadcrumb","itemListElement":[{"@type":"ListItem","position":1,"name":"Accueil","item":"https:\/\/www.sunshine-habitat.com\/fr\/"},{"@type":"ListItem","position":2,"name":"Mobil-Homes Louisiane","item":"https:\/\/www.sunshine-habitat.com\/fr\/mobil-homes-louisiane\/"},{"@type":"ListItem","position":3,"name":"Offre locative","item":"https:\/\/www.sunshine-habitat.com\/fr\/mobil-homes-louisiane\/offre-professionnelle\/"},{"@type":"ListItem","position":4,"name":"Services Mobil-homes Louisiane","item":"https:\/\/www.sunshine-habitat.com\/fr\/mobil-homes-louisiane\/offre-professionnelle\/services\/"},{"@type":"ListItem","position":5,"name":"SAV"}]},{"@type":"WebSite","@id":"https:\/\/www.sunshine-habitat.com\/fr\/#website","url":"https:\/\/www.sunshine-habitat.com\/fr\/","name":"Sunshine Habitat","description":"","publisher":{"@id":"https:\/\/www.sunshine-habitat.com\/fr\/#organization"},"potentialAction":[{"@type":"SearchAction","target":{"@type":"EntryPoint","urlTemplate":"https:\/\/www.sunshine-habitat.com\/fr\/?s={search_term_string}"},"query-input":{"@type":"PropertyValueSpecification","valueRequired":true,"valueName":"search_term_string"}}],"inLanguage":"fr-FR"},{"@type":"Organization","@id":"https:\/\/www.sunshine-habitat.com\/fr\/#organization","name":"Sunshine Habitat","url":"https:\/\/www.sunshine-habitat.com\/fr\/","logo":{"@type":"ImageObject","inLanguage":"fr-FR","@id":"https:\/\/www.sunshine-habitat.com\/fr\/#\/schema\/logo\/image\/","url":"https:\/\/www.sunshine-habitat.com\/wp-content\/uploads\/2021\/05\/logo.png","contentUrl":"https:\/\/www.sunshine-habitat.com\/wp-content\/uploads\/2021\/05\/logo.png","width":192,"height":250,"caption":"Sunshine Habitat"},"image":{"@id":"https:\/\/www.sunshine-habitat.com\/fr\/#\/schema\/logo\/image\/"}}]}},"_links":{"self":[{"href":"https:\/\/www.sunshinehabitat.com\/fr\/wp-json\/wp\/v2\/pages\/4079","targetHints":{"allow":["GET"]}}],"collection":[{"href":"https:\/\/www.sunshinehabitat.com\/fr\/wp-json\/wp\/v2\/pages"}],"about":[{"href":"https:\/\/www.sunshinehabitat.com\/fr\/wp-json\/wp\/v2\/types\/page"}],"author":[{"embeddable":true,"href":"https:\/\/www.sunshinehabitat.com\/fr\/wp-json\/wp\/v2\/users\/2"}],"replies":[{"embeddable":true,"href":"https:\/\/www.sunshinehabitat.com\/fr\/wp-json\/wp\/v2\/comments?post=4079"}],"version-history":[{"count":6,"href":"https:\/\/www.sunshinehabitat.com\/fr\/wp-json\/wp\/v2\/pages\/4079\/revisions"}],"predecessor-version":[{"id":12527,"href":"https:\/\/www.sunshinehabitat.com\/fr\/wp-json\/wp\/v2\/pages\/4079\/revisions\/12527"}],"up":[{"embeddable":true,"href":"https:\/\/www.sunshinehabitat.com\/fr\/wp-json\/wp\/v2\/pages\/3066"}],"wp:attachment":[{"href":"https:\/\/www.sunshinehabitat.com\/fr\/wp-json\/wp\/v2\/media?parent=4079"}],"curies":[{"name":"wp","href":"https:\/\/api.w.org\/{rel}","templated":true}]}}