{"id":4082,"date":"2022-02-10T15:47:12","date_gmt":"2022-02-10T14:47:12","guid":{"rendered":"https:\/\/www.sunshine-habitat.com\/?page_id=4082"},"modified":"2022-09-07T18:11:45","modified_gmt":"2022-09-07T16:11:45","slug":"louisiane-partenaire-de-vos-projets","status":"publish","type":"page","link":"https:\/\/www.sunshinehabitat.com\/fr\/mobil-homes-louisiane\/offre-professionnelle\/services\/louisiane-partenaire-de-vos-projets\/","title":{"rendered":"Co-cr\u00e9ation"},"content":{"rendered":"<div id=\"pl-4082\"  class=\"panel-layout\" ><div id=\"pg-4082-0\"  class=\"panel-grid panel-has-style no-padding-bottom-nc-wrap\" ><div class=\"no-padding-bottom panel-row-style panel-row-style-for-4082-0\" ><div id=\"pgc-4082-0-0\"  class=\"panel-grid-cell\" ><div id=\"panel-4082-0-0-0\" class=\"so-panel widget widget_sow-editor panel-first-child panel-last-child\" data-index=\"0\" ><div\n\t\t\t\n\t\t\tclass=\"so-widget-sow-editor so-widget-sow-editor-base\"\n\t\t\t\n\t\t>\n<div class=\"siteorigin-widget-tinymce textwidget\">\n\t<h2 style=\"text-align: center;\">Mobil-homes Louisiane, partenaire de vos projets<\/h2>\n<\/div>\n<\/div><\/div><\/div><\/div><\/div><div id=\"pg-4082-1\"  class=\"panel-grid panel-has-style no-padding-top-nc-wrap\" ><div class=\"no-padding-top panel-row-style panel-row-style-for-4082-1\" ><div id=\"pgc-4082-1-0\"  class=\"panel-grid-cell\" ><div id=\"panel-4082-1-0-0\" class=\"so-panel widget widget_sow-image panel-first-child panel-last-child\" data-index=\"1\" ><div\n\t\t\t\n\t\t\tclass=\"so-widget-sow-image so-widget-sow-image-default-8b5b6f678277-4082\"\n\t\t\t\n\t\t>\n<div class=\"sow-image-container\">\n\t\t\t<a href=\"https:\/\/www.sunshinehabitat.com\/wp-content\/uploads\/2022\/05\/Co-creation-mobil-home-scaled.jpg\"\n\t\t\tdata-lightbox=\"Co-cr\u00e9ation mobil-home\" data-lightbox-options=\"{&quot;alwaysShowNavOnTouchDevices&quot;:false,&quot;overlayColor&quot;:&quot;#000&quot;,&quot;overlayOpacity&quot;:0.8,&quot;fadeDuration&quot;:600,&quot;fitImagesInViewport&quot;:true,&quot;imageFadeDuration&quot;:600,&quot;maxHeight&quot;:&quot;&quot;,&quot;maxWidth&quot;:&quot;&quot;,&quot;positionFromTop&quot;:50,&quot;resizeDuration&quot;:700,&quot;showImageNumberLabel&quot;:true,&quot;disableCaption&quot;:&quot;&quot;,&quot;wrapAround&quot;:true,&quot;albumLabel&quot;:&quot; %1 of %2&quot;}\" data-title=\"Co-cr\u00e9ation mobil-home\" \t\t>\n\t\t\t<img fetchpriority=\"high\" \n\tsrc=\"https:\/\/www.sunshinehabitat.com\/wp-content\/uploads\/2022\/05\/Co-creation-mobil-home-scaled.jpg\" width=\"2560\" height=\"1707\" srcset=\"https:\/\/www.sunshinehabitat.com\/wp-content\/uploads\/2022\/05\/Co-creation-mobil-home-scaled.jpg 2560w, https:\/\/www.sunshinehabitat.com\/wp-content\/uploads\/2022\/05\/Co-creation-mobil-home-scaled-300x200.jpg 300w, https:\/\/www.sunshinehabitat.com\/wp-content\/uploads\/2022\/05\/Co-creation-mobil-home-scaled-1024x683.jpg 1024w, https:\/\/www.sunshinehabitat.com\/wp-content\/uploads\/2022\/05\/Co-creation-mobil-home-scaled-841x561.jpg 841w\" sizes=\"(max-width: 2560px) 100vw, 2560px\" title=\"Co-cr\u00e9ation mobil-home\" alt=\"relation client sunshine habitat conseil et accompagnement client\" \t\tclass=\"so-widget-image\"\/>\n\t\t\t<\/a><\/div>\n\n<\/div><\/div><\/div><div id=\"pgc-4082-1-1\"  class=\"panel-grid-cell\" ><div id=\"panel-4082-1-1-0\" class=\"so-panel widget widget_sow-editor panel-first-child panel-last-child\" data-index=\"2\" ><div class=\"padding-left padding-right panel-widget-style panel-widget-style-for-4082-1-1-0\" ><div\n\t\t\t\n\t\t\tclass=\"so-widget-sow-editor so-widget-sow-editor-base\"\n\t\t\t\n\t\t>\n<div class=\"siteorigin-widget-tinymce textwidget\">\n\t<h3>La co-cr\u00e9ation pour un habitat unique<\/h3>\n<p style=\"text-align: justify;\">Capitalisez sur le savoir-faire de Louisiane pour concr\u00e9tiser vos id\u00e9es. De l\u2019habillage \u00e0 la r\u00e9alisation de mod\u00e8les sur-mesure, Louisiane propose un service de co-cr\u00e9ation pour imaginer ensemble l\u2019habitat qui vous ressemble, vous permettra de vous diff\u00e9rencier et \u00e9tonnera votre client\u00e8le.<\/p>\n<\/div>\n<\/div><\/div><\/div><\/div><\/div><\/div><div id=\"pg-4082-2\"  class=\"panel-grid panel-has-style no-padding-top-nc-wrap\" ><div class=\"no-padding-top panel-row-style panel-row-style-for-4082-2\" ><div id=\"pgc-4082-2-0\"  class=\"panel-grid-cell\" ><div id=\"panel-4082-2-0-0\" class=\"so-panel widget widget_sow-editor panel-first-child\" data-index=\"3\" ><div class=\"padding-right panel-widget-style panel-widget-style-for-4082-2-0-0\" ><div\n\t\t\t\n\t\t\tclass=\"so-widget-sow-editor so-widget-sow-editor-base\"\n\t\t\t\n\t\t>\n<div class=\"siteorigin-widget-tinymce textwidget\">\n\t<h3>Dessinons l\u2019am\u00e9nagement de vos parcelles ensemble<\/h3>\n<p style=\"text-align: justify;\">Votre camping est unique et vos parcelles le sont tout autant. Louisiane vous accompagne et r\u00e9alise avec vous des recommandations d\u2019int\u00e9gration des mobil-homes dans l\u2019environnement paysager de votre parc en respectant vos contraintes et vos envies.<\/p>\n<p><a class=\"btn btn-louisiane\" href=\"\/contact\/\">Contacter un conseiller<\/a><\/p>\n<\/div>\n<\/div><\/div><\/div><div id=\"panel-4082-2-0-1\" class=\"so-panel widget widget_sow-image panel-last-child\" data-index=\"4\" ><div\n\t\t\t\n\t\t\tclass=\"so-widget-sow-image so-widget-sow-image-default-dbf295114b96-4082\"\n\t\t\t\n\t\t>\n<div class=\"sow-image-container\">\n\t\t\t<a href=\"https:\/\/www.sunshinehabitat.com\/wp-content\/uploads\/2022\/05\/co-creation-2-mobil-home-Louisiane-1.png\"\n\t\t\tdata-lightbox=\"co-cr\u00e9ation-2-mobil-home-Louisiane\" data-lightbox-options=\"{&quot;alwaysShowNavOnTouchDevices&quot;:false,&quot;overlayColor&quot;:&quot;#000&quot;,&quot;overlayOpacity&quot;:0.8,&quot;fadeDuration&quot;:600,&quot;fitImagesInViewport&quot;:true,&quot;imageFadeDuration&quot;:600,&quot;maxHeight&quot;:&quot;&quot;,&quot;maxWidth&quot;:&quot;&quot;,&quot;positionFromTop&quot;:50,&quot;resizeDuration&quot;:700,&quot;showImageNumberLabel&quot;:true,&quot;disableCaption&quot;:&quot;&quot;,&quot;wrapAround&quot;:true,&quot;albumLabel&quot;:&quot; %1 of %2&quot;}\" data-title=\"co-cr\u00e9ation-2-mobil-home-Louisiane\" \t\t>\n\t\t\t<img \n\tsrc=\"https:\/\/www.sunshinehabitat.com\/wp-content\/uploads\/2022\/05\/co-creation-2-mobil-home-Louisiane-1.png\" width=\"292\" height=\"292\" srcset=\"https:\/\/www.sunshinehabitat.com\/wp-content\/uploads\/2022\/05\/co-creation-2-mobil-home-Louisiane-1.png 292w, https:\/\/www.sunshinehabitat.com\/wp-content\/uploads\/2022\/05\/co-creation-2-mobil-home-Louisiane-1-150x150.png 150w\" sizes=\"(max-width: 292px) 100vw, 292px\" title=\"co-cr\u00e9ation-2-mobil-home-Louisiane\" alt=\"int\u00e9gration paysag\u00e8re des mobil-homes louisiane\" \t\tclass=\"so-widget-image\"\/>\n\t\t\t<\/a><\/div>\n\n<\/div><\/div><\/div><div id=\"pgc-4082-2-1\"  class=\"panel-grid-cell\" ><div id=\"panel-4082-2-1-0\" class=\"so-panel widget widget_sow-image panel-first-child\" data-index=\"5\" ><div\n\t\t\t\n\t\t\tclass=\"so-widget-sow-image so-widget-sow-image-default-8b5b6f678277-4082\"\n\t\t\t\n\t\t>\n<div class=\"sow-image-container\">\n\t\t\t<a href=\"https:\/\/www.sunshinehabitat.com\/wp-content\/uploads\/2022\/05\/co-creation-1-mobil-home-Louisiane.png\"\n\t\t\tdata-lightbox=\"co-cr\u00e9ation-1-mobil-home-Louisiane\" data-lightbox-options=\"{&quot;alwaysShowNavOnTouchDevices&quot;:false,&quot;overlayColor&quot;:&quot;#000&quot;,&quot;overlayOpacity&quot;:0.8,&quot;fadeDuration&quot;:600,&quot;fitImagesInViewport&quot;:true,&quot;imageFadeDuration&quot;:600,&quot;maxHeight&quot;:&quot;&quot;,&quot;maxWidth&quot;:&quot;&quot;,&quot;positionFromTop&quot;:50,&quot;resizeDuration&quot;:700,&quot;showImageNumberLabel&quot;:true,&quot;disableCaption&quot;:&quot;&quot;,&quot;wrapAround&quot;:true,&quot;albumLabel&quot;:&quot; %1 of %2&quot;}\" data-title=\"co-cr\u00e9ation-1-mobil-home-Louisiane\" \t\t>\n\t\t\t<img \n\tsrc=\"https:\/\/www.sunshinehabitat.com\/wp-content\/uploads\/2022\/05\/co-creation-1-mobil-home-Louisiane.png\" width=\"489\" height=\"338\" srcset=\"https:\/\/www.sunshinehabitat.com\/wp-content\/uploads\/2022\/05\/co-creation-1-mobil-home-Louisiane.png 489w, https:\/\/www.sunshinehabitat.com\/wp-content\/uploads\/2022\/05\/co-creation-1-mobil-home-Louisiane-300x207.png 300w\" sizes=\"(max-width: 489px) 100vw, 489px\" title=\"co-cr\u00e9ation-1-mobil-home-Louisiane\" alt=\"int\u00e9gration paysag\u00e8re mobil-homes marque louisiane\" \t\tclass=\"so-widget-image\"\/>\n\t\t\t<\/a><\/div>\n\n<\/div><\/div><div id=\"panel-4082-2-1-1\" class=\"so-panel widget widget_sow-image panel-last-child\" data-index=\"6\" ><div\n\t\t\t\n\t\t\tclass=\"so-widget-sow-image so-widget-sow-image-default-dbf295114b96-4082\"\n\t\t\t\n\t\t>\n<div class=\"sow-image-container\">\n\t\t\t<a href=\"https:\/\/www.sunshinehabitat.com\/wp-content\/uploads\/2022\/05\/co-creation-4-mobil-home-Louisiane-1.png\"\n\t\t\tdata-lightbox=\"co-cr\u00e9ation-4-mobil-home-Louisiane\" data-lightbox-options=\"{&quot;alwaysShowNavOnTouchDevices&quot;:false,&quot;overlayColor&quot;:&quot;#000&quot;,&quot;overlayOpacity&quot;:0.8,&quot;fadeDuration&quot;:600,&quot;fitImagesInViewport&quot;:true,&quot;imageFadeDuration&quot;:600,&quot;maxHeight&quot;:&quot;&quot;,&quot;maxWidth&quot;:&quot;&quot;,&quot;positionFromTop&quot;:50,&quot;resizeDuration&quot;:700,&quot;showImageNumberLabel&quot;:true,&quot;disableCaption&quot;:&quot;&quot;,&quot;wrapAround&quot;:true,&quot;albumLabel&quot;:&quot; %1 of %2&quot;}\" data-title=\"co-cr\u00e9ation-4-mobil-home-Louisiane\" \t\t>\n\t\t\t<img loading=\"lazy\" \n\tsrc=\"https:\/\/www.sunshinehabitat.com\/wp-content\/uploads\/2022\/05\/co-creation-4-mobil-home-Louisiane-1.png\" width=\"543\" height=\"331\" srcset=\"https:\/\/www.sunshinehabitat.com\/wp-content\/uploads\/2022\/05\/co-creation-4-mobil-home-Louisiane-1.png 543w, https:\/\/www.sunshinehabitat.com\/wp-content\/uploads\/2022\/05\/co-creation-4-mobil-home-Louisiane-1-300x183.png 300w\" sizes=\"(max-width: 543px) 100vw, 543px\" title=\"co-cr\u00e9ation-4-mobil-home-Louisiane\" alt=\"int\u00e9gration paysag\u00e8re mobil-homes louisiane\" \t\tclass=\"so-widget-image\"\/>\n\t\t\t<\/a><\/div>\n\n<\/div><\/div><\/div><\/div><\/div><div id=\"pg-4082-3\"  class=\"panel-grid panel-has-style no-padding-top-nc-wrap\" ><div class=\"no-padding-top panel-row-style panel-row-style-for-4082-3\" ><div id=\"pgc-4082-3-0\"  class=\"panel-grid-cell\" ><div id=\"panel-4082-3-0-0\" class=\"so-panel widget widget_sow-editor panel-first-child panel-last-child\" data-index=\"7\" ><div\n\t\t\t\n\t\t\tclass=\"so-widget-sow-editor so-widget-sow-editor-base\"\n\t\t\t\n\t\t>\n<div class=\"siteorigin-widget-tinymce textwidget\">\n\t<p style=\"text-align: center;\"><a class=\"btn\" href=\"https:\/\/www.sunshine-habitat.com\/mobil-homes-louisiane\/offre-professionnelle\/services\/\">revenir aux Services Louisiane<\/a><\/p>\n<\/div>\n<\/div><\/div><\/div><\/div><\/div><\/div>","protected":false},"excerpt":{"rendered":"<p>Mobil-homes Louisiane, partenaire de vos projets La co-cr\u00e9ation pour un habitat unique Capitalisez sur le savoir-faire de Louisiane pour concr\u00e9tiser vos id\u00e9es. De l\u2019habillage \u00e0 la r\u00e9alisation de mod\u00e8les<\/p>\n","protected":false},"author":2,"featured_media":0,"parent":3066,"menu_order":384,"comment_status":"closed","ping_status":"closed","template":"","meta":{"inline_featured_image":false,"footnotes":""},"class_list":["post-4082","page","type-page","status-publish","hentry"],"yoast_head":"<!-- This site is optimized with the Yoast SEO plugin v27.3 - https:\/\/yoast.com\/product\/yoast-seo-wordpress\/ -->\n<title>Co-cr\u00e9ation - Sunshine Habitat<\/title>\n<meta name=\"robots\" content=\"index, follow, max-snippet:-1, max-image-preview:large, max-video-preview:-1\" \/>\n<link rel=\"canonical\" href=\"https:\/\/www.sunshine-habitat.com\/fr\/mobil-homes-louisiane\/offre-professionnelle\/services\/louisiane-partenaire-de-vos-projets\/\" \/>\n<meta property=\"og:locale\" content=\"fr_FR\" \/>\n<meta property=\"og:type\" content=\"article\" \/>\n<meta property=\"og:title\" content=\"Co-cr\u00e9ation - Sunshine Habitat\" \/>\n<meta property=\"og:description\" content=\"Mobil-homes Louisiane, partenaire de vos projets La co-cr\u00e9ation pour un habitat unique Capitalisez sur le savoir-faire de Louisiane pour concr\u00e9tiser vos id\u00e9es. De l\u2019habillage \u00e0 la r\u00e9alisation de mod\u00e8les\" \/>\n<meta property=\"og:url\" content=\"https:\/\/www.sunshine-habitat.com\/fr\/mobil-homes-louisiane\/offre-professionnelle\/services\/louisiane-partenaire-de-vos-projets\/\" \/>\n<meta property=\"og:site_name\" content=\"Sunshine Habitat\" \/>\n<meta property=\"article:modified_time\" content=\"2022-09-07T16:11:45+00:00\" \/>\n<meta name=\"twitter:card\" content=\"summary_large_image\" \/>\n<script type=\"application\/ld+json\" class=\"yoast-schema-graph\">{\"@context\":\"https:\\\/\\\/schema.org\",\"@graph\":[{\"@type\":\"WebPage\",\"@id\":\"https:\\\/\\\/www.sunshine-habitat.com\\\/fr\\\/mobil-homes-louisiane\\\/offre-professionnelle\\\/services\\\/louisiane-partenaire-de-vos-projets\\\/\",\"url\":\"https:\\\/\\\/www.sunshine-habitat.com\\\/fr\\\/mobil-homes-louisiane\\\/offre-professionnelle\\\/services\\\/louisiane-partenaire-de-vos-projets\\\/\",\"name\":\"Co-cr\u00e9ation - Sunshine Habitat\",\"isPartOf\":{\"@id\":\"https:\\\/\\\/www.sunshine-habitat.com\\\/fr\\\/#website\"},\"datePublished\":\"2022-02-10T14:47:12+00:00\",\"dateModified\":\"2022-09-07T16:11:45+00:00\",\"breadcrumb\":{\"@id\":\"https:\\\/\\\/www.sunshine-habitat.com\\\/fr\\\/mobil-homes-louisiane\\\/offre-professionnelle\\\/services\\\/louisiane-partenaire-de-vos-projets\\\/#breadcrumb\"},\"inLanguage\":\"fr-FR\",\"potentialAction\":[{\"@type\":\"ReadAction\",\"target\":[\"https:\\\/\\\/www.sunshine-habitat.com\\\/fr\\\/mobil-homes-louisiane\\\/offre-professionnelle\\\/services\\\/louisiane-partenaire-de-vos-projets\\\/\"]}]},{\"@type\":\"BreadcrumbList\",\"@id\":\"https:\\\/\\\/www.sunshine-habitat.com\\\/fr\\\/mobil-homes-louisiane\\\/offre-professionnelle\\\/services\\\/louisiane-partenaire-de-vos-projets\\\/#breadcrumb\",\"itemListElement\":[{\"@type\":\"ListItem\",\"position\":1,\"name\":\"Accueil\",\"item\":\"https:\\\/\\\/www.sunshine-habitat.com\\\/fr\\\/\"},{\"@type\":\"ListItem\",\"position\":2,\"name\":\"Mobil-Homes Louisiane\",\"item\":\"https:\\\/\\\/www.sunshine-habitat.com\\\/fr\\\/mobil-homes-louisiane\\\/\"},{\"@type\":\"ListItem\",\"position\":3,\"name\":\"Offre locative\",\"item\":\"https:\\\/\\\/www.sunshine-habitat.com\\\/fr\\\/mobil-homes-louisiane\\\/offre-professionnelle\\\/\"},{\"@type\":\"ListItem\",\"position\":4,\"name\":\"Services Mobil-homes Louisiane\",\"item\":\"https:\\\/\\\/www.sunshine-habitat.com\\\/fr\\\/mobil-homes-louisiane\\\/offre-professionnelle\\\/services\\\/\"},{\"@type\":\"ListItem\",\"position\":5,\"name\":\"Co-cr\u00e9ation\"}]},{\"@type\":\"WebSite\",\"@id\":\"https:\\\/\\\/www.sunshine-habitat.com\\\/fr\\\/#website\",\"url\":\"https:\\\/\\\/www.sunshine-habitat.com\\\/fr\\\/\",\"name\":\"Sunshine Habitat\",\"description\":\"\",\"publisher\":{\"@id\":\"https:\\\/\\\/www.sunshine-habitat.com\\\/fr\\\/#organization\"},\"potentialAction\":[{\"@type\":\"SearchAction\",\"target\":{\"@type\":\"EntryPoint\",\"urlTemplate\":\"https:\\\/\\\/www.sunshine-habitat.com\\\/fr\\\/?s={search_term_string}\"},\"query-input\":{\"@type\":\"PropertyValueSpecification\",\"valueRequired\":true,\"valueName\":\"search_term_string\"}}],\"inLanguage\":\"fr-FR\"},{\"@type\":\"Organization\",\"@id\":\"https:\\\/\\\/www.sunshine-habitat.com\\\/fr\\\/#organization\",\"name\":\"Sunshine Habitat\",\"url\":\"https:\\\/\\\/www.sunshine-habitat.com\\\/fr\\\/\",\"logo\":{\"@type\":\"ImageObject\",\"inLanguage\":\"fr-FR\",\"@id\":\"https:\\\/\\\/www.sunshine-habitat.com\\\/fr\\\/#\\\/schema\\\/logo\\\/image\\\/\",\"url\":\"https:\\\/\\\/www.sunshine-habitat.com\\\/wp-content\\\/uploads\\\/2021\\\/05\\\/logo.png\",\"contentUrl\":\"https:\\\/\\\/www.sunshine-habitat.com\\\/wp-content\\\/uploads\\\/2021\\\/05\\\/logo.png\",\"width\":192,\"height\":250,\"caption\":\"Sunshine Habitat\"},\"image\":{\"@id\":\"https:\\\/\\\/www.sunshine-habitat.com\\\/fr\\\/#\\\/schema\\\/logo\\\/image\\\/\"}}]}<\/script>\n<!-- \/ Yoast SEO plugin. -->","yoast_head_json":{"title":"Co-cr\u00e9ation - Sunshine Habitat","robots":{"index":"index","follow":"follow","max-snippet":"max-snippet:-1","max-image-preview":"max-image-preview:large","max-video-preview":"max-video-preview:-1"},"canonical":"https:\/\/www.sunshine-habitat.com\/fr\/mobil-homes-louisiane\/offre-professionnelle\/services\/louisiane-partenaire-de-vos-projets\/","og_locale":"fr_FR","og_type":"article","og_title":"Co-cr\u00e9ation - Sunshine Habitat","og_description":"Mobil-homes Louisiane, partenaire de vos projets La co-cr\u00e9ation pour un habitat unique Capitalisez sur le savoir-faire de Louisiane pour concr\u00e9tiser vos id\u00e9es. De l\u2019habillage \u00e0 la r\u00e9alisation de mod\u00e8les","og_url":"https:\/\/www.sunshine-habitat.com\/fr\/mobil-homes-louisiane\/offre-professionnelle\/services\/louisiane-partenaire-de-vos-projets\/","og_site_name":"Sunshine Habitat","article_modified_time":"2022-09-07T16:11:45+00:00","twitter_card":"summary_large_image","schema":{"@context":"https:\/\/schema.org","@graph":[{"@type":"WebPage","@id":"https:\/\/www.sunshine-habitat.com\/fr\/mobil-homes-louisiane\/offre-professionnelle\/services\/louisiane-partenaire-de-vos-projets\/","url":"https:\/\/www.sunshine-habitat.com\/fr\/mobil-homes-louisiane\/offre-professionnelle\/services\/louisiane-partenaire-de-vos-projets\/","name":"Co-cr\u00e9ation - Sunshine Habitat","isPartOf":{"@id":"https:\/\/www.sunshine-habitat.com\/fr\/#website"},"datePublished":"2022-02-10T14:47:12+00:00","dateModified":"2022-09-07T16:11:45+00:00","breadcrumb":{"@id":"https:\/\/www.sunshine-habitat.com\/fr\/mobil-homes-louisiane\/offre-professionnelle\/services\/louisiane-partenaire-de-vos-projets\/#breadcrumb"},"inLanguage":"fr-FR","potentialAction":[{"@type":"ReadAction","target":["https:\/\/www.sunshine-habitat.com\/fr\/mobil-homes-louisiane\/offre-professionnelle\/services\/louisiane-partenaire-de-vos-projets\/"]}]},{"@type":"BreadcrumbList","@id":"https:\/\/www.sunshine-habitat.com\/fr\/mobil-homes-louisiane\/offre-professionnelle\/services\/louisiane-partenaire-de-vos-projets\/#breadcrumb","itemListElement":[{"@type":"ListItem","position":1,"name":"Accueil","item":"https:\/\/www.sunshine-habitat.com\/fr\/"},{"@type":"ListItem","position":2,"name":"Mobil-Homes Louisiane","item":"https:\/\/www.sunshine-habitat.com\/fr\/mobil-homes-louisiane\/"},{"@type":"ListItem","position":3,"name":"Offre locative","item":"https:\/\/www.sunshine-habitat.com\/fr\/mobil-homes-louisiane\/offre-professionnelle\/"},{"@type":"ListItem","position":4,"name":"Services Mobil-homes Louisiane","item":"https:\/\/www.sunshine-habitat.com\/fr\/mobil-homes-louisiane\/offre-professionnelle\/services\/"},{"@type":"ListItem","position":5,"name":"Co-cr\u00e9ation"}]},{"@type":"WebSite","@id":"https:\/\/www.sunshine-habitat.com\/fr\/#website","url":"https:\/\/www.sunshine-habitat.com\/fr\/","name":"Sunshine Habitat","description":"","publisher":{"@id":"https:\/\/www.sunshine-habitat.com\/fr\/#organization"},"potentialAction":[{"@type":"SearchAction","target":{"@type":"EntryPoint","urlTemplate":"https:\/\/www.sunshine-habitat.com\/fr\/?s={search_term_string}"},"query-input":{"@type":"PropertyValueSpecification","valueRequired":true,"valueName":"search_term_string"}}],"inLanguage":"fr-FR"},{"@type":"Organization","@id":"https:\/\/www.sunshine-habitat.com\/fr\/#organization","name":"Sunshine Habitat","url":"https:\/\/www.sunshine-habitat.com\/fr\/","logo":{"@type":"ImageObject","inLanguage":"fr-FR","@id":"https:\/\/www.sunshine-habitat.com\/fr\/#\/schema\/logo\/image\/","url":"https:\/\/www.sunshine-habitat.com\/wp-content\/uploads\/2021\/05\/logo.png","contentUrl":"https:\/\/www.sunshine-habitat.com\/wp-content\/uploads\/2021\/05\/logo.png","width":192,"height":250,"caption":"Sunshine Habitat"},"image":{"@id":"https:\/\/www.sunshine-habitat.com\/fr\/#\/schema\/logo\/image\/"}}]}},"_links":{"self":[{"href":"https:\/\/www.sunshinehabitat.com\/fr\/wp-json\/wp\/v2\/pages\/4082","targetHints":{"allow":["GET"]}}],"collection":[{"href":"https:\/\/www.sunshinehabitat.com\/fr\/wp-json\/wp\/v2\/pages"}],"about":[{"href":"https:\/\/www.sunshinehabitat.com\/fr\/wp-json\/wp\/v2\/types\/page"}],"author":[{"embeddable":true,"href":"https:\/\/www.sunshinehabitat.com\/fr\/wp-json\/wp\/v2\/users\/2"}],"replies":[{"embeddable":true,"href":"https:\/\/www.sunshinehabitat.com\/fr\/wp-json\/wp\/v2\/comments?post=4082"}],"version-history":[{"count":6,"href":"https:\/\/www.sunshinehabitat.com\/fr\/wp-json\/wp\/v2\/pages\/4082\/revisions"}],"predecessor-version":[{"id":12523,"href":"https:\/\/www.sunshinehabitat.com\/fr\/wp-json\/wp\/v2\/pages\/4082\/revisions\/12523"}],"up":[{"embeddable":true,"href":"https:\/\/www.sunshinehabitat.com\/fr\/wp-json\/wp\/v2\/pages\/3066"}],"wp:attachment":[{"href":"https:\/\/www.sunshinehabitat.com\/fr\/wp-json\/wp\/v2\/media?parent=4082"}],"curies":[{"name":"wp","href":"https:\/\/api.w.org\/{rel}","templated":true}]}}