{"id":4169,"date":"2022-02-10T18:51:11","date_gmt":"2022-02-10T17:51:11","guid":{"rendered":"https:\/\/www.sunshine-habitat.com\/?page_id=4169"},"modified":"2024-05-21T14:48:44","modified_gmt":"2024-05-21T12:48:44","slug":"offre-residentielle-2","status":"publish","type":"page","link":"https:\/\/www.sunshinehabitat.com\/fr\/mobil-homes-louisiane\/offre-residentielle-2\/","title":{"rendered":"Offre r\u00e9sidentielle"},"content":{"rendered":"<div id=\"pl-4169\"  class=\"panel-layout\" ><div id=\"pg-4169-0\"  class=\"panel-grid panel-has-style no-padding-bottom-nc-wrap\" ><div class=\"no-padding-bottom panel-row-style panel-row-style-for-4169-0\" ><div id=\"pgc-4169-0-0\"  class=\"panel-grid-cell\" ><div id=\"panel-4169-0-0-0\" class=\"so-panel widget widget_sow-editor panel-first-child panel-last-child\" data-index=\"0\" ><div\n\t\t\t\n\t\t\tclass=\"so-widget-sow-editor so-widget-sow-editor-base\"\n\t\t\t\n\t\t>\n<div class=\"siteorigin-widget-tinymce textwidget\">\n\t<h2 style=\"text-align: center;\">Des mobil-homes pens\u00e9s pour vous<\/h2>\n<p style=\"text-align: center;\">Vous d\u00e9sirez une r\u00e9sidence secondaire confortable et pratique\u00a0?<br \/>\nD\u00e9couvrez <strong>les 3 gammes r\u00e9sidentielles de Louisiane<\/strong> qui r\u00e9pondront \u00e0 toutes vos envies.<\/p>\n<p style=\"text-align: center;\"><strong>Design et confortables<\/strong>, les mobil-homes Louisiane sont tendances, spacieux et r\u00e9sistants au temps et aux conditions climatiques. Une seconde maison cosy et tr\u00e8s pratique, id\u00e9ale pour \u00eatre le lieu de vos retrouvailles familiales ou le nouveau pied-\u00e0-terre o\u00f9 s\u00e9journer pendant vos vacances.<\/p>\n<p style=\"text-align: center;\">Un large choix de mobil-homes s\u2019offre \u00e0 vous parmi 3 gammes sp\u00e9cifiques pour le r\u00e9sidentiel : <strong><a href=\"https:\/\/www.sunshine-habitat.com\/mobil-homes-louisiane\/offre-residentielle-2\/gamme-vacances-privilege\/\">Vacances Privil\u00e8ge<\/a>, <a href=\"https:\/\/www.sunshine-habitat.com\/mobil-homes-louisiane\/offre-residentielle-2\/gamme-taos\/\">TAOS<\/a> et <a href=\"https:\/\/www.sunshine-habitat.com\/mobil-homes-louisiane\/offre-residentielle-2\/gamme-bol-air\/\">Bol d\u2019Air<\/a>.<\/strong><\/p>\n<\/div>\n<\/div><\/div><\/div><\/div><\/div><div id=\"pg-4169-1\"  class=\"panel-grid panel-no-style\" ><div id=\"pgc-4169-1-0\"  class=\"panel-grid-cell\" ><!-- not cached-nc_news_lite-widget --><div id=\"panel-4169-1-0-0\" class=\"so-panel widget widget_netconcept_news_lite net-concept-news-lite panel-first-child panel-last-child\" data-index=\"1\" ><div class=\"list_items list-pages-gammes \"><div class=\"nc-item nc-page-gamme\"> <div class=\"nc-item-inner\">   <div class=\"nc-item-content\">    <div class=\"nc-item-visuel\">     <a href=\"https:\/\/www.sunshinehabitat.com\/fr\/mobil-homes-louisiane\/offre-residentielle-2\/gamme-taos\/\" class=\"\"><img fetchpriority=\"high\" decoding=\"async\" width=\"801\" height=\"561\" src=\"https:\/\/www.sunshinehabitat.com\/wp-content\/uploads\/2024\/12\/LOUISIANE-TAOS-F4-12-1-1-801x561.jpeg\" class=\"attachment-visuel_gamme_848x561 size-visuel_gamme_848x561\" alt=\"\" srcset=\"https:\/\/www.sunshinehabitat.com\/wp-content\/uploads\/2024\/12\/LOUISIANE-TAOS-F4-12-1-1-801x561.jpeg 801w, https:\/\/www.sunshinehabitat.com\/wp-content\/uploads\/2024\/12\/LOUISIANE-TAOS-F4-12-1-1-300x210.jpeg 300w, https:\/\/www.sunshinehabitat.com\/wp-content\/uploads\/2024\/12\/LOUISIANE-TAOS-F4-12-1-1-1024x718.jpeg 1024w\" sizes=\"(max-width: 801px) 100vw, 801px\" \/>     <\/a>    <\/div>    <div class=\"nc-item-title-wrapper\">     <a href=\"https:\/\/www.sunshinehabitat.com\/fr\/mobil-homes-louisiane\/offre-residentielle-2\/gamme-taos\/\" class=\"nc-item-link\">      <div class=\"nc-item-title-gamme\">Gamme <br \/>\r\nTaos<\/div>      <div class=\"nc-item-title-more\"><span>Voir tous<br \/>les mod\u00e8les<\/span><\/div>     <\/a>    <\/div>    <div class=\"nc-item-text-wrapper\">     <div class=\"nc-item-presentation-gamme\"><h2>La nouvelle vision de la r\u00e9sidence mobile<\/h2><p class=\"alternative\">Taos r\u00e9pond \u00e0 une vision plus architecturale de la r\u00e9sidence mobile. Les mat\u00e9riaux, utilis\u00e9s \u00e0 l\u2019ext\u00e9rieur comme \u00e0 l\u2019int\u00e9rieur, affichent une grande sobri\u00e9t\u00e9, tout en \u00e9tant contemporains et sophistiqu\u00e9s. Entrez dans une autre dimension\u2026 Lumineuse, \u00e9l\u00e9gante et singuli\u00e8re, cette collection fait \u00e9galement la part belle aux effets de mati\u00e8res, aux lignes pr\u00e9cises car Taos reste, pour des vacances Premium, le lieu d\u2019expression privil\u00e9gi\u00e9 des \u00e9motions et des sensations.<\/p><\/div>    <\/div>   <\/div> <\/div><\/div><div class=\"nc-item nc-page-gamme\"> <div class=\"nc-item-inner\">   <div class=\"nc-item-content\">    <div class=\"nc-item-visuel\">     <a href=\"https:\/\/www.youtube.com\/watch?v=MjFe01b48aE\" class=\"\"><img decoding=\"async\" width=\"841\" height=\"561\" src=\"https:\/\/www.sunshinehabitat.com\/wp-content\/uploads\/2025\/07\/IROISE-EXT-841x561.jpg\" class=\"attachment-visuel_gamme_848x561 size-visuel_gamme_848x561\" alt=\"\" srcset=\"https:\/\/www.sunshinehabitat.com\/wp-content\/uploads\/2025\/07\/IROISE-EXT-841x561.jpg 841w, https:\/\/www.sunshinehabitat.com\/wp-content\/uploads\/2025\/07\/IROISE-EXT-300x200.jpg 300w, https:\/\/www.sunshinehabitat.com\/wp-content\/uploads\/2025\/07\/IROISE-EXT-1024x683.jpg 1024w, https:\/\/www.sunshinehabitat.com\/wp-content\/uploads\/2025\/07\/IROISE-EXT-550x367.jpg 550w, https:\/\/www.sunshinehabitat.com\/wp-content\/uploads\/2025\/07\/IROISE-EXT-316x211.jpg 316w\" sizes=\"(max-width: 841px) 100vw, 841px\" \/>     <\/a>    <\/div>    <div class=\"nc-item-title-wrapper\">     <a href=\"https:\/\/www.sunshinehabitat.com\/fr\/mobil-homes-louisiane\/offre-residentielle-2\/gamme-vacances-privilege\/\" class=\"nc-item-link\">      <div class=\"nc-item-title-gamme\">Gamme <br \/>\r\nVacances Privil\u00e8ge<\/div>      <div class=\"nc-item-title-more\"><span>Voir tous<br \/>les mod\u00e8les<\/span><\/div>     <\/a>    <\/div>    <div class=\"nc-item-text-wrapper\">     <div class=\"nc-item-presentation-gamme\"><h2>La g\u00e9n\u00e9rosit\u00e9 se met en sc\u00e8ne<\/h2><p class=\"alternative\">Entrez dans un univers o\u00f9 le sens du d\u00e9tail, la qualit\u00e9 des mat\u00e9riaux et les \u00e9quipements s\u2019associent pour cr\u00e9er un environnement chaleureux. Les mod\u00e8les de la gamme Vacances Privil\u00e8ge allient design et ergonomie, pour un am\u00e9nagement int\u00e9rieur cosy, sobre et intemporel \u2026 Se sentir bien, chez soi, tout simplement.<\/p><\/div>    <\/div>   <\/div> <\/div><\/div><div class=\"nc-item nc-page-gamme\"> <div class=\"nc-item-inner\">   <div class=\"nc-item-content\">    <div class=\"nc-item-visuel\">     <a href=\"https:\/\/www.youtube.com\/watch?v=qDp7OnqjgDc\" class=\"\"><img decoding=\"async\" width=\"841\" height=\"561\" src=\"https:\/\/www.sunshinehabitat.com\/wp-content\/uploads\/2022\/08\/920-LOUISIANE-EXT-841x561.jpeg\" class=\"attachment-visuel_gamme_848x561 size-visuel_gamme_848x561\" alt=\"ext\u00e9rieur-bol-dair-r\u00e9sidentiel-levant\" srcset=\"https:\/\/www.sunshinehabitat.com\/wp-content\/uploads\/2022\/08\/920-LOUISIANE-EXT-841x561.jpeg 841w, https:\/\/www.sunshinehabitat.com\/wp-content\/uploads\/2022\/08\/920-LOUISIANE-EXT-550x367.jpeg 550w, https:\/\/www.sunshinehabitat.com\/wp-content\/uploads\/2022\/08\/920-LOUISIANE-EXT-300x200.jpeg 300w, https:\/\/www.sunshinehabitat.com\/wp-content\/uploads\/2022\/08\/920-LOUISIANE-EXT-1024x683.jpeg 1024w\" sizes=\"(max-width: 841px) 100vw, 841px\" \/>     <\/a>    <\/div>    <div class=\"nc-item-title-wrapper\">     <a href=\"https:\/\/www.sunshinehabitat.com\/fr\/mobil-homes-louisiane\/offre-residentielle-2\/gamme-bol-air\/\" class=\"nc-item-link\">      <div class=\"nc-item-title-gamme\">Gamme <br \/>\r\nBol d'Air<\/div>      <div class=\"nc-item-title-more\"><span>Voir tous<br \/>les mod\u00e8les<\/span><\/div>     <\/a>    <\/div>    <div class=\"nc-item-text-wrapper\">     <div class=\"nc-item-presentation-gamme\"><h2>Le parfait \u00e9quilibre entre Premium, Design &amp; Espace<\/h2><p class=\"alternative\">Nous vous proposons une balade au gr\u00e9 des vents avec cette nouvelle gamme qui ne manque pas d\u2019air. Au ton r\u00e9solument contemporain, l\u2019am\u00e9nagement int\u00e9rieur harmonieux surprend par ses agencements et sa d\u00e9coration raffin\u00e9e. La gamme Bol d\u2019Air a \u00e9t\u00e9 pens\u00e9e pour offrir des espaces de vie \u00e0 la fois spacieux, confortables, conviviaux et ouverts sur l\u2019ext\u00e9rieur. Les quatre mod\u00e8les proposent des \u00e9quipements haut de gamme pour se ressourcer dans un cadre id\u00e9al. L\u2019harmonie, le confort et le sens du d\u00e9tail en plus \u2026<\/p><\/div>    <\/div>   <\/div> <\/div><\/div><\/div><\/div><!-- \/not cached-nc_news_lite-widget --><\/div><\/div><div id=\"pg-4169-2\"  class=\"panel-grid panel-no-style\" ><div id=\"pgc-4169-2-0\"  class=\"panel-grid-cell\" ><div id=\"panel-4169-2-0-0\" class=\"so-panel widget widget_sow-editor panel-first-child\" data-index=\"2\" ><div\n\t\t\t\n\t\t\tclass=\"so-widget-sow-editor so-widget-sow-editor-base\"\n\t\t\t\n\t\t>\n<div class=\"siteorigin-widget-tinymce textwidget\">\n\t<h2 class=\"alternative\" style=\"text-align: center;\">Vous \u00eates professionnel ?<br \/>\nD\u00e9couvrez nos gammes locatives,<br \/>\nid\u00e9ales pour vos vacanciers.<\/h2>\n<\/div>\n<\/div><\/div><div id=\"panel-4169-2-0-1\" class=\"so-panel widget widget_sow-editor panel-last-child\" data-index=\"3\" ><div\n\t\t\t\n\t\t\tclass=\"so-widget-sow-editor so-widget-sow-editor-base\"\n\t\t\t\n\t\t>\n<div class=\"siteorigin-widget-tinymce textwidget\">\n\t<p style=\"text-align: center;\"><a class=\"btn\" href=\"https:\/\/www.sunshine-habitat.com\/mobil-homes-louisiane\/offre-professionnelle\/\">Voir l'offre PROFESSIONNElle<\/a><\/p>\n<\/div>\n<\/div><\/div><\/div><\/div><\/div>","protected":false},"excerpt":{"rendered":"<p>Des mobil-homes pens\u00e9s pour vous Vous d\u00e9sirez une r\u00e9sidence secondaire confortable et pratique\u00a0? D\u00e9couvrez les 3 gammes r\u00e9sidentielles de Louisiane qui r\u00e9pondront \u00e0 toutes vos envies. Design et confortables,<\/p>\n","protected":false},"author":2,"featured_media":0,"parent":2629,"menu_order":273,"comment_status":"closed","ping_status":"closed","template":"","meta":{"inline_featured_image":false,"footnotes":""},"class_list":["post-4169","page","type-page","status-publish","hentry"],"yoast_head":"<!-- This site is optimized with the Yoast SEO plugin v27.3 - https:\/\/yoast.com\/product\/yoast-seo-wordpress\/ -->\n<title>Offre r\u00e9sidentielle - Sunshine Habitat<\/title>\n<meta name=\"robots\" content=\"index, follow, max-snippet:-1, max-image-preview:large, max-video-preview:-1\" \/>\n<link rel=\"canonical\" href=\"https:\/\/www.sunshine-habitat.com\/fr\/mobil-homes-louisiane\/offre-residentielle-2\/\" \/>\n<meta property=\"og:locale\" content=\"fr_FR\" \/>\n<meta property=\"og:type\" content=\"article\" \/>\n<meta property=\"og:title\" content=\"Offre r\u00e9sidentielle - Sunshine Habitat\" \/>\n<meta property=\"og:description\" content=\"Des mobil-homes pens\u00e9s pour vous Vous d\u00e9sirez une r\u00e9sidence secondaire confortable et pratique\u00a0? D\u00e9couvrez les 3 gammes r\u00e9sidentielles de Louisiane qui r\u00e9pondront \u00e0 toutes vos envies. Design et confortables,\" \/>\n<meta property=\"og:url\" content=\"https:\/\/www.sunshine-habitat.com\/fr\/mobil-homes-louisiane\/offre-residentielle-2\/\" \/>\n<meta property=\"og:site_name\" content=\"Sunshine Habitat\" \/>\n<meta property=\"article:modified_time\" content=\"2024-05-21T12:48:44+00:00\" \/>\n<meta name=\"twitter:card\" content=\"summary_large_image\" \/>\n<script type=\"application\/ld+json\" class=\"yoast-schema-graph\">{\"@context\":\"https:\\\/\\\/schema.org\",\"@graph\":[{\"@type\":\"WebPage\",\"@id\":\"https:\\\/\\\/www.sunshine-habitat.com\\\/fr\\\/mobil-homes-louisiane\\\/offre-residentielle-2\\\/\",\"url\":\"https:\\\/\\\/www.sunshine-habitat.com\\\/fr\\\/mobil-homes-louisiane\\\/offre-residentielle-2\\\/\",\"name\":\"Offre r\u00e9sidentielle - Sunshine Habitat\",\"isPartOf\":{\"@id\":\"https:\\\/\\\/www.sunshine-habitat.com\\\/fr\\\/#website\"},\"datePublished\":\"2022-02-10T17:51:11+00:00\",\"dateModified\":\"2024-05-21T12:48:44+00:00\",\"breadcrumb\":{\"@id\":\"https:\\\/\\\/www.sunshine-habitat.com\\\/fr\\\/mobil-homes-louisiane\\\/offre-residentielle-2\\\/#breadcrumb\"},\"inLanguage\":\"fr-FR\",\"potentialAction\":[{\"@type\":\"ReadAction\",\"target\":[\"https:\\\/\\\/www.sunshine-habitat.com\\\/fr\\\/mobil-homes-louisiane\\\/offre-residentielle-2\\\/\"]}]},{\"@type\":\"BreadcrumbList\",\"@id\":\"https:\\\/\\\/www.sunshine-habitat.com\\\/fr\\\/mobil-homes-louisiane\\\/offre-residentielle-2\\\/#breadcrumb\",\"itemListElement\":[{\"@type\":\"ListItem\",\"position\":1,\"name\":\"Accueil\",\"item\":\"https:\\\/\\\/www.sunshine-habitat.com\\\/fr\\\/\"},{\"@type\":\"ListItem\",\"position\":2,\"name\":\"Mobil-Homes Louisiane\",\"item\":\"https:\\\/\\\/www.sunshine-habitat.com\\\/fr\\\/mobil-homes-louisiane\\\/\"},{\"@type\":\"ListItem\",\"position\":3,\"name\":\"Offre r\u00e9sidentielle\"}]},{\"@type\":\"WebSite\",\"@id\":\"https:\\\/\\\/www.sunshine-habitat.com\\\/fr\\\/#website\",\"url\":\"https:\\\/\\\/www.sunshine-habitat.com\\\/fr\\\/\",\"name\":\"Sunshine Habitat\",\"description\":\"\",\"publisher\":{\"@id\":\"https:\\\/\\\/www.sunshine-habitat.com\\\/fr\\\/#organization\"},\"potentialAction\":[{\"@type\":\"SearchAction\",\"target\":{\"@type\":\"EntryPoint\",\"urlTemplate\":\"https:\\\/\\\/www.sunshine-habitat.com\\\/fr\\\/?s={search_term_string}\"},\"query-input\":{\"@type\":\"PropertyValueSpecification\",\"valueRequired\":true,\"valueName\":\"search_term_string\"}}],\"inLanguage\":\"fr-FR\"},{\"@type\":\"Organization\",\"@id\":\"https:\\\/\\\/www.sunshine-habitat.com\\\/fr\\\/#organization\",\"name\":\"Sunshine Habitat\",\"url\":\"https:\\\/\\\/www.sunshine-habitat.com\\\/fr\\\/\",\"logo\":{\"@type\":\"ImageObject\",\"inLanguage\":\"fr-FR\",\"@id\":\"https:\\\/\\\/www.sunshine-habitat.com\\\/fr\\\/#\\\/schema\\\/logo\\\/image\\\/\",\"url\":\"https:\\\/\\\/www.sunshine-habitat.com\\\/wp-content\\\/uploads\\\/2021\\\/05\\\/logo.png\",\"contentUrl\":\"https:\\\/\\\/www.sunshine-habitat.com\\\/wp-content\\\/uploads\\\/2021\\\/05\\\/logo.png\",\"width\":192,\"height\":250,\"caption\":\"Sunshine Habitat\"},\"image\":{\"@id\":\"https:\\\/\\\/www.sunshine-habitat.com\\\/fr\\\/#\\\/schema\\\/logo\\\/image\\\/\"}}]}<\/script>\n<!-- \/ Yoast SEO plugin. -->","yoast_head_json":{"title":"Offre r\u00e9sidentielle - Sunshine Habitat","robots":{"index":"index","follow":"follow","max-snippet":"max-snippet:-1","max-image-preview":"max-image-preview:large","max-video-preview":"max-video-preview:-1"},"canonical":"https:\/\/www.sunshine-habitat.com\/fr\/mobil-homes-louisiane\/offre-residentielle-2\/","og_locale":"fr_FR","og_type":"article","og_title":"Offre r\u00e9sidentielle - Sunshine Habitat","og_description":"Des mobil-homes pens\u00e9s pour vous Vous d\u00e9sirez une r\u00e9sidence secondaire confortable et pratique\u00a0? D\u00e9couvrez les 3 gammes r\u00e9sidentielles de Louisiane qui r\u00e9pondront \u00e0 toutes vos envies. Design et confortables,","og_url":"https:\/\/www.sunshine-habitat.com\/fr\/mobil-homes-louisiane\/offre-residentielle-2\/","og_site_name":"Sunshine Habitat","article_modified_time":"2024-05-21T12:48:44+00:00","twitter_card":"summary_large_image","schema":{"@context":"https:\/\/schema.org","@graph":[{"@type":"WebPage","@id":"https:\/\/www.sunshine-habitat.com\/fr\/mobil-homes-louisiane\/offre-residentielle-2\/","url":"https:\/\/www.sunshine-habitat.com\/fr\/mobil-homes-louisiane\/offre-residentielle-2\/","name":"Offre r\u00e9sidentielle - Sunshine Habitat","isPartOf":{"@id":"https:\/\/www.sunshine-habitat.com\/fr\/#website"},"datePublished":"2022-02-10T17:51:11+00:00","dateModified":"2024-05-21T12:48:44+00:00","breadcrumb":{"@id":"https:\/\/www.sunshine-habitat.com\/fr\/mobil-homes-louisiane\/offre-residentielle-2\/#breadcrumb"},"inLanguage":"fr-FR","potentialAction":[{"@type":"ReadAction","target":["https:\/\/www.sunshine-habitat.com\/fr\/mobil-homes-louisiane\/offre-residentielle-2\/"]}]},{"@type":"BreadcrumbList","@id":"https:\/\/www.sunshine-habitat.com\/fr\/mobil-homes-louisiane\/offre-residentielle-2\/#breadcrumb","itemListElement":[{"@type":"ListItem","position":1,"name":"Accueil","item":"https:\/\/www.sunshine-habitat.com\/fr\/"},{"@type":"ListItem","position":2,"name":"Mobil-Homes Louisiane","item":"https:\/\/www.sunshine-habitat.com\/fr\/mobil-homes-louisiane\/"},{"@type":"ListItem","position":3,"name":"Offre r\u00e9sidentielle"}]},{"@type":"WebSite","@id":"https:\/\/www.sunshine-habitat.com\/fr\/#website","url":"https:\/\/www.sunshine-habitat.com\/fr\/","name":"Sunshine Habitat","description":"","publisher":{"@id":"https:\/\/www.sunshine-habitat.com\/fr\/#organization"},"potentialAction":[{"@type":"SearchAction","target":{"@type":"EntryPoint","urlTemplate":"https:\/\/www.sunshine-habitat.com\/fr\/?s={search_term_string}"},"query-input":{"@type":"PropertyValueSpecification","valueRequired":true,"valueName":"search_term_string"}}],"inLanguage":"fr-FR"},{"@type":"Organization","@id":"https:\/\/www.sunshine-habitat.com\/fr\/#organization","name":"Sunshine Habitat","url":"https:\/\/www.sunshine-habitat.com\/fr\/","logo":{"@type":"ImageObject","inLanguage":"fr-FR","@id":"https:\/\/www.sunshine-habitat.com\/fr\/#\/schema\/logo\/image\/","url":"https:\/\/www.sunshine-habitat.com\/wp-content\/uploads\/2021\/05\/logo.png","contentUrl":"https:\/\/www.sunshine-habitat.com\/wp-content\/uploads\/2021\/05\/logo.png","width":192,"height":250,"caption":"Sunshine Habitat"},"image":{"@id":"https:\/\/www.sunshine-habitat.com\/fr\/#\/schema\/logo\/image\/"}}]}},"_links":{"self":[{"href":"https:\/\/www.sunshinehabitat.com\/fr\/wp-json\/wp\/v2\/pages\/4169","targetHints":{"allow":["GET"]}}],"collection":[{"href":"https:\/\/www.sunshinehabitat.com\/fr\/wp-json\/wp\/v2\/pages"}],"about":[{"href":"https:\/\/www.sunshinehabitat.com\/fr\/wp-json\/wp\/v2\/types\/page"}],"author":[{"embeddable":true,"href":"https:\/\/www.sunshinehabitat.com\/fr\/wp-json\/wp\/v2\/users\/2"}],"replies":[{"embeddable":true,"href":"https:\/\/www.sunshinehabitat.com\/fr\/wp-json\/wp\/v2\/comments?post=4169"}],"version-history":[{"count":6,"href":"https:\/\/www.sunshinehabitat.com\/fr\/wp-json\/wp\/v2\/pages\/4169\/revisions"}],"predecessor-version":[{"id":20105,"href":"https:\/\/www.sunshinehabitat.com\/fr\/wp-json\/wp\/v2\/pages\/4169\/revisions\/20105"}],"up":[{"embeddable":true,"href":"https:\/\/www.sunshinehabitat.com\/fr\/wp-json\/wp\/v2\/pages\/2629"}],"wp:attachment":[{"href":"https:\/\/www.sunshinehabitat.com\/fr\/wp-json\/wp\/v2\/media?parent=4169"}],"curies":[{"name":"wp","href":"https:\/\/api.w.org\/{rel}","templated":true}]}}