{"id":4246,"date":"2022-02-14T18:16:19","date_gmt":"2022-02-14T17:16:19","guid":{"rendered":"https:\/\/www.sunshine-habitat.com\/?page_id=4246"},"modified":"2024-05-21T16:12:25","modified_gmt":"2024-05-21T14:12:25","slug":"services-ciat","status":"publish","type":"page","link":"https:\/\/www.sunshinehabitat.com\/fr\/lodges-ciat\/services-ciat\/","title":{"rendered":"Services Lodges CIAT"},"content":{"rendered":"<div id=\"pl-4246\"  class=\"panel-layout\" ><div id=\"pg-4246-0\"  class=\"panel-grid panel-no-style\" ><div id=\"pgc-4246-0-0\"  class=\"panel-grid-cell\" ><div id=\"panel-4246-0-0-0\" class=\"so-panel widget widget_sow-editor panel-first-child\" data-index=\"0\" ><div\n\t\t\t\n\t\t\tclass=\"so-widget-sow-editor so-widget-sow-editor-base\"\n\t\t\t\n\t\t>\n<div class=\"siteorigin-widget-tinymce textwidget\">\n\t<h2 style=\"text-align: center;\">Des services pour vous accompagner<\/h2>\n<p style=\"text-align: center;\">Notre mission est de vous accompagner au quotidien dans la r\u00e9alisation de votre projet. Lodges CIAT vous propose divers services pour satisfaire toutes vos demandes et donner vie \u00e0 vos id\u00e9es.<\/p>\n<\/div>\n<\/div><\/div><div id=\"panel-4246-0-0-1\" class=\"so-panel widget widget_widget-nc-boxes-list panel-last-child\" data-index=\"1\" ><div\n\t\t\t\n\t\t\tclass=\"so-widget-widget-nc-boxes-list so-widget-widget-nc-boxes-list-base\"\n\t\t\t\n\t\t><div class=\"nc-widget-nc-boxes-list nc-widget-nc-boxes-list-tpl-theme-liste-pages-services\">\r\n\r\n\t\t<div class=\"nc-widget-nc-boxes-list-inner\">\r\n\t\t\t\t\t<div class=\"nc-widget-nc-box-wrapper \">\r\n\t\t\t\t<div class=\"nc-widget-nc-box\">\r\n\t\t\t\t\t<a href=\"https:\/\/www.sunshinehabitat.com\/fr\/lodges-ciat\/services-ciat\/des-photographies-pour-votre-communication\/\" class=\"nc-widget-nc-box-wrap\" title=\"\">\t\t\t\t\t\t<div class=\"nc-widget-nc-box-image\">\r\n\t\t\t\t\t\t\t<img fetchpriority=\"high\" decoding=\"async\" width=\"404\" height=\"278\" src=\"https:\/\/www.sunshinehabitat.com\/wp-content\/uploads\/2023\/02\/Phototheque-Sunshine-Habitat-V1-404x278.png\" class=\"attachment-vignette_actu_404x278 size-vignette_actu_404x278\" alt=\"service de phototh\u00e8que sunshine habitat\" \/>\t\t\t\t\t\t<\/div>\r\n\t\t\t\t\t\t\t\t\t\t<div class=\"nc-widget-nc-box-content\">\r\n\t\t\t\t\t\t\t\t\t\t\t\t\t<div class=\"nc-widget-nc-box-title\">\r\n\t\t\t\t\t\t\t\tPhototh\u00e8que\t\t\t\t\t\t\t<\/div>\r\n\t\t\t\t\t\t\t\t\t\t\t\t<div class=\"nc-widget-nc-box-text\">\r\n\t\t\t\t\t\t\t<p style=\"text-align: center\">Une phototh\u00e8que est mise \u00e0 votre disposition pour alimenter vos supports de communication.<\/p>\n\t\t\t\t\t\t<\/div>\r\n\t\t\t\t\t<\/div>\r\n\t\t\t\t\t<\/a>\t\t\t\t<\/div>\r\n\t\t\t<\/div>\r\n\t\t\t\t\t<div class=\"nc-widget-nc-box-wrapper \">\r\n\t\t\t\t<div class=\"nc-widget-nc-box\">\r\n\t\t\t\t\t<a href=\"https:\/\/www.sunshinehabitat.com\/fr\/lodges-ciat\/services-ciat\/le-service-apres-vente-est-a-votre-ecoute\/\" class=\"nc-widget-nc-box-wrap\" title=\"\">\t\t\t\t\t\t<div class=\"nc-widget-nc-box-image\">\r\n\t\t\t\t\t\t\t<img decoding=\"async\" width=\"404\" height=\"278\" src=\"https:\/\/www.sunshinehabitat.com\/wp-content\/uploads\/2022\/04\/sav-scaled-404x278.jpg\" class=\"attachment-vignette_actu_404x278 size-vignette_actu_404x278\" alt=\"service apr\u00e8s vente satisfaction relation client\" \/>\t\t\t\t\t\t<\/div>\r\n\t\t\t\t\t\t\t\t\t\t<div class=\"nc-widget-nc-box-content\">\r\n\t\t\t\t\t\t\t\t\t\t\t\t\t<div class=\"nc-widget-nc-box-title\">\r\n\t\t\t\t\t\t\t\tService apr\u00e8s-vente\t\t\t\t\t\t\t<\/div>\r\n\t\t\t\t\t\t\t\t\t\t\t\t<div class=\"nc-widget-nc-box-text\">\r\n\t\t\t\t\t\t\t<p style=\"text-align: center\">Toutes nos \u00e9quipes sont \u00e0 votre \u00e9coute pour r\u00e9pondre \u00e0 vos demandes.<\/p>\n\t\t\t\t\t\t<\/div>\r\n\t\t\t\t\t<\/div>\r\n\t\t\t\t\t<\/a>\t\t\t\t<\/div>\r\n\t\t\t<\/div>\r\n\t\t\t\t\t<div class=\"nc-widget-nc-box-wrapper \">\r\n\t\t\t\t<div class=\"nc-widget-nc-box\">\r\n\t\t\t\t\t<a href=\"https:\/\/www.sunshinehabitat.com\/fr\/lodges-ciat\/services-ciat\/renovation\/\" class=\"nc-widget-nc-box-wrap\" title=\"\">\t\t\t\t\t\t<div class=\"nc-widget-nc-box-image\">\r\n\t\t\t\t\t\t\t<img decoding=\"async\" width=\"404\" height=\"278\" src=\"https:\/\/www.sunshinehabitat.com\/wp-content\/uploads\/2023\/02\/service-relooking-404x278.png\" class=\"attachment-vignette_actu_404x278 size-vignette_actu_404x278\" alt=\"service relooking\/renovation\" \/>\t\t\t\t\t\t<\/div>\r\n\t\t\t\t\t\t\t\t\t\t<div class=\"nc-widget-nc-box-content\">\r\n\t\t\t\t\t\t\t\t\t\t\t\t\t<div class=\"nc-widget-nc-box-title\">\r\n\t\t\t\t\t\t\t\tR\u00e9novation\t\t\t\t\t\t\t<\/div>\r\n\t\t\t\t\t\t\t\t\t\t\t\t<div class=\"nc-widget-nc-box-text\">\r\n\t\t\t\t\t\t\t<p style=\"text-align: center\">R\u00e9novez les pi\u00e8ces en toiles ou bois int\u00e9rieurs et ext\u00e9rieurs de vos lodges.<\/p>\n\t\t\t\t\t\t<\/div>\r\n\t\t\t\t\t<\/div>\r\n\t\t\t\t\t<\/a>\t\t\t\t<\/div>\r\n\t\t\t<\/div>\r\n\t\t\t<\/div>\r\n<\/div><\/div><\/div><\/div><\/div><div id=\"pg-4246-1\"  class=\"panel-grid panel-has-style background-bleu-nc-wrap\" ><div class=\"background-bleu siteorigin-panels-stretch panel-row-style panel-row-style-for-4246-1\" data-stretch-type=\"full\" ><div id=\"pgc-4246-1-0\"  class=\"panel-grid-cell\" ><div id=\"panel-4246-1-0-0\" class=\"so-panel widget widget_sow-editor panel-first-child panel-last-child\" data-index=\"2\" ><div class=\"padding-right panel-widget-style panel-widget-style-for-4246-1-0-0\" ><div\n\t\t\t\n\t\t\tclass=\"so-widget-sow-editor so-widget-sow-editor-base\"\n\t\t\t\n\t\t>\n<div class=\"siteorigin-widget-tinymce textwidget\">\n\t<h2>D\u00e9marrons ensemble votre nouveau projet<\/h2>\n<p style=\"text-align: justify;\">D\u00e9marquez-vous et concevez sur-mesure l\u2019habitat de loisirs qui vous ressemble et vous distingue. Nos \u00e9quipes sont l\u00e0 pour vous accompagner de l\u2019id\u00e9e de cr\u00e9ation de votre habitat jusqu\u2019\u00e0 sa r\u00e9alisation, et m\u00eame apr\u00e8s la livraison de votre mobil-home, chalet ou lodge. Laissez libre cours \u00e0 votre imagination et cr\u00e9ez le parc harmonieux que vos clients vont adorer.<\/p>\n<p><a class=\"btn btn-gris\" href=\"https:\/\/www.sunshine-habitat.com\/lodges-ciat\/contactez-nous-a-propos-des-lodges-ciat\/\">Contacter un conseiller<\/a> <a class=\"btn btn-blanc\" href=\"https:\/\/www.sunshine-habitat.com\/etre-rappele\/\">Me faire rappeler<\/a><\/p>\n<\/div>\n<\/div><\/div><\/div><\/div><div id=\"pgc-4246-1-1\"  class=\"panel-grid-cell\" ><div id=\"panel-4246-1-1-0\" class=\"so-panel widget widget_nc-side-img panel-first-child panel-last-child\" data-index=\"3\" ><div\n\t\t\t\n\t\t\tclass=\"so-widget-nc-side-img so-widget-nc-side-img-base\"\n\t\t\t\n\t\t><div class=\"nc-widget-nc-side-img nc-widget-nc-side-img-tpl-default nc-widget-nc-side-img-\" data-sow-id=\"b0e1a57c-0ec7-4f46-b421-e500fb2356f8\">\r\n\t<img decoding=\"async\" class=\"nc-widget-nc-side-img-img\" src=\"https:\/\/www.sunshinehabitat.com\/wp-content\/uploads\/2022\/05\/5-1.jpg\" alt=\"\" \/>\r\n<\/div>\r\n<script>\r\n\tjQuery(document).ready(function($) {\r\n\t\tvar $nc_side_img = $('[data-sow-id=\"b0e1a57c-0ec7-4f46-b421-e500fb2356f8\"]');\r\n\t\tvar $panel = $nc_side_img.closest('[class*=\"siteorigin-panels\"]');\r\n\t\t$panel.addClass('row-full-img-right');\r\n\t});\r\n<\/script><\/div><\/div><\/div><\/div><\/div><\/div>","protected":false},"excerpt":{"rendered":"<p>Des services pour vous accompagner Notre mission est de vous accompagner au quotidien dans la r\u00e9alisation de votre projet. Lodges CIAT vous propose divers services pour satisfaire toutes vos<\/p>\n","protected":false},"author":2,"featured_media":0,"parent":2633,"menu_order":258,"comment_status":"closed","ping_status":"closed","template":"","meta":{"inline_featured_image":false,"footnotes":""},"class_list":["post-4246","page","type-page","status-publish","hentry"],"yoast_head":"<!-- This site is optimized with the Yoast SEO plugin v27.3 - https:\/\/yoast.com\/product\/yoast-seo-wordpress\/ -->\n<title>Services Lodges CIAT - Sunshine Habitat<\/title>\n<meta name=\"robots\" content=\"index, follow, max-snippet:-1, max-image-preview:large, max-video-preview:-1\" \/>\n<link rel=\"canonical\" href=\"https:\/\/www.sunshine-habitat.com\/fr\/lodges-ciat\/services-ciat\/\" \/>\n<meta property=\"og:locale\" content=\"fr_FR\" \/>\n<meta property=\"og:type\" content=\"article\" \/>\n<meta property=\"og:title\" content=\"Services Lodges CIAT - Sunshine Habitat\" \/>\n<meta property=\"og:description\" content=\"Des services pour vous accompagner Notre mission est de vous accompagner au quotidien dans la r\u00e9alisation de votre projet. Lodges CIAT vous propose divers services pour satisfaire toutes vos\" \/>\n<meta property=\"og:url\" content=\"https:\/\/www.sunshine-habitat.com\/fr\/lodges-ciat\/services-ciat\/\" \/>\n<meta property=\"og:site_name\" content=\"Sunshine Habitat\" \/>\n<meta property=\"article:modified_time\" content=\"2024-05-21T14:12:25+00:00\" \/>\n<meta name=\"twitter:card\" content=\"summary_large_image\" \/>\n<script type=\"application\/ld+json\" class=\"yoast-schema-graph\">{\"@context\":\"https:\\\/\\\/schema.org\",\"@graph\":[{\"@type\":\"WebPage\",\"@id\":\"https:\\\/\\\/www.sunshine-habitat.com\\\/fr\\\/lodges-ciat\\\/services-ciat\\\/\",\"url\":\"https:\\\/\\\/www.sunshine-habitat.com\\\/fr\\\/lodges-ciat\\\/services-ciat\\\/\",\"name\":\"Services Lodges CIAT - Sunshine Habitat\",\"isPartOf\":{\"@id\":\"https:\\\/\\\/www.sunshine-habitat.com\\\/fr\\\/#website\"},\"datePublished\":\"2022-02-14T17:16:19+00:00\",\"dateModified\":\"2024-05-21T14:12:25+00:00\",\"breadcrumb\":{\"@id\":\"https:\\\/\\\/www.sunshine-habitat.com\\\/fr\\\/lodges-ciat\\\/services-ciat\\\/#breadcrumb\"},\"inLanguage\":\"fr-FR\",\"potentialAction\":[{\"@type\":\"ReadAction\",\"target\":[\"https:\\\/\\\/www.sunshine-habitat.com\\\/fr\\\/lodges-ciat\\\/services-ciat\\\/\"]}]},{\"@type\":\"BreadcrumbList\",\"@id\":\"https:\\\/\\\/www.sunshine-habitat.com\\\/fr\\\/lodges-ciat\\\/services-ciat\\\/#breadcrumb\",\"itemListElement\":[{\"@type\":\"ListItem\",\"position\":1,\"name\":\"Accueil\",\"item\":\"https:\\\/\\\/www.sunshine-habitat.com\\\/fr\\\/\"},{\"@type\":\"ListItem\",\"position\":2,\"name\":\"Lodges CIAT\",\"item\":\"https:\\\/\\\/www.sunshine-habitat.com\\\/fr\\\/lodges-ciat\\\/\"},{\"@type\":\"ListItem\",\"position\":3,\"name\":\"Services Lodges CIAT\"}]},{\"@type\":\"WebSite\",\"@id\":\"https:\\\/\\\/www.sunshine-habitat.com\\\/fr\\\/#website\",\"url\":\"https:\\\/\\\/www.sunshine-habitat.com\\\/fr\\\/\",\"name\":\"Sunshine Habitat\",\"description\":\"\",\"publisher\":{\"@id\":\"https:\\\/\\\/www.sunshine-habitat.com\\\/fr\\\/#organization\"},\"potentialAction\":[{\"@type\":\"SearchAction\",\"target\":{\"@type\":\"EntryPoint\",\"urlTemplate\":\"https:\\\/\\\/www.sunshine-habitat.com\\\/fr\\\/?s={search_term_string}\"},\"query-input\":{\"@type\":\"PropertyValueSpecification\",\"valueRequired\":true,\"valueName\":\"search_term_string\"}}],\"inLanguage\":\"fr-FR\"},{\"@type\":\"Organization\",\"@id\":\"https:\\\/\\\/www.sunshine-habitat.com\\\/fr\\\/#organization\",\"name\":\"Sunshine Habitat\",\"url\":\"https:\\\/\\\/www.sunshine-habitat.com\\\/fr\\\/\",\"logo\":{\"@type\":\"ImageObject\",\"inLanguage\":\"fr-FR\",\"@id\":\"https:\\\/\\\/www.sunshine-habitat.com\\\/fr\\\/#\\\/schema\\\/logo\\\/image\\\/\",\"url\":\"https:\\\/\\\/www.sunshine-habitat.com\\\/wp-content\\\/uploads\\\/2021\\\/05\\\/logo.png\",\"contentUrl\":\"https:\\\/\\\/www.sunshine-habitat.com\\\/wp-content\\\/uploads\\\/2021\\\/05\\\/logo.png\",\"width\":192,\"height\":250,\"caption\":\"Sunshine Habitat\"},\"image\":{\"@id\":\"https:\\\/\\\/www.sunshine-habitat.com\\\/fr\\\/#\\\/schema\\\/logo\\\/image\\\/\"}}]}<\/script>\n<!-- \/ Yoast SEO plugin. -->","yoast_head_json":{"title":"Services Lodges CIAT - Sunshine Habitat","robots":{"index":"index","follow":"follow","max-snippet":"max-snippet:-1","max-image-preview":"max-image-preview:large","max-video-preview":"max-video-preview:-1"},"canonical":"https:\/\/www.sunshine-habitat.com\/fr\/lodges-ciat\/services-ciat\/","og_locale":"fr_FR","og_type":"article","og_title":"Services Lodges CIAT - Sunshine Habitat","og_description":"Des services pour vous accompagner Notre mission est de vous accompagner au quotidien dans la r\u00e9alisation de votre projet. Lodges CIAT vous propose divers services pour satisfaire toutes vos","og_url":"https:\/\/www.sunshine-habitat.com\/fr\/lodges-ciat\/services-ciat\/","og_site_name":"Sunshine Habitat","article_modified_time":"2024-05-21T14:12:25+00:00","twitter_card":"summary_large_image","schema":{"@context":"https:\/\/schema.org","@graph":[{"@type":"WebPage","@id":"https:\/\/www.sunshine-habitat.com\/fr\/lodges-ciat\/services-ciat\/","url":"https:\/\/www.sunshine-habitat.com\/fr\/lodges-ciat\/services-ciat\/","name":"Services Lodges CIAT - Sunshine Habitat","isPartOf":{"@id":"https:\/\/www.sunshine-habitat.com\/fr\/#website"},"datePublished":"2022-02-14T17:16:19+00:00","dateModified":"2024-05-21T14:12:25+00:00","breadcrumb":{"@id":"https:\/\/www.sunshine-habitat.com\/fr\/lodges-ciat\/services-ciat\/#breadcrumb"},"inLanguage":"fr-FR","potentialAction":[{"@type":"ReadAction","target":["https:\/\/www.sunshine-habitat.com\/fr\/lodges-ciat\/services-ciat\/"]}]},{"@type":"BreadcrumbList","@id":"https:\/\/www.sunshine-habitat.com\/fr\/lodges-ciat\/services-ciat\/#breadcrumb","itemListElement":[{"@type":"ListItem","position":1,"name":"Accueil","item":"https:\/\/www.sunshine-habitat.com\/fr\/"},{"@type":"ListItem","position":2,"name":"Lodges CIAT","item":"https:\/\/www.sunshine-habitat.com\/fr\/lodges-ciat\/"},{"@type":"ListItem","position":3,"name":"Services Lodges CIAT"}]},{"@type":"WebSite","@id":"https:\/\/www.sunshine-habitat.com\/fr\/#website","url":"https:\/\/www.sunshine-habitat.com\/fr\/","name":"Sunshine Habitat","description":"","publisher":{"@id":"https:\/\/www.sunshine-habitat.com\/fr\/#organization"},"potentialAction":[{"@type":"SearchAction","target":{"@type":"EntryPoint","urlTemplate":"https:\/\/www.sunshine-habitat.com\/fr\/?s={search_term_string}"},"query-input":{"@type":"PropertyValueSpecification","valueRequired":true,"valueName":"search_term_string"}}],"inLanguage":"fr-FR"},{"@type":"Organization","@id":"https:\/\/www.sunshine-habitat.com\/fr\/#organization","name":"Sunshine Habitat","url":"https:\/\/www.sunshine-habitat.com\/fr\/","logo":{"@type":"ImageObject","inLanguage":"fr-FR","@id":"https:\/\/www.sunshine-habitat.com\/fr\/#\/schema\/logo\/image\/","url":"https:\/\/www.sunshine-habitat.com\/wp-content\/uploads\/2021\/05\/logo.png","contentUrl":"https:\/\/www.sunshine-habitat.com\/wp-content\/uploads\/2021\/05\/logo.png","width":192,"height":250,"caption":"Sunshine Habitat"},"image":{"@id":"https:\/\/www.sunshine-habitat.com\/fr\/#\/schema\/logo\/image\/"}}]}},"_links":{"self":[{"href":"https:\/\/www.sunshinehabitat.com\/fr\/wp-json\/wp\/v2\/pages\/4246","targetHints":{"allow":["GET"]}}],"collection":[{"href":"https:\/\/www.sunshinehabitat.com\/fr\/wp-json\/wp\/v2\/pages"}],"about":[{"href":"https:\/\/www.sunshinehabitat.com\/fr\/wp-json\/wp\/v2\/types\/page"}],"author":[{"embeddable":true,"href":"https:\/\/www.sunshinehabitat.com\/fr\/wp-json\/wp\/v2\/users\/2"}],"replies":[{"embeddable":true,"href":"https:\/\/www.sunshinehabitat.com\/fr\/wp-json\/wp\/v2\/comments?post=4246"}],"version-history":[{"count":7,"href":"https:\/\/www.sunshinehabitat.com\/fr\/wp-json\/wp\/v2\/pages\/4246\/revisions"}],"predecessor-version":[{"id":20114,"href":"https:\/\/www.sunshinehabitat.com\/fr\/wp-json\/wp\/v2\/pages\/4246\/revisions\/20114"}],"up":[{"embeddable":true,"href":"https:\/\/www.sunshinehabitat.com\/fr\/wp-json\/wp\/v2\/pages\/2633"}],"wp:attachment":[{"href":"https:\/\/www.sunshinehabitat.com\/fr\/wp-json\/wp\/v2\/media?parent=4246"}],"curies":[{"name":"wp","href":"https:\/\/api.w.org\/{rel}","templated":true}]}}