{"id":4248,"date":"2022-02-14T18:19:57","date_gmt":"2022-02-14T17:19:57","guid":{"rendered":"https:\/\/www.sunshine-habitat.com\/?page_id=4248"},"modified":"2022-09-29T16:01:37","modified_gmt":"2022-09-29T14:01:37","slug":"renovation","status":"publish","type":"page","link":"https:\/\/www.sunshinehabitat.com\/fr\/lodges-ciat\/services-ciat\/renovation\/","title":{"rendered":"R\u00e9novation"},"content":{"rendered":"<div id=\"pl-4248\"  class=\"panel-layout\" ><div id=\"pg-4248-0\"  class=\"panel-grid panel-has-style no-padding-bottom-nc-wrap\" ><div class=\"no-padding-bottom panel-row-style panel-row-style-for-4248-0\" ><div id=\"pgc-4248-0-0\"  class=\"panel-grid-cell\" ><div id=\"panel-4248-0-0-0\" class=\"so-panel widget widget_sow-editor panel-first-child panel-last-child\" data-index=\"0\" ><div\n\t\t\t\n\t\t\tclass=\"so-widget-sow-editor so-widget-sow-editor-base\"\n\t\t\t\n\t\t>\n<div class=\"siteorigin-widget-tinymce textwidget\">\n\t<h2 style=\"text-align: center;\">Une r\u00e9novation de lodge adapt\u00e9e \u00e0 vos besoins<\/h2>\n<\/div>\n<\/div><\/div><\/div><\/div><\/div><div id=\"pg-4248-1\"  class=\"panel-grid panel-has-style no-padding-top-nc-wrap\" ><div class=\"no-padding-top panel-row-style panel-row-style-for-4248-1\" ><div id=\"pgc-4248-1-0\"  class=\"panel-grid-cell\" ><div id=\"panel-4248-1-0-0\" class=\"so-panel widget widget_sow-image panel-first-child panel-last-child\" data-index=\"1\" ><div\n\t\t\t\n\t\t\tclass=\"so-widget-sow-image so-widget-sow-image-default-8b5b6f678277-4248\"\n\t\t\t\n\t\t>\n<div class=\"sow-image-container\">\n\t\t\t<a href=\"https:\/\/www.sunshinehabitat.com\/wp-content\/uploads\/2022\/05\/5-1.jpg\"\n\t\t\tdata-lightbox=\"terrasse-ext\u00e9rieur-lodges-ciat-jungle-lodge\" data-lightbox-options=\"{&quot;alwaysShowNavOnTouchDevices&quot;:false,&quot;overlayColor&quot;:&quot;#000&quot;,&quot;overlayOpacity&quot;:0.8,&quot;fadeDuration&quot;:600,&quot;fitImagesInViewport&quot;:true,&quot;imageFadeDuration&quot;:600,&quot;maxHeight&quot;:&quot;&quot;,&quot;maxWidth&quot;:&quot;&quot;,&quot;positionFromTop&quot;:50,&quot;resizeDuration&quot;:700,&quot;showImageNumberLabel&quot;:true,&quot;disableCaption&quot;:&quot;&quot;,&quot;wrapAround&quot;:true,&quot;albumLabel&quot;:&quot; %1 of %2&quot;}\" data-title=\"terrasse-ext\u00e9rieur-lodges-ciat-jungle-lodge\" \t\t>\n\t\t\t<img fetchpriority=\"high\" \n\tsrc=\"https:\/\/www.sunshinehabitat.com\/wp-content\/uploads\/2022\/05\/5-1.jpg\" width=\"856\" height=\"570\" srcset=\"https:\/\/www.sunshinehabitat.com\/wp-content\/uploads\/2022\/05\/5-1.jpg 856w, https:\/\/www.sunshinehabitat.com\/wp-content\/uploads\/2022\/05\/5-1-300x200.jpg 300w\" sizes=\"(max-width: 856px) 100vw, 856px\" title=\"terrasse-ext\u00e9rieur-lodges-ciat-jungle-lodge\" alt=\"ext\u00e9rieur bois du lodge gamme jungle\" \t\tclass=\"so-widget-image\"\/>\n\t\t\t<\/a><\/div>\n\n<\/div><\/div><\/div><div id=\"pgc-4248-1-1\"  class=\"panel-grid-cell\" ><div id=\"panel-4248-1-1-0\" class=\"so-panel widget widget_sow-editor panel-first-child panel-last-child\" data-index=\"2\" ><div class=\"padding-left padding-right panel-widget-style panel-widget-style-for-4248-1-1-0\" ><div\n\t\t\t\n\t\t\tclass=\"so-widget-sow-editor so-widget-sow-editor-base\"\n\t\t\t\n\t\t>\n<div class=\"siteorigin-widget-tinymce textwidget\">\n\t<h3>Un service de mise \u00e0 disposition de pi\u00e8ces d\u00e9tach\u00e9es<\/h3>\n<p style=\"text-align: justify;\">Au fil des ann\u00e9es, si l\u2019entretien ne suffit plus au maintien en bon \u00e9tat de votre lodge, il se peut qu\u2019il soit n\u00e9cessaire d\u2019avoir recours \u00e0 des op\u00e9rations de r\u00e9novation de votre r\u00e9sidence de loisirs. Lodges CIAT vous propose une prestation de mise \u00e0 disposition de pi\u00e8ces d\u00e9tach\u00e9es pour vous permettre de r\u00e9aliser vos op\u00e9rations de r\u00e9novation que cela aille du simple rafraichissement au remplacement de certains mat\u00e9riaux. Que ce soit en int\u00e9rieur ou en ext\u00e9rieur, nous vous proposons les mat\u00e9riaux n\u00e9cessaires \u00e0 la r\u00e9novation compl\u00e8te ou partielle de votre lodge.<\/p>\n<\/div>\n<\/div><\/div><\/div><\/div><\/div><\/div><div id=\"pg-4248-2\"  class=\"panel-grid panel-has-style no-padding-top-nc-wrap\" ><div class=\"no-padding-top panel-row-style panel-row-style-for-4248-2\" ><div id=\"pgc-4248-2-0\"  class=\"panel-grid-cell\" ><div id=\"panel-4248-2-0-0\" class=\"so-panel widget widget_sow-editor panel-first-child panel-last-child\" data-index=\"3\" ><div class=\"padding-right panel-widget-style panel-widget-style-for-4248-2-0-0\" ><div\n\t\t\t\n\t\t\tclass=\"so-widget-sow-editor so-widget-sow-editor-base\"\n\t\t\t\n\t\t>\n<div class=\"siteorigin-widget-tinymce textwidget\">\n\t<h3><\/h3>\n<h3>une equipe pour vous accompagner<\/h3>\n<p>Pour redonner un second souffle \u00e0 votre lodge, nous vous proposons des pi\u00e8ces d\u00e9tach\u00e9es pour vos r\u00e9alisations\u00a0allant de l\u2019entoilage aux \u00e9l\u00e9ments de plancher bois, \u00e0 l\u2019exception du mobilier. Nos \u00e9quipes se porte \u00e0 votre disposition pour vous conseiller dans la maintenance de votre lodge quel que soit son anciennet\u00e9.<\/p>\n<p><a class=\"btn btn-ciat\" href=\"https:\/\/www.sunshine-habitat.com\/lodges-ciat\/contactez-nous-a-propos-des-lodges-ciat\/\">Contacter un conseiller<\/a><\/p>\n<\/div>\n<\/div><\/div><\/div><\/div><div id=\"pgc-4248-2-1\"  class=\"panel-grid-cell\" ><div id=\"panel-4248-2-1-0\" class=\"so-panel widget widget_sow-image panel-first-child panel-last-child\" data-index=\"4\" ><div\n\t\t\t\n\t\t\tclass=\"so-widget-sow-image so-widget-sow-image-default-8b5b6f678277-4248\"\n\t\t\t\n\t\t>\n<div class=\"sow-image-container\">\n\t\t\t<a href=\"https:\/\/www.sunshinehabitat.com\/wp-content\/uploads\/2022\/05\/LODGES-WL-34-3-S-05-1.jpg\"\n\t\t\tdata-lightbox=\"LODGES-WL-34-3-S-05\" data-lightbox-options=\"{&quot;alwaysShowNavOnTouchDevices&quot;:false,&quot;overlayColor&quot;:&quot;#000&quot;,&quot;overlayOpacity&quot;:0.8,&quot;fadeDuration&quot;:600,&quot;fitImagesInViewport&quot;:true,&quot;imageFadeDuration&quot;:600,&quot;maxHeight&quot;:&quot;&quot;,&quot;maxWidth&quot;:&quot;&quot;,&quot;positionFromTop&quot;:50,&quot;resizeDuration&quot;:700,&quot;showImageNumberLabel&quot;:true,&quot;disableCaption&quot;:&quot;&quot;,&quot;wrapAround&quot;:true,&quot;albumLabel&quot;:&quot; %1 of %2&quot;}\" data-title=\"LODGES-WL-34-3-S-05\" \t\t>\n\t\t\t<img \n\tsrc=\"https:\/\/www.sunshinehabitat.com\/wp-content\/uploads\/2022\/05\/LODGES-WL-34-3-S-05-1.jpg\" width=\"1877\" height=\"1252\" srcset=\"https:\/\/www.sunshinehabitat.com\/wp-content\/uploads\/2022\/05\/LODGES-WL-34-3-S-05-1.jpg 1877w, https:\/\/www.sunshinehabitat.com\/wp-content\/uploads\/2022\/05\/LODGES-WL-34-3-S-05-1-300x200.jpg 300w, https:\/\/www.sunshinehabitat.com\/wp-content\/uploads\/2022\/05\/LODGES-WL-34-3-S-05-1-1024x683.jpg 1024w\" sizes=\"(max-width: 1877px) 100vw, 1877px\" title=\"LODGES-WL-34-3-S-05\" alt=\"ext\u00e9rieur toile wood lodge 34-3-S\" \t\tclass=\"so-widget-image\"\/>\n\t\t\t<\/a><\/div>\n\n<\/div><\/div><\/div><\/div><\/div><\/div>","protected":false},"excerpt":{"rendered":"<p>Une r\u00e9novation de lodge adapt\u00e9e \u00e0 vos besoins Un service de mise \u00e0 disposition de pi\u00e8ces d\u00e9tach\u00e9es Au fil des ann\u00e9es, si l\u2019entretien ne suffit plus au maintien en<\/p>\n","protected":false},"author":2,"featured_media":0,"parent":4246,"menu_order":259,"comment_status":"closed","ping_status":"closed","template":"","meta":{"inline_featured_image":false,"footnotes":""},"class_list":["post-4248","page","type-page","status-publish","hentry"],"yoast_head":"<!-- This site is optimized with the Yoast SEO plugin v27.3 - https:\/\/yoast.com\/product\/yoast-seo-wordpress\/ -->\n<title>R\u00e9novation - Sunshine Habitat<\/title>\n<meta name=\"robots\" content=\"index, follow, max-snippet:-1, max-image-preview:large, max-video-preview:-1\" \/>\n<link rel=\"canonical\" href=\"https:\/\/www.sunshine-habitat.com\/fr\/lodges-ciat\/services-ciat\/renovation\/\" \/>\n<meta property=\"og:locale\" content=\"fr_FR\" \/>\n<meta property=\"og:type\" content=\"article\" \/>\n<meta property=\"og:title\" content=\"R\u00e9novation - Sunshine Habitat\" \/>\n<meta property=\"og:description\" content=\"Une r\u00e9novation de lodge adapt\u00e9e \u00e0 vos besoins Un service de mise \u00e0 disposition de pi\u00e8ces d\u00e9tach\u00e9es Au fil des ann\u00e9es, si l\u2019entretien ne suffit plus au maintien en\" \/>\n<meta property=\"og:url\" content=\"https:\/\/www.sunshine-habitat.com\/fr\/lodges-ciat\/services-ciat\/renovation\/\" \/>\n<meta property=\"og:site_name\" content=\"Sunshine Habitat\" \/>\n<meta property=\"article:modified_time\" content=\"2022-09-29T14:01:37+00:00\" \/>\n<meta name=\"twitter:card\" content=\"summary_large_image\" \/>\n<script type=\"application\/ld+json\" class=\"yoast-schema-graph\">{\"@context\":\"https:\\\/\\\/schema.org\",\"@graph\":[{\"@type\":\"WebPage\",\"@id\":\"https:\\\/\\\/www.sunshine-habitat.com\\\/fr\\\/lodges-ciat\\\/services-ciat\\\/renovation\\\/\",\"url\":\"https:\\\/\\\/www.sunshine-habitat.com\\\/fr\\\/lodges-ciat\\\/services-ciat\\\/renovation\\\/\",\"name\":\"R\u00e9novation - Sunshine Habitat\",\"isPartOf\":{\"@id\":\"https:\\\/\\\/www.sunshine-habitat.com\\\/fr\\\/#website\"},\"datePublished\":\"2022-02-14T17:19:57+00:00\",\"dateModified\":\"2022-09-29T14:01:37+00:00\",\"breadcrumb\":{\"@id\":\"https:\\\/\\\/www.sunshine-habitat.com\\\/fr\\\/lodges-ciat\\\/services-ciat\\\/renovation\\\/#breadcrumb\"},\"inLanguage\":\"fr-FR\",\"potentialAction\":[{\"@type\":\"ReadAction\",\"target\":[\"https:\\\/\\\/www.sunshine-habitat.com\\\/fr\\\/lodges-ciat\\\/services-ciat\\\/renovation\\\/\"]}]},{\"@type\":\"BreadcrumbList\",\"@id\":\"https:\\\/\\\/www.sunshine-habitat.com\\\/fr\\\/lodges-ciat\\\/services-ciat\\\/renovation\\\/#breadcrumb\",\"itemListElement\":[{\"@type\":\"ListItem\",\"position\":1,\"name\":\"Accueil\",\"item\":\"https:\\\/\\\/www.sunshine-habitat.com\\\/fr\\\/\"},{\"@type\":\"ListItem\",\"position\":2,\"name\":\"Lodges CIAT\",\"item\":\"https:\\\/\\\/www.sunshine-habitat.com\\\/fr\\\/lodges-ciat\\\/\"},{\"@type\":\"ListItem\",\"position\":3,\"name\":\"Services Lodges CIAT\",\"item\":\"https:\\\/\\\/www.sunshine-habitat.com\\\/fr\\\/lodges-ciat\\\/services-ciat\\\/\"},{\"@type\":\"ListItem\",\"position\":4,\"name\":\"R\u00e9novation\"}]},{\"@type\":\"WebSite\",\"@id\":\"https:\\\/\\\/www.sunshine-habitat.com\\\/fr\\\/#website\",\"url\":\"https:\\\/\\\/www.sunshine-habitat.com\\\/fr\\\/\",\"name\":\"Sunshine Habitat\",\"description\":\"\",\"publisher\":{\"@id\":\"https:\\\/\\\/www.sunshine-habitat.com\\\/fr\\\/#organization\"},\"potentialAction\":[{\"@type\":\"SearchAction\",\"target\":{\"@type\":\"EntryPoint\",\"urlTemplate\":\"https:\\\/\\\/www.sunshine-habitat.com\\\/fr\\\/?s={search_term_string}\"},\"query-input\":{\"@type\":\"PropertyValueSpecification\",\"valueRequired\":true,\"valueName\":\"search_term_string\"}}],\"inLanguage\":\"fr-FR\"},{\"@type\":\"Organization\",\"@id\":\"https:\\\/\\\/www.sunshine-habitat.com\\\/fr\\\/#organization\",\"name\":\"Sunshine Habitat\",\"url\":\"https:\\\/\\\/www.sunshine-habitat.com\\\/fr\\\/\",\"logo\":{\"@type\":\"ImageObject\",\"inLanguage\":\"fr-FR\",\"@id\":\"https:\\\/\\\/www.sunshine-habitat.com\\\/fr\\\/#\\\/schema\\\/logo\\\/image\\\/\",\"url\":\"https:\\\/\\\/www.sunshine-habitat.com\\\/wp-content\\\/uploads\\\/2021\\\/05\\\/logo.png\",\"contentUrl\":\"https:\\\/\\\/www.sunshine-habitat.com\\\/wp-content\\\/uploads\\\/2021\\\/05\\\/logo.png\",\"width\":192,\"height\":250,\"caption\":\"Sunshine Habitat\"},\"image\":{\"@id\":\"https:\\\/\\\/www.sunshine-habitat.com\\\/fr\\\/#\\\/schema\\\/logo\\\/image\\\/\"}}]}<\/script>\n<!-- \/ Yoast SEO plugin. -->","yoast_head_json":{"title":"R\u00e9novation - Sunshine Habitat","robots":{"index":"index","follow":"follow","max-snippet":"max-snippet:-1","max-image-preview":"max-image-preview:large","max-video-preview":"max-video-preview:-1"},"canonical":"https:\/\/www.sunshine-habitat.com\/fr\/lodges-ciat\/services-ciat\/renovation\/","og_locale":"fr_FR","og_type":"article","og_title":"R\u00e9novation - Sunshine Habitat","og_description":"Une r\u00e9novation de lodge adapt\u00e9e \u00e0 vos besoins Un service de mise \u00e0 disposition de pi\u00e8ces d\u00e9tach\u00e9es Au fil des ann\u00e9es, si l\u2019entretien ne suffit plus au maintien en","og_url":"https:\/\/www.sunshine-habitat.com\/fr\/lodges-ciat\/services-ciat\/renovation\/","og_site_name":"Sunshine Habitat","article_modified_time":"2022-09-29T14:01:37+00:00","twitter_card":"summary_large_image","schema":{"@context":"https:\/\/schema.org","@graph":[{"@type":"WebPage","@id":"https:\/\/www.sunshine-habitat.com\/fr\/lodges-ciat\/services-ciat\/renovation\/","url":"https:\/\/www.sunshine-habitat.com\/fr\/lodges-ciat\/services-ciat\/renovation\/","name":"R\u00e9novation - Sunshine Habitat","isPartOf":{"@id":"https:\/\/www.sunshine-habitat.com\/fr\/#website"},"datePublished":"2022-02-14T17:19:57+00:00","dateModified":"2022-09-29T14:01:37+00:00","breadcrumb":{"@id":"https:\/\/www.sunshine-habitat.com\/fr\/lodges-ciat\/services-ciat\/renovation\/#breadcrumb"},"inLanguage":"fr-FR","potentialAction":[{"@type":"ReadAction","target":["https:\/\/www.sunshine-habitat.com\/fr\/lodges-ciat\/services-ciat\/renovation\/"]}]},{"@type":"BreadcrumbList","@id":"https:\/\/www.sunshine-habitat.com\/fr\/lodges-ciat\/services-ciat\/renovation\/#breadcrumb","itemListElement":[{"@type":"ListItem","position":1,"name":"Accueil","item":"https:\/\/www.sunshine-habitat.com\/fr\/"},{"@type":"ListItem","position":2,"name":"Lodges CIAT","item":"https:\/\/www.sunshine-habitat.com\/fr\/lodges-ciat\/"},{"@type":"ListItem","position":3,"name":"Services Lodges CIAT","item":"https:\/\/www.sunshine-habitat.com\/fr\/lodges-ciat\/services-ciat\/"},{"@type":"ListItem","position":4,"name":"R\u00e9novation"}]},{"@type":"WebSite","@id":"https:\/\/www.sunshine-habitat.com\/fr\/#website","url":"https:\/\/www.sunshine-habitat.com\/fr\/","name":"Sunshine Habitat","description":"","publisher":{"@id":"https:\/\/www.sunshine-habitat.com\/fr\/#organization"},"potentialAction":[{"@type":"SearchAction","target":{"@type":"EntryPoint","urlTemplate":"https:\/\/www.sunshine-habitat.com\/fr\/?s={search_term_string}"},"query-input":{"@type":"PropertyValueSpecification","valueRequired":true,"valueName":"search_term_string"}}],"inLanguage":"fr-FR"},{"@type":"Organization","@id":"https:\/\/www.sunshine-habitat.com\/fr\/#organization","name":"Sunshine Habitat","url":"https:\/\/www.sunshine-habitat.com\/fr\/","logo":{"@type":"ImageObject","inLanguage":"fr-FR","@id":"https:\/\/www.sunshine-habitat.com\/fr\/#\/schema\/logo\/image\/","url":"https:\/\/www.sunshine-habitat.com\/wp-content\/uploads\/2021\/05\/logo.png","contentUrl":"https:\/\/www.sunshine-habitat.com\/wp-content\/uploads\/2021\/05\/logo.png","width":192,"height":250,"caption":"Sunshine Habitat"},"image":{"@id":"https:\/\/www.sunshine-habitat.com\/fr\/#\/schema\/logo\/image\/"}}]}},"_links":{"self":[{"href":"https:\/\/www.sunshinehabitat.com\/fr\/wp-json\/wp\/v2\/pages\/4248","targetHints":{"allow":["GET"]}}],"collection":[{"href":"https:\/\/www.sunshinehabitat.com\/fr\/wp-json\/wp\/v2\/pages"}],"about":[{"href":"https:\/\/www.sunshinehabitat.com\/fr\/wp-json\/wp\/v2\/types\/page"}],"author":[{"embeddable":true,"href":"https:\/\/www.sunshinehabitat.com\/fr\/wp-json\/wp\/v2\/users\/2"}],"replies":[{"embeddable":true,"href":"https:\/\/www.sunshinehabitat.com\/fr\/wp-json\/wp\/v2\/comments?post=4248"}],"version-history":[{"count":5,"href":"https:\/\/www.sunshinehabitat.com\/fr\/wp-json\/wp\/v2\/pages\/4248\/revisions"}],"predecessor-version":[{"id":12612,"href":"https:\/\/www.sunshinehabitat.com\/fr\/wp-json\/wp\/v2\/pages\/4248\/revisions\/12612"}],"up":[{"embeddable":true,"href":"https:\/\/www.sunshinehabitat.com\/fr\/wp-json\/wp\/v2\/pages\/4246"}],"wp:attachment":[{"href":"https:\/\/www.sunshinehabitat.com\/fr\/wp-json\/wp\/v2\/media?parent=4248"}],"curies":[{"name":"wp","href":"https:\/\/api.w.org\/{rel}","templated":true}]}}