{"id":4257,"date":"2022-02-14T18:18:25","date_gmt":"2022-02-14T17:18:25","guid":{"rendered":"https:\/\/www.sunshine-habitat.com\/?page_id=4257"},"modified":"2022-09-29T16:00:44","modified_gmt":"2022-09-29T14:00:44","slug":"le-service-apres-vente-est-a-votre-ecoute","status":"publish","type":"page","link":"https:\/\/www.sunshinehabitat.com\/fr\/lodges-ciat\/services-ciat\/le-service-apres-vente-est-a-votre-ecoute\/","title":{"rendered":"SAV"},"content":{"rendered":"<div id=\"pl-4257\"  class=\"panel-layout\" ><div id=\"pg-4257-0\"  class=\"panel-grid panel-has-style no-padding-bottom-nc-wrap\" ><div class=\"no-padding-bottom panel-row-style panel-row-style-for-4257-0\" ><div id=\"pgc-4257-0-0\"  class=\"panel-grid-cell\" ><div id=\"panel-4257-0-0-0\" class=\"so-panel widget widget_sow-editor panel-first-child panel-last-child\" data-index=\"0\" ><div\n\t\t\t\n\t\t\tclass=\"so-widget-sow-editor so-widget-sow-editor-base\"\n\t\t\t\n\t\t>\n<div class=\"siteorigin-widget-tinymce textwidget\">\n\t<h2 style=\"text-align: center;\">Le service apr\u00e8s-vente est \u00e0 votre \u00e9coute<\/h2>\n<\/div>\n<\/div><\/div><\/div><\/div><\/div><div id=\"pg-4257-1\"  class=\"panel-grid panel-has-style no-padding-top-nc-wrap\" ><div class=\"no-padding-top panel-row-style panel-row-style-for-4257-1\" ><div id=\"pgc-4257-1-0\"  class=\"panel-grid-cell\" ><div id=\"panel-4257-1-0-0\" class=\"so-panel widget widget_sow-image panel-first-child panel-last-child\" data-index=\"1\" ><div\n\t\t\t\n\t\t\tclass=\"so-widget-sow-image so-widget-sow-image-default-8b5b6f678277-4257\"\n\t\t\t\n\t\t>\n<div class=\"sow-image-container\">\n\t\t\t<a href=\"https:\/\/www.sunshinehabitat.com\/wp-content\/uploads\/2022\/05\/sav-3-scaled-e1651665436125.jpg\"\n\t\t\tdata-lightbox=\"service-apr\u00e8s-vente\" data-lightbox-options=\"{&quot;alwaysShowNavOnTouchDevices&quot;:false,&quot;overlayColor&quot;:&quot;#000&quot;,&quot;overlayOpacity&quot;:0.8,&quot;fadeDuration&quot;:600,&quot;fitImagesInViewport&quot;:true,&quot;imageFadeDuration&quot;:600,&quot;maxHeight&quot;:&quot;&quot;,&quot;maxWidth&quot;:&quot;&quot;,&quot;positionFromTop&quot;:50,&quot;resizeDuration&quot;:700,&quot;showImageNumberLabel&quot;:true,&quot;disableCaption&quot;:&quot;&quot;,&quot;wrapAround&quot;:true,&quot;albumLabel&quot;:&quot; %1 of %2&quot;}\" data-title=\"service-apr\u00e8s-vente\" \t\t>\n\t\t\t<img fetchpriority=\"high\" \n\tsrc=\"https:\/\/www.sunshinehabitat.com\/wp-content\/uploads\/2022\/05\/sav-3-scaled-e1651665436125.jpg\" width=\"1682\" height=\"1255\" srcset=\"https:\/\/www.sunshinehabitat.com\/wp-content\/uploads\/2022\/05\/sav-3-scaled-e1651665436125.jpg 1682w, https:\/\/www.sunshinehabitat.com\/wp-content\/uploads\/2022\/05\/sav-3-scaled-e1651665436125-300x224.jpg 300w, https:\/\/www.sunshinehabitat.com\/wp-content\/uploads\/2022\/05\/sav-3-scaled-e1651665436125-1024x764.jpg 1024w, https:\/\/www.sunshinehabitat.com\/wp-content\/uploads\/2022\/05\/sav-3-scaled-e1651665436125-768x573.jpg 768w, https:\/\/www.sunshinehabitat.com\/wp-content\/uploads\/2022\/05\/sav-3-scaled-e1651665436125-1536x1146.jpg 1536w, https:\/\/www.sunshinehabitat.com\/wp-content\/uploads\/2022\/05\/sav-3-scaled-e1651665436125-96x72.jpg 96w, https:\/\/www.sunshinehabitat.com\/wp-content\/uploads\/2022\/05\/sav-3-scaled-e1651665436125-550x410.jpg 550w, https:\/\/www.sunshinehabitat.com\/wp-content\/uploads\/2022\/05\/sav-3-scaled-e1651665436125-283x211.jpg 283w, https:\/\/www.sunshinehabitat.com\/wp-content\/uploads\/2022\/05\/sav-3-scaled-e1651665436125-752x561.jpg 752w, https:\/\/www.sunshinehabitat.com\/wp-content\/uploads\/2022\/05\/sav-3-scaled-e1651665436125-371x277.jpg 371w, https:\/\/www.sunshinehabitat.com\/wp-content\/uploads\/2022\/05\/sav-3-scaled-e1651665436125-210x157.jpg 210w, https:\/\/www.sunshinehabitat.com\/wp-content\/uploads\/2022\/05\/sav-3-scaled-e1651665436125-130x97.jpg 130w\" sizes=\"(max-width: 1682px) 100vw, 1682px\" title=\"service-apr\u00e8s-vente\" alt=\"service apr\u00e8s vente sunshine habitat\" \t\tclass=\"so-widget-image\"\/>\n\t\t\t<\/a><\/div>\n\n<\/div><\/div><\/div><div id=\"pgc-4257-1-1\"  class=\"panel-grid-cell\" ><div id=\"panel-4257-1-1-0\" class=\"so-panel widget widget_sow-editor panel-first-child panel-last-child\" data-index=\"2\" ><div class=\"padding-left padding-right panel-widget-style panel-widget-style-for-4257-1-1-0\" ><div\n\t\t\t\n\t\t\tclass=\"so-widget-sow-editor so-widget-sow-editor-base\"\n\t\t\t\n\t\t>\n<div class=\"siteorigin-widget-tinymce textwidget\">\n\t<h3>Le SAV r\u00e9pond \u00e0 toutes vos demandes<\/h3>\n<p style=\"text-align: justify;\">Le service-apr\u00e8s-vente est au c\u0153ur de nos pr\u00e9occupations et s'inscrit dans notre d\u00e9marche de qualit\u00e9. Que vous ayez besoin de changer une pi\u00e8ce usag\u00e9e ou d\u00e9fectueuse, notre SAV s'occupe de tout. Nous vous envoyons la pi\u00e8ce et planifions l\u2019intervention d'un technicien sur votre site dans les meilleurs d\u00e9lais.<\/p>\n<\/div>\n<\/div><\/div><\/div><\/div><\/div><\/div><div id=\"pg-4257-2\"  class=\"panel-grid panel-has-style no-padding-top-nc-wrap\" ><div class=\"no-padding-top panel-row-style panel-row-style-for-4257-2\" ><div id=\"pgc-4257-2-0\"  class=\"panel-grid-cell\" ><div id=\"panel-4257-2-0-0\" class=\"so-panel widget widget_sow-editor panel-first-child panel-last-child\" data-index=\"3\" ><div class=\"padding-right panel-widget-style panel-widget-style-for-4257-2-0-0\" ><div\n\t\t\t\n\t\t\tclass=\"so-widget-sow-editor so-widget-sow-editor-base\"\n\t\t\t\n\t\t>\n<div class=\"siteorigin-widget-tinymce textwidget\">\n\t<h3><\/h3>\n<h3>Une equipe a votre ecoute<\/h3>\n<p style=\"text-align: justify;\">L\u2019\u00e9quipe SAV Lodges CIAT est \u00e0 votre disposition pour r\u00e9aliser le suivi sous garantie ou hors garantie et pour vous accompagner dans l\u2019entretien de vos habitats toil\u00e9s.<\/p>\n<p><a class=\"btn btn-ciat\" href=\"https:\/\/www.sunshine-habitat.com\/lodges-ciat\/contactez-nous-a-propos-des-lodges-ciat\/\">Contacter un conseiller<\/a> <a class=\"btn btn-ciat\" href=\"https:\/\/www.sunshine-habitat.com\/etre-rappele\/\">Etre rappel\u00e9<\/a><\/p>\n<\/div>\n<\/div><\/div><\/div><\/div><div id=\"pgc-4257-2-1\"  class=\"panel-grid-cell\" ><div id=\"panel-4257-2-1-0\" class=\"so-panel widget widget_sow-image panel-first-child panel-last-child\" data-index=\"4\" ><div\n\t\t\t\n\t\t\tclass=\"so-widget-sow-image so-widget-sow-image-default-8b5b6f678277-4257\"\n\t\t\t\n\t\t>\n<div class=\"sow-image-container\">\n\t\t\t<a href=\"https:\/\/www.sunshinehabitat.com\/wp-content\/uploads\/2022\/02\/SAV-Chalets-Fabre-e1650469710313.png\"\n\t\t\tdata-lightbox=\"SAV-Chalets-Fabre\" data-lightbox-options=\"{&quot;alwaysShowNavOnTouchDevices&quot;:false,&quot;overlayColor&quot;:&quot;#000&quot;,&quot;overlayOpacity&quot;:0.8,&quot;fadeDuration&quot;:600,&quot;fitImagesInViewport&quot;:true,&quot;imageFadeDuration&quot;:600,&quot;maxHeight&quot;:&quot;&quot;,&quot;maxWidth&quot;:&quot;&quot;,&quot;positionFromTop&quot;:50,&quot;resizeDuration&quot;:700,&quot;showImageNumberLabel&quot;:true,&quot;disableCaption&quot;:&quot;&quot;,&quot;wrapAround&quot;:true,&quot;albumLabel&quot;:&quot; %1 of %2&quot;}\" data-title=\"SAV-Chalets-Fabre\" \t\t>\n\t\t\t<img \n\tsrc=\"https:\/\/www.sunshinehabitat.com\/wp-content\/uploads\/2022\/02\/SAV-Chalets-Fabre-e1650469710313.png\" width=\"736\" height=\"441\" srcset=\"https:\/\/www.sunshinehabitat.com\/wp-content\/uploads\/2022\/02\/SAV-Chalets-Fabre-e1650469710313.png 736w, https:\/\/www.sunshinehabitat.com\/wp-content\/uploads\/2022\/02\/SAV-Chalets-Fabre-e1650469710313-300x180.png 300w, https:\/\/www.sunshinehabitat.com\/wp-content\/uploads\/2022\/02\/SAV-Chalets-Fabre-e1650469710313-550x330.png 550w, https:\/\/www.sunshinehabitat.com\/wp-content\/uploads\/2022\/02\/SAV-Chalets-Fabre-e1650469710313-352x211.png 352w, https:\/\/www.sunshinehabitat.com\/wp-content\/uploads\/2022\/02\/SAV-Chalets-Fabre-e1650469710313-462x277.png 462w, https:\/\/www.sunshinehabitat.com\/wp-content\/uploads\/2022\/02\/SAV-Chalets-Fabre-e1650469710313-210x126.png 210w, https:\/\/www.sunshinehabitat.com\/wp-content\/uploads\/2022\/02\/SAV-Chalets-Fabre-e1650469710313-130x78.png 130w\" sizes=\"(max-width: 736px) 100vw, 736px\" title=\"SAV-Chalets-Fabre\" alt=\"Service apr\u00e8s vente Chalet Fabre\" \t\tclass=\"so-widget-image\"\/>\n\t\t\t<\/a><\/div>\n\n<\/div><\/div><\/div><\/div><\/div><\/div>","protected":false},"excerpt":{"rendered":"<p>Le service apr\u00e8s-vente est \u00e0 votre \u00e9coute Le SAV r\u00e9pond \u00e0 toutes vos demandes Le service-apr\u00e8s-vente est au c\u0153ur de nos pr\u00e9occupations et s&rsquo;inscrit dans notre d\u00e9marche de qualit\u00e9.<\/p>\n","protected":false},"author":2,"featured_media":0,"parent":4246,"menu_order":262,"comment_status":"closed","ping_status":"closed","template":"","meta":{"inline_featured_image":false,"footnotes":""},"class_list":["post-4257","page","type-page","status-publish","hentry"],"yoast_head":"<!-- This site is optimized with the Yoast SEO plugin v27.3 - https:\/\/yoast.com\/product\/yoast-seo-wordpress\/ -->\n<title>SAV - Sunshine Habitat<\/title>\n<meta name=\"robots\" content=\"index, follow, max-snippet:-1, max-image-preview:large, max-video-preview:-1\" \/>\n<link rel=\"canonical\" href=\"https:\/\/www.sunshine-habitat.com\/fr\/lodges-ciat\/services-ciat\/le-service-apres-vente-est-a-votre-ecoute\/\" \/>\n<meta property=\"og:locale\" content=\"fr_FR\" \/>\n<meta property=\"og:type\" content=\"article\" \/>\n<meta property=\"og:title\" content=\"SAV - Sunshine Habitat\" \/>\n<meta property=\"og:description\" content=\"Le service apr\u00e8s-vente est \u00e0 votre \u00e9coute Le SAV r\u00e9pond \u00e0 toutes vos demandes Le service-apr\u00e8s-vente est au c\u0153ur de nos pr\u00e9occupations et s&#039;inscrit dans notre d\u00e9marche de qualit\u00e9.\" \/>\n<meta property=\"og:url\" content=\"https:\/\/www.sunshine-habitat.com\/fr\/lodges-ciat\/services-ciat\/le-service-apres-vente-est-a-votre-ecoute\/\" \/>\n<meta property=\"og:site_name\" content=\"Sunshine Habitat\" \/>\n<meta property=\"article:modified_time\" content=\"2022-09-29T14:00:44+00:00\" \/>\n<meta name=\"twitter:card\" content=\"summary_large_image\" \/>\n<script type=\"application\/ld+json\" class=\"yoast-schema-graph\">{\"@context\":\"https:\\\/\\\/schema.org\",\"@graph\":[{\"@type\":\"WebPage\",\"@id\":\"https:\\\/\\\/www.sunshine-habitat.com\\\/fr\\\/lodges-ciat\\\/services-ciat\\\/le-service-apres-vente-est-a-votre-ecoute\\\/\",\"url\":\"https:\\\/\\\/www.sunshine-habitat.com\\\/fr\\\/lodges-ciat\\\/services-ciat\\\/le-service-apres-vente-est-a-votre-ecoute\\\/\",\"name\":\"SAV - Sunshine Habitat\",\"isPartOf\":{\"@id\":\"https:\\\/\\\/www.sunshine-habitat.com\\\/fr\\\/#website\"},\"datePublished\":\"2022-02-14T17:18:25+00:00\",\"dateModified\":\"2022-09-29T14:00:44+00:00\",\"breadcrumb\":{\"@id\":\"https:\\\/\\\/www.sunshine-habitat.com\\\/fr\\\/lodges-ciat\\\/services-ciat\\\/le-service-apres-vente-est-a-votre-ecoute\\\/#breadcrumb\"},\"inLanguage\":\"fr-FR\",\"potentialAction\":[{\"@type\":\"ReadAction\",\"target\":[\"https:\\\/\\\/www.sunshine-habitat.com\\\/fr\\\/lodges-ciat\\\/services-ciat\\\/le-service-apres-vente-est-a-votre-ecoute\\\/\"]}]},{\"@type\":\"BreadcrumbList\",\"@id\":\"https:\\\/\\\/www.sunshine-habitat.com\\\/fr\\\/lodges-ciat\\\/services-ciat\\\/le-service-apres-vente-est-a-votre-ecoute\\\/#breadcrumb\",\"itemListElement\":[{\"@type\":\"ListItem\",\"position\":1,\"name\":\"Accueil\",\"item\":\"https:\\\/\\\/www.sunshine-habitat.com\\\/fr\\\/\"},{\"@type\":\"ListItem\",\"position\":2,\"name\":\"Lodges CIAT\",\"item\":\"https:\\\/\\\/www.sunshine-habitat.com\\\/fr\\\/lodges-ciat\\\/\"},{\"@type\":\"ListItem\",\"position\":3,\"name\":\"Services Lodges CIAT\",\"item\":\"https:\\\/\\\/www.sunshine-habitat.com\\\/fr\\\/lodges-ciat\\\/services-ciat\\\/\"},{\"@type\":\"ListItem\",\"position\":4,\"name\":\"SAV\"}]},{\"@type\":\"WebSite\",\"@id\":\"https:\\\/\\\/www.sunshine-habitat.com\\\/fr\\\/#website\",\"url\":\"https:\\\/\\\/www.sunshine-habitat.com\\\/fr\\\/\",\"name\":\"Sunshine Habitat\",\"description\":\"\",\"publisher\":{\"@id\":\"https:\\\/\\\/www.sunshine-habitat.com\\\/fr\\\/#organization\"},\"potentialAction\":[{\"@type\":\"SearchAction\",\"target\":{\"@type\":\"EntryPoint\",\"urlTemplate\":\"https:\\\/\\\/www.sunshine-habitat.com\\\/fr\\\/?s={search_term_string}\"},\"query-input\":{\"@type\":\"PropertyValueSpecification\",\"valueRequired\":true,\"valueName\":\"search_term_string\"}}],\"inLanguage\":\"fr-FR\"},{\"@type\":\"Organization\",\"@id\":\"https:\\\/\\\/www.sunshine-habitat.com\\\/fr\\\/#organization\",\"name\":\"Sunshine Habitat\",\"url\":\"https:\\\/\\\/www.sunshine-habitat.com\\\/fr\\\/\",\"logo\":{\"@type\":\"ImageObject\",\"inLanguage\":\"fr-FR\",\"@id\":\"https:\\\/\\\/www.sunshine-habitat.com\\\/fr\\\/#\\\/schema\\\/logo\\\/image\\\/\",\"url\":\"https:\\\/\\\/www.sunshine-habitat.com\\\/wp-content\\\/uploads\\\/2021\\\/05\\\/logo.png\",\"contentUrl\":\"https:\\\/\\\/www.sunshine-habitat.com\\\/wp-content\\\/uploads\\\/2021\\\/05\\\/logo.png\",\"width\":192,\"height\":250,\"caption\":\"Sunshine Habitat\"},\"image\":{\"@id\":\"https:\\\/\\\/www.sunshine-habitat.com\\\/fr\\\/#\\\/schema\\\/logo\\\/image\\\/\"}}]}<\/script>\n<!-- \/ Yoast SEO plugin. -->","yoast_head_json":{"title":"SAV - Sunshine Habitat","robots":{"index":"index","follow":"follow","max-snippet":"max-snippet:-1","max-image-preview":"max-image-preview:large","max-video-preview":"max-video-preview:-1"},"canonical":"https:\/\/www.sunshine-habitat.com\/fr\/lodges-ciat\/services-ciat\/le-service-apres-vente-est-a-votre-ecoute\/","og_locale":"fr_FR","og_type":"article","og_title":"SAV - Sunshine Habitat","og_description":"Le service apr\u00e8s-vente est \u00e0 votre \u00e9coute Le SAV r\u00e9pond \u00e0 toutes vos demandes Le service-apr\u00e8s-vente est au c\u0153ur de nos pr\u00e9occupations et s'inscrit dans notre d\u00e9marche de qualit\u00e9.","og_url":"https:\/\/www.sunshine-habitat.com\/fr\/lodges-ciat\/services-ciat\/le-service-apres-vente-est-a-votre-ecoute\/","og_site_name":"Sunshine Habitat","article_modified_time":"2022-09-29T14:00:44+00:00","twitter_card":"summary_large_image","schema":{"@context":"https:\/\/schema.org","@graph":[{"@type":"WebPage","@id":"https:\/\/www.sunshine-habitat.com\/fr\/lodges-ciat\/services-ciat\/le-service-apres-vente-est-a-votre-ecoute\/","url":"https:\/\/www.sunshine-habitat.com\/fr\/lodges-ciat\/services-ciat\/le-service-apres-vente-est-a-votre-ecoute\/","name":"SAV - Sunshine Habitat","isPartOf":{"@id":"https:\/\/www.sunshine-habitat.com\/fr\/#website"},"datePublished":"2022-02-14T17:18:25+00:00","dateModified":"2022-09-29T14:00:44+00:00","breadcrumb":{"@id":"https:\/\/www.sunshine-habitat.com\/fr\/lodges-ciat\/services-ciat\/le-service-apres-vente-est-a-votre-ecoute\/#breadcrumb"},"inLanguage":"fr-FR","potentialAction":[{"@type":"ReadAction","target":["https:\/\/www.sunshine-habitat.com\/fr\/lodges-ciat\/services-ciat\/le-service-apres-vente-est-a-votre-ecoute\/"]}]},{"@type":"BreadcrumbList","@id":"https:\/\/www.sunshine-habitat.com\/fr\/lodges-ciat\/services-ciat\/le-service-apres-vente-est-a-votre-ecoute\/#breadcrumb","itemListElement":[{"@type":"ListItem","position":1,"name":"Accueil","item":"https:\/\/www.sunshine-habitat.com\/fr\/"},{"@type":"ListItem","position":2,"name":"Lodges CIAT","item":"https:\/\/www.sunshine-habitat.com\/fr\/lodges-ciat\/"},{"@type":"ListItem","position":3,"name":"Services Lodges CIAT","item":"https:\/\/www.sunshine-habitat.com\/fr\/lodges-ciat\/services-ciat\/"},{"@type":"ListItem","position":4,"name":"SAV"}]},{"@type":"WebSite","@id":"https:\/\/www.sunshine-habitat.com\/fr\/#website","url":"https:\/\/www.sunshine-habitat.com\/fr\/","name":"Sunshine Habitat","description":"","publisher":{"@id":"https:\/\/www.sunshine-habitat.com\/fr\/#organization"},"potentialAction":[{"@type":"SearchAction","target":{"@type":"EntryPoint","urlTemplate":"https:\/\/www.sunshine-habitat.com\/fr\/?s={search_term_string}"},"query-input":{"@type":"PropertyValueSpecification","valueRequired":true,"valueName":"search_term_string"}}],"inLanguage":"fr-FR"},{"@type":"Organization","@id":"https:\/\/www.sunshine-habitat.com\/fr\/#organization","name":"Sunshine Habitat","url":"https:\/\/www.sunshine-habitat.com\/fr\/","logo":{"@type":"ImageObject","inLanguage":"fr-FR","@id":"https:\/\/www.sunshine-habitat.com\/fr\/#\/schema\/logo\/image\/","url":"https:\/\/www.sunshine-habitat.com\/wp-content\/uploads\/2021\/05\/logo.png","contentUrl":"https:\/\/www.sunshine-habitat.com\/wp-content\/uploads\/2021\/05\/logo.png","width":192,"height":250,"caption":"Sunshine Habitat"},"image":{"@id":"https:\/\/www.sunshine-habitat.com\/fr\/#\/schema\/logo\/image\/"}}]}},"_links":{"self":[{"href":"https:\/\/www.sunshinehabitat.com\/fr\/wp-json\/wp\/v2\/pages\/4257","targetHints":{"allow":["GET"]}}],"collection":[{"href":"https:\/\/www.sunshinehabitat.com\/fr\/wp-json\/wp\/v2\/pages"}],"about":[{"href":"https:\/\/www.sunshinehabitat.com\/fr\/wp-json\/wp\/v2\/types\/page"}],"author":[{"embeddable":true,"href":"https:\/\/www.sunshinehabitat.com\/fr\/wp-json\/wp\/v2\/users\/2"}],"replies":[{"embeddable":true,"href":"https:\/\/www.sunshinehabitat.com\/fr\/wp-json\/wp\/v2\/comments?post=4257"}],"version-history":[{"count":6,"href":"https:\/\/www.sunshinehabitat.com\/fr\/wp-json\/wp\/v2\/pages\/4257\/revisions"}],"predecessor-version":[{"id":12610,"href":"https:\/\/www.sunshinehabitat.com\/fr\/wp-json\/wp\/v2\/pages\/4257\/revisions\/12610"}],"up":[{"embeddable":true,"href":"https:\/\/www.sunshinehabitat.com\/fr\/wp-json\/wp\/v2\/pages\/4246"}],"wp:attachment":[{"href":"https:\/\/www.sunshinehabitat.com\/fr\/wp-json\/wp\/v2\/media?parent=4257"}],"curies":[{"name":"wp","href":"https:\/\/api.w.org\/{rel}","templated":true}]}}