{"id":4267,"date":"2022-02-14T18:29:44","date_gmt":"2022-02-14T17:29:44","guid":{"rendered":"https:\/\/www.sunshine-habitat.com\/?page_id=4267"},"modified":"2023-02-16T10:37:15","modified_gmt":"2023-02-16T09:37:15","slug":"des-photographies-pour-votre-communication-2","status":"publish","type":"page","link":"https:\/\/www.sunshinehabitat.com\/fr\/chalets-fabre\/services-fabre\/des-photographies-pour-votre-communication-2\/","title":{"rendered":"Phototh\u00e8que"},"content":{"rendered":"<div id=\"pl-4267\"  class=\"panel-layout\" ><div id=\"pg-4267-0\"  class=\"panel-grid panel-has-style no-padding-bottom-nc-wrap\" ><div class=\"no-padding-bottom panel-row-style panel-row-style-for-4267-0\" ><div id=\"pgc-4267-0-0\"  class=\"panel-grid-cell\" ><div id=\"panel-4267-0-0-0\" class=\"so-panel widget widget_sow-editor panel-first-child panel-last-child\" data-index=\"0\" ><div\n\t\t\t\n\t\t\tclass=\"so-widget-sow-editor so-widget-sow-editor-base\"\n\t\t\t\n\t\t>\n<div class=\"siteorigin-widget-tinymce textwidget\">\n\t<h2 style=\"text-align: center;\">Des photographies pour votre communication<\/h2>\n<\/div>\n<\/div><\/div><\/div><\/div><\/div><div id=\"pg-4267-1\"  class=\"panel-grid panel-has-style no-padding-top-nc-wrap\" ><div class=\"no-padding-top panel-row-style panel-row-style-for-4267-1\" ><div id=\"pgc-4267-1-0\"  class=\"panel-grid-cell\" ><div id=\"panel-4267-1-0-0\" class=\"so-panel widget widget_sow-editor panel-first-child panel-last-child\" data-index=\"1\" ><div class=\"padding-left padding-right panel-widget-style panel-widget-style-for-4267-1-0-0\" ><div\n\t\t\t\n\t\t\tclass=\"so-widget-sow-editor so-widget-sow-editor-base\"\n\t\t\t\n\t\t>\n<div class=\"siteorigin-widget-tinymce textwidget\">\n\t<p><img fetchpriority=\"high\" fetchpriority=\"high\" decoding=\"async\" class=\"alignnone wp-image-4356 size-full\" src=\"https:\/\/www.sunshine-habitat.com\/wp-content\/uploads\/2022\/02\/Confort-1-Chalets-Fabre-e1650470736684.jpg\" alt=\"Salon Gamme confort chalet fabre\" width=\"2000\" height=\"1379\" \/><\/p>\n<\/div>\n<\/div><\/div><\/div><\/div><div id=\"pgc-4267-1-1\"  class=\"panel-grid-cell\" ><div id=\"panel-4267-1-1-0\" class=\"so-panel widget widget_sow-editor panel-first-child panel-last-child\" data-index=\"2\" ><div class=\"padding-left padding-right panel-widget-style panel-widget-style-for-4267-1-1-0\" ><div\n\t\t\t\n\t\t\tclass=\"so-widget-sow-editor so-widget-sow-editor-base\"\n\t\t\t\n\t\t>\n<div class=\"siteorigin-widget-tinymce textwidget\">\n\t<h3>Enrichissez vos supports de communication avec des photos professionnelles<\/h3>\n<p style=\"text-align: justify;\">Chalets Fabre offre \u00e0 ses clients professionnels la possibilit\u00e9 de t\u00e9l\u00e9charger gratuitement des photos de ses diff\u00e9rents mod\u00e8les de chalets. Escapade, Casane, Plein Air et Confort, toute une s\u00e9lection de photos prises par des professionnels pour mettre en valeur le design et les \u00e9quipements des mod\u00e8les sous tous les angles.<\/p>\n<\/div>\n<\/div><\/div><\/div><\/div><\/div><\/div><div id=\"pg-4267-2\"  class=\"panel-grid panel-has-style no-padding-top-nc-wrap\" ><div class=\"no-padding-top panel-row-style panel-row-style-for-4267-2\" ><div id=\"pgc-4267-2-0\"  class=\"panel-grid-cell\" ><div id=\"panel-4267-2-0-0\" class=\"so-panel widget widget_sow-editor panel-first-child panel-last-child\" data-index=\"3\" ><div class=\"padding-right panel-widget-style panel-widget-style-for-4267-2-0-0\" ><div\n\t\t\t\n\t\t\tclass=\"so-widget-sow-editor so-widget-sow-editor-base\"\n\t\t\t\n\t\t>\n<div class=\"siteorigin-widget-tinymce textwidget\">\n\t<h3>Comment \u00e7a fonctionne\u00a0?<\/h3>\n<p style=\"text-align: justify;\">Profitez de ce service gratuit en demandant le code d\u2019acc\u00e8s \u00e0 votre commercial. Rentrez le code dans l\u2019espace d\u00e9di\u00e9. Vous pouvez d\u00e8s lors t\u00e9l\u00e9charger les photographies des mod\u00e8les qui vous int\u00e9ressent et promouvoir vos h\u00e9bergements pour donner envie aux vacanciers de s\u00e9journer dans votre camping.<\/p>\n<p><a class=\"btn btn-fabre\" href=\"https:\/\/www.sunshine-habitat.com\/chalets-fabre\/contactez-nous-a-propos-des-chalets-fabre\/\">Contacter un conseiller<\/a><\/p>\n<\/div>\n<\/div><\/div><\/div><\/div><div id=\"pgc-4267-2-1\"  class=\"panel-grid-cell\" ><div id=\"panel-4267-2-1-0\" class=\"so-panel widget widget_sow-image panel-first-child panel-last-child\" data-index=\"4\" ><div\n\t\t\t\n\t\t\tclass=\"so-widget-sow-image so-widget-sow-image-default-8b5b6f678277-4267\"\n\t\t\t\n\t\t>\n<div class=\"sow-image-container\">\n\t\t\t<a href=\"https:\/\/www.sunshinehabitat.com\/fr\/phototheque\/\"\n\t\t\ttarget=\"_blank\" rel=\"noopener noreferrer\" \t\t>\n\t\t\t<img \n\tsrc=\"https:\/\/www.sunshinehabitat.com\/wp-content\/uploads\/2023\/02\/Phototheque-Sunshine-Habitat-V1.png\" width=\"2560\" height=\"1897\" srcset=\"https:\/\/www.sunshinehabitat.com\/wp-content\/uploads\/2023\/02\/Phototheque-Sunshine-Habitat-V1.png 2560w, https:\/\/www.sunshinehabitat.com\/wp-content\/uploads\/2023\/02\/Phototheque-Sunshine-Habitat-V1-300x222.png 300w, https:\/\/www.sunshinehabitat.com\/wp-content\/uploads\/2023\/02\/Phototheque-Sunshine-Habitat-V1-1024x759.png 1024w\" sizes=\"(max-width: 2560px) 100vw, 2560px\" title=\"Phototh\u00e8que Sunshine Habitat V1\" alt=\"service de phototh\u00e8que sunshine habitat\" \t\tclass=\"so-widget-image\"\/>\n\t\t\t<\/a><\/div>\n\n<\/div><\/div><\/div><\/div><\/div><div id=\"pg-4267-3\"  class=\"panel-grid panel-has-style no-padding-top-nc-wrap\" ><div class=\"no-padding-top panel-row-style panel-row-style-for-4267-3\" ><div id=\"pgc-4267-3-0\"  class=\"panel-grid-cell\" ><div id=\"panel-4267-3-0-0\" class=\"so-panel widget widget_sow-editor panel-first-child\" data-index=\"5\" ><div class=\"padding-left padding-right panel-widget-style panel-widget-style-for-4267-3-0-0\" ><div\n\t\t\t\n\t\t\tclass=\"so-widget-sow-editor so-widget-sow-editor-base\"\n\t\t\t\n\t\t>\n<div class=\"siteorigin-widget-tinymce textwidget\">\n\t<h3 style=\"text-align: center;\">acc\u00e9dez \u00e0 la phototh\u00e8que sunshine habitat<\/h3>\n<p style=\"text-align: center;\"><a class=\"btn\" href=\"https:\/\/www.sunshine-habitat.com\/phototheque\/\" target=\"_blank\" rel=\"noopener\">Phototh\u00e8que<\/a><\/p>\n<\/div>\n<\/div><\/div><\/div><div id=\"panel-4267-3-0-1\" class=\"so-panel widget widget_sow-editor panel-last-child\" data-index=\"6\" ><div class=\"padding-left padding-right panel-widget-style panel-widget-style-for-4267-3-0-1\" ><div\n\t\t\t\n\t\t\tclass=\"so-widget-sow-editor so-widget-sow-editor-base\"\n\t\t\t\n\t\t>\n<div class=\"siteorigin-widget-tinymce textwidget\">\n\t<p><a class=\"btn btn-border btn-trans\" href=\"https:\/\/www.sunshine-habitat.com\/chalets-fabre\/services-fabre\/\">&lt; Revenir aux services Chalets Fabre<\/a><\/p>\n<\/div>\n<\/div><\/div><\/div><\/div><\/div><\/div><\/div>","protected":false},"excerpt":{"rendered":"<p>Des photographies pour votre communication Enrichissez vos supports de communication avec des photos professionnelles Chalets Fabre offre \u00e0 ses clients professionnels la possibilit\u00e9 de t\u00e9l\u00e9charger gratuitement des photos de<\/p>\n","protected":false},"author":2,"featured_media":0,"parent":4266,"menu_order":97,"comment_status":"closed","ping_status":"closed","template":"","meta":{"inline_featured_image":false,"footnotes":""},"class_list":["post-4267","page","type-page","status-publish","hentry"],"yoast_head":"<!-- This site is optimized with the Yoast SEO plugin v27.3 - https:\/\/yoast.com\/product\/yoast-seo-wordpress\/ -->\n<title>Phototh\u00e8que - Sunshine Habitat<\/title>\n<meta name=\"robots\" content=\"index, follow, max-snippet:-1, max-image-preview:large, max-video-preview:-1\" \/>\n<link rel=\"canonical\" href=\"https:\/\/www.sunshine-habitat.com\/fr\/chalets-fabre\/services-fabre\/des-photographies-pour-votre-communication-2\/\" \/>\n<meta property=\"og:locale\" content=\"fr_FR\" \/>\n<meta property=\"og:type\" content=\"article\" \/>\n<meta property=\"og:title\" content=\"Phototh\u00e8que - Sunshine Habitat\" \/>\n<meta property=\"og:description\" content=\"Des photographies pour votre communication Enrichissez vos supports de communication avec des photos professionnelles Chalets Fabre offre \u00e0 ses clients professionnels la possibilit\u00e9 de t\u00e9l\u00e9charger gratuitement des photos de\" \/>\n<meta property=\"og:url\" content=\"https:\/\/www.sunshine-habitat.com\/fr\/chalets-fabre\/services-fabre\/des-photographies-pour-votre-communication-2\/\" \/>\n<meta property=\"og:site_name\" content=\"Sunshine Habitat\" \/>\n<meta property=\"article:modified_time\" content=\"2023-02-16T09:37:15+00:00\" \/>\n<meta property=\"og:image\" content=\"https:\/\/www.sunshine-habitat.com\/wp-content\/uploads\/2022\/02\/Confort-1-Chalets-Fabre-e1650470736684.jpg\" \/>\n<meta name=\"twitter:card\" content=\"summary_large_image\" \/>\n<script type=\"application\/ld+json\" class=\"yoast-schema-graph\">{\"@context\":\"https:\\\/\\\/schema.org\",\"@graph\":[{\"@type\":\"WebPage\",\"@id\":\"https:\\\/\\\/www.sunshine-habitat.com\\\/fr\\\/chalets-fabre\\\/services-fabre\\\/des-photographies-pour-votre-communication-2\\\/\",\"url\":\"https:\\\/\\\/www.sunshine-habitat.com\\\/fr\\\/chalets-fabre\\\/services-fabre\\\/des-photographies-pour-votre-communication-2\\\/\",\"name\":\"Phototh\u00e8que - Sunshine Habitat\",\"isPartOf\":{\"@id\":\"https:\\\/\\\/www.sunshine-habitat.com\\\/fr\\\/#website\"},\"primaryImageOfPage\":{\"@id\":\"https:\\\/\\\/www.sunshine-habitat.com\\\/fr\\\/chalets-fabre\\\/services-fabre\\\/des-photographies-pour-votre-communication-2\\\/#primaryimage\"},\"image\":{\"@id\":\"https:\\\/\\\/www.sunshine-habitat.com\\\/fr\\\/chalets-fabre\\\/services-fabre\\\/des-photographies-pour-votre-communication-2\\\/#primaryimage\"},\"thumbnailUrl\":\"https:\\\/\\\/www.sunshine-habitat.com\\\/wp-content\\\/uploads\\\/2022\\\/02\\\/Confort-1-Chalets-Fabre-e1650470736684.jpg\",\"datePublished\":\"2022-02-14T17:29:44+00:00\",\"dateModified\":\"2023-02-16T09:37:15+00:00\",\"breadcrumb\":{\"@id\":\"https:\\\/\\\/www.sunshine-habitat.com\\\/fr\\\/chalets-fabre\\\/services-fabre\\\/des-photographies-pour-votre-communication-2\\\/#breadcrumb\"},\"inLanguage\":\"fr-FR\",\"potentialAction\":[{\"@type\":\"ReadAction\",\"target\":[\"https:\\\/\\\/www.sunshine-habitat.com\\\/fr\\\/chalets-fabre\\\/services-fabre\\\/des-photographies-pour-votre-communication-2\\\/\"]}]},{\"@type\":\"ImageObject\",\"inLanguage\":\"fr-FR\",\"@id\":\"https:\\\/\\\/www.sunshine-habitat.com\\\/fr\\\/chalets-fabre\\\/services-fabre\\\/des-photographies-pour-votre-communication-2\\\/#primaryimage\",\"url\":\"https:\\\/\\\/www.sunshine-habitat.com\\\/wp-content\\\/uploads\\\/2022\\\/02\\\/Confort-1-Chalets-Fabre-e1650470736684.jpg\",\"contentUrl\":\"https:\\\/\\\/www.sunshine-habitat.com\\\/wp-content\\\/uploads\\\/2022\\\/02\\\/Confort-1-Chalets-Fabre-e1650470736684.jpg\"},{\"@type\":\"BreadcrumbList\",\"@id\":\"https:\\\/\\\/www.sunshine-habitat.com\\\/fr\\\/chalets-fabre\\\/services-fabre\\\/des-photographies-pour-votre-communication-2\\\/#breadcrumb\",\"itemListElement\":[{\"@type\":\"ListItem\",\"position\":1,\"name\":\"Accueil\",\"item\":\"https:\\\/\\\/www.sunshine-habitat.com\\\/fr\\\/\"},{\"@type\":\"ListItem\",\"position\":2,\"name\":\"Chalets Fabre\",\"item\":\"https:\\\/\\\/www.sunshine-habitat.com\\\/fr\\\/chalets-fabre\\\/\"},{\"@type\":\"ListItem\",\"position\":3,\"name\":\"Services Chalets Fabre\",\"item\":\"https:\\\/\\\/www.sunshine-habitat.com\\\/fr\\\/chalets-fabre\\\/services-fabre\\\/\"},{\"@type\":\"ListItem\",\"position\":4,\"name\":\"Phototh\u00e8que\"}]},{\"@type\":\"WebSite\",\"@id\":\"https:\\\/\\\/www.sunshine-habitat.com\\\/fr\\\/#website\",\"url\":\"https:\\\/\\\/www.sunshine-habitat.com\\\/fr\\\/\",\"name\":\"Sunshine Habitat\",\"description\":\"\",\"publisher\":{\"@id\":\"https:\\\/\\\/www.sunshine-habitat.com\\\/fr\\\/#organization\"},\"potentialAction\":[{\"@type\":\"SearchAction\",\"target\":{\"@type\":\"EntryPoint\",\"urlTemplate\":\"https:\\\/\\\/www.sunshine-habitat.com\\\/fr\\\/?s={search_term_string}\"},\"query-input\":{\"@type\":\"PropertyValueSpecification\",\"valueRequired\":true,\"valueName\":\"search_term_string\"}}],\"inLanguage\":\"fr-FR\"},{\"@type\":\"Organization\",\"@id\":\"https:\\\/\\\/www.sunshine-habitat.com\\\/fr\\\/#organization\",\"name\":\"Sunshine Habitat\",\"url\":\"https:\\\/\\\/www.sunshine-habitat.com\\\/fr\\\/\",\"logo\":{\"@type\":\"ImageObject\",\"inLanguage\":\"fr-FR\",\"@id\":\"https:\\\/\\\/www.sunshine-habitat.com\\\/fr\\\/#\\\/schema\\\/logo\\\/image\\\/\",\"url\":\"https:\\\/\\\/www.sunshine-habitat.com\\\/wp-content\\\/uploads\\\/2021\\\/05\\\/logo.png\",\"contentUrl\":\"https:\\\/\\\/www.sunshine-habitat.com\\\/wp-content\\\/uploads\\\/2021\\\/05\\\/logo.png\",\"width\":192,\"height\":250,\"caption\":\"Sunshine Habitat\"},\"image\":{\"@id\":\"https:\\\/\\\/www.sunshine-habitat.com\\\/fr\\\/#\\\/schema\\\/logo\\\/image\\\/\"}}]}<\/script>\n<!-- \/ Yoast SEO plugin. -->","yoast_head_json":{"title":"Phototh\u00e8que - Sunshine Habitat","robots":{"index":"index","follow":"follow","max-snippet":"max-snippet:-1","max-image-preview":"max-image-preview:large","max-video-preview":"max-video-preview:-1"},"canonical":"https:\/\/www.sunshine-habitat.com\/fr\/chalets-fabre\/services-fabre\/des-photographies-pour-votre-communication-2\/","og_locale":"fr_FR","og_type":"article","og_title":"Phototh\u00e8que - Sunshine Habitat","og_description":"Des photographies pour votre communication Enrichissez vos supports de communication avec des photos professionnelles Chalets Fabre offre \u00e0 ses clients professionnels la possibilit\u00e9 de t\u00e9l\u00e9charger gratuitement des photos de","og_url":"https:\/\/www.sunshine-habitat.com\/fr\/chalets-fabre\/services-fabre\/des-photographies-pour-votre-communication-2\/","og_site_name":"Sunshine Habitat","article_modified_time":"2023-02-16T09:37:15+00:00","og_image":[{"url":"https:\/\/www.sunshine-habitat.com\/wp-content\/uploads\/2022\/02\/Confort-1-Chalets-Fabre-e1650470736684.jpg","type":"","width":"","height":""}],"twitter_card":"summary_large_image","schema":{"@context":"https:\/\/schema.org","@graph":[{"@type":"WebPage","@id":"https:\/\/www.sunshine-habitat.com\/fr\/chalets-fabre\/services-fabre\/des-photographies-pour-votre-communication-2\/","url":"https:\/\/www.sunshine-habitat.com\/fr\/chalets-fabre\/services-fabre\/des-photographies-pour-votre-communication-2\/","name":"Phototh\u00e8que - Sunshine Habitat","isPartOf":{"@id":"https:\/\/www.sunshine-habitat.com\/fr\/#website"},"primaryImageOfPage":{"@id":"https:\/\/www.sunshine-habitat.com\/fr\/chalets-fabre\/services-fabre\/des-photographies-pour-votre-communication-2\/#primaryimage"},"image":{"@id":"https:\/\/www.sunshine-habitat.com\/fr\/chalets-fabre\/services-fabre\/des-photographies-pour-votre-communication-2\/#primaryimage"},"thumbnailUrl":"https:\/\/www.sunshine-habitat.com\/wp-content\/uploads\/2022\/02\/Confort-1-Chalets-Fabre-e1650470736684.jpg","datePublished":"2022-02-14T17:29:44+00:00","dateModified":"2023-02-16T09:37:15+00:00","breadcrumb":{"@id":"https:\/\/www.sunshine-habitat.com\/fr\/chalets-fabre\/services-fabre\/des-photographies-pour-votre-communication-2\/#breadcrumb"},"inLanguage":"fr-FR","potentialAction":[{"@type":"ReadAction","target":["https:\/\/www.sunshine-habitat.com\/fr\/chalets-fabre\/services-fabre\/des-photographies-pour-votre-communication-2\/"]}]},{"@type":"ImageObject","inLanguage":"fr-FR","@id":"https:\/\/www.sunshine-habitat.com\/fr\/chalets-fabre\/services-fabre\/des-photographies-pour-votre-communication-2\/#primaryimage","url":"https:\/\/www.sunshine-habitat.com\/wp-content\/uploads\/2022\/02\/Confort-1-Chalets-Fabre-e1650470736684.jpg","contentUrl":"https:\/\/www.sunshine-habitat.com\/wp-content\/uploads\/2022\/02\/Confort-1-Chalets-Fabre-e1650470736684.jpg"},{"@type":"BreadcrumbList","@id":"https:\/\/www.sunshine-habitat.com\/fr\/chalets-fabre\/services-fabre\/des-photographies-pour-votre-communication-2\/#breadcrumb","itemListElement":[{"@type":"ListItem","position":1,"name":"Accueil","item":"https:\/\/www.sunshine-habitat.com\/fr\/"},{"@type":"ListItem","position":2,"name":"Chalets Fabre","item":"https:\/\/www.sunshine-habitat.com\/fr\/chalets-fabre\/"},{"@type":"ListItem","position":3,"name":"Services Chalets Fabre","item":"https:\/\/www.sunshine-habitat.com\/fr\/chalets-fabre\/services-fabre\/"},{"@type":"ListItem","position":4,"name":"Phototh\u00e8que"}]},{"@type":"WebSite","@id":"https:\/\/www.sunshine-habitat.com\/fr\/#website","url":"https:\/\/www.sunshine-habitat.com\/fr\/","name":"Sunshine Habitat","description":"","publisher":{"@id":"https:\/\/www.sunshine-habitat.com\/fr\/#organization"},"potentialAction":[{"@type":"SearchAction","target":{"@type":"EntryPoint","urlTemplate":"https:\/\/www.sunshine-habitat.com\/fr\/?s={search_term_string}"},"query-input":{"@type":"PropertyValueSpecification","valueRequired":true,"valueName":"search_term_string"}}],"inLanguage":"fr-FR"},{"@type":"Organization","@id":"https:\/\/www.sunshine-habitat.com\/fr\/#organization","name":"Sunshine Habitat","url":"https:\/\/www.sunshine-habitat.com\/fr\/","logo":{"@type":"ImageObject","inLanguage":"fr-FR","@id":"https:\/\/www.sunshine-habitat.com\/fr\/#\/schema\/logo\/image\/","url":"https:\/\/www.sunshine-habitat.com\/wp-content\/uploads\/2021\/05\/logo.png","contentUrl":"https:\/\/www.sunshine-habitat.com\/wp-content\/uploads\/2021\/05\/logo.png","width":192,"height":250,"caption":"Sunshine Habitat"},"image":{"@id":"https:\/\/www.sunshine-habitat.com\/fr\/#\/schema\/logo\/image\/"}}]}},"_links":{"self":[{"href":"https:\/\/www.sunshinehabitat.com\/fr\/wp-json\/wp\/v2\/pages\/4267","targetHints":{"allow":["GET"]}}],"collection":[{"href":"https:\/\/www.sunshinehabitat.com\/fr\/wp-json\/wp\/v2\/pages"}],"about":[{"href":"https:\/\/www.sunshinehabitat.com\/fr\/wp-json\/wp\/v2\/types\/page"}],"author":[{"embeddable":true,"href":"https:\/\/www.sunshinehabitat.com\/fr\/wp-json\/wp\/v2\/users\/2"}],"replies":[{"embeddable":true,"href":"https:\/\/www.sunshinehabitat.com\/fr\/wp-json\/wp\/v2\/comments?post=4267"}],"version-history":[{"count":5,"href":"https:\/\/www.sunshinehabitat.com\/fr\/wp-json\/wp\/v2\/pages\/4267\/revisions"}],"predecessor-version":[{"id":14355,"href":"https:\/\/www.sunshinehabitat.com\/fr\/wp-json\/wp\/v2\/pages\/4267\/revisions\/14355"}],"up":[{"embeddable":true,"href":"https:\/\/www.sunshinehabitat.com\/fr\/wp-json\/wp\/v2\/pages\/4266"}],"wp:attachment":[{"href":"https:\/\/www.sunshinehabitat.com\/fr\/wp-json\/wp\/v2\/media?parent=4267"}],"curies":[{"name":"wp","href":"https:\/\/api.w.org\/{rel}","templated":true}]}}