{"id":4268,"date":"2022-02-14T18:35:10","date_gmt":"2022-02-14T17:35:10","guid":{"rendered":"https:\/\/www.sunshine-habitat.com\/?page_id=4268"},"modified":"2022-09-29T16:05:25","modified_gmt":"2022-09-29T14:05:25","slug":"renovation-de-votre-chalet","status":"publish","type":"page","link":"https:\/\/www.sunshinehabitat.com\/fr\/chalets-fabre\/services-fabre\/renovation-de-votre-chalet\/","title":{"rendered":"R\u00e9novation de votre chalet"},"content":{"rendered":"<div id=\"pl-4268\"  class=\"panel-layout\" ><div id=\"pg-4268-0\"  class=\"panel-grid panel-has-style no-padding-bottom-nc-wrap\" ><div class=\"no-padding-bottom panel-row-style panel-row-style-for-4268-0\" ><div id=\"pgc-4268-0-0\"  class=\"panel-grid-cell\" ><div id=\"panel-4268-0-0-0\" class=\"so-panel widget widget_sow-editor panel-first-child panel-last-child\" data-index=\"0\" ><div\n\t\t\t\n\t\t\tclass=\"so-widget-sow-editor so-widget-sow-editor-base\"\n\t\t\t\n\t\t>\n<div class=\"siteorigin-widget-tinymce textwidget\">\n\t<h2 style=\"text-align: center;\">Une r\u00e9novation de chalet adapt\u00e9e \u00e0 vos besoins<\/h2>\n<p>&nbsp;<\/p>\n<p style=\"text-align: center;\">Chalets Fabre vous propose une prestation de <strong>r\u00e9novation de chalets<\/strong>. Adapt\u00e9e \u00e0 chacun de vos besoins, en int\u00e9rieur comme \u00e0 l\u2019ext\u00e9rieur, profitez d\u2019une r\u00e9novation compl\u00e8te ou partielle selon vos attentes. Chalets Fabre r\u00e9alise une \u00e9tude personnalis\u00e9e de votre demande et \u0153uvre pour vous faire la meilleure proposition de r\u00e9novation pour votre chalet en bois avec des devis pr\u00e9cis.<\/p>\n<p style=\"text-align: center;\">Le service de r\u00e9novation s\u2019adapte vraiment \u00e0 vous.<strong> Chalets Fabre<\/strong> vous propose soit la fourniture seule des mat\u00e9riaux, soit la fourniture et la pose par des \u00e9quipes comp\u00e9tentes.<\/p>\n<\/div>\n<\/div><\/div><\/div><\/div><\/div><div id=\"pg-4268-1\"  class=\"panel-grid panel-has-style no-padding-top-nc-wrap\" ><div class=\"no-padding-top panel-row-style panel-row-style-for-4268-1\" ><div id=\"pgc-4268-1-0\"  class=\"panel-grid-cell\" ><div id=\"panel-4268-1-0-0\" class=\"so-panel widget widget_sow-image panel-first-child panel-last-child\" data-index=\"1\" ><div class=\"panel-widget-style panel-widget-style-for-4268-1-0-0\" ><div\n\t\t\t\n\t\t\tclass=\"so-widget-sow-image so-widget-sow-image-default-8b5b6f678277-4268\"\n\t\t\t\n\t\t>\n<div class=\"sow-image-container\">\n\t\t\t<a href=\"https:\/\/www.sunshinehabitat.com\/wp-content\/uploads\/2022\/03\/2-1-e1651744388700.jpg\"\n\t\t\tdata-lightbox=\"Plein Air 37-3 terrasse couverte\" data-lightbox-options=\"{&quot;alwaysShowNavOnTouchDevices&quot;:false,&quot;overlayColor&quot;:&quot;#000&quot;,&quot;overlayOpacity&quot;:0.8,&quot;fadeDuration&quot;:600,&quot;fitImagesInViewport&quot;:true,&quot;imageFadeDuration&quot;:600,&quot;maxHeight&quot;:&quot;&quot;,&quot;maxWidth&quot;:&quot;&quot;,&quot;positionFromTop&quot;:50,&quot;resizeDuration&quot;:700,&quot;showImageNumberLabel&quot;:true,&quot;disableCaption&quot;:&quot;&quot;,&quot;wrapAround&quot;:true,&quot;albumLabel&quot;:&quot; %1 of %2&quot;}\" data-title=\"Plein Air 37-3 terrasse couverte\" \t\t>\n\t\t\t<img fetchpriority=\"high\" \n\tsrc=\"https:\/\/www.sunshinehabitat.com\/wp-content\/uploads\/2022\/03\/2-1-e1651744388700.jpg\" width=\"790\" height=\"414\" srcset=\"https:\/\/www.sunshinehabitat.com\/wp-content\/uploads\/2022\/03\/2-1-e1651744388700.jpg 790w, https:\/\/www.sunshinehabitat.com\/wp-content\/uploads\/2022\/03\/2-1-e1651744388700-300x157.jpg 300w, https:\/\/www.sunshinehabitat.com\/wp-content\/uploads\/2022\/03\/2-1-e1651744388700-402x211.jpg 402w, https:\/\/www.sunshinehabitat.com\/wp-content\/uploads\/2022\/03\/2-1-e1651744388700-550x288.jpg 550w, https:\/\/www.sunshinehabitat.com\/wp-content\/uploads\/2022\/03\/2-1-e1651744388700-768x402.jpg 768w, https:\/\/www.sunshinehabitat.com\/wp-content\/uploads\/2022\/03\/2-1-e1651744388700-500x262.jpg 500w, https:\/\/www.sunshinehabitat.com\/wp-content\/uploads\/2022\/03\/2-1-e1651744388700-210x110.jpg 210w, https:\/\/www.sunshinehabitat.com\/wp-content\/uploads\/2022\/03\/2-1-e1651744388700-130x68.jpg 130w\" sizes=\"(max-width: 790px) 100vw, 790px\" title=\"Plein Air 37-3 terrasse couverte\" alt=\"Plein Air 37-3 terrasse couverte\" \t\tclass=\"so-widget-image\"\/>\n\t\t\t<\/a><\/div>\n\n<\/div><\/div><\/div><\/div><div id=\"pgc-4268-1-1\"  class=\"panel-grid-cell\" ><div id=\"panel-4268-1-1-0\" class=\"so-panel widget widget_sow-editor panel-first-child panel-last-child\" data-index=\"2\" ><div class=\"padding-left padding-right panel-widget-style panel-widget-style-for-4268-1-1-0\" ><div\n\t\t\t\n\t\t\tclass=\"so-widget-sow-editor so-widget-sow-editor-base\"\n\t\t\t\n\t\t>\n<div class=\"siteorigin-widget-tinymce textwidget\">\n\t<p style=\"text-align: justify;\">La r\u00e9novation d\u2019un chalet peut \u00eatre n\u00e9cessaire au fil des ann\u00e9es pour <strong>conserver et entretenir un chalet en bon<\/strong> <strong>\u00e9tat<\/strong>, au m\u00eame titre qu\u2019une maison. Les op\u00e9rations de r\u00e9novation sur les chalets de loisirs sont fr\u00e9quentes au bout de plusieurs ann\u00e9es d\u2019utilisation et de vie du chalet.<\/p>\n<p style=\"text-align: justify;\">Lorsque votre chalet date de plusieurs dizaines d\u2019ann\u00e9es, il est normal que quelques petites op\u00e9rations de rafra\u00eechissement soient utiles. Le remplacement du bardage, des volets, des menuiseries ou de la couverture est tout \u00e0 fait possible.<\/p>\n<\/div>\n<\/div><\/div><\/div><\/div><\/div><\/div><div id=\"pg-4268-2\"  class=\"panel-grid panel-has-style no-padding-top-nc-wrap\" ><div class=\"no-padding-top panel-row-style panel-row-style-for-4268-2\" ><div id=\"pgc-4268-2-0\"  class=\"panel-grid-cell\" ><div id=\"panel-4268-2-0-0\" class=\"so-panel widget widget_sow-editor panel-first-child panel-last-child\" data-index=\"3\" ><div class=\"padding-right panel-widget-style panel-widget-style-for-4268-2-0-0\" ><div\n\t\t\t\n\t\t\tclass=\"so-widget-sow-editor so-widget-sow-editor-base\"\n\t\t\t\n\t\t>\n<div class=\"siteorigin-widget-tinymce textwidget\">\n\t<h3>La r\u00e9novation des pi\u00e8ces de vie<\/h3>\n<p style=\"text-align: justify;\">Le remplacement de certains placards marqu\u00e9s par les multiples utilisations est fr\u00e9quent. Un <strong>nouvel am\u00e9nagement<\/strong> au go\u00fbt du jour peut \u00eatre sugg\u00e9r\u00e9 et r\u00e9alis\u00e9 par nos soins.<\/p>\n<p style=\"text-align: justify;\">La r\u00e9novation de votre <strong>chalet en bois<\/strong> permet \u00e9galement la r\u00e9organisation des pi\u00e8ces. Par exemple, des cloisons peuvent \u00eatre mont\u00e9es pour recr\u00e9er diff\u00e9rents espaces comme, par exemple, <strong>2 espaces nuits<\/strong> dans une seule grande pi\u00e8ce. Une cloison dot\u00e9e d\u2019un gainage \u00e9lectrique peut \u00eatre mont\u00e9e. La cloison pr\u00e9-gain\u00e9e est rev\u00eatue de lambris, servant de t\u00eate de lit de part et d\u2019autre des 2 pi\u00e8ces.<\/p>\n<p><a class=\"btn btn-fabre\" href=\"https:\/\/www.sunshine-habitat.com\/chalets-fabre\/contactez-nous-a-propos-des-chalets-fabre\/\">Contacter un conseiller<\/a><\/p>\n<\/div>\n<\/div><\/div><\/div><\/div><div id=\"pgc-4268-2-1\"  class=\"panel-grid-cell\" ><div id=\"panel-4268-2-1-0\" class=\"so-panel widget widget_sow-image panel-first-child panel-last-child\" data-index=\"4\" ><div\n\t\t\t\n\t\t\tclass=\"so-widget-sow-image so-widget-sow-image-default-8b5b6f678277-4268\"\n\t\t\t\n\t\t>\n<div class=\"sow-image-container\">\n\t\t\t<a href=\"https:\/\/www.sunshinehabitat.com\/wp-content\/uploads\/2022\/03\/Phototeque-3.jpg\"\n\t\t\tdata-lightbox=\"Photot\u00e8que 3\" data-lightbox-options=\"{&quot;alwaysShowNavOnTouchDevices&quot;:false,&quot;overlayColor&quot;:&quot;#000&quot;,&quot;overlayOpacity&quot;:0.8,&quot;fadeDuration&quot;:600,&quot;fitImagesInViewport&quot;:true,&quot;imageFadeDuration&quot;:600,&quot;maxHeight&quot;:&quot;&quot;,&quot;maxWidth&quot;:&quot;&quot;,&quot;positionFromTop&quot;:50,&quot;resizeDuration&quot;:700,&quot;showImageNumberLabel&quot;:true,&quot;disableCaption&quot;:&quot;&quot;,&quot;wrapAround&quot;:true,&quot;albumLabel&quot;:&quot; %1 of %2&quot;}\" data-title=\"Photot\u00e8que 3\" \t\t>\n\t\t\t<img \n\tsrc=\"https:\/\/www.sunshinehabitat.com\/wp-content\/uploads\/2022\/03\/Phototeque-3.jpg\" width=\"757\" height=\"516\" srcset=\"https:\/\/www.sunshinehabitat.com\/wp-content\/uploads\/2022\/03\/Phototeque-3.jpg 757w, https:\/\/www.sunshinehabitat.com\/wp-content\/uploads\/2022\/03\/Phototeque-3-300x204.jpg 300w\" sizes=\"(max-width: 757px) 100vw, 757px\" title=\"Photot\u00e8que 3\" alt=\"Espace d\u00e9tente avec canap\u00e9 gris\" \t\tclass=\"so-widget-image\"\/>\n\t\t\t<\/a><\/div>\n\n<\/div><\/div><\/div><\/div><\/div><div id=\"pg-4268-3\"  class=\"panel-grid panel-has-style no-padding-top-nc-wrap\" ><div class=\"no-padding-top panel-row-style panel-row-style-for-4268-3\" ><div id=\"pgc-4268-3-0\"  class=\"panel-grid-cell\" ><div id=\"panel-4268-3-0-0\" class=\"so-panel widget widget_sow-image panel-first-child panel-last-child\" data-index=\"5\" ><div class=\"panel-widget-style panel-widget-style-for-4268-3-0-0\" ><div\n\t\t\t\n\t\t\tclass=\"so-widget-sow-image so-widget-sow-image-default-e4c2d9f6c920-4268\"\n\t\t\t\n\t\t>\n<div class=\"sow-image-container\">\n\t\t\t<a href=\"https:\/\/www.sunshinehabitat.com\/wp-content\/uploads\/2022\/04\/5.jpg\"\n\t\t\tdata-lightbox=\"Cuisine-Chalets-Fabre-am\u00e9nagement-r\u00e9novation\" data-lightbox-options=\"{&quot;alwaysShowNavOnTouchDevices&quot;:false,&quot;overlayColor&quot;:&quot;#000&quot;,&quot;overlayOpacity&quot;:0.8,&quot;fadeDuration&quot;:600,&quot;fitImagesInViewport&quot;:true,&quot;imageFadeDuration&quot;:600,&quot;maxHeight&quot;:&quot;&quot;,&quot;maxWidth&quot;:&quot;&quot;,&quot;positionFromTop&quot;:50,&quot;resizeDuration&quot;:700,&quot;showImageNumberLabel&quot;:true,&quot;disableCaption&quot;:&quot;&quot;,&quot;wrapAround&quot;:true,&quot;albumLabel&quot;:&quot; %1 of %2&quot;}\" data-title=\"Cuisine-Chalets-Fabre-am\u00e9nagement-r\u00e9novation\" \t\t>\n\t\t\t<img \n\tsrc=\"https:\/\/www.sunshinehabitat.com\/wp-content\/uploads\/2022\/04\/5.jpg\" width=\"629\" height=\"903\" srcset=\"https:\/\/www.sunshinehabitat.com\/wp-content\/uploads\/2022\/04\/5.jpg 629w, https:\/\/www.sunshinehabitat.com\/wp-content\/uploads\/2022\/04\/5-209x300.jpg 209w, https:\/\/www.sunshinehabitat.com\/wp-content\/uploads\/2022\/04\/5-533x765.jpg 533w\" sizes=\"(max-width: 629px) 100vw, 629px\" title=\"Cuisine-Chalets-Fabre-am\u00e9nagement-r\u00e9novation\" alt=\"am\u00e9nagement r\u00e9novation chalet cuisine\" \t\tclass=\"so-widget-image\"\/>\n\t\t\t<\/a><\/div>\n\n<\/div><\/div><\/div><\/div><div id=\"pgc-4268-3-1\"  class=\"panel-grid-cell\" ><div id=\"panel-4268-3-1-0\" class=\"so-panel widget widget_sow-editor panel-first-child panel-last-child\" data-index=\"6\" ><div class=\"padding-left padding-right panel-widget-style panel-widget-style-for-4268-3-1-0\" ><div\n\t\t\t\n\t\t\tclass=\"so-widget-sow-editor so-widget-sow-editor-base\"\n\t\t\t\n\t\t>\n<div class=\"siteorigin-widget-tinymce textwidget\">\n\t<h3>Le r\u00e9am\u00e9nagement du coin cuisine<\/h3>\n<p style=\"text-align: justify;\">La cuisine est un lieu o\u00f9 l\u2019on passe beaucoup de temps et o\u00f9 l\u2019on doit se sentir bien. De <strong>multiples prestations de r\u00e9novation<\/strong> pour la cuisine sont propos\u00e9es. Vous pouvez profiter de petites r\u00e9novations comme le remplacement du rev\u00eatement de sol us\u00e9, le changement des rideaux anciens ou <strong>le remplacement d\u2019une petite kitchenette<\/strong> 120x60 cm. Des travaux plus importants peuvent s\u2019op\u00e9rer : enl\u00e8vement de tout le mobilier, de l\u2019\u00e9lectrom\u00e9nager et du sol, installation <strong>d\u2019un nouveau rev\u00eatement de sol<\/strong>, mise en place d\u2019un nouvel agencement avec l\u2019int\u00e9gration de rangements suppl\u00e9mentaires et remplacement total de tout l\u2019\u00e9lectrom\u00e9nager (plaque 4 feux \u00e9lectrique, hotte int\u00e9gr\u00e9e, \u00e9vier encastr\u00e9, r\u00e9frig\u00e9rateur-cong\u00e9lateur).<\/p>\n<p style=\"text-align: justify;\">D\u2019autres interventions peuvent avoir lieu dans la cuisine comme le remplacement d\u2019une cuisine vieillissante, avec des \u00e9tag\u00e8res sans portes et pas suffisamment de rangements. A la place, on peut cr\u00e9er un retour de cuisine avec \u00e9tag\u00e8res, changer tous les meubles en int\u00e9grant une plaque avec feux gaz, et m\u00eame, changer le m\u00e9lamin\u00e9 sur le mur et les cloisons. Comme vous l'aurez compris, de nombreuses possibilit\u00e9s s\u2019offrent \u00e0 vous pour la r\u00e9novation de la cuisine de votre Chalet en bois.<\/p>\n<\/div>\n<\/div><\/div><\/div><\/div><\/div><\/div><div id=\"pg-4268-4\"  class=\"panel-grid panel-has-style no-padding-top-nc-wrap\" ><div class=\"no-padding-top panel-row-style panel-row-style-for-4268-4\" ><div id=\"pgc-4268-4-0\"  class=\"panel-grid-cell\" ><div id=\"panel-4268-4-0-0\" class=\"so-panel widget widget_sow-editor panel-first-child panel-last-child\" data-index=\"7\" ><div class=\"padding-left padding-right panel-widget-style panel-widget-style-for-4268-4-0-0\" ><div\n\t\t\t\n\t\t\tclass=\"so-widget-sow-editor so-widget-sow-editor-base\"\n\t\t\t\n\t\t>\n<div class=\"siteorigin-widget-tinymce textwidget\">\n\t<h3><\/h3>\n<h3>L\u2019organisation de l\u2019espace nuit<\/h3>\n<p style=\"text-align: justify;\">Dans les espaces nuits, les possibilit\u00e9s de r\u00e9novation sont multiples. Par exemple, il est possible de retirer une t\u00eate de lit basique avec des fils \u00e9lectriques apparents en installant une nouvelle cloison s\u00e9parative avec gainage \u00e9lectrique et une nouvelle t\u00eate de lit lambriss\u00e9e avec interrupteur et lisseuse au-dessus de chaque couchage.<\/p>\n<h2>D\u2019autres prestations pour votre Chalet\u00a0:<\/h2>\n<p style=\"text-align: justify;\">Le <strong>d\u00e9placement de chalet<\/strong>. Il vous est possible, si vous le souhaitez de d\u00e9m\u00e9nager votre chalet sur un nouveau site. La prestation prend en compte la mise en place d\u2019un proc\u00e9d\u00e9 sp\u00e9cifique pour le d\u00e9placement d\u2019un chalet, c\u2019est-\u00e0-dire la pose du chalet sur un camion pour effectuer le transfert et l\u2019implantation du chalet sur sa nouvelle parcelle.<\/p>\n<p style=\"text-align: justify;\">Retrouvez l\u2019ensemble de nos gammes de chalets, mobil-homes et lodges \u00e0 d\u00e9couvrir sur <a href=\"https:\/\/www.sunshine-habitat.com\/qui-sommes-nous\/\">Sunshine Habitat<\/a>.<\/p>\n<p style=\"text-align: justify;\">Pour plus de renseignements, contactez-nous. Nous \u00e9tudierons avec vous vos besoins et vous proposerons la meilleure solution.<\/p>\n<p><a class=\"btn btn-gris\" href=\"https:\/\/www.sunshine-habitat.com\/contact\/\">Contacter un conseiller<\/a><\/p>\n<\/div>\n<\/div><\/div><\/div><\/div><div id=\"pgc-4268-4-1\"  class=\"panel-grid-cell\" ><div id=\"panel-4268-4-1-0\" class=\"so-panel widget widget_sow-image panel-first-child panel-last-child\" data-index=\"8\" ><div class=\"panel-widget-style panel-widget-style-for-4268-4-1-0\" ><div\n\t\t\t\n\t\t\tclass=\"so-widget-sow-image so-widget-sow-image-default-8b5b6f678277-4268\"\n\t\t\t\n\t\t>\n<div class=\"sow-image-container\">\n\t\t\t<a href=\"https:\/\/www.sunshinehabitat.com\/wp-content\/uploads\/2022\/04\/10.jpg\"\n\t\t\tdata-lightbox=\"espace-nuit-r\u00e9novation-chalets-fabre-chambre-enfants\" data-lightbox-options=\"{&quot;alwaysShowNavOnTouchDevices&quot;:false,&quot;overlayColor&quot;:&quot;#000&quot;,&quot;overlayOpacity&quot;:0.8,&quot;fadeDuration&quot;:600,&quot;fitImagesInViewport&quot;:true,&quot;imageFadeDuration&quot;:600,&quot;maxHeight&quot;:&quot;&quot;,&quot;maxWidth&quot;:&quot;&quot;,&quot;positionFromTop&quot;:50,&quot;resizeDuration&quot;:700,&quot;showImageNumberLabel&quot;:true,&quot;disableCaption&quot;:&quot;&quot;,&quot;wrapAround&quot;:true,&quot;albumLabel&quot;:&quot; %1 of %2&quot;}\" data-title=\"espace-nuit-r\u00e9novation-chalets-fabre-chambre-enfants\" \t\t>\n\t\t\t<img loading=\"lazy\" \n\tsrc=\"https:\/\/www.sunshinehabitat.com\/wp-content\/uploads\/2022\/04\/10.jpg\" width=\"641\" height=\"954\" srcset=\"https:\/\/www.sunshinehabitat.com\/wp-content\/uploads\/2022\/04\/10.jpg 641w, https:\/\/www.sunshinehabitat.com\/wp-content\/uploads\/2022\/04\/10-202x300.jpg 202w\" sizes=\"(max-width: 641px) 100vw, 641px\" title=\"espace-nuit-r\u00e9novation-chalets-fabre-chambre-enfants\" alt=\"chambre lit superpos\u00e9s pour enfants r\u00e9novation chalets\" \t\tclass=\"so-widget-image\"\/>\n\t\t\t<\/a><\/div>\n\n<\/div><\/div><\/div><\/div><\/div><\/div><\/div>","protected":false},"excerpt":{"rendered":"<p>Une r\u00e9novation de chalet adapt\u00e9e \u00e0 vos besoins &nbsp; Chalets Fabre vous propose une prestation de r\u00e9novation de chalets. Adapt\u00e9e \u00e0 chacun de vos besoins, en int\u00e9rieur comme \u00e0<\/p>\n","protected":false},"author":2,"featured_media":0,"parent":4266,"menu_order":94,"comment_status":"closed","ping_status":"closed","template":"","meta":{"inline_featured_image":false,"footnotes":""},"class_list":["post-4268","page","type-page","status-publish","hentry"],"yoast_head":"<!-- This site is optimized with the Yoast SEO plugin v27.3 - https:\/\/yoast.com\/product\/yoast-seo-wordpress\/ -->\n<title>R\u00e9novation de votre chalet - Sunshine Habitat<\/title>\n<meta name=\"robots\" content=\"index, follow, max-snippet:-1, max-image-preview:large, max-video-preview:-1\" \/>\n<link rel=\"canonical\" href=\"https:\/\/www.sunshine-habitat.com\/fr\/chalets-fabre\/services-fabre\/renovation-de-votre-chalet\/\" \/>\n<meta property=\"og:locale\" content=\"fr_FR\" \/>\n<meta property=\"og:type\" content=\"article\" \/>\n<meta property=\"og:title\" content=\"R\u00e9novation de votre chalet - Sunshine Habitat\" \/>\n<meta property=\"og:description\" content=\"Une r\u00e9novation de chalet adapt\u00e9e \u00e0 vos besoins &nbsp; Chalets Fabre vous propose une prestation de r\u00e9novation de chalets. Adapt\u00e9e \u00e0 chacun de vos besoins, en int\u00e9rieur comme \u00e0\" \/>\n<meta property=\"og:url\" content=\"https:\/\/www.sunshine-habitat.com\/fr\/chalets-fabre\/services-fabre\/renovation-de-votre-chalet\/\" \/>\n<meta property=\"og:site_name\" content=\"Sunshine Habitat\" \/>\n<meta property=\"article:modified_time\" content=\"2022-09-29T14:05:25+00:00\" \/>\n<meta name=\"twitter:card\" content=\"summary_large_image\" \/>\n<script type=\"application\/ld+json\" class=\"yoast-schema-graph\">{\"@context\":\"https:\\\/\\\/schema.org\",\"@graph\":[{\"@type\":\"WebPage\",\"@id\":\"https:\\\/\\\/www.sunshine-habitat.com\\\/fr\\\/chalets-fabre\\\/services-fabre\\\/renovation-de-votre-chalet\\\/\",\"url\":\"https:\\\/\\\/www.sunshine-habitat.com\\\/fr\\\/chalets-fabre\\\/services-fabre\\\/renovation-de-votre-chalet\\\/\",\"name\":\"R\u00e9novation de votre chalet - Sunshine Habitat\",\"isPartOf\":{\"@id\":\"https:\\\/\\\/www.sunshine-habitat.com\\\/fr\\\/#website\"},\"datePublished\":\"2022-02-14T17:35:10+00:00\",\"dateModified\":\"2022-09-29T14:05:25+00:00\",\"breadcrumb\":{\"@id\":\"https:\\\/\\\/www.sunshine-habitat.com\\\/fr\\\/chalets-fabre\\\/services-fabre\\\/renovation-de-votre-chalet\\\/#breadcrumb\"},\"inLanguage\":\"fr-FR\",\"potentialAction\":[{\"@type\":\"ReadAction\",\"target\":[\"https:\\\/\\\/www.sunshine-habitat.com\\\/fr\\\/chalets-fabre\\\/services-fabre\\\/renovation-de-votre-chalet\\\/\"]}]},{\"@type\":\"BreadcrumbList\",\"@id\":\"https:\\\/\\\/www.sunshine-habitat.com\\\/fr\\\/chalets-fabre\\\/services-fabre\\\/renovation-de-votre-chalet\\\/#breadcrumb\",\"itemListElement\":[{\"@type\":\"ListItem\",\"position\":1,\"name\":\"Accueil\",\"item\":\"https:\\\/\\\/www.sunshine-habitat.com\\\/fr\\\/\"},{\"@type\":\"ListItem\",\"position\":2,\"name\":\"Chalets Fabre\",\"item\":\"https:\\\/\\\/www.sunshine-habitat.com\\\/fr\\\/chalets-fabre\\\/\"},{\"@type\":\"ListItem\",\"position\":3,\"name\":\"Services Chalets Fabre\",\"item\":\"https:\\\/\\\/www.sunshine-habitat.com\\\/fr\\\/chalets-fabre\\\/services-fabre\\\/\"},{\"@type\":\"ListItem\",\"position\":4,\"name\":\"R\u00e9novation de votre chalet\"}]},{\"@type\":\"WebSite\",\"@id\":\"https:\\\/\\\/www.sunshine-habitat.com\\\/fr\\\/#website\",\"url\":\"https:\\\/\\\/www.sunshine-habitat.com\\\/fr\\\/\",\"name\":\"Sunshine Habitat\",\"description\":\"\",\"publisher\":{\"@id\":\"https:\\\/\\\/www.sunshine-habitat.com\\\/fr\\\/#organization\"},\"potentialAction\":[{\"@type\":\"SearchAction\",\"target\":{\"@type\":\"EntryPoint\",\"urlTemplate\":\"https:\\\/\\\/www.sunshine-habitat.com\\\/fr\\\/?s={search_term_string}\"},\"query-input\":{\"@type\":\"PropertyValueSpecification\",\"valueRequired\":true,\"valueName\":\"search_term_string\"}}],\"inLanguage\":\"fr-FR\"},{\"@type\":\"Organization\",\"@id\":\"https:\\\/\\\/www.sunshine-habitat.com\\\/fr\\\/#organization\",\"name\":\"Sunshine Habitat\",\"url\":\"https:\\\/\\\/www.sunshine-habitat.com\\\/fr\\\/\",\"logo\":{\"@type\":\"ImageObject\",\"inLanguage\":\"fr-FR\",\"@id\":\"https:\\\/\\\/www.sunshine-habitat.com\\\/fr\\\/#\\\/schema\\\/logo\\\/image\\\/\",\"url\":\"https:\\\/\\\/www.sunshine-habitat.com\\\/wp-content\\\/uploads\\\/2021\\\/05\\\/logo.png\",\"contentUrl\":\"https:\\\/\\\/www.sunshine-habitat.com\\\/wp-content\\\/uploads\\\/2021\\\/05\\\/logo.png\",\"width\":192,\"height\":250,\"caption\":\"Sunshine Habitat\"},\"image\":{\"@id\":\"https:\\\/\\\/www.sunshine-habitat.com\\\/fr\\\/#\\\/schema\\\/logo\\\/image\\\/\"}}]}<\/script>\n<!-- \/ Yoast SEO plugin. -->","yoast_head_json":{"title":"R\u00e9novation de votre chalet - Sunshine Habitat","robots":{"index":"index","follow":"follow","max-snippet":"max-snippet:-1","max-image-preview":"max-image-preview:large","max-video-preview":"max-video-preview:-1"},"canonical":"https:\/\/www.sunshine-habitat.com\/fr\/chalets-fabre\/services-fabre\/renovation-de-votre-chalet\/","og_locale":"fr_FR","og_type":"article","og_title":"R\u00e9novation de votre chalet - Sunshine Habitat","og_description":"Une r\u00e9novation de chalet adapt\u00e9e \u00e0 vos besoins &nbsp; Chalets Fabre vous propose une prestation de r\u00e9novation de chalets. Adapt\u00e9e \u00e0 chacun de vos besoins, en int\u00e9rieur comme \u00e0","og_url":"https:\/\/www.sunshine-habitat.com\/fr\/chalets-fabre\/services-fabre\/renovation-de-votre-chalet\/","og_site_name":"Sunshine Habitat","article_modified_time":"2022-09-29T14:05:25+00:00","twitter_card":"summary_large_image","schema":{"@context":"https:\/\/schema.org","@graph":[{"@type":"WebPage","@id":"https:\/\/www.sunshine-habitat.com\/fr\/chalets-fabre\/services-fabre\/renovation-de-votre-chalet\/","url":"https:\/\/www.sunshine-habitat.com\/fr\/chalets-fabre\/services-fabre\/renovation-de-votre-chalet\/","name":"R\u00e9novation de votre chalet - Sunshine Habitat","isPartOf":{"@id":"https:\/\/www.sunshine-habitat.com\/fr\/#website"},"datePublished":"2022-02-14T17:35:10+00:00","dateModified":"2022-09-29T14:05:25+00:00","breadcrumb":{"@id":"https:\/\/www.sunshine-habitat.com\/fr\/chalets-fabre\/services-fabre\/renovation-de-votre-chalet\/#breadcrumb"},"inLanguage":"fr-FR","potentialAction":[{"@type":"ReadAction","target":["https:\/\/www.sunshine-habitat.com\/fr\/chalets-fabre\/services-fabre\/renovation-de-votre-chalet\/"]}]},{"@type":"BreadcrumbList","@id":"https:\/\/www.sunshine-habitat.com\/fr\/chalets-fabre\/services-fabre\/renovation-de-votre-chalet\/#breadcrumb","itemListElement":[{"@type":"ListItem","position":1,"name":"Accueil","item":"https:\/\/www.sunshine-habitat.com\/fr\/"},{"@type":"ListItem","position":2,"name":"Chalets Fabre","item":"https:\/\/www.sunshine-habitat.com\/fr\/chalets-fabre\/"},{"@type":"ListItem","position":3,"name":"Services Chalets Fabre","item":"https:\/\/www.sunshine-habitat.com\/fr\/chalets-fabre\/services-fabre\/"},{"@type":"ListItem","position":4,"name":"R\u00e9novation de votre chalet"}]},{"@type":"WebSite","@id":"https:\/\/www.sunshine-habitat.com\/fr\/#website","url":"https:\/\/www.sunshine-habitat.com\/fr\/","name":"Sunshine Habitat","description":"","publisher":{"@id":"https:\/\/www.sunshine-habitat.com\/fr\/#organization"},"potentialAction":[{"@type":"SearchAction","target":{"@type":"EntryPoint","urlTemplate":"https:\/\/www.sunshine-habitat.com\/fr\/?s={search_term_string}"},"query-input":{"@type":"PropertyValueSpecification","valueRequired":true,"valueName":"search_term_string"}}],"inLanguage":"fr-FR"},{"@type":"Organization","@id":"https:\/\/www.sunshine-habitat.com\/fr\/#organization","name":"Sunshine Habitat","url":"https:\/\/www.sunshine-habitat.com\/fr\/","logo":{"@type":"ImageObject","inLanguage":"fr-FR","@id":"https:\/\/www.sunshine-habitat.com\/fr\/#\/schema\/logo\/image\/","url":"https:\/\/www.sunshine-habitat.com\/wp-content\/uploads\/2021\/05\/logo.png","contentUrl":"https:\/\/www.sunshine-habitat.com\/wp-content\/uploads\/2021\/05\/logo.png","width":192,"height":250,"caption":"Sunshine Habitat"},"image":{"@id":"https:\/\/www.sunshine-habitat.com\/fr\/#\/schema\/logo\/image\/"}}]}},"_links":{"self":[{"href":"https:\/\/www.sunshinehabitat.com\/fr\/wp-json\/wp\/v2\/pages\/4268","targetHints":{"allow":["GET"]}}],"collection":[{"href":"https:\/\/www.sunshinehabitat.com\/fr\/wp-json\/wp\/v2\/pages"}],"about":[{"href":"https:\/\/www.sunshinehabitat.com\/fr\/wp-json\/wp\/v2\/types\/page"}],"author":[{"embeddable":true,"href":"https:\/\/www.sunshinehabitat.com\/fr\/wp-json\/wp\/v2\/users\/2"}],"replies":[{"embeddable":true,"href":"https:\/\/www.sunshinehabitat.com\/fr\/wp-json\/wp\/v2\/comments?post=4268"}],"version-history":[{"count":6,"href":"https:\/\/www.sunshinehabitat.com\/fr\/wp-json\/wp\/v2\/pages\/4268\/revisions"}],"predecessor-version":[{"id":12615,"href":"https:\/\/www.sunshinehabitat.com\/fr\/wp-json\/wp\/v2\/pages\/4268\/revisions\/12615"}],"up":[{"embeddable":true,"href":"https:\/\/www.sunshinehabitat.com\/fr\/wp-json\/wp\/v2\/pages\/4266"}],"wp:attachment":[{"href":"https:\/\/www.sunshinehabitat.com\/fr\/wp-json\/wp\/v2\/media?parent=4268"}],"curies":[{"name":"wp","href":"https:\/\/api.w.org\/{rel}","templated":true}]}}