{"id":4283,"date":"2022-02-14T18:39:03","date_gmt":"2022-02-14T17:39:03","guid":{"rendered":"https:\/\/www.sunshine-habitat.com\/?page_id=4283"},"modified":"2022-09-29T16:06:11","modified_gmt":"2022-09-29T14:06:11","slug":"sav","status":"publish","type":"page","link":"https:\/\/www.sunshinehabitat.com\/fr\/chalets-fabre\/services-fabre\/sav\/","title":{"rendered":"SAV"},"content":{"rendered":"<div id=\"pl-4283\"  class=\"panel-layout\" ><div id=\"pg-4283-0\"  class=\"panel-grid panel-has-style no-padding-bottom-nc-wrap\" ><div class=\"no-padding-bottom panel-row-style panel-row-style-for-4283-0\" ><div id=\"pgc-4283-0-0\"  class=\"panel-grid-cell\" ><div id=\"panel-4283-0-0-0\" class=\"so-panel widget widget_sow-editor panel-first-child panel-last-child\" data-index=\"0\" ><div\n\t\t\t\n\t\t\tclass=\"so-widget-sow-editor so-widget-sow-editor-base\"\n\t\t\t\n\t\t>\n<div class=\"siteorigin-widget-tinymce textwidget\">\n\t<h2 style=\"text-align: center;\">Le service-apr\u00e8s-vente est \u00e0 votre \u00e9coute<\/h2>\n<\/div>\n<\/div><\/div><\/div><\/div><\/div><div id=\"pg-4283-1\"  class=\"panel-grid panel-has-style no-padding-top-nc-wrap\" ><div class=\"no-padding-top panel-row-style panel-row-style-for-4283-1\" ><div id=\"pgc-4283-1-0\"  class=\"panel-grid-cell\" ><div id=\"panel-4283-1-0-0\" class=\"so-panel widget widget_sow-image panel-first-child panel-last-child\" data-index=\"1\" ><div\n\t\t\t\n\t\t\tclass=\"so-widget-sow-image so-widget-sow-image-default-8b5b6f678277-4283\"\n\t\t\t\n\t\t>\n<div class=\"sow-image-container\">\n\t\t\t<a href=\"https:\/\/www.sunshinehabitat.com\/wp-content\/uploads\/2022\/04\/sav-scaled.jpg\"\n\t\t\tdata-lightbox=\"assistance-service-apr\u00e8s-vente-sav-chalets-fabre\" data-lightbox-options=\"{&quot;alwaysShowNavOnTouchDevices&quot;:false,&quot;overlayColor&quot;:&quot;#000&quot;,&quot;overlayOpacity&quot;:0.8,&quot;fadeDuration&quot;:600,&quot;fitImagesInViewport&quot;:true,&quot;imageFadeDuration&quot;:600,&quot;maxHeight&quot;:&quot;&quot;,&quot;maxWidth&quot;:&quot;&quot;,&quot;positionFromTop&quot;:50,&quot;resizeDuration&quot;:700,&quot;showImageNumberLabel&quot;:true,&quot;disableCaption&quot;:&quot;&quot;,&quot;wrapAround&quot;:true,&quot;albumLabel&quot;:&quot; %1 of %2&quot;}\" data-title=\"assistance-service-apr\u00e8s-vente-sav-chalets-fabre\" \t\t>\n\t\t\t<img fetchpriority=\"high\" \n\tsrc=\"https:\/\/www.sunshinehabitat.com\/wp-content\/uploads\/2022\/04\/sav-scaled.jpg\" width=\"2560\" height=\"1707\" srcset=\"https:\/\/www.sunshinehabitat.com\/wp-content\/uploads\/2022\/04\/sav-scaled.jpg 2560w, https:\/\/www.sunshinehabitat.com\/wp-content\/uploads\/2022\/04\/sav-scaled-300x200.jpg 300w, https:\/\/www.sunshinehabitat.com\/wp-content\/uploads\/2022\/04\/sav-scaled-1024x683.jpg 1024w\" sizes=\"(max-width: 2560px) 100vw, 2560px\" title=\"assistance-service-apr\u00e8s-vente-sav-chalets-fabre\" alt=\"service apr\u00e8s vente satisfaction relation client\" \t\tclass=\"so-widget-image\"\/>\n\t\t\t<\/a><\/div>\n\n<\/div><\/div><\/div><div id=\"pgc-4283-1-1\"  class=\"panel-grid-cell\" ><div id=\"panel-4283-1-1-0\" class=\"so-panel widget widget_sow-editor panel-first-child panel-last-child\" data-index=\"2\" ><div class=\"padding-left padding-right panel-widget-style panel-widget-style-for-4283-1-1-0\" ><div\n\t\t\t\n\t\t\tclass=\"so-widget-sow-editor so-widget-sow-editor-base\"\n\t\t\t\n\t\t>\n<div class=\"siteorigin-widget-tinymce textwidget\">\n\t<h3>Le SAV r\u00e9pond \u00e0 vos demandes<\/h3>\n<p>Le SAV est une priorit\u00e9 pour la satisfaction de nos clients. Que ce soit pour changer une pi\u00e8ce usag\u00e9e ou d\u00e9fectueuse, notre SAV se charge de vous envoyer la pi\u00e8ce et de planifier l\u2019intervention d\u2019un technicien sur votre site dans les plus brefs d\u00e9lais.<\/p>\n<\/div>\n<\/div><\/div><\/div><\/div><\/div><\/div><div id=\"pg-4283-2\"  class=\"panel-grid panel-has-style no-padding-top-nc-wrap\" ><div class=\"no-padding-top panel-row-style panel-row-style-for-4283-2\" ><div id=\"pgc-4283-2-0\"  class=\"panel-grid-cell\" ><div id=\"panel-4283-2-0-0\" class=\"so-panel widget widget_sow-editor panel-first-child panel-last-child\" data-index=\"3\" ><div class=\"padding-right panel-widget-style panel-widget-style-for-4283-2-0-0\" ><div\n\t\t\t\n\t\t\tclass=\"so-widget-sow-editor so-widget-sow-editor-base\"\n\t\t\t\n\t\t>\n<div class=\"siteorigin-widget-tinymce textwidget\">\n\t<h3><\/h3>\n<h3>Un suivi constant de vos besoins<\/h3>\n<p>L\u2019\u00e9quipe SAV Chalets Fabre est \u00e0 votre disposition pour assurer le suivi sous garantie ou hors garantie et pour vous assister dans l\u2019entretien de vos chalets.<\/p>\n<p><a class=\"btn btn-fabre\" href=\"https:\/\/www.sunshine-habitat.com\/chalets-fabre\/contactez-nous-a-propos-des-chalets-fabre\/\">Contacter un conseiller<\/a><\/p>\n<\/div>\n<\/div><\/div><\/div><\/div><div id=\"pgc-4283-2-1\"  class=\"panel-grid-cell\" ><div id=\"panel-4283-2-1-0\" class=\"so-panel widget widget_sow-image panel-first-child panel-last-child\" data-index=\"4\" ><div\n\t\t\t\n\t\t\tclass=\"so-widget-sow-image so-widget-sow-image-default-8b5b6f678277-4283\"\n\t\t\t\n\t\t>\n<div class=\"sow-image-container\">\n\t\t\t<a href=\"https:\/\/www.sunshinehabitat.com\/wp-content\/uploads\/2022\/02\/SAV-Chalets-Fabre-e1650469710313.png\"\n\t\t\tdata-lightbox=\"SAV-Chalets-Fabre\" data-lightbox-options=\"{&quot;alwaysShowNavOnTouchDevices&quot;:false,&quot;overlayColor&quot;:&quot;#000&quot;,&quot;overlayOpacity&quot;:0.8,&quot;fadeDuration&quot;:600,&quot;fitImagesInViewport&quot;:true,&quot;imageFadeDuration&quot;:600,&quot;maxHeight&quot;:&quot;&quot;,&quot;maxWidth&quot;:&quot;&quot;,&quot;positionFromTop&quot;:50,&quot;resizeDuration&quot;:700,&quot;showImageNumberLabel&quot;:true,&quot;disableCaption&quot;:&quot;&quot;,&quot;wrapAround&quot;:true,&quot;albumLabel&quot;:&quot; %1 of %2&quot;}\" data-title=\"SAV-Chalets-Fabre\" \t\t>\n\t\t\t<img \n\tsrc=\"https:\/\/www.sunshinehabitat.com\/wp-content\/uploads\/2022\/02\/SAV-Chalets-Fabre-e1650469710313.png\" width=\"736\" height=\"441\" srcset=\"https:\/\/www.sunshinehabitat.com\/wp-content\/uploads\/2022\/02\/SAV-Chalets-Fabre-e1650469710313.png 736w, https:\/\/www.sunshinehabitat.com\/wp-content\/uploads\/2022\/02\/SAV-Chalets-Fabre-e1650469710313-300x180.png 300w, https:\/\/www.sunshinehabitat.com\/wp-content\/uploads\/2022\/02\/SAV-Chalets-Fabre-e1650469710313-550x330.png 550w, https:\/\/www.sunshinehabitat.com\/wp-content\/uploads\/2022\/02\/SAV-Chalets-Fabre-e1650469710313-352x211.png 352w, https:\/\/www.sunshinehabitat.com\/wp-content\/uploads\/2022\/02\/SAV-Chalets-Fabre-e1650469710313-462x277.png 462w, https:\/\/www.sunshinehabitat.com\/wp-content\/uploads\/2022\/02\/SAV-Chalets-Fabre-e1650469710313-210x126.png 210w, https:\/\/www.sunshinehabitat.com\/wp-content\/uploads\/2022\/02\/SAV-Chalets-Fabre-e1650469710313-130x78.png 130w\" sizes=\"(max-width: 736px) 100vw, 736px\" title=\"SAV-Chalets-Fabre\" alt=\"Service apr\u00e8s vente Chalet Fabre\" \t\tclass=\"so-widget-image\"\/>\n\t\t\t<\/a><\/div>\n\n<\/div><\/div><\/div><\/div><\/div><\/div>","protected":false},"excerpt":{"rendered":"<p>Le service-apr\u00e8s-vente est \u00e0 votre \u00e9coute Le SAV r\u00e9pond \u00e0 vos demandes Le SAV est une priorit\u00e9 pour la satisfaction de nos clients. Que ce soit pour changer une<\/p>\n","protected":false},"author":2,"featured_media":0,"parent":4266,"menu_order":96,"comment_status":"closed","ping_status":"closed","template":"","meta":{"inline_featured_image":false,"footnotes":""},"class_list":["post-4283","page","type-page","status-publish","hentry"],"yoast_head":"<!-- This site is optimized with the Yoast SEO plugin v27.3 - https:\/\/yoast.com\/product\/yoast-seo-wordpress\/ -->\n<title>SAV - Sunshine Habitat<\/title>\n<meta name=\"robots\" content=\"index, follow, max-snippet:-1, max-image-preview:large, max-video-preview:-1\" \/>\n<link rel=\"canonical\" href=\"https:\/\/www.sunshine-habitat.com\/fr\/chalets-fabre\/services-fabre\/sav\/\" \/>\n<meta property=\"og:locale\" content=\"fr_FR\" \/>\n<meta property=\"og:type\" content=\"article\" \/>\n<meta property=\"og:title\" content=\"SAV - Sunshine Habitat\" \/>\n<meta property=\"og:description\" content=\"Le service-apr\u00e8s-vente est \u00e0 votre \u00e9coute Le SAV r\u00e9pond \u00e0 vos demandes Le SAV est une priorit\u00e9 pour la satisfaction de nos clients. Que ce soit pour changer une\" \/>\n<meta property=\"og:url\" content=\"https:\/\/www.sunshine-habitat.com\/fr\/chalets-fabre\/services-fabre\/sav\/\" \/>\n<meta property=\"og:site_name\" content=\"Sunshine Habitat\" \/>\n<meta property=\"article:modified_time\" content=\"2022-09-29T14:06:11+00:00\" \/>\n<meta name=\"twitter:card\" content=\"summary_large_image\" \/>\n<script type=\"application\/ld+json\" class=\"yoast-schema-graph\">{\"@context\":\"https:\\\/\\\/schema.org\",\"@graph\":[{\"@type\":\"WebPage\",\"@id\":\"https:\\\/\\\/www.sunshine-habitat.com\\\/fr\\\/chalets-fabre\\\/services-fabre\\\/sav\\\/\",\"url\":\"https:\\\/\\\/www.sunshine-habitat.com\\\/fr\\\/chalets-fabre\\\/services-fabre\\\/sav\\\/\",\"name\":\"SAV - Sunshine Habitat\",\"isPartOf\":{\"@id\":\"https:\\\/\\\/www.sunshine-habitat.com\\\/fr\\\/#website\"},\"datePublished\":\"2022-02-14T17:39:03+00:00\",\"dateModified\":\"2022-09-29T14:06:11+00:00\",\"breadcrumb\":{\"@id\":\"https:\\\/\\\/www.sunshine-habitat.com\\\/fr\\\/chalets-fabre\\\/services-fabre\\\/sav\\\/#breadcrumb\"},\"inLanguage\":\"fr-FR\",\"potentialAction\":[{\"@type\":\"ReadAction\",\"target\":[\"https:\\\/\\\/www.sunshine-habitat.com\\\/fr\\\/chalets-fabre\\\/services-fabre\\\/sav\\\/\"]}]},{\"@type\":\"BreadcrumbList\",\"@id\":\"https:\\\/\\\/www.sunshine-habitat.com\\\/fr\\\/chalets-fabre\\\/services-fabre\\\/sav\\\/#breadcrumb\",\"itemListElement\":[{\"@type\":\"ListItem\",\"position\":1,\"name\":\"Accueil\",\"item\":\"https:\\\/\\\/www.sunshine-habitat.com\\\/fr\\\/\"},{\"@type\":\"ListItem\",\"position\":2,\"name\":\"Chalets Fabre\",\"item\":\"https:\\\/\\\/www.sunshine-habitat.com\\\/fr\\\/chalets-fabre\\\/\"},{\"@type\":\"ListItem\",\"position\":3,\"name\":\"Services Chalets Fabre\",\"item\":\"https:\\\/\\\/www.sunshine-habitat.com\\\/fr\\\/chalets-fabre\\\/services-fabre\\\/\"},{\"@type\":\"ListItem\",\"position\":4,\"name\":\"SAV\"}]},{\"@type\":\"WebSite\",\"@id\":\"https:\\\/\\\/www.sunshine-habitat.com\\\/fr\\\/#website\",\"url\":\"https:\\\/\\\/www.sunshine-habitat.com\\\/fr\\\/\",\"name\":\"Sunshine Habitat\",\"description\":\"\",\"publisher\":{\"@id\":\"https:\\\/\\\/www.sunshine-habitat.com\\\/fr\\\/#organization\"},\"potentialAction\":[{\"@type\":\"SearchAction\",\"target\":{\"@type\":\"EntryPoint\",\"urlTemplate\":\"https:\\\/\\\/www.sunshine-habitat.com\\\/fr\\\/?s={search_term_string}\"},\"query-input\":{\"@type\":\"PropertyValueSpecification\",\"valueRequired\":true,\"valueName\":\"search_term_string\"}}],\"inLanguage\":\"fr-FR\"},{\"@type\":\"Organization\",\"@id\":\"https:\\\/\\\/www.sunshine-habitat.com\\\/fr\\\/#organization\",\"name\":\"Sunshine Habitat\",\"url\":\"https:\\\/\\\/www.sunshine-habitat.com\\\/fr\\\/\",\"logo\":{\"@type\":\"ImageObject\",\"inLanguage\":\"fr-FR\",\"@id\":\"https:\\\/\\\/www.sunshine-habitat.com\\\/fr\\\/#\\\/schema\\\/logo\\\/image\\\/\",\"url\":\"https:\\\/\\\/www.sunshine-habitat.com\\\/wp-content\\\/uploads\\\/2021\\\/05\\\/logo.png\",\"contentUrl\":\"https:\\\/\\\/www.sunshine-habitat.com\\\/wp-content\\\/uploads\\\/2021\\\/05\\\/logo.png\",\"width\":192,\"height\":250,\"caption\":\"Sunshine Habitat\"},\"image\":{\"@id\":\"https:\\\/\\\/www.sunshine-habitat.com\\\/fr\\\/#\\\/schema\\\/logo\\\/image\\\/\"}}]}<\/script>\n<!-- \/ Yoast SEO plugin. -->","yoast_head_json":{"title":"SAV - Sunshine Habitat","robots":{"index":"index","follow":"follow","max-snippet":"max-snippet:-1","max-image-preview":"max-image-preview:large","max-video-preview":"max-video-preview:-1"},"canonical":"https:\/\/www.sunshine-habitat.com\/fr\/chalets-fabre\/services-fabre\/sav\/","og_locale":"fr_FR","og_type":"article","og_title":"SAV - Sunshine Habitat","og_description":"Le service-apr\u00e8s-vente est \u00e0 votre \u00e9coute Le SAV r\u00e9pond \u00e0 vos demandes Le SAV est une priorit\u00e9 pour la satisfaction de nos clients. Que ce soit pour changer une","og_url":"https:\/\/www.sunshine-habitat.com\/fr\/chalets-fabre\/services-fabre\/sav\/","og_site_name":"Sunshine Habitat","article_modified_time":"2022-09-29T14:06:11+00:00","twitter_card":"summary_large_image","schema":{"@context":"https:\/\/schema.org","@graph":[{"@type":"WebPage","@id":"https:\/\/www.sunshine-habitat.com\/fr\/chalets-fabre\/services-fabre\/sav\/","url":"https:\/\/www.sunshine-habitat.com\/fr\/chalets-fabre\/services-fabre\/sav\/","name":"SAV - Sunshine Habitat","isPartOf":{"@id":"https:\/\/www.sunshine-habitat.com\/fr\/#website"},"datePublished":"2022-02-14T17:39:03+00:00","dateModified":"2022-09-29T14:06:11+00:00","breadcrumb":{"@id":"https:\/\/www.sunshine-habitat.com\/fr\/chalets-fabre\/services-fabre\/sav\/#breadcrumb"},"inLanguage":"fr-FR","potentialAction":[{"@type":"ReadAction","target":["https:\/\/www.sunshine-habitat.com\/fr\/chalets-fabre\/services-fabre\/sav\/"]}]},{"@type":"BreadcrumbList","@id":"https:\/\/www.sunshine-habitat.com\/fr\/chalets-fabre\/services-fabre\/sav\/#breadcrumb","itemListElement":[{"@type":"ListItem","position":1,"name":"Accueil","item":"https:\/\/www.sunshine-habitat.com\/fr\/"},{"@type":"ListItem","position":2,"name":"Chalets Fabre","item":"https:\/\/www.sunshine-habitat.com\/fr\/chalets-fabre\/"},{"@type":"ListItem","position":3,"name":"Services Chalets Fabre","item":"https:\/\/www.sunshine-habitat.com\/fr\/chalets-fabre\/services-fabre\/"},{"@type":"ListItem","position":4,"name":"SAV"}]},{"@type":"WebSite","@id":"https:\/\/www.sunshine-habitat.com\/fr\/#website","url":"https:\/\/www.sunshine-habitat.com\/fr\/","name":"Sunshine Habitat","description":"","publisher":{"@id":"https:\/\/www.sunshine-habitat.com\/fr\/#organization"},"potentialAction":[{"@type":"SearchAction","target":{"@type":"EntryPoint","urlTemplate":"https:\/\/www.sunshine-habitat.com\/fr\/?s={search_term_string}"},"query-input":{"@type":"PropertyValueSpecification","valueRequired":true,"valueName":"search_term_string"}}],"inLanguage":"fr-FR"},{"@type":"Organization","@id":"https:\/\/www.sunshine-habitat.com\/fr\/#organization","name":"Sunshine Habitat","url":"https:\/\/www.sunshine-habitat.com\/fr\/","logo":{"@type":"ImageObject","inLanguage":"fr-FR","@id":"https:\/\/www.sunshine-habitat.com\/fr\/#\/schema\/logo\/image\/","url":"https:\/\/www.sunshine-habitat.com\/wp-content\/uploads\/2021\/05\/logo.png","contentUrl":"https:\/\/www.sunshine-habitat.com\/wp-content\/uploads\/2021\/05\/logo.png","width":192,"height":250,"caption":"Sunshine Habitat"},"image":{"@id":"https:\/\/www.sunshine-habitat.com\/fr\/#\/schema\/logo\/image\/"}}]}},"_links":{"self":[{"href":"https:\/\/www.sunshinehabitat.com\/fr\/wp-json\/wp\/v2\/pages\/4283","targetHints":{"allow":["GET"]}}],"collection":[{"href":"https:\/\/www.sunshinehabitat.com\/fr\/wp-json\/wp\/v2\/pages"}],"about":[{"href":"https:\/\/www.sunshinehabitat.com\/fr\/wp-json\/wp\/v2\/types\/page"}],"author":[{"embeddable":true,"href":"https:\/\/www.sunshinehabitat.com\/fr\/wp-json\/wp\/v2\/users\/2"}],"replies":[{"embeddable":true,"href":"https:\/\/www.sunshinehabitat.com\/fr\/wp-json\/wp\/v2\/comments?post=4283"}],"version-history":[{"count":5,"href":"https:\/\/www.sunshinehabitat.com\/fr\/wp-json\/wp\/v2\/pages\/4283\/revisions"}],"predecessor-version":[{"id":12619,"href":"https:\/\/www.sunshinehabitat.com\/fr\/wp-json\/wp\/v2\/pages\/4283\/revisions\/12619"}],"up":[{"embeddable":true,"href":"https:\/\/www.sunshinehabitat.com\/fr\/wp-json\/wp\/v2\/pages\/4266"}],"wp:attachment":[{"href":"https:\/\/www.sunshinehabitat.com\/fr\/wp-json\/wp\/v2\/media?parent=4283"}],"curies":[{"name":"wp","href":"https:\/\/api.w.org\/{rel}","templated":true}]}}