{"id":4440,"date":"2022-02-15T17:54:44","date_gmt":"2022-02-15T16:54:44","guid":{"rendered":"https:\/\/www.sunshine-habitat.com\/?page_id=4440"},"modified":"2024-05-21T14:37:29","modified_gmt":"2024-05-21T12:37:29","slug":"offre-residentielle","status":"publish","type":"page","link":"https:\/\/www.sunshinehabitat.com\/fr\/chalets-fabre\/offre-residentielle\/","title":{"rendered":"Offre r\u00e9sidentielle"},"content":{"rendered":"<div id=\"pl-4440\"  class=\"panel-layout\" ><div id=\"pg-4440-0\"  class=\"panel-grid panel-has-style no-padding-bottom-nc-wrap\" ><div class=\"no-padding-bottom panel-row-style panel-row-style-for-4440-0\" ><div id=\"pgc-4440-0-0\"  class=\"panel-grid-cell\" ><div id=\"panel-4440-0-0-0\" class=\"so-panel widget widget_sow-editor panel-first-child panel-last-child\" data-index=\"0\" ><div\n\t\t\t\n\t\t\tclass=\"so-widget-sow-editor so-widget-sow-editor-base\"\n\t\t\t\n\t\t>\n<div class=\"siteorigin-widget-tinymce textwidget\">\n\t<h2 class=\"page-title \" style=\"text-align: center;\">Des chalets chaleureux et confortables<\/h2>\n<p style=\"text-align: center;\">Vous avez envie d\u2019une <strong>r\u00e9sidence secondaire<\/strong> au bord de la mer, en montagne ou \u00e0 la campagne ? Cr\u00e9ez votre nouveau pied \u00e0 terre et choisissez votre futur chez vous parmi <strong>2 gammes r\u00e9sidentielles<\/strong> de Chalets Fabre.<\/p>\n<p style=\"text-align: center;\">D\u00e9couvrez des chalets con\u00e7us pour durer dans le temps, soigneusement am\u00e9nag\u00e9s et d\u00e9cor\u00e9s pour que vous vous y sentiez chez vous. Cr\u00e9ez le chalet qui vous fait tant r\u00eaver, un habitat tout en design et sobri\u00e9t\u00e9. La fiabilit\u00e9 et la solidit\u00e9 des mat\u00e9riaux conf\u00e8rent aux Chalets Fabre une p\u00e9rennit\u00e9 in\u00e9gal\u00e9e et un entretien minimal.<\/p>\n<p style=\"text-align: center;\">S\u00e9lectionnez, d\u00e8s \u00e0 pr\u00e9sent, le chalet qui r\u00e9pond \u00e0 toutes vos envies parmi les gammes <a href=\"https:\/\/www.sunshine-habitat.com\/chalets-fabre\/offre-residentielle\/gamme-prestige\/\"><strong>Prestige<\/strong> <\/a>et <strong><a href=\"https:\/\/www.sunshine-habitat.com\/chalets-fabre\/offre-residentielle\/gamme-village\/\">Village<\/a><\/strong>.<\/p>\n<\/div>\n<\/div><\/div><\/div><\/div><\/div><div id=\"pg-4440-1\"  class=\"panel-grid panel-no-style\" ><div id=\"pgc-4440-1-0\"  class=\"panel-grid-cell\" ><!-- not cached-nc_news_lite-widget --><div id=\"panel-4440-1-0-0\" class=\"so-panel widget widget_netconcept_news_lite net-concept-news-lite panel-first-child panel-last-child\" data-index=\"1\" ><div class=\"list_items list-pages-gammes \"><div class=\"nc-item nc-page-gamme\"> <div class=\"nc-item-inner\">   <div class=\"nc-item-content\">    <div class=\"nc-item-visuel\">     <a href=\"https:\/\/www.sunshinehabitat.com\/fr\/chalets-fabre\/offre-residentielle\/gamme-village\/\" class=\"\"><img fetchpriority=\"high\" decoding=\"async\" width=\"842\" height=\"561\" src=\"https:\/\/www.sunshinehabitat.com\/wp-content\/uploads\/2025\/07\/Attente-originale-842x561.jpg\" class=\"attachment-visuel_gamme_848x561 size-visuel_gamme_848x561\" alt=\"\" srcset=\"https:\/\/www.sunshinehabitat.com\/wp-content\/uploads\/2025\/07\/Attente-originale-842x561.jpg 842w, https:\/\/www.sunshinehabitat.com\/wp-content\/uploads\/2025\/07\/Attente-originale-300x200.jpg 300w, https:\/\/www.sunshinehabitat.com\/wp-content\/uploads\/2025\/07\/Attente-originale-1024x683.jpg 1024w, https:\/\/www.sunshinehabitat.com\/wp-content\/uploads\/2025\/07\/Attente-originale-317x211.jpg 317w, https:\/\/www.sunshinehabitat.com\/wp-content\/uploads\/2025\/07\/Attente-originale-550x367.jpg 550w, https:\/\/www.sunshinehabitat.com\/wp-content\/uploads\/2025\/07\/Attente-originale.jpg 1800w\" sizes=\"(max-width: 842px) 100vw, 842px\" \/>     <\/a>    <\/div>    <div class=\"nc-item-title-wrapper\">     <a href=\"https:\/\/www.sunshinehabitat.com\/fr\/chalets-fabre\/offre-residentielle\/gamme-village\/\" class=\"nc-item-link\">      <div class=\"nc-item-title-gamme\">Gamme<br \/>\r\nVillage<\/div>      <div class=\"nc-item-title-more\"><span>Voir tous<br \/>les mod\u00e8les<\/span><\/div>     <\/a>    <\/div>    <div class=\"nc-item-text-wrapper\">     <div class=\"nc-item-presentation-gamme\"><h2>Le confort \u00e0 toute \u00e9preuve m\u00eame en vacances<\/h2><p class=\"alternative\">Des \u00e9quipements de qualit\u00e9 et un agencement soign\u00e9 pour des s\u00e9jours en toute tranquillit\u00e9<\/p><\/div>    <\/div>   <\/div> <\/div><\/div><div class=\"nc-item nc-page-gamme\"> <div class=\"nc-item-inner\">   <div class=\"nc-item-content\">    <div class=\"nc-item-visuel\">     <a href=\"https:\/\/www.sunshinehabitat.com\/fr\/chalets-fabre\/offre-residentielle\/gamme-residence\/\" class=\"\"><img decoding=\"async\" width=\"848\" height=\"477\" src=\"https:\/\/www.sunshinehabitat.com\/wp-content\/uploads\/2025\/07\/11-2-848x477.jpg\" class=\"attachment-visuel_gamme_848x561 size-visuel_gamme_848x561\" alt=\"\" srcset=\"https:\/\/www.sunshinehabitat.com\/wp-content\/uploads\/2025\/07\/11-2-848x477.jpg 848w, https:\/\/www.sunshinehabitat.com\/wp-content\/uploads\/2025\/07\/11-2-300x169.jpg 300w, https:\/\/www.sunshinehabitat.com\/wp-content\/uploads\/2025\/07\/11-2-1024x576.jpg 1024w, https:\/\/www.sunshinehabitat.com\/wp-content\/uploads\/2025\/07\/11-2.jpg 1200w\" sizes=\"(max-width: 848px) 100vw, 848px\" \/>     <\/a>    <\/div>    <div class=\"nc-item-title-wrapper\">     <a href=\"https:\/\/www.sunshinehabitat.com\/fr\/chalets-fabre\/offre-residentielle\/gamme-residence\/\" class=\"nc-item-link\">      <div class=\"nc-item-title-gamme\">Gamme<br \/>\r\nR\u00e9sidence<\/div>      <div class=\"nc-item-title-more\"><span>Voir tous<br \/>les mod\u00e8les<\/span><\/div>     <\/a>    <\/div>    <div class=\"nc-item-text-wrapper\">     <div class=\"nc-item-presentation-gamme\"><h2>Un chalet reposant et design<\/h2><p class=\"alternative\">Laissez-vous porter par la chaleur du bois et la d\u00e9coration \u00e9pur\u00e9e.<\/p><\/div>    <\/div>   <\/div> <\/div><\/div><\/div><\/div><!-- \/not cached-nc_news_lite-widget --><\/div><\/div><div id=\"pg-4440-2\"  class=\"panel-grid panel-no-style\" ><div id=\"pgc-4440-2-0\"  class=\"panel-grid-cell\" ><div id=\"panel-4440-2-0-0\" class=\"so-panel widget widget_sow-editor panel-first-child\" data-index=\"2\" ><div\n\t\t\t\n\t\t\tclass=\"so-widget-sow-editor so-widget-sow-editor-base\"\n\t\t\t\n\t\t>\n<div class=\"siteorigin-widget-tinymce textwidget\">\n\t<h2 class=\"alternative\" style=\"text-align: center;\">Vous \u00eates professionnel ?<br \/>\nD\u00e9couvrez nos gammes locatives,<br \/>\nid\u00e9ales pour vos vacanciers<\/h2>\n<\/div>\n<\/div><\/div><div id=\"panel-4440-2-0-1\" class=\"so-panel widget widget_sow-editor panel-last-child\" data-index=\"3\" ><div\n\t\t\t\n\t\t\tclass=\"so-widget-sow-editor so-widget-sow-editor-base\"\n\t\t\t\n\t\t>\n<div class=\"siteorigin-widget-tinymce textwidget\">\n\t<p style=\"text-align: center;\"><a class=\"btn\" href=\"https:\/\/www.sunshine-habitat.com\/chalets-fabre\/offre-professionnelle\/\">Voir l'offre PROFESSIONNelle<\/a><\/p>\n<\/div>\n<\/div><\/div><\/div><\/div><\/div>","protected":false},"excerpt":{"rendered":"<p>Des chalets chaleureux et confortables Vous avez envie d\u2019une r\u00e9sidence secondaire au bord de la mer, en montagne ou \u00e0 la campagne ? Cr\u00e9ez votre nouveau pied \u00e0 terre<\/p>\n","protected":false},"author":2,"featured_media":0,"parent":2632,"menu_order":40,"comment_status":"closed","ping_status":"closed","template":"","meta":{"inline_featured_image":false,"footnotes":""},"class_list":["post-4440","page","type-page","status-publish","hentry"],"yoast_head":"<!-- This site is optimized with the Yoast SEO plugin v27.3 - https:\/\/yoast.com\/product\/yoast-seo-wordpress\/ -->\n<title>Offre r\u00e9sidentielle - Sunshine Habitat<\/title>\n<meta name=\"robots\" content=\"index, follow, max-snippet:-1, max-image-preview:large, max-video-preview:-1\" \/>\n<link rel=\"canonical\" href=\"https:\/\/www.sunshine-habitat.com\/fr\/chalets-fabre\/offre-residentielle\/\" \/>\n<meta property=\"og:locale\" content=\"fr_FR\" \/>\n<meta property=\"og:type\" content=\"article\" \/>\n<meta property=\"og:title\" content=\"Offre r\u00e9sidentielle - Sunshine Habitat\" \/>\n<meta property=\"og:description\" content=\"Des chalets chaleureux et confortables Vous avez envie d\u2019une r\u00e9sidence secondaire au bord de la mer, en montagne ou \u00e0 la campagne ? Cr\u00e9ez votre nouveau pied \u00e0 terre\" \/>\n<meta property=\"og:url\" content=\"https:\/\/www.sunshine-habitat.com\/fr\/chalets-fabre\/offre-residentielle\/\" \/>\n<meta property=\"og:site_name\" content=\"Sunshine Habitat\" \/>\n<meta property=\"article:modified_time\" content=\"2024-05-21T12:37:29+00:00\" \/>\n<meta name=\"twitter:card\" content=\"summary_large_image\" \/>\n<script type=\"application\/ld+json\" class=\"yoast-schema-graph\">{\"@context\":\"https:\\\/\\\/schema.org\",\"@graph\":[{\"@type\":\"WebPage\",\"@id\":\"https:\\\/\\\/www.sunshine-habitat.com\\\/fr\\\/chalets-fabre\\\/offre-residentielle\\\/\",\"url\":\"https:\\\/\\\/www.sunshine-habitat.com\\\/fr\\\/chalets-fabre\\\/offre-residentielle\\\/\",\"name\":\"Offre r\u00e9sidentielle - Sunshine Habitat\",\"isPartOf\":{\"@id\":\"https:\\\/\\\/www.sunshine-habitat.com\\\/fr\\\/#website\"},\"datePublished\":\"2022-02-15T16:54:44+00:00\",\"dateModified\":\"2024-05-21T12:37:29+00:00\",\"breadcrumb\":{\"@id\":\"https:\\\/\\\/www.sunshine-habitat.com\\\/fr\\\/chalets-fabre\\\/offre-residentielle\\\/#breadcrumb\"},\"inLanguage\":\"fr-FR\",\"potentialAction\":[{\"@type\":\"ReadAction\",\"target\":[\"https:\\\/\\\/www.sunshine-habitat.com\\\/fr\\\/chalets-fabre\\\/offre-residentielle\\\/\"]}]},{\"@type\":\"BreadcrumbList\",\"@id\":\"https:\\\/\\\/www.sunshine-habitat.com\\\/fr\\\/chalets-fabre\\\/offre-residentielle\\\/#breadcrumb\",\"itemListElement\":[{\"@type\":\"ListItem\",\"position\":1,\"name\":\"Accueil\",\"item\":\"https:\\\/\\\/www.sunshine-habitat.com\\\/fr\\\/\"},{\"@type\":\"ListItem\",\"position\":2,\"name\":\"Chalets Fabre\",\"item\":\"https:\\\/\\\/www.sunshine-habitat.com\\\/fr\\\/chalets-fabre\\\/\"},{\"@type\":\"ListItem\",\"position\":3,\"name\":\"Offre r\u00e9sidentielle\"}]},{\"@type\":\"WebSite\",\"@id\":\"https:\\\/\\\/www.sunshine-habitat.com\\\/fr\\\/#website\",\"url\":\"https:\\\/\\\/www.sunshine-habitat.com\\\/fr\\\/\",\"name\":\"Sunshine Habitat\",\"description\":\"\",\"publisher\":{\"@id\":\"https:\\\/\\\/www.sunshine-habitat.com\\\/fr\\\/#organization\"},\"potentialAction\":[{\"@type\":\"SearchAction\",\"target\":{\"@type\":\"EntryPoint\",\"urlTemplate\":\"https:\\\/\\\/www.sunshine-habitat.com\\\/fr\\\/?s={search_term_string}\"},\"query-input\":{\"@type\":\"PropertyValueSpecification\",\"valueRequired\":true,\"valueName\":\"search_term_string\"}}],\"inLanguage\":\"fr-FR\"},{\"@type\":\"Organization\",\"@id\":\"https:\\\/\\\/www.sunshine-habitat.com\\\/fr\\\/#organization\",\"name\":\"Sunshine Habitat\",\"url\":\"https:\\\/\\\/www.sunshine-habitat.com\\\/fr\\\/\",\"logo\":{\"@type\":\"ImageObject\",\"inLanguage\":\"fr-FR\",\"@id\":\"https:\\\/\\\/www.sunshine-habitat.com\\\/fr\\\/#\\\/schema\\\/logo\\\/image\\\/\",\"url\":\"https:\\\/\\\/www.sunshine-habitat.com\\\/wp-content\\\/uploads\\\/2021\\\/05\\\/logo.png\",\"contentUrl\":\"https:\\\/\\\/www.sunshine-habitat.com\\\/wp-content\\\/uploads\\\/2021\\\/05\\\/logo.png\",\"width\":192,\"height\":250,\"caption\":\"Sunshine Habitat\"},\"image\":{\"@id\":\"https:\\\/\\\/www.sunshine-habitat.com\\\/fr\\\/#\\\/schema\\\/logo\\\/image\\\/\"}}]}<\/script>\n<!-- \/ Yoast SEO plugin. -->","yoast_head_json":{"title":"Offre r\u00e9sidentielle - Sunshine Habitat","robots":{"index":"index","follow":"follow","max-snippet":"max-snippet:-1","max-image-preview":"max-image-preview:large","max-video-preview":"max-video-preview:-1"},"canonical":"https:\/\/www.sunshine-habitat.com\/fr\/chalets-fabre\/offre-residentielle\/","og_locale":"fr_FR","og_type":"article","og_title":"Offre r\u00e9sidentielle - Sunshine Habitat","og_description":"Des chalets chaleureux et confortables Vous avez envie d\u2019une r\u00e9sidence secondaire au bord de la mer, en montagne ou \u00e0 la campagne ? Cr\u00e9ez votre nouveau pied \u00e0 terre","og_url":"https:\/\/www.sunshine-habitat.com\/fr\/chalets-fabre\/offre-residentielle\/","og_site_name":"Sunshine Habitat","article_modified_time":"2024-05-21T12:37:29+00:00","twitter_card":"summary_large_image","schema":{"@context":"https:\/\/schema.org","@graph":[{"@type":"WebPage","@id":"https:\/\/www.sunshine-habitat.com\/fr\/chalets-fabre\/offre-residentielle\/","url":"https:\/\/www.sunshine-habitat.com\/fr\/chalets-fabre\/offre-residentielle\/","name":"Offre r\u00e9sidentielle - Sunshine Habitat","isPartOf":{"@id":"https:\/\/www.sunshine-habitat.com\/fr\/#website"},"datePublished":"2022-02-15T16:54:44+00:00","dateModified":"2024-05-21T12:37:29+00:00","breadcrumb":{"@id":"https:\/\/www.sunshine-habitat.com\/fr\/chalets-fabre\/offre-residentielle\/#breadcrumb"},"inLanguage":"fr-FR","potentialAction":[{"@type":"ReadAction","target":["https:\/\/www.sunshine-habitat.com\/fr\/chalets-fabre\/offre-residentielle\/"]}]},{"@type":"BreadcrumbList","@id":"https:\/\/www.sunshine-habitat.com\/fr\/chalets-fabre\/offre-residentielle\/#breadcrumb","itemListElement":[{"@type":"ListItem","position":1,"name":"Accueil","item":"https:\/\/www.sunshine-habitat.com\/fr\/"},{"@type":"ListItem","position":2,"name":"Chalets Fabre","item":"https:\/\/www.sunshine-habitat.com\/fr\/chalets-fabre\/"},{"@type":"ListItem","position":3,"name":"Offre r\u00e9sidentielle"}]},{"@type":"WebSite","@id":"https:\/\/www.sunshine-habitat.com\/fr\/#website","url":"https:\/\/www.sunshine-habitat.com\/fr\/","name":"Sunshine Habitat","description":"","publisher":{"@id":"https:\/\/www.sunshine-habitat.com\/fr\/#organization"},"potentialAction":[{"@type":"SearchAction","target":{"@type":"EntryPoint","urlTemplate":"https:\/\/www.sunshine-habitat.com\/fr\/?s={search_term_string}"},"query-input":{"@type":"PropertyValueSpecification","valueRequired":true,"valueName":"search_term_string"}}],"inLanguage":"fr-FR"},{"@type":"Organization","@id":"https:\/\/www.sunshine-habitat.com\/fr\/#organization","name":"Sunshine Habitat","url":"https:\/\/www.sunshine-habitat.com\/fr\/","logo":{"@type":"ImageObject","inLanguage":"fr-FR","@id":"https:\/\/www.sunshine-habitat.com\/fr\/#\/schema\/logo\/image\/","url":"https:\/\/www.sunshine-habitat.com\/wp-content\/uploads\/2021\/05\/logo.png","contentUrl":"https:\/\/www.sunshine-habitat.com\/wp-content\/uploads\/2021\/05\/logo.png","width":192,"height":250,"caption":"Sunshine Habitat"},"image":{"@id":"https:\/\/www.sunshine-habitat.com\/fr\/#\/schema\/logo\/image\/"}}]}},"_links":{"self":[{"href":"https:\/\/www.sunshinehabitat.com\/fr\/wp-json\/wp\/v2\/pages\/4440","targetHints":{"allow":["GET"]}}],"collection":[{"href":"https:\/\/www.sunshinehabitat.com\/fr\/wp-json\/wp\/v2\/pages"}],"about":[{"href":"https:\/\/www.sunshinehabitat.com\/fr\/wp-json\/wp\/v2\/types\/page"}],"author":[{"embeddable":true,"href":"https:\/\/www.sunshinehabitat.com\/fr\/wp-json\/wp\/v2\/users\/2"}],"replies":[{"embeddable":true,"href":"https:\/\/www.sunshinehabitat.com\/fr\/wp-json\/wp\/v2\/comments?post=4440"}],"version-history":[{"count":7,"href":"https:\/\/www.sunshinehabitat.com\/fr\/wp-json\/wp\/v2\/pages\/4440\/revisions"}],"predecessor-version":[{"id":20093,"href":"https:\/\/www.sunshinehabitat.com\/fr\/wp-json\/wp\/v2\/pages\/4440\/revisions\/20093"}],"up":[{"embeddable":true,"href":"https:\/\/www.sunshinehabitat.com\/fr\/wp-json\/wp\/v2\/pages\/2632"}],"wp:attachment":[{"href":"https:\/\/www.sunshinehabitat.com\/fr\/wp-json\/wp\/v2\/media?parent=4440"}],"curies":[{"name":"wp","href":"https:\/\/api.w.org\/{rel}","templated":true}]}}