{"id":5422,"date":"2022-03-02T15:35:29","date_gmt":"2022-03-02T14:35:29","guid":{"rendered":"https:\/\/www.sunshine-habitat.com\/?page_id=5422"},"modified":"2022-09-29T16:04:11","modified_gmt":"2022-09-29T14:04:11","slug":"co-creation","status":"publish","type":"page","link":"https:\/\/www.sunshinehabitat.com\/fr\/chalets-fabre\/services-fabre\/co-creation\/","title":{"rendered":"Co-cr\u00e9ation"},"content":{"rendered":"<div id=\"pl-5422\"  class=\"panel-layout\" ><div id=\"pg-5422-0\"  class=\"panel-grid panel-has-style no-padding-bottom-nc-wrap\" ><div class=\"no-padding-bottom panel-row-style panel-row-style-for-5422-0\" ><div id=\"pgc-5422-0-0\"  class=\"panel-grid-cell\" ><div id=\"panel-5422-0-0-0\" class=\"so-panel widget widget_sow-editor panel-first-child panel-last-child\" data-index=\"0\" ><div\n\t\t\t\n\t\t\tclass=\"so-widget-sow-editor so-widget-sow-editor-base\"\n\t\t\t\n\t\t>\n<div class=\"siteorigin-widget-tinymce textwidget\">\n\t<h2 style=\"text-align: center;\">Chalets Fabre, partenaire de vos projets<\/h2>\n<\/div>\n<\/div><\/div><\/div><\/div><\/div><div id=\"pg-5422-1\"  class=\"panel-grid panel-has-style no-padding-top-nc-wrap\" ><div class=\"no-padding-top panel-row-style panel-row-style-for-5422-1\" ><div id=\"pgc-5422-1-0\"  class=\"panel-grid-cell\" ><div id=\"panel-5422-1-0-0\" class=\"so-panel widget widget_sow-image panel-first-child panel-last-child\" data-index=\"1\" ><div class=\"panel-widget-style panel-widget-style-for-5422-1-0-0\" ><div\n\t\t\t\n\t\t\tclass=\"so-widget-sow-image so-widget-sow-image-default-8b5b6f678277-5422\"\n\t\t\t\n\t\t>\n<div class=\"sow-image-container\">\n\t\t\t<a href=\"https:\/\/www.sunshinehabitat.com\/wp-content\/uploads\/2022\/02\/SAV-Chalets-Fabre-e1650469710313.png\"\n\t\t\tdata-lightbox=\"SAV-Chalets-Fabre\" data-lightbox-options=\"{&quot;alwaysShowNavOnTouchDevices&quot;:false,&quot;overlayColor&quot;:&quot;#000&quot;,&quot;overlayOpacity&quot;:0.8,&quot;fadeDuration&quot;:600,&quot;fitImagesInViewport&quot;:true,&quot;imageFadeDuration&quot;:600,&quot;maxHeight&quot;:&quot;&quot;,&quot;maxWidth&quot;:&quot;&quot;,&quot;positionFromTop&quot;:50,&quot;resizeDuration&quot;:700,&quot;showImageNumberLabel&quot;:true,&quot;disableCaption&quot;:&quot;&quot;,&quot;wrapAround&quot;:true,&quot;albumLabel&quot;:&quot; %1 of %2&quot;}\" data-title=\"SAV-Chalets-Fabre\" \t\t>\n\t\t\t<img fetchpriority=\"high\" \n\tsrc=\"https:\/\/www.sunshinehabitat.com\/wp-content\/uploads\/2022\/02\/SAV-Chalets-Fabre-e1650469710313.png\" width=\"736\" height=\"441\" srcset=\"https:\/\/www.sunshinehabitat.com\/wp-content\/uploads\/2022\/02\/SAV-Chalets-Fabre-e1650469710313.png 736w, https:\/\/www.sunshinehabitat.com\/wp-content\/uploads\/2022\/02\/SAV-Chalets-Fabre-e1650469710313-300x180.png 300w, https:\/\/www.sunshinehabitat.com\/wp-content\/uploads\/2022\/02\/SAV-Chalets-Fabre-e1650469710313-550x330.png 550w, https:\/\/www.sunshinehabitat.com\/wp-content\/uploads\/2022\/02\/SAV-Chalets-Fabre-e1650469710313-352x211.png 352w, https:\/\/www.sunshinehabitat.com\/wp-content\/uploads\/2022\/02\/SAV-Chalets-Fabre-e1650469710313-462x277.png 462w, https:\/\/www.sunshinehabitat.com\/wp-content\/uploads\/2022\/02\/SAV-Chalets-Fabre-e1650469710313-210x126.png 210w, https:\/\/www.sunshinehabitat.com\/wp-content\/uploads\/2022\/02\/SAV-Chalets-Fabre-e1650469710313-130x78.png 130w\" sizes=\"(max-width: 736px) 100vw, 736px\" title=\"SAV-Chalets-Fabre\" alt=\"Service apr\u00e8s vente Chalet Fabre\" \t\tclass=\"so-widget-image\"\/>\n\t\t\t<\/a><\/div>\n\n<\/div><\/div><\/div><\/div><div id=\"pgc-5422-1-1\"  class=\"panel-grid-cell\" ><div id=\"panel-5422-1-1-0\" class=\"so-panel widget widget_sow-editor panel-first-child panel-last-child\" data-index=\"2\" ><div class=\"padding-left padding-right panel-widget-style panel-widget-style-for-5422-1-1-0\" ><div\n\t\t\t\n\t\t\tclass=\"so-widget-sow-editor so-widget-sow-editor-base\"\n\t\t\t\n\t\t>\n<div class=\"siteorigin-widget-tinymce textwidget\">\n\t<h3>La co-cr\u00e9ation pour un habitat d'exception<\/h3>\n<p style=\"text-align: justify;\">Depuis 70 ans, Chalets Fabre a su faire preuve d\u2019un savoir-faire unique dans la construction et l\u2019architecture de chalets en bois et vous propose d\u00e9sormais un service de co-cr\u00e9ation de votre chalet, pour prendre en compte vos pr\u00e9occupations tout en b\u00e9n\u00e9ficiant de notre expertise. Nous mettons \u00e0 votre disposition un accompagnement que ce soit pour la personnalisation de votre chalet ou la conception d\u2019un mod\u00e8le sur-mesure. Un service qui vous permet de vous diff\u00e9rencier et de proposer une offre exclusive \u00e0 votre client\u00e8le.<\/p>\n<\/div>\n<\/div><\/div><\/div><\/div><\/div><\/div><div id=\"pg-5422-2\"  class=\"panel-grid panel-has-style no-padding-top-nc-wrap\" ><div class=\"no-padding-top panel-row-style panel-row-style-for-5422-2\" ><div id=\"pgc-5422-2-0\"  class=\"panel-grid-cell\" ><div id=\"panel-5422-2-0-0\" class=\"so-panel widget widget_sow-editor panel-first-child\" data-index=\"3\" ><div class=\"padding-right panel-widget-style panel-widget-style-for-5422-2-0-0\" ><div\n\t\t\t\n\t\t\tclass=\"so-widget-sow-editor so-widget-sow-editor-base\"\n\t\t\t\n\t\t>\n<div class=\"siteorigin-widget-tinymce textwidget\">\n\t<h3>L\u2019int\u00e9gration paysag\u00e8re au c\u0153ur de notre d\u00e9marche<\/h3>\n<p style=\"text-align: justify;\">Nos chalets s\u2019int\u00e8grent parfaitement \u00e0 l\u2019environnement de votre parc r\u00e9sidentiel de loisirs gr\u00e2ce \u00e0 l\u2019accompagnement de nos \u00e9quipes dans votre d\u00e9marche d\u2019int\u00e9gration paysag\u00e8re. Nous d\u00e9finissons et dessinons ensemble les plans de votre parc pour parvenir au meilleur am\u00e9nagement possible de vos parcelles, en tenant compte de vos contraintes et de vos envies.<\/p>\n<p><a class=\"btn btn-fabre\" href=\"https:\/\/www.sunshine-habitat.com\/chalets-fabre\/contactez-nous-a-propos-des-chalets-fabre\/\">Contacter un conseiller<\/a><\/p>\n<\/div>\n<\/div><\/div><\/div><div id=\"panel-5422-2-0-1\" class=\"so-panel widget widget_sow-image panel-last-child\" data-index=\"4\" ><div\n\t\t\t\n\t\t\tclass=\"so-widget-sow-image so-widget-sow-image-default-8b5b6f678277-5422\"\n\t\t\t\n\t\t>\n<div class=\"sow-image-container\">\n\t\t\t<a href=\"https:\/\/www.sunshinehabitat.com\/wp-content\/uploads\/2022\/04\/3-e1650469423612.jpg\"\n\t\t\tdata-lightbox=\"co-cr\u00e9ation-chalets-fabre\" data-lightbox-options=\"{&quot;alwaysShowNavOnTouchDevices&quot;:false,&quot;overlayColor&quot;:&quot;#000&quot;,&quot;overlayOpacity&quot;:0.8,&quot;fadeDuration&quot;:600,&quot;fitImagesInViewport&quot;:true,&quot;imageFadeDuration&quot;:600,&quot;maxHeight&quot;:&quot;&quot;,&quot;maxWidth&quot;:&quot;&quot;,&quot;positionFromTop&quot;:50,&quot;resizeDuration&quot;:700,&quot;showImageNumberLabel&quot;:true,&quot;disableCaption&quot;:&quot;&quot;,&quot;wrapAround&quot;:true,&quot;albumLabel&quot;:&quot; %1 of %2&quot;}\" data-title=\"co-cr\u00e9ation-chalets-fabre\" \t\t>\n\t\t\t<img \n\tsrc=\"https:\/\/www.sunshinehabitat.com\/wp-content\/uploads\/2022\/04\/3-e1650469423612.jpg\" width=\"349\" height=\"522\" srcset=\"https:\/\/www.sunshinehabitat.com\/wp-content\/uploads\/2022\/04\/3-e1650469423612.jpg 349w, https:\/\/www.sunshinehabitat.com\/wp-content\/uploads\/2022\/04\/3-e1650469423612-201x300.jpg 201w, https:\/\/www.sunshinehabitat.com\/wp-content\/uploads\/2022\/04\/3-e1650469423612-141x211.jpg 141w, https:\/\/www.sunshinehabitat.com\/wp-content\/uploads\/2022\/04\/3-e1650469423612-185x277.jpg 185w, https:\/\/www.sunshinehabitat.com\/wp-content\/uploads\/2022\/04\/3-e1650469423612-140x210.jpg 140w, https:\/\/www.sunshinehabitat.com\/wp-content\/uploads\/2022\/04\/3-e1650469423612-87x130.jpg 87w\" sizes=\"(max-width: 349px) 100vw, 349px\" title=\"co-cr\u00e9ation-chalets-fabre\" alt=\"cuisine ouverte sur ext\u00e9rieur chalet\" \t\tclass=\"so-widget-image\"\/>\n\t\t\t<\/a><\/div>\n\n<\/div><\/div><\/div><div id=\"pgc-5422-2-1\"  class=\"panel-grid-cell\" ><div id=\"panel-5422-2-1-0\" class=\"so-panel widget widget_sow-image panel-first-child\" data-index=\"5\" ><div\n\t\t\t\n\t\t\tclass=\"so-widget-sow-image so-widget-sow-image-default-8b5b6f678277-5422\"\n\t\t\t\n\t\t>\n<div class=\"sow-image-container\">\n\t\t\t<a href=\"https:\/\/www.sunshinehabitat.com\/wp-content\/uploads\/2022\/03\/6-1.jpg\"\n\t\t\tdata-lightbox=\"Chambre adulte avec petit d\u00e9jeuner lit\" data-lightbox-options=\"{&quot;alwaysShowNavOnTouchDevices&quot;:false,&quot;overlayColor&quot;:&quot;#000&quot;,&quot;overlayOpacity&quot;:0.8,&quot;fadeDuration&quot;:600,&quot;fitImagesInViewport&quot;:true,&quot;imageFadeDuration&quot;:600,&quot;maxHeight&quot;:&quot;&quot;,&quot;maxWidth&quot;:&quot;&quot;,&quot;positionFromTop&quot;:50,&quot;resizeDuration&quot;:700,&quot;showImageNumberLabel&quot;:true,&quot;disableCaption&quot;:&quot;&quot;,&quot;wrapAround&quot;:true,&quot;albumLabel&quot;:&quot; %1 of %2&quot;}\" data-title=\"Chambre adulte avec petit d\u00e9jeuner lit\" \t\t>\n\t\t\t<img \n\tsrc=\"https:\/\/www.sunshinehabitat.com\/wp-content\/uploads\/2022\/03\/6-1.jpg\" width=\"853\" height=\"596\" srcset=\"https:\/\/www.sunshinehabitat.com\/wp-content\/uploads\/2022\/03\/6-1.jpg 853w, https:\/\/www.sunshinehabitat.com\/wp-content\/uploads\/2022\/03\/6-1-300x210.jpg 300w, https:\/\/www.sunshinehabitat.com\/wp-content\/uploads\/2022\/03\/6-1-550x384.jpg 550w\" sizes=\"(max-width: 853px) 100vw, 853px\" title=\"Chambre adulte avec petit d\u00e9jeuner lit\" alt=\"Chambre adulte avec petit d\u00e9jeuner lit\" \t\tclass=\"so-widget-image\"\/>\n\t\t\t<\/a><\/div>\n\n<\/div><\/div><div id=\"panel-5422-2-1-1\" class=\"so-panel widget widget_sow-image panel-last-child\" data-index=\"6\" ><div\n\t\t\t\n\t\t\tclass=\"so-widget-sow-image so-widget-sow-image-default-8b5b6f678277-5422\"\n\t\t\t\n\t\t>\n<div class=\"sow-image-container\">\n\t\t\t<a href=\"https:\/\/www.sunshinehabitat.com\/wp-content\/uploads\/2022\/04\/6.jpg\"\n\t\t\tdata-lightbox=\"s\u00e9jour-chalet-gamme-plein-air-chalets-fabre\" data-lightbox-options=\"{&quot;alwaysShowNavOnTouchDevices&quot;:false,&quot;overlayColor&quot;:&quot;#000&quot;,&quot;overlayOpacity&quot;:0.8,&quot;fadeDuration&quot;:600,&quot;fitImagesInViewport&quot;:true,&quot;imageFadeDuration&quot;:600,&quot;maxHeight&quot;:&quot;&quot;,&quot;maxWidth&quot;:&quot;&quot;,&quot;positionFromTop&quot;:50,&quot;resizeDuration&quot;:700,&quot;showImageNumberLabel&quot;:true,&quot;disableCaption&quot;:&quot;&quot;,&quot;wrapAround&quot;:true,&quot;albumLabel&quot;:&quot; %1 of %2&quot;}\" data-title=\"s\u00e9jour-chalet-gamme-plein-air-chalets-fabre\" \t\t>\n\t\t\t<img loading=\"lazy\" \n\tsrc=\"https:\/\/www.sunshinehabitat.com\/wp-content\/uploads\/2022\/04\/6.jpg\" width=\"934\" height=\"644\" srcset=\"https:\/\/www.sunshinehabitat.com\/wp-content\/uploads\/2022\/04\/6.jpg 934w, https:\/\/www.sunshinehabitat.com\/wp-content\/uploads\/2022\/04\/6-300x207.jpg 300w, https:\/\/www.sunshinehabitat.com\/wp-content\/uploads\/2022\/04\/6-550x379.jpg 550w\" sizes=\"(max-width: 934px) 100vw, 934px\" title=\"s\u00e9jour-chalet-gamme-plein-air-chalets-fabre\" alt=\"salon gamme plein air chalets fabre\" \t\tclass=\"so-widget-image\"\/>\n\t\t\t<\/a><\/div>\n\n<\/div><\/div><\/div><\/div><\/div><\/div>","protected":false},"excerpt":{"rendered":"<p>Chalets Fabre, partenaire de vos projets La co-cr\u00e9ation pour un habitat d&rsquo;exception Depuis 70 ans, Chalets Fabre a su faire preuve d\u2019un savoir-faire unique dans la construction et l\u2019architecture<\/p>\n","protected":false},"author":2,"featured_media":0,"parent":4266,"menu_order":95,"comment_status":"closed","ping_status":"closed","template":"","meta":{"inline_featured_image":false,"footnotes":""},"class_list":["post-5422","page","type-page","status-publish","hentry"],"yoast_head":"<!-- This site is optimized with the Yoast SEO plugin v27.3 - https:\/\/yoast.com\/product\/yoast-seo-wordpress\/ -->\n<title>Co-cr\u00e9ation - Sunshine Habitat<\/title>\n<meta name=\"robots\" content=\"index, follow, max-snippet:-1, max-image-preview:large, max-video-preview:-1\" \/>\n<link rel=\"canonical\" href=\"https:\/\/www.sunshine-habitat.com\/fr\/chalets-fabre\/services-fabre\/co-creation\/\" \/>\n<meta property=\"og:locale\" content=\"fr_FR\" \/>\n<meta property=\"og:type\" content=\"article\" \/>\n<meta property=\"og:title\" content=\"Co-cr\u00e9ation - Sunshine Habitat\" \/>\n<meta property=\"og:description\" content=\"Chalets Fabre, partenaire de vos projets La co-cr\u00e9ation pour un habitat d&#039;exception Depuis 70 ans, Chalets Fabre a su faire preuve d\u2019un savoir-faire unique dans la construction et l\u2019architecture\" \/>\n<meta property=\"og:url\" content=\"https:\/\/www.sunshine-habitat.com\/fr\/chalets-fabre\/services-fabre\/co-creation\/\" \/>\n<meta property=\"og:site_name\" content=\"Sunshine Habitat\" \/>\n<meta property=\"article:modified_time\" content=\"2022-09-29T14:04:11+00:00\" \/>\n<meta name=\"twitter:card\" content=\"summary_large_image\" \/>\n<script type=\"application\/ld+json\" class=\"yoast-schema-graph\">{\"@context\":\"https:\\\/\\\/schema.org\",\"@graph\":[{\"@type\":\"WebPage\",\"@id\":\"https:\\\/\\\/www.sunshine-habitat.com\\\/fr\\\/chalets-fabre\\\/services-fabre\\\/co-creation\\\/\",\"url\":\"https:\\\/\\\/www.sunshine-habitat.com\\\/fr\\\/chalets-fabre\\\/services-fabre\\\/co-creation\\\/\",\"name\":\"Co-cr\u00e9ation - Sunshine Habitat\",\"isPartOf\":{\"@id\":\"https:\\\/\\\/www.sunshine-habitat.com\\\/fr\\\/#website\"},\"datePublished\":\"2022-03-02T14:35:29+00:00\",\"dateModified\":\"2022-09-29T14:04:11+00:00\",\"breadcrumb\":{\"@id\":\"https:\\\/\\\/www.sunshine-habitat.com\\\/fr\\\/chalets-fabre\\\/services-fabre\\\/co-creation\\\/#breadcrumb\"},\"inLanguage\":\"fr-FR\",\"potentialAction\":[{\"@type\":\"ReadAction\",\"target\":[\"https:\\\/\\\/www.sunshine-habitat.com\\\/fr\\\/chalets-fabre\\\/services-fabre\\\/co-creation\\\/\"]}]},{\"@type\":\"BreadcrumbList\",\"@id\":\"https:\\\/\\\/www.sunshine-habitat.com\\\/fr\\\/chalets-fabre\\\/services-fabre\\\/co-creation\\\/#breadcrumb\",\"itemListElement\":[{\"@type\":\"ListItem\",\"position\":1,\"name\":\"Accueil\",\"item\":\"https:\\\/\\\/www.sunshine-habitat.com\\\/fr\\\/\"},{\"@type\":\"ListItem\",\"position\":2,\"name\":\"Chalets Fabre\",\"item\":\"https:\\\/\\\/www.sunshine-habitat.com\\\/fr\\\/chalets-fabre\\\/\"},{\"@type\":\"ListItem\",\"position\":3,\"name\":\"Services Chalets Fabre\",\"item\":\"https:\\\/\\\/www.sunshine-habitat.com\\\/fr\\\/chalets-fabre\\\/services-fabre\\\/\"},{\"@type\":\"ListItem\",\"position\":4,\"name\":\"Co-cr\u00e9ation\"}]},{\"@type\":\"WebSite\",\"@id\":\"https:\\\/\\\/www.sunshine-habitat.com\\\/fr\\\/#website\",\"url\":\"https:\\\/\\\/www.sunshine-habitat.com\\\/fr\\\/\",\"name\":\"Sunshine Habitat\",\"description\":\"\",\"publisher\":{\"@id\":\"https:\\\/\\\/www.sunshine-habitat.com\\\/fr\\\/#organization\"},\"potentialAction\":[{\"@type\":\"SearchAction\",\"target\":{\"@type\":\"EntryPoint\",\"urlTemplate\":\"https:\\\/\\\/www.sunshine-habitat.com\\\/fr\\\/?s={search_term_string}\"},\"query-input\":{\"@type\":\"PropertyValueSpecification\",\"valueRequired\":true,\"valueName\":\"search_term_string\"}}],\"inLanguage\":\"fr-FR\"},{\"@type\":\"Organization\",\"@id\":\"https:\\\/\\\/www.sunshine-habitat.com\\\/fr\\\/#organization\",\"name\":\"Sunshine Habitat\",\"url\":\"https:\\\/\\\/www.sunshine-habitat.com\\\/fr\\\/\",\"logo\":{\"@type\":\"ImageObject\",\"inLanguage\":\"fr-FR\",\"@id\":\"https:\\\/\\\/www.sunshine-habitat.com\\\/fr\\\/#\\\/schema\\\/logo\\\/image\\\/\",\"url\":\"https:\\\/\\\/www.sunshine-habitat.com\\\/wp-content\\\/uploads\\\/2021\\\/05\\\/logo.png\",\"contentUrl\":\"https:\\\/\\\/www.sunshine-habitat.com\\\/wp-content\\\/uploads\\\/2021\\\/05\\\/logo.png\",\"width\":192,\"height\":250,\"caption\":\"Sunshine Habitat\"},\"image\":{\"@id\":\"https:\\\/\\\/www.sunshine-habitat.com\\\/fr\\\/#\\\/schema\\\/logo\\\/image\\\/\"}}]}<\/script>\n<!-- \/ Yoast SEO plugin. -->","yoast_head_json":{"title":"Co-cr\u00e9ation - Sunshine Habitat","robots":{"index":"index","follow":"follow","max-snippet":"max-snippet:-1","max-image-preview":"max-image-preview:large","max-video-preview":"max-video-preview:-1"},"canonical":"https:\/\/www.sunshine-habitat.com\/fr\/chalets-fabre\/services-fabre\/co-creation\/","og_locale":"fr_FR","og_type":"article","og_title":"Co-cr\u00e9ation - Sunshine Habitat","og_description":"Chalets Fabre, partenaire de vos projets La co-cr\u00e9ation pour un habitat d'exception Depuis 70 ans, Chalets Fabre a su faire preuve d\u2019un savoir-faire unique dans la construction et l\u2019architecture","og_url":"https:\/\/www.sunshine-habitat.com\/fr\/chalets-fabre\/services-fabre\/co-creation\/","og_site_name":"Sunshine Habitat","article_modified_time":"2022-09-29T14:04:11+00:00","twitter_card":"summary_large_image","schema":{"@context":"https:\/\/schema.org","@graph":[{"@type":"WebPage","@id":"https:\/\/www.sunshine-habitat.com\/fr\/chalets-fabre\/services-fabre\/co-creation\/","url":"https:\/\/www.sunshine-habitat.com\/fr\/chalets-fabre\/services-fabre\/co-creation\/","name":"Co-cr\u00e9ation - Sunshine Habitat","isPartOf":{"@id":"https:\/\/www.sunshine-habitat.com\/fr\/#website"},"datePublished":"2022-03-02T14:35:29+00:00","dateModified":"2022-09-29T14:04:11+00:00","breadcrumb":{"@id":"https:\/\/www.sunshine-habitat.com\/fr\/chalets-fabre\/services-fabre\/co-creation\/#breadcrumb"},"inLanguage":"fr-FR","potentialAction":[{"@type":"ReadAction","target":["https:\/\/www.sunshine-habitat.com\/fr\/chalets-fabre\/services-fabre\/co-creation\/"]}]},{"@type":"BreadcrumbList","@id":"https:\/\/www.sunshine-habitat.com\/fr\/chalets-fabre\/services-fabre\/co-creation\/#breadcrumb","itemListElement":[{"@type":"ListItem","position":1,"name":"Accueil","item":"https:\/\/www.sunshine-habitat.com\/fr\/"},{"@type":"ListItem","position":2,"name":"Chalets Fabre","item":"https:\/\/www.sunshine-habitat.com\/fr\/chalets-fabre\/"},{"@type":"ListItem","position":3,"name":"Services Chalets Fabre","item":"https:\/\/www.sunshine-habitat.com\/fr\/chalets-fabre\/services-fabre\/"},{"@type":"ListItem","position":4,"name":"Co-cr\u00e9ation"}]},{"@type":"WebSite","@id":"https:\/\/www.sunshine-habitat.com\/fr\/#website","url":"https:\/\/www.sunshine-habitat.com\/fr\/","name":"Sunshine Habitat","description":"","publisher":{"@id":"https:\/\/www.sunshine-habitat.com\/fr\/#organization"},"potentialAction":[{"@type":"SearchAction","target":{"@type":"EntryPoint","urlTemplate":"https:\/\/www.sunshine-habitat.com\/fr\/?s={search_term_string}"},"query-input":{"@type":"PropertyValueSpecification","valueRequired":true,"valueName":"search_term_string"}}],"inLanguage":"fr-FR"},{"@type":"Organization","@id":"https:\/\/www.sunshine-habitat.com\/fr\/#organization","name":"Sunshine Habitat","url":"https:\/\/www.sunshine-habitat.com\/fr\/","logo":{"@type":"ImageObject","inLanguage":"fr-FR","@id":"https:\/\/www.sunshine-habitat.com\/fr\/#\/schema\/logo\/image\/","url":"https:\/\/www.sunshine-habitat.com\/wp-content\/uploads\/2021\/05\/logo.png","contentUrl":"https:\/\/www.sunshine-habitat.com\/wp-content\/uploads\/2021\/05\/logo.png","width":192,"height":250,"caption":"Sunshine Habitat"},"image":{"@id":"https:\/\/www.sunshine-habitat.com\/fr\/#\/schema\/logo\/image\/"}}]}},"_links":{"self":[{"href":"https:\/\/www.sunshinehabitat.com\/fr\/wp-json\/wp\/v2\/pages\/5422","targetHints":{"allow":["GET"]}}],"collection":[{"href":"https:\/\/www.sunshinehabitat.com\/fr\/wp-json\/wp\/v2\/pages"}],"about":[{"href":"https:\/\/www.sunshinehabitat.com\/fr\/wp-json\/wp\/v2\/types\/page"}],"author":[{"embeddable":true,"href":"https:\/\/www.sunshinehabitat.com\/fr\/wp-json\/wp\/v2\/users\/2"}],"replies":[{"embeddable":true,"href":"https:\/\/www.sunshinehabitat.com\/fr\/wp-json\/wp\/v2\/comments?post=5422"}],"version-history":[{"count":5,"href":"https:\/\/www.sunshinehabitat.com\/fr\/wp-json\/wp\/v2\/pages\/5422\/revisions"}],"predecessor-version":[{"id":12614,"href":"https:\/\/www.sunshinehabitat.com\/fr\/wp-json\/wp\/v2\/pages\/5422\/revisions\/12614"}],"up":[{"embeddable":true,"href":"https:\/\/www.sunshinehabitat.com\/fr\/wp-json\/wp\/v2\/pages\/4266"}],"wp:attachment":[{"href":"https:\/\/www.sunshinehabitat.com\/fr\/wp-json\/wp\/v2\/media?parent=5422"}],"curies":[{"name":"wp","href":"https:\/\/api.w.org\/{rel}","templated":true}]}}